{"id":8681,"date":"2018-03-08T13:26:56","date_gmt":"2018-03-08T16:26:56","guid":{"rendered":"http:\/\/www.saopaulo.sp.leg.br\/escoladoparlamento\/?page_id=8681"},"modified":"2018-03-08T13:26:56","modified_gmt":"2018-03-08T16:26:56","slug":"gestao-publica-aplicada-ao-legislativo","status":"publish","type":"page","link":"https:\/\/www.saopaulo.sp.leg.br\/escoladoparlamento\/cursos\/cursos-anteriores\/cursos-realizados-em-2013\/gestao-publica-aplicada-ao-legislativo\/","title":{"rendered":"Gest\u00e3o P\u00fablica Aplicada ao Legislativo"},"content":{"rendered":"<p><strong>Objetivos:\u00a0<\/strong>Obter uma vis\u00e3o sist\u00eamica e instrumentalizada das v\u00e1rias \u00e1reas funcionais que comp\u00f5em a gest\u00e3o de organiza\u00e7\u00f5es p\u00fablicas; Discutir as especificidades da gest\u00e3o de organiza\u00e7\u00f5es p\u00fablicas no que tange \u00e0 estrutura administrativa do poder legislativo municipal; Propiciar aos participantes a reflex\u00e3o sobre temas da Gest\u00e3o P\u00fablica, como: Administra\u00e7\u00e3o Financeira; Planejamento e Estrat\u00e9gia; Recursos Humanos; Log\u00edstica e Compras; Gest\u00e3o de Projetos; Sistemas de Informa\u00e7\u00e3o; Marketing.<\/p>\n<p><strong>P\u00fablico Alvo:<\/strong> Funcion\u00e1rios de Casas Legislativas que exer\u00e7am atividades administrativas de n\u00edvel gerencial e que desejam aperfei\u00e7oar e\/ou atualizar seus conhecimentos em gest\u00e3o p\u00fablica.<\/p>\n<p><strong>Vagas:<\/strong> 100<\/p>\n<p><strong>Carga Hor\u00e1ria:<\/strong> 40h<\/p>\n<table>\n<tbody>\n<tr>\n<td><strong>Data<\/strong><\/td>\n<td><strong>Tema<\/strong><\/td>\n<td><strong>Professor<\/strong><\/td>\n<\/tr>\n<tr>\n<td><strong>19\/8<\/strong><\/td>\n<td>Abertura e Gest\u00e3o de Processos no Setor P\u00fablico<\/td>\n<td>\u00a0Fernando Coelho (abertura)<\/p>\n<p>Rafael Prado (professor)<\/td>\n<\/tr>\n<tr>\n<td><strong>20\/8<\/strong><\/td>\n<td>Recursos Humanos no Setor P\u00fablico<\/td>\n<td>\u00a0Murilo Lemos<\/td>\n<\/tr>\n<tr>\n<td><strong>21\/8<\/strong><\/td>\n<td>Administra\u00e7\u00e3o Financeira de Organiza\u00e7\u00f5es P\u00fablicas<\/td>\n<td>Fl\u00e1vio Calife<\/td>\n<\/tr>\n<tr>\n<td><strong>22\/8<\/strong><\/td>\n<td>Modelos de Gest\u00e3o P\u00fablica<\/td>\n<td>\u00a0Antonio Olenscki<\/td>\n<\/tr>\n<tr>\n<td><strong>23\/8<\/strong><\/td>\n<td>Planejamento no Setor P\u00fablico<\/td>\n<td>\u00a0Fernando Coelho<\/td>\n<\/tr>\n<tr>\n<td><strong>26\/8<\/strong><\/td>\n<td>Log\u00edstica no Setor P\u00fablico<\/td>\n<td>\u00a0a confirmar.<\/td>\n<\/tr>\n<tr>\n<td><strong>27\/8<\/strong><\/td>\n<td>Sistemas de Informa\u00e7\u00e3o e E-Gov<\/td>\n<td>Ot\u00e1vio Prado<\/td>\n<\/tr>\n<tr>\n<td><strong>28\/8<\/strong><\/td>\n<td>Gest\u00e3o de Projetos no Setor P\u00fablico<\/td>\n<td>Gabriela Lotta<\/td>\n<\/tr>\n<tr>\n<td><strong>29\/8<\/strong><\/td>\n<td>Marketing Aplicado \u00e0s Organiza\u00e7\u00f5es P\u00fablicas<\/td>\n<td>Antonio Olenscki<\/p>\n<p>Fernando Coelho<\/td>\n<\/tr>\n<tr>\n<td><strong>30\/8<\/strong><\/td>\n<td>Palestra de Encerramento e Atividade de Conclus\u00e3o do Curso<\/td>\n<td>Palestrante: a confirmar<\/p>\n<p>Mediador: Roberto Lamari<\/p>\n<p>Debatedores: Antonio Olenscki<\/p>\n<p>Fernando Coelho<\/td>\n<\/tr>\n<\/tbody>\n<\/table>\n<p><strong>Atividade de Conclus\u00e3o:<\/strong><\/p>\n<p>Os participantes, ao t\u00e9rmino do curso, dever\u00e3o produzir um texto original sobre um dos temas tratados ou sobre a tem\u00e1tica geral do curso.\u00a0O texto dever\u00e1:<\/p>\n<ol>\n<li>ter 01 p\u00e1gina, ou seja, entre 3000 e 4000 caracteres (com espa\u00e7o).<\/li>\n<li>ser publicado em alguma rede social at\u00e9 o dia 06\/09\/2013.<\/li>\n<li>ter car\u00e1ter argumentativo, descritivo, ou de uma resenha.<\/li>\n<\/ol>\n<p>Os tr\u00eas melhores textos ser\u00e3o selecionados para compor a Revista Eletr\u00f4nica da Escola do Parlamento.<\/p>\n","protected":false},"excerpt":{"rendered":"<p>Objetivos:\u00a0Obter uma vis\u00e3o sist\u00eamica e instrumentalizada das v\u00e1rias \u00e1reas funcionais que comp\u00f5em a gest\u00e3o de organiza\u00e7\u00f5es p\u00fablicas; Discutir as especificidades da gest\u00e3o de organiza\u00e7\u00f5es p\u00fablicas no que tange \u00e0 estrutura administrativa do poder legislativo municipal; Propiciar aos participantes a reflex\u00e3o sobre temas da Gest\u00e3o P\u00fablica, como: Administra\u00e7\u00e3o Financeira; Planejamento e Estrat\u00e9gia; Recursos Humanos; Log\u00edstica e [&hellip;]<\/p>\n","protected":false},"author":127,"featured_media":0,"parent":1336,"menu_order":402,"comment_status":"closed","ping_status":"closed","template":"","meta":{"_acf_changed":false,"footnotes":""},"class_list":["post-8681","page","type-page","status-publish","hentry"],"acf":[],"_links":{"self":[{"href":"https:\/\/www.saopaulo.sp.leg.br\/escoladoparlamento\/wp-json\/wp\/v2\/pages\/8681","targetHints":{"allow":["GET"]}}],"collection":[{"href":"https:\/\/www.saopaulo.sp.leg.br\/escoladoparlamento\/wp-json\/wp\/v2\/pages"}],"about":[{"href":"https:\/\/www.saopaulo.sp.leg.br\/escoladoparlamento\/wp-json\/wp\/v2\/types\/page"}],"author":[{"embeddable":true,"href":"https:\/\/www.saopaulo.sp.leg.br\/escoladoparlamento\/wp-json\/wp\/v2\/users\/127"}],"replies":[{"embeddable":true,"href":"https:\/\/www.saopaulo.sp.leg.br\/escoladoparlamento\/wp-json\/wp\/v2\/comments?post=8681"}],"version-history":[{"count":0,"href":"https:\/\/www.saopaulo.sp.leg.br\/escoladoparlamento\/wp-json\/wp\/v2\/pages\/8681\/revisions"}],"up":[{"embeddable":true,"href":"https:\/\/www.saopaulo.sp.leg.br\/escoladoparlamento\/wp-json\/wp\/v2\/pages\/1336"}],"wp:attachment":[{"href":"https:\/\/www.saopaulo.sp.leg.br\/escoladoparlamento\/wp-json\/wp\/v2\/media?parent=8681"}],"curies":[{"name":"wp","href":"https:\/\/api.w.org\/{rel}","templated":true}]}}