{"id":8679,"date":"2018-03-08T13:18:32","date_gmt":"2018-03-08T16:18:32","guid":{"rendered":"http:\/\/www.saopaulo.sp.leg.br\/escoladoparlamento\/?page_id=8679"},"modified":"2018-03-08T13:18:32","modified_gmt":"2018-03-08T16:18:32","slug":"oficina-de-capacitacao-sao-paulo-democratica","status":"publish","type":"page","link":"https:\/\/www.saopaulo.sp.leg.br\/escoladoparlamento\/cursos\/cursos-anteriores\/cursos-realizados-em-2013\/oficina-de-capacitacao-sao-paulo-democratica\/","title":{"rendered":"Oficina de Capacita\u00e7\u00e3o &#8211; S\u00e3o Paulo Democr\u00e1tica"},"content":{"rendered":"<h2>21\/01\/2013 a 24\/01\/2013, 14h-17h<\/h2>\n<h3>Sala S\u00e9rgio Vieira de Mello<\/h3>\n","protected":false},"excerpt":{"rendered":"<p>21\/01\/2013 a 24\/01\/2013, 14h-17h Sala S\u00e9rgio Vieira de Mello<\/p>\n","protected":false},"author":127,"featured_media":0,"parent":1336,"menu_order":401,"comment_status":"closed","ping_status":"closed","template":"","meta":{"_acf_changed":false,"footnotes":""},"class_list":["post-8679","page","type-page","status-publish","hentry"],"acf":[],"_links":{"self":[{"href":"https:\/\/www.saopaulo.sp.leg.br\/escoladoparlamento\/wp-json\/wp\/v2\/pages\/8679","targetHints":{"allow":["GET"]}}],"collection":[{"href":"https:\/\/www.saopaulo.sp.leg.br\/escoladoparlamento\/wp-json\/wp\/v2\/pages"}],"about":[{"href":"https:\/\/www.saopaulo.sp.leg.br\/escoladoparlamento\/wp-json\/wp\/v2\/types\/page"}],"author":[{"embeddable":true,"href":"https:\/\/www.saopaulo.sp.leg.br\/escoladoparlamento\/wp-json\/wp\/v2\/users\/127"}],"replies":[{"embeddable":true,"href":"https:\/\/www.saopaulo.sp.leg.br\/escoladoparlamento\/wp-json\/wp\/v2\/comments?post=8679"}],"version-history":[{"count":0,"href":"https:\/\/www.saopaulo.sp.leg.br\/escoladoparlamento\/wp-json\/wp\/v2\/pages\/8679\/revisions"}],"up":[{"embeddable":true,"href":"https:\/\/www.saopaulo.sp.leg.br\/escoladoparlamento\/wp-json\/wp\/v2\/pages\/1336"}],"wp:attachment":[{"href":"https:\/\/www.saopaulo.sp.leg.br\/escoladoparlamento\/wp-json\/wp\/v2\/media?parent=8679"}],"curies":[{"name":"wp","href":"https:\/\/api.w.org\/{rel}","templated":true}]}}