{"id":8667,"date":"2018-03-07T19:36:53","date_gmt":"2018-03-07T22:36:53","guid":{"rendered":"http:\/\/www.saopaulo.sp.leg.br\/escoladoparlamento\/?page_id=8667"},"modified":"2018-05-24T20:19:31","modified_gmt":"2018-05-24T23:19:31","slug":"formacao-para-atuacao-nos-conselhos-participativos","status":"publish","type":"page","link":"https:\/\/www.saopaulo.sp.leg.br\/escoladoparlamento\/cursos\/cursos-anteriores\/cursos-realizados-em-2013\/formacao-para-atuacao-nos-conselhos-participativos\/","title":{"rendered":"Forma\u00e7\u00e3o para Atua\u00e7\u00e3o nos Conselhos Participativos"},"content":{"rendered":"<p><strong>Objetivo:<\/strong> Devido \u00e0 implanta\u00e7\u00e3o do Conselho Participativo Municipal nas 32 subprefeituras, o presente curso prop\u00f5e apresentar aos participantes alguns fundamentos, vis\u00e3o geral e compet\u00eancias b\u00e1sicas de gest\u00e3o para auxiliar nos planejamentos dos processos participativos. O participante ir\u00e1 conhecer o assunto de forma a aplicar os conte\u00fados em sua realidade e facilitar na an\u00e1lise de demandas, necessidades e prioridades na sua regi\u00e3o e na fiscaliza\u00e7\u00e3o de a\u00e7\u00f5es e gastos p\u00fablicos.<\/p>\n<p><strong>Conte\u00fados:<\/strong> Participa\u00e7\u00e3o: Defini\u00e7\u00e3o de lideran\u00e7a e seus n\u00edveis de participa\u00e7\u00e3o. Estudo dos diagn\u00f3sticos participativos. Estudo sobre Poder e Participa\u00e7\u00e3o. Estudo sobre participa\u00e7\u00e3o e desenvolvimento sustent\u00e1vel. Reflex\u00e3o sobre mobiliza\u00e7\u00e3o e comunica\u00e7\u00e3o. Organiza\u00e7\u00e3o e media\u00e7\u00e3o de grupos e reuni\u00f5es. Orienta\u00e7\u00e3o sobre o conselho participativo municipal &#8211; Decreto n\u00ba 54.156, de 1\u00ba de agosto de 2013.<br \/>\nPlanejamento e Gest\u00e3o de Projetos: Introdu\u00e7\u00e3o ao estudo sobre m\u00e9todos de planejamento. Defini\u00e7\u00e3o de ciclo de gest\u00e3o de projetos num contexto participativo.<br \/>\nTranspar\u00eancia e Controle Social: Estudo da Lei de Acesso \u00e0 Informa\u00e7\u00e3o e Transpar\u00eancia &#8211; Lei Federal 12.527, de novembro de 2011. Estabelecimento de rela\u00e7\u00e3o entre transpar\u00eancia e comunica\u00e7\u00e3o.<br \/>\nP\u00fablico-alvo: Cidad\u00e3os em Geral que pretendem participar dos conselhos participativos das 32 subprefeituras da cidade de S\u00e3o Paulo e profissionais em geral<\/p>\n<p><strong>Vagas:<\/strong> 100<\/p>\n<p><strong>Carga Hor\u00e1ria:<\/strong> 21 horas<\/p>\n<p>Local, data e hora: C\u00e2mara Municipal de S\u00e3o Paulo, Viaduto Jacarei, n.\u00ba 100, Bela Vista Sala Sergio Viera de Mello, 1\u00ba subsolo. OBS: Aula do dia 09\/10 ser\u00e1 no Audit\u00f3rio Prestes Maia, 1\u00ba andar.<\/p>\n<p><strong>Programa\u00e7\u00e3o:<\/strong><\/p>\n<table>\n<tbody>\n<tr>\n<td><strong>Data<\/strong><\/td>\n<td><strong>Tema<\/strong><\/td>\n<td><strong>Docente<\/strong><\/td>\n<\/tr>\n<tr>\n<td><strong>27\/set<\/strong><\/td>\n<td>Transpar\u00eancia e Controle Social<\/td>\n<td>Andr\u00e9 Luiz da Silva<\/td>\n<\/tr>\n<tr>\n<td><strong>2\/out<\/strong><\/td>\n<td>Participa\u00e7\u00e3o<\/td>\n<td>Diogo Rais<\/td>\n<\/tr>\n<tr>\n<td><strong>4\/out<\/strong><\/td>\n<td>Oficina: Participa\u00e7\u00e3o<\/td>\n<td>Diogo Rais<\/td>\n<\/tr>\n<tr>\n<td><strong>9\/out<\/strong><\/td>\n<td>Transpar\u00eancia e Controle Social<\/td>\n<td>Allan Carvalho<\/td>\n<\/tr>\n<tr>\n<td><strong>11\/out<\/strong><\/td>\n<td>Planejamento e Gest\u00e3o de Projetos<\/td>\n<td>Gabriela Lotta<\/td>\n<\/tr>\n<tr>\n<td><strong>16\/out<\/strong><\/td>\n<td>Oficina: Planejamento e Gest\u00e3o de Projetos<\/td>\n<td>Gabriela Lotta<\/td>\n<\/tr>\n<tr>\n<td><strong>18\/out<\/strong><\/td>\n<td>Transpar\u00eancia e Controle Social<\/td>\n<td>Marcelo Arno Nerling<\/td>\n<\/tr>\n<\/tbody>\n<\/table>\n","protected":false},"excerpt":{"rendered":"<p>Objetivo: Devido \u00e0 implanta\u00e7\u00e3o do Conselho Participativo Municipal nas 32 subprefeituras, o presente curso prop\u00f5e apresentar aos participantes alguns fundamentos, vis\u00e3o geral e compet\u00eancias b\u00e1sicas de gest\u00e3o para auxiliar nos planejamentos dos processos participativos. O participante ir\u00e1 conhecer o assunto de forma a aplicar os conte\u00fados em sua realidade e facilitar na an\u00e1lise de demandas, [&hellip;]<\/p>\n","protected":false},"author":127,"featured_media":0,"parent":1336,"menu_order":405,"comment_status":"closed","ping_status":"closed","template":"","meta":{"_acf_changed":false,"footnotes":""},"class_list":["post-8667","page","type-page","status-publish","hentry"],"acf":[],"_links":{"self":[{"href":"https:\/\/www.saopaulo.sp.leg.br\/escoladoparlamento\/wp-json\/wp\/v2\/pages\/8667","targetHints":{"allow":["GET"]}}],"collection":[{"href":"https:\/\/www.saopaulo.sp.leg.br\/escoladoparlamento\/wp-json\/wp\/v2\/pages"}],"about":[{"href":"https:\/\/www.saopaulo.sp.leg.br\/escoladoparlamento\/wp-json\/wp\/v2\/types\/page"}],"author":[{"embeddable":true,"href":"https:\/\/www.saopaulo.sp.leg.br\/escoladoparlamento\/wp-json\/wp\/v2\/users\/127"}],"replies":[{"embeddable":true,"href":"https:\/\/www.saopaulo.sp.leg.br\/escoladoparlamento\/wp-json\/wp\/v2\/comments?post=8667"}],"version-history":[{"count":0,"href":"https:\/\/www.saopaulo.sp.leg.br\/escoladoparlamento\/wp-json\/wp\/v2\/pages\/8667\/revisions"}],"up":[{"embeddable":true,"href":"https:\/\/www.saopaulo.sp.leg.br\/escoladoparlamento\/wp-json\/wp\/v2\/pages\/1336"}],"wp:attachment":[{"href":"https:\/\/www.saopaulo.sp.leg.br\/escoladoparlamento\/wp-json\/wp\/v2\/media?parent=8667"}],"curies":[{"name":"wp","href":"https:\/\/api.w.org\/{rel}","templated":true}]}}