{"id":8659,"date":"2018-03-07T18:09:05","date_gmt":"2018-03-07T21:09:05","guid":{"rendered":"http:\/\/www.saopaulo.sp.leg.br\/escoladoparlamento\/?page_id=8659"},"modified":"2018-03-07T18:09:05","modified_gmt":"2018-03-07T21:09:05","slug":"dialogo-para-mediacao-de-conflitos-e-participacao-da-sociedade","status":"publish","type":"page","link":"https:\/\/www.saopaulo.sp.leg.br\/escoladoparlamento\/cursos\/cursos-anteriores\/cursos-realizados-em-2013\/dialogo-para-mediacao-de-conflitos-e-participacao-da-sociedade\/","title":{"rendered":"Di\u00e1logo para media\u00e7\u00e3o de conflitos e participa\u00e7\u00e3o da sociedade"},"content":{"rendered":"<h1>21\/10\/2013, 19h-21h30<\/h1>\n<h3><strong>Sal\u00e3o Nobre Brasil Vita<\/strong><\/h3>\n<p>O trabalho com o Di\u00e1logo possibilita grande abertura para a comunica\u00e7\u00e3o entre pessoas no ambiente institucional \u2013 e em qualquer outro ambiente. Vemos que a pol\u00edtica e os ambientes do poder necessitam muito de algo que possa restituir-lhes a fun\u00e7\u00e3o integradora da sociedade e na sociedade; para n\u00f3s, o Di\u00e1logo \u00e9 esse algo. O ambiente do conflito necessita ser tratado adequadamente \u2013 com a abertura dial\u00f3gica \u2013 para que dele possam emergir as for\u00e7as construtivas da sociedade, da organiza\u00e7\u00e3o, da fam\u00edlia, do indiv\u00edduo.<br \/>\nDialogar \u00e9 uma atividade voltada para o emergir dos la\u00e7os sociais que nos unem \u2013 e dos quais estamos artificialmente separados. \u00c9 voltada tamb\u00e9m para o estabelecimento de rela\u00e7\u00f5es baseadas no respeito, no ouvir, na compreens\u00e3o m\u00fatua e que, assim, trazem sinergia, integra\u00e7\u00e3o, produtividade \u2013 e, por que n\u00e3o?, felicidade aos participantes.<\/p>\n<p><strong>O Encontro<\/strong><br \/>\nO ENCONTRO: DI\u00c1LOGO PARA MEDIA\u00c7\u00c3O DE CONFLITOS E PARTICIPA\u00c7\u00c3O DA SOCIEDADE \u00e9 um encontro de curta dura\u00e7\u00e3o, aberto a todos os participantes da C\u00e2mara de S\u00e3o Paulo e cidad\u00e3os em geral. Tem como prop\u00f3sito sensibiliz\u00e1-los para as possibilidades que se abrem com a pr\u00e1tica do Di\u00e1logo, e aquilo que se pode obter com ela no ambiente parlamentar e pol\u00edtico.<\/p>\n<p><strong>Objetivos do Encontro<\/strong><br \/>\nO ENCONTRO: DI\u00c1LOGO PARA MEDIA\u00c7\u00c3O DE CONFLITOS E PARTICIPA\u00c7\u00c3O DA SOCIEDADE tem como objetivos:<br \/>\n&#8211; apresentar ao participante a concep\u00e7\u00e3o do Di\u00e1logo, introduzindo-o a aspectos mais profundos desse tipo de conversa\u00e7\u00e3o<br \/>\n&#8211; sensibiliz\u00e1-lo para as diferen\u00e7as em prop\u00f3sito, energia e resultados dos diferentes tipos de conversa\u00e7\u00e3o: delibera\u00e7\u00e3o, debate, discuss\u00e3o, Di\u00e1logo<br \/>\n&#8211; conscientizar o participante da necessidade de conhecer melhor o Di\u00e1logo, bem como as m\u00faltiplas possibilidades que abre aos participantes, para poder pratic\u00e1-lo em situa\u00e7\u00f5es de conflito e de necessidade de integra\u00e7\u00e3o social e pessoal.<\/p>\n<p><strong>Conte\u00fado<\/strong><br \/>\nO conte\u00fado do O ENCONTRO: DI\u00c1LOGO PARA MEDIA\u00c7\u00c3O DE CONFLITOS E PARTICIPA\u00c7\u00c3O DA SOCIEDADE ter\u00e1 as seguintes bases:<br \/>\n&#8211; aquecimento inicial<br \/>\n&#8211; os 4 Ds: as conversa\u00e7\u00f5es t\u00edpicas da delibera\u00e7\u00e3o, do debate, da discuss\u00e3o e do Di\u00e1logo<br \/>\n&#8211; viv\u00eancia dos diferentes resultados produzidos por essas conversa\u00e7\u00f5es<br \/>\n&#8211; diferen\u00e7as b\u00e1sicas entre a conversa\u00e7\u00e3o voltada para o entendimento e a voltada para derrotar o oponente: estrutura, modelo mental, resultados, etc. de cada uma delas<\/p>\n<p><strong>Metodologia<\/strong><br \/>\nO ENCONTRO: DI\u00c1LOGO PARA MEDIA\u00c7\u00c3O DE CONFLITOS E PARTICIPA\u00c7\u00c3O DA SOCIEDADE ser\u00e1 realizado na forma de apresenta\u00e7\u00e3o dialogada \u2013 um Di\u00e1logo com os participantes propondo-lhes situa\u00e7\u00f5es vivenciais que produzam insights referentes aos aspectos b\u00e1sicos do Di\u00e1logo.<\/p>\n","protected":false},"excerpt":{"rendered":"<p>21\/10\/2013, 19h-21h30 Sal\u00e3o Nobre Brasil Vita O trabalho com o Di\u00e1logo possibilita grande abertura para a comunica\u00e7\u00e3o entre pessoas no ambiente institucional \u2013 e em qualquer outro ambiente. Vemos que a pol\u00edtica e os ambientes do poder necessitam muito de algo que possa restituir-lhes a fun\u00e7\u00e3o integradora da sociedade e na sociedade; para n\u00f3s, o [&hellip;]<\/p>\n","protected":false},"author":127,"featured_media":0,"parent":1336,"menu_order":408,"comment_status":"closed","ping_status":"closed","template":"","meta":{"_acf_changed":false,"footnotes":""},"class_list":["post-8659","page","type-page","status-publish","hentry"],"acf":[],"_links":{"self":[{"href":"https:\/\/www.saopaulo.sp.leg.br\/escoladoparlamento\/wp-json\/wp\/v2\/pages\/8659","targetHints":{"allow":["GET"]}}],"collection":[{"href":"https:\/\/www.saopaulo.sp.leg.br\/escoladoparlamento\/wp-json\/wp\/v2\/pages"}],"about":[{"href":"https:\/\/www.saopaulo.sp.leg.br\/escoladoparlamento\/wp-json\/wp\/v2\/types\/page"}],"author":[{"embeddable":true,"href":"https:\/\/www.saopaulo.sp.leg.br\/escoladoparlamento\/wp-json\/wp\/v2\/users\/127"}],"replies":[{"embeddable":true,"href":"https:\/\/www.saopaulo.sp.leg.br\/escoladoparlamento\/wp-json\/wp\/v2\/comments?post=8659"}],"version-history":[{"count":0,"href":"https:\/\/www.saopaulo.sp.leg.br\/escoladoparlamento\/wp-json\/wp\/v2\/pages\/8659\/revisions"}],"up":[{"embeddable":true,"href":"https:\/\/www.saopaulo.sp.leg.br\/escoladoparlamento\/wp-json\/wp\/v2\/pages\/1336"}],"wp:attachment":[{"href":"https:\/\/www.saopaulo.sp.leg.br\/escoladoparlamento\/wp-json\/wp\/v2\/media?parent=8659"}],"curies":[{"name":"wp","href":"https:\/\/api.w.org\/{rel}","templated":true}]}}