{"id":8650,"date":"2018-03-07T16:44:35","date_gmt":"2018-03-07T19:44:35","guid":{"rendered":"http:\/\/www.saopaulo.sp.leg.br\/escoladoparlamento\/?page_id=8650"},"modified":"2018-05-26T11:18:43","modified_gmt":"2018-05-26T14:18:43","slug":"e-possivel-inovar-a-politica-os-desafios-da-renovacao","status":"publish","type":"page","link":"https:\/\/www.saopaulo.sp.leg.br\/escoladoparlamento\/cursos\/cursos-anteriores\/cursos-realizados-2018\/e-possivel-inovar-a-politica-os-desafios-da-renovacao\/","title":{"rendered":"\u00c9 Poss\u00edvel Inovar a Pol\u00edtica? Os Desafios da Renova\u00e7\u00e3o"},"content":{"rendered":"<figure id=\"attachment_8669\" aria-describedby=\"caption-attachment-8669\" style=\"width: 300px\" class=\"wp-caption alignright\"><a href=\"http:\/\/www.viradapolitica.com.br\/\"><img loading=\"lazy\" decoding=\"async\" class=\"wp-image-8669 size-medium\" src=\"http:\/\/www.saopaulo.sp.leg.br\/escoladoparlamento\/wp-content\/uploads\/sites\/5\/2018\/03\/Logo-da-Virada-300x196.png\" alt=\"\" width=\"300\" height=\"196\" srcset=\"https:\/\/www.saopaulo.sp.leg.br\/escoladoparlamento\/wp-content\/uploads\/sites\/5\/2018\/03\/Logo-da-Virada-300x196.png 300w, https:\/\/www.saopaulo.sp.leg.br\/escoladoparlamento\/wp-content\/uploads\/sites\/5\/2018\/03\/Logo-da-Virada.png 636w\" sizes=\"auto, (max-width: 300px) 100vw, 300px\" \/><\/a><figcaption id=\"caption-attachment-8669\" class=\"wp-caption-text\">Evento realizado em Parceria com a Virada Pol\u00edtica<\/figcaption><\/figure>\n<h2>20\/3 e 22\/3, 19-22h<\/h2>\n<h3><a href=\"http:\/\/www.saopaulo.sp.leg.br\/transparencia\/auditorios-online\/sala-sergio-vieira-de-mello-sala\/\">Sala S\u00e9rgio Vieira de Mello<\/a><\/h3>\n<p>Movimentos e projetos de renova\u00e7\u00e3o pol\u00edtica t\u00eam ocupado espa\u00e7o no Brasil desde as manifesta\u00e7\u00f5es de 2013. Em ano eleitoral, o que exatamente esperar desse debate? O presente evento tem como objetivo compreender o que de fato significa INOVAR e RENOVAR e o que representaram e representar\u00e3o tais a\u00e7\u00f5es em 2016 e 2018.<\/p>\n<p><strong>Diretores Respons\u00e1veis:<\/strong> Humberto Dantas\/Ilza Val\u00e9ria Moreira Jorge<\/p>\n<p><strong>Coordenadores:<\/strong> Humberto Dantas<\/p>\n<p><strong>Vagas:<\/strong> 100<\/p>\n<p><strong>Carga Hor\u00e1ria:<\/strong> 6h<\/p>\n<h3>Inscri\u00e7\u00f5es: <span style=\"color: #800080\">Inscri\u00e7\u00f5es Encerradas<\/span><\/h3>\n<p><strong>Programa\u00e7\u00e3o:<\/strong><\/p>\n<table>\n<tbody>\n<tr>\n<td><strong>Data\/Hor\u00e1rio\/Local<\/strong><\/td>\n<td><strong>Palestrantes<\/strong><\/td>\n<td><strong>Tema<\/strong><\/td>\n<\/tr>\n<tr>\n<td rowspan=\"4\"><strong>20\/3<\/strong><\/p>\n<p><strong> 19h-22h<\/strong><\/p>\n<p><a href=\"http:\/\/www.saopaulo.sp.leg.br\/transparencia\/auditorios-online\/sala-sergio-vieira-de-mello-sala\/\"> Sala S\u00e9rgio Vieira de Mello<\/a><\/td>\n<td>Glauco Peres da Silva \u2013 cientista pol\u00edtico, professor da USP<\/td>\n<td>O que \u00e9 renovar e inovar?<\/td>\n<\/tr>\n<tr>\n<td>Marcelo Issa \u2013 advogado e cientista pol\u00edtico<\/td>\n<td>Por que renovar e inovar?<\/td>\n<\/tr>\n<tr>\n<td>M\u00f4nica Sodr\u00e9 \u2013 doutora em Rela\u00e7\u00f5es Internacionais pela USP<\/td>\n<td>Renovar e Inovar: \u00e9 mesmo necess\u00e1rio?<\/td>\n<\/tr>\n<tr>\n<td style=\"text-align: center\" colspan=\"2\">Media\u00e7\u00e3o &#8211; VIRADA POL\u00cdTICA<\/td>\n<\/tr>\n<tr>\n<td rowspan=\"3\"><strong>22\/3<\/strong><\/p>\n<p><strong> 19-22h<\/strong><\/p>\n<p><a href=\"http:\/\/www.saopaulo.sp.leg.br\/transparencia\/auditorios-online\/sala-sergio-vieira-de-mello-sala\/\">Sala S\u00e9rgio Vieira de Mello<\/a><\/td>\n<td>Ver. Jana\u00edna Lima (Novo)<\/td>\n<td>O que foi a busca por renova\u00e7\u00e3o e inova\u00e7\u00e3o em 2016?<\/td>\n<\/tr>\n<tr>\n<td>Izabella Mattar (Renova BR), Marcio Black\u00a0(Bancada Ativista) e Diogo Costa (Livres)<\/td>\n<td>O que ser\u00e1 o movimento de renovar e inovar em 2018?<\/td>\n<\/tr>\n<tr>\n<td style=\"text-align: center\" colspan=\"2\">\u00a0Media\u00e7\u00e3o &#8211; Escola do Parlamento<\/td>\n<\/tr>\n<\/tbody>\n<\/table>\n","protected":false},"excerpt":{"rendered":"<p>20\/3 e 22\/3, 19-22h Sala S\u00e9rgio Vieira de Mello Movimentos e projetos de renova\u00e7\u00e3o pol\u00edtica t\u00eam ocupado espa\u00e7o no Brasil desde as manifesta\u00e7\u00f5es de 2013. Em ano eleitoral, o que exatamente esperar desse debate? O presente evento tem como objetivo compreender o que de fato significa INOVAR e RENOVAR e o que representaram e representar\u00e3o [&hellip;]<\/p>\n","protected":false},"author":127,"featured_media":0,"parent":8438,"menu_order":410,"comment_status":"closed","ping_status":"closed","template":"","meta":{"_acf_changed":false,"footnotes":""},"class_list":["post-8650","page","type-page","status-publish","hentry"],"acf":[],"_links":{"self":[{"href":"https:\/\/www.saopaulo.sp.leg.br\/escoladoparlamento\/wp-json\/wp\/v2\/pages\/8650","targetHints":{"allow":["GET"]}}],"collection":[{"href":"https:\/\/www.saopaulo.sp.leg.br\/escoladoparlamento\/wp-json\/wp\/v2\/pages"}],"about":[{"href":"https:\/\/www.saopaulo.sp.leg.br\/escoladoparlamento\/wp-json\/wp\/v2\/types\/page"}],"author":[{"embeddable":true,"href":"https:\/\/www.saopaulo.sp.leg.br\/escoladoparlamento\/wp-json\/wp\/v2\/users\/127"}],"replies":[{"embeddable":true,"href":"https:\/\/www.saopaulo.sp.leg.br\/escoladoparlamento\/wp-json\/wp\/v2\/comments?post=8650"}],"version-history":[{"count":0,"href":"https:\/\/www.saopaulo.sp.leg.br\/escoladoparlamento\/wp-json\/wp\/v2\/pages\/8650\/revisions"}],"up":[{"embeddable":true,"href":"https:\/\/www.saopaulo.sp.leg.br\/escoladoparlamento\/wp-json\/wp\/v2\/pages\/8438"}],"wp:attachment":[{"href":"https:\/\/www.saopaulo.sp.leg.br\/escoladoparlamento\/wp-json\/wp\/v2\/media?parent=8650"}],"curies":[{"name":"wp","href":"https:\/\/api.w.org\/{rel}","templated":true}]}}