{"id":8645,"date":"2018-03-07T16:28:50","date_gmt":"2018-03-07T19:28:50","guid":{"rendered":"http:\/\/www.saopaulo.sp.leg.br\/escoladoparlamento\/?page_id=8645"},"modified":"2018-04-19T17:01:53","modified_gmt":"2018-04-19T20:01:53","slug":"o-desafio-das-campanhas-eleitorais-e-a-realidade-nos-municipios-brasileiros-o-caso-de-primavera-pe","status":"publish","type":"page","link":"https:\/\/www.saopaulo.sp.leg.br\/escoladoparlamento\/cursos\/cursos-anteriores\/cursos-realizados-2018\/o-desafio-das-campanhas-eleitorais-e-a-realidade-nos-municipios-brasileiros-o-caso-de-primavera-pe\/","title":{"rendered":"Campanhas eleitorais e a realidade nos munic\u00edpios brasileiros: o caso de Primavera-PE"},"content":{"rendered":"<p>Campanhas eleitorais em cidades pequenas s\u00e3o exemplos bem acabados de muito do que representa nossa cultura pol\u00edtica. Nos \u00faltimos anos, alguns document\u00e1rios deram conta de buscar apreender o que de fato ocorre em elei\u00e7\u00f5es municipais realizadas em diferentes localidades do Brasil. Casos emblem\u00e1ticos est\u00e3o representados por <em>Porta \u00e0 Porta \u2013 a pol\u00edtica em dois tempos<\/em> do cineasta Marcelo Brennand e <em>Gretchen filme estrada<\/em> de Eliane Brum e Paschoal Samora. Em <em>Primavera do Brasil,<\/em> a busca por compreender o que uma campanha no interior representa volta \u00e0 cena. Ao contr\u00e1rio dos demais exemplos, a narrativa se passa em 2016, e n\u00e3o mais em 2008. Mas o cen\u00e1rio \u00e9 o mesmo. Que cen\u00e1rio \u00e9 esse? O que de fato ocorre e como podemos interpretar os fatos? Notaremos que fazer campanha seguindo regras estabelecidas pela justi\u00e7a eleitoral e contar com uma efetiva fiscaliza\u00e7\u00e3o \u00e9 tarefa das mais complexas.<\/p>\n<p><strong>Objetivos<\/strong>: assistir ao document\u00e1rio de 33 minutos e debater com os produtores e participantes, o que significa a forma como nossa cultura pol\u00edtica estabeleceu os padr\u00f5es de campanhas eleitorais no Brasil, com \u00eanfase na realidade retratada e na sensa\u00e7\u00e3o de que os desafios se repetem pelo pa\u00eds.<\/p>\n<p><strong>P\u00fablico Alvo<\/strong>: Servidores p\u00fablicos, assessores de parlamentares, estudantes e demais interessados no tema.<\/p>\n<p><strong>Vagas:<\/strong>100<\/p>\n<p><strong>Carga Hor\u00e1ria <\/strong>:\u00a02 horas<\/p>\n<h2>ATEN\u00c7\u00c3O PARA A NOVA DATA:<strong> 17 de ABRIL<\/strong><\/h2>\n<h2>Inscri\u00e7\u00f5es:\u00a0<span style=\"color: #ff0000\"> Encerradas<\/span><\/h2>\n<p>Se voc\u00ea j\u00e1 fez\u00a0a inscri\u00e7\u00e3o anteriormente n\u00e3o precisa se inscrever de novo.<\/p>\n<table>\n<tbody>\n<tr>\n<td><strong>Data: 17<\/strong><strong>\/04<\/strong><\/td>\n<td><strong>Local<\/strong><\/td>\n<td><strong>Palestrante (a confirmar)<\/strong><\/td>\n<td><strong>Tema da palestra\/aula<\/strong><\/td>\n<\/tr>\n<tr>\n<td>19h-21h<\/td>\n<td>\u00a0<a href=\"http:\/\/www.saopaulo.sp.leg.br\/transparencia\/auditorios-online\/sala-oscar-pedroso-horta-sala-b\/\">Sala Oscar Pedroso Horta<\/a><\/td>\n<td>Isabella Rozzino &#8211;\u00a0formada em Administra\u00e7\u00e3o P\u00fablica. Diretora executiva do document\u00e1rio <em>Primavera do Brasil. <\/em>Atuou na Prefeitura de S\u00e3o Paulo e atualmente \u00e9 Diretora de Engajamento do Movimento Mapa Educa\u00e7\u00e3o.<\/p>\n<p>&nbsp;<\/p>\n<p>Alexandre Lins &#8211; cientista pol\u00edtico e jornalista. Atuou no setor p\u00fablico no Governo de Goi\u00e1s pelo Vetor Brasil, e como consultor no Minist\u00e9rio da Educa\u00e7\u00e3o. Tamb\u00e9m tem experi\u00eancia com estrat\u00e9gia pol\u00edtica e eleitoral, em campanhas.<\/p>\n<p>&nbsp;<\/p>\n<p>Marcelo Brennand &#8211; formado em Dire\u00e7\u00e3o de Filmes e Dire\u00e7\u00e3o de Atores pela New York Fil Academy. Desenvolveu projetos como o document\u00e1rio longa-metragem <em>Porta a Porta <\/em>(2008), atuando como autor, diretor, roteirista e produtor, tendo conquistado v\u00e1rios pr\u00eamios e indica\u00e7\u00f5es em mostras nacionais e internacionais de cinema.<\/p>\n<p>&nbsp;<\/p>\n<p>&nbsp;<\/td>\n<td><em>O desafio das campanhas eleitorais\u00a0e a realidade nos munic\u00edpios brasileiros: o caso de Primavera-PE<\/em><\/p>\n<p><em>\u00a0<\/em><\/td>\n<\/tr>\n<\/tbody>\n<\/table>\n","protected":false},"excerpt":{"rendered":"<p>Campanhas eleitorais em cidades pequenas s\u00e3o exemplos bem acabados de muito do que representa nossa cultura pol\u00edtica. Nos \u00faltimos anos, alguns document\u00e1rios deram conta de buscar apreender o que de fato ocorre em elei\u00e7\u00f5es municipais realizadas em diferentes localidades do Brasil. Casos emblem\u00e1ticos est\u00e3o representados por Porta \u00e0 Porta \u2013 a pol\u00edtica em dois tempos [&hellip;]<\/p>\n","protected":false},"author":522,"featured_media":0,"parent":8438,"menu_order":412,"comment_status":"closed","ping_status":"closed","template":"","meta":{"_acf_changed":false,"footnotes":""},"class_list":["post-8645","page","type-page","status-publish","hentry"],"acf":[],"_links":{"self":[{"href":"https:\/\/www.saopaulo.sp.leg.br\/escoladoparlamento\/wp-json\/wp\/v2\/pages\/8645","targetHints":{"allow":["GET"]}}],"collection":[{"href":"https:\/\/www.saopaulo.sp.leg.br\/escoladoparlamento\/wp-json\/wp\/v2\/pages"}],"about":[{"href":"https:\/\/www.saopaulo.sp.leg.br\/escoladoparlamento\/wp-json\/wp\/v2\/types\/page"}],"author":[{"embeddable":true,"href":"https:\/\/www.saopaulo.sp.leg.br\/escoladoparlamento\/wp-json\/wp\/v2\/users\/522"}],"replies":[{"embeddable":true,"href":"https:\/\/www.saopaulo.sp.leg.br\/escoladoparlamento\/wp-json\/wp\/v2\/comments?post=8645"}],"version-history":[{"count":0,"href":"https:\/\/www.saopaulo.sp.leg.br\/escoladoparlamento\/wp-json\/wp\/v2\/pages\/8645\/revisions"}],"up":[{"embeddable":true,"href":"https:\/\/www.saopaulo.sp.leg.br\/escoladoparlamento\/wp-json\/wp\/v2\/pages\/8438"}],"wp:attachment":[{"href":"https:\/\/www.saopaulo.sp.leg.br\/escoladoparlamento\/wp-json\/wp\/v2\/media?parent=8645"}],"curies":[{"name":"wp","href":"https:\/\/api.w.org\/{rel}","templated":true}]}}