{"id":8639,"date":"2018-03-07T14:37:22","date_gmt":"2018-03-07T17:37:22","guid":{"rendered":"http:\/\/www.saopaulo.sp.leg.br\/escoladoparlamento\/?page_id=8639"},"modified":"2018-03-07T14:38:03","modified_gmt":"2018-03-07T17:38:03","slug":"agenda-politica-para-a-promocao-da-igualdade-racial","status":"publish","type":"page","link":"https:\/\/www.saopaulo.sp.leg.br\/escoladoparlamento\/cursos\/cursos-anteriores\/cursos-realizados-em-2013\/agenda-politica-para-a-promocao-da-igualdade-racial\/","title":{"rendered":"Agenda Pol\u00edtica para a Promo\u00e7\u00e3o da Igualdade Racial"},"content":{"rendered":"<h2>18\/11\/2013, 19h-22h<\/h2>\n<h3>Plen\u00e1rio 1\u00ba de Maio<\/h3>\n<h3><strong>I Debate para a Semana da Consci\u00eancia Negra<\/strong><\/h3>\n<p><strong>Objetivos:<\/strong> Discutir as pol\u00edticas p\u00fablicas voltadas para a Promo\u00e7\u00e3o da Igualdade Racial apresentando seus avan\u00e7os e percal\u00e7os.<\/p>\n<p><strong>P\u00fablico-alvo:<\/strong>\u00a0Cidad\u00e3os, servidores da CMSP e do poder p\u00fablico municipal<\/p>\n<p><strong>Carga-hor\u00e1ria:<\/strong> 3h<\/p>\n<p><strong>Debatedores convidados:<\/strong><\/p>\n<ul>\n<li>\u00a0Douglas Belchior (<em>Colunista da Carta Capital; Membro da <\/em><em>Uni\u00e3o de N\u00facleos de Educa\u00e7\u00e3o Popular para Negras\/os e Classe Trabalhadora &#8211; UNE<\/em><em>AFRO)<\/em><\/li>\n<\/ul>\n<ul>\n<li>\u00a0Matilde Ribeiro (<em>Secretaria Municipal de Promo\u00e7\u00e3o da Igualdade Racial)<\/em><\/li>\n<\/ul>\n<ul>\n<li>\u00a0Valter Roberto Silv\u00e9rio (<em>P<\/em><em>rofessor associado do Departamento e Programa de P\u00f3s-Gradua\u00e7\u00e3o em Sociologia da Universidade Federal de S\u00e3o Carlos)<\/em><\/li>\n<li>Vicente C\u00e2ndido (<em>Deputado Federal)<\/em><\/li>\n<\/ul>\n<p>&nbsp;<\/p>\n","protected":false},"excerpt":{"rendered":"<p>18\/11\/2013, 19h-22h Plen\u00e1rio 1\u00ba de Maio I Debate para a Semana da Consci\u00eancia Negra Objetivos: Discutir as pol\u00edticas p\u00fablicas voltadas para a Promo\u00e7\u00e3o da Igualdade Racial apresentando seus avan\u00e7os e percal\u00e7os. P\u00fablico-alvo:\u00a0Cidad\u00e3os, servidores da CMSP e do poder p\u00fablico municipal Carga-hor\u00e1ria: 3h Debatedores convidados: \u00a0Douglas Belchior (Colunista da Carta Capital; Membro da Uni\u00e3o de N\u00facleos [&hellip;]<\/p>\n","protected":false},"author":127,"featured_media":0,"parent":1336,"menu_order":411,"comment_status":"closed","ping_status":"closed","template":"","meta":{"_acf_changed":false,"footnotes":""},"class_list":["post-8639","page","type-page","status-publish","hentry"],"acf":[],"_links":{"self":[{"href":"https:\/\/www.saopaulo.sp.leg.br\/escoladoparlamento\/wp-json\/wp\/v2\/pages\/8639","targetHints":{"allow":["GET"]}}],"collection":[{"href":"https:\/\/www.saopaulo.sp.leg.br\/escoladoparlamento\/wp-json\/wp\/v2\/pages"}],"about":[{"href":"https:\/\/www.saopaulo.sp.leg.br\/escoladoparlamento\/wp-json\/wp\/v2\/types\/page"}],"author":[{"embeddable":true,"href":"https:\/\/www.saopaulo.sp.leg.br\/escoladoparlamento\/wp-json\/wp\/v2\/users\/127"}],"replies":[{"embeddable":true,"href":"https:\/\/www.saopaulo.sp.leg.br\/escoladoparlamento\/wp-json\/wp\/v2\/comments?post=8639"}],"version-history":[{"count":0,"href":"https:\/\/www.saopaulo.sp.leg.br\/escoladoparlamento\/wp-json\/wp\/v2\/pages\/8639\/revisions"}],"up":[{"embeddable":true,"href":"https:\/\/www.saopaulo.sp.leg.br\/escoladoparlamento\/wp-json\/wp\/v2\/pages\/1336"}],"wp:attachment":[{"href":"https:\/\/www.saopaulo.sp.leg.br\/escoladoparlamento\/wp-json\/wp\/v2\/media?parent=8639"}],"curies":[{"name":"wp","href":"https:\/\/api.w.org\/{rel}","templated":true}]}}