{"id":8636,"date":"2018-03-07T14:24:52","date_gmt":"2018-03-07T17:24:52","guid":{"rendered":"http:\/\/www.saopaulo.sp.leg.br\/escoladoparlamento\/?page_id=8636"},"modified":"2018-03-07T14:24:52","modified_gmt":"2018-03-07T17:24:52","slug":"atuacao-parlamentar-na-america-latina","status":"publish","type":"page","link":"https:\/\/www.saopaulo.sp.leg.br\/escoladoparlamento\/cursos\/cursos-anteriores\/cursos-realizados-em-2013\/atuacao-parlamentar-na-america-latina\/","title":{"rendered":"Atua\u00e7\u00e3o Parlamentar na Am\u00e9rica Latina"},"content":{"rendered":"<h2>1\/8\/2013, das 15h \u00e0s 20h<\/h2>\n<h3>Audit\u00f3rio Prestes Maia (Plenarinho)<\/h3>\n<p><strong>Objetivos:\u00a0<\/strong>Propiciar o interc\u00e2mbio e transfer\u00eancia de conhecimentos entre Casas Legislativas;\u00a0Estimular o debate oportuno sobre os legislativos no cen\u00e1rio latino-americano;\u00a0Estreitar la\u00e7os de parceria e produ\u00e7\u00e3o de conhecimento;\u00a0Cooperar para o aprimoramento da atividade legislativa.<\/p>\n<p><strong>Organiza\u00e7\u00e3o do Evento:\u00a0<\/strong>O Semin\u00e1rio ser\u00e1 composto de tr\u00eas Mesas de debate com a presen\u00e7a de acad\u00eamicos, estudiosos e parlamentares de diferentes pa\u00edses da Am\u00e9rica Latina, que contribuir\u00e3o com a exposi\u00e7\u00e3o de suas ideias e experi\u00eancias legislativas.\u00a0Cada palestrante ter\u00e1 20 minutos para sua explana\u00e7\u00e3o inicial e ao final ser\u00e1 aberto o debate.<\/p>\n<p><strong>Ao final do evento ser\u00e1 servido coquetel aos participantes.<\/strong><\/p>\n<p><strong>P\u00fablico Alvo:<\/strong>\u00a0Parlamentares do Brasil e do exterior, acad\u00eamicos, estudantes e cidad\u00e3os interessados na atividade parlamentar.<\/p>\n<p><strong>Vagas:\u00a0<\/strong>180<\/p>\n<p><strong>Carga Hor\u00e1ria:\u00a0<\/strong>5h<\/p>\n<p>&nbsp;<\/p>\n<p><strong>Programa\u00e7\u00e3o:<\/strong><\/p>\n<p><strong>15h \u00e0s 16h30<\/strong><\/p>\n<p>Mesa <em>&#8220;LIMITES E COMPET\u00caNCIAS DO PARLAMENTO&#8221; <\/em><\/p>\n<p>NIDIA DIAZ, Deputada pela Frente Farabundo Mart\u00ed de Liberta\u00e7\u00e3o Nacional, El Salvador<\/p>\n<p>DALMO DALLARI, Jurista \u2013 professor titular da USP<\/p>\n<ol>\n<li>ROSINHA, Deputado pelo Partido dos Trabalhadores, PR<\/li>\n<\/ol>\n<p>JOSE AMERICO, Presidente da C\u00e2mara Municipal de S\u00e3o Paulo, Partido dos Trabalhadores, SP<\/p>\n<p>&nbsp;<\/p>\n<p><strong>16h40 \u00e0s 18h10<\/strong><\/p>\n<p>Mesa <em>&#8220;RELA\u00c7\u00c3O EXECUTIVO E LEGISLATIVO&#8221;<\/em><\/p>\n<p>DOLORES PADIERNA, Senadora pelo Partido da Revolu\u00e7\u00e3o Democr\u00e1tica, M\u00e9xico<\/p>\n<p>MARCO AUR\u00c9LIO NOGUEIRA, Cientista Pol\u00edtico \u2013 professor titular da UNESP<\/p>\n<p>&nbsp;<\/p>\n<p><strong>18h20 \u00e0s 19h40<\/strong><\/p>\n<p>Mesa <em>&#8220;SISTEMA ELEITORAL NA AM\u00c9RICA LATINA&#8221;<\/em><\/p>\n<p>ANA ELISA OSORIO, Deputada pelo Partido Socialista Unido da Venezuela<\/p>\n<p>GLORIA IN\u00c9S RAMIREZ, Senadora pelo Partido Comunista Colombiano<\/p>\n<p>HENRIQUE FONTANA, Deputado pelo Partido dos Trabalhadores, RS<\/p>\n","protected":false},"excerpt":{"rendered":"<p>1\/8\/2013, das 15h \u00e0s 20h Audit\u00f3rio Prestes Maia (Plenarinho) Objetivos:\u00a0Propiciar o interc\u00e2mbio e transfer\u00eancia de conhecimentos entre Casas Legislativas;\u00a0Estimular o debate oportuno sobre os legislativos no cen\u00e1rio latino-americano;\u00a0Estreitar la\u00e7os de parceria e produ\u00e7\u00e3o de conhecimento;\u00a0Cooperar para o aprimoramento da atividade legislativa. Organiza\u00e7\u00e3o do Evento:\u00a0O Semin\u00e1rio ser\u00e1 composto de tr\u00eas Mesas de debate com a presen\u00e7a [&hellip;]<\/p>\n","protected":false},"author":127,"featured_media":0,"parent":1336,"menu_order":415,"comment_status":"closed","ping_status":"closed","template":"","meta":{"_acf_changed":false,"footnotes":""},"class_list":["post-8636","page","type-page","status-publish","hentry"],"acf":[],"_links":{"self":[{"href":"https:\/\/www.saopaulo.sp.leg.br\/escoladoparlamento\/wp-json\/wp\/v2\/pages\/8636","targetHints":{"allow":["GET"]}}],"collection":[{"href":"https:\/\/www.saopaulo.sp.leg.br\/escoladoparlamento\/wp-json\/wp\/v2\/pages"}],"about":[{"href":"https:\/\/www.saopaulo.sp.leg.br\/escoladoparlamento\/wp-json\/wp\/v2\/types\/page"}],"author":[{"embeddable":true,"href":"https:\/\/www.saopaulo.sp.leg.br\/escoladoparlamento\/wp-json\/wp\/v2\/users\/127"}],"replies":[{"embeddable":true,"href":"https:\/\/www.saopaulo.sp.leg.br\/escoladoparlamento\/wp-json\/wp\/v2\/comments?post=8636"}],"version-history":[{"count":0,"href":"https:\/\/www.saopaulo.sp.leg.br\/escoladoparlamento\/wp-json\/wp\/v2\/pages\/8636\/revisions"}],"up":[{"embeddable":true,"href":"https:\/\/www.saopaulo.sp.leg.br\/escoladoparlamento\/wp-json\/wp\/v2\/pages\/1336"}],"wp:attachment":[{"href":"https:\/\/www.saopaulo.sp.leg.br\/escoladoparlamento\/wp-json\/wp\/v2\/media?parent=8636"}],"curies":[{"name":"wp","href":"https:\/\/api.w.org\/{rel}","templated":true}]}}