{"id":8632,"date":"2018-03-07T14:13:17","date_gmt":"2018-03-07T17:13:17","guid":{"rendered":"http:\/\/www.saopaulo.sp.leg.br\/escoladoparlamento\/?page_id=8632"},"modified":"2018-03-07T14:13:24","modified_gmt":"2018-03-07T17:13:24","slug":"partidos-politicos-brasileiros-2013","status":"publish","type":"page","link":"https:\/\/www.saopaulo.sp.leg.br\/escoladoparlamento\/cursos\/cursos-anteriores\/cursos-realizados-em-2013\/partidos-politicos-brasileiros-2013\/","title":{"rendered":"Partidos Pol\u00edticos Brasileiros &#8211; 2013"},"content":{"rendered":"<h2>De 3 a 28 de junho \u2013 as 2\u00aas e 6\u00aas feiras.<\/h2>\n<h2>Sala S\u00e9rgio Vieira de Melo \u2013 1\u00ba Subsolo \u2013 CMSP<\/h2>\n<p><strong>Objetivos:<\/strong><\/p>\n<ol>\n<li>Desenvolver o conhecimento dos participantes acerca do papel dos partidos pol\u00edticos;<\/li>\n<li>Permitir aos participantes a compreens\u00e3o acerca as prerrogativas do sistema partid\u00e1rio brasileiro;<\/li>\n<li>Propiciar aos participantes a reflex\u00e3o sobre temas pertinentes aos partidos pol\u00edticos, nomeadamente: hist\u00f3ria; pautas; car\u00e1ter social; participa\u00e7\u00e3o cidad\u00e3; elei\u00e7\u00f5es; reforma partid\u00e1ria.<\/li>\n<li>Fazer a compara\u00e7\u00e3o entre sistema pol\u00edtico bipartid\u00e1rio e multipartid\u00e1rio;<\/li>\n<li>Promover a reflex\u00e3o sobre a nova lei dos partidos pol\u00edticos e sobre as perspectivas de reforma partid\u00e1ria.P\u00fablico Alvo:<\/li>\n<\/ol>\n<p><strong>P\u00fablico Alvo:<\/strong> cidad\u00e3os em geral, membros de partidos pol\u00edticos; servidores de C\u00e2maras Municipais e do poder p\u00fablico municipal.<\/p>\n<p><strong>Vagas:<\/strong> 100<\/p>\n<p><strong>Carga Hor\u00e1ria:<\/strong> 16h (8 encontros de 2h)<\/p>\n<p><strong>Programa\u00e7\u00e3o:<\/strong><\/p>\n<table>\n<tbody>\n<tr>\n<td><strong>Data<\/strong><\/td>\n<td><strong>Tema<\/strong><\/td>\n<\/tr>\n<tr>\n<td><strong>3\/6<\/strong><\/p>\n<p>19h30 \u00e0s 21h30<\/td>\n<td>Partidos pol\u00edticos: defini\u00e7\u00f5es<\/td>\n<\/tr>\n<tr>\n<td><strong>7\/6<\/strong><\/p>\n<p>19h30 \u00e0s 21h30<\/td>\n<td>Partidos pol\u00edticos: organiza\u00e7\u00e3o e ideologia<\/td>\n<\/tr>\n<tr>\n<td><strong>10\/6<\/strong><\/p>\n<p>19h30 \u00e0s 21h30<\/td>\n<td>Sistemas partid\u00e1rios: bipartidarismo e multipartidarismo<\/td>\n<\/tr>\n<tr>\n<td><strong>14\/6<\/strong><\/p>\n<p>19h30 \u00e0s 21h30<\/td>\n<td>Origens do atual sistema partid\u00e1rio brasileiro<\/td>\n<\/tr>\n<tr>\n<td><strong>17\/6<\/strong><\/p>\n<p>19h30 \u00e0s 21h30<\/td>\n<td width=\"390\">Mudan\u00e7as e consolida\u00e7\u00e3o do sistema partid\u00e1rio brasileiro<\/td>\n<\/tr>\n<tr>\n<td><strong>21\/6<\/strong><\/p>\n<p>19h30 \u00e0s 21h30<\/td>\n<td>Nova lei dos partidos pol\u00edticos<\/td>\n<\/tr>\n<tr>\n<td><strong>24\/6<\/strong><\/p>\n<p>19h30 \u00e0s 21h30<\/td>\n<td>Os partidos brasileiros s\u00e3o ideol\u00f3gicos ou pragm\u00e1ticos?<\/td>\n<\/tr>\n<tr>\n<td><strong>28\/6<\/strong><\/p>\n<p>19h30 \u00e0s 21h30<\/td>\n<td>Perspectivas de reforma partid\u00e1ria.<\/td>\n<\/tr>\n<\/tbody>\n<\/table>\n<p>&nbsp;<\/p>\n","protected":false},"excerpt":{"rendered":"<p>De 3 a 28 de junho \u2013 as 2\u00aas e 6\u00aas feiras. Sala S\u00e9rgio Vieira de Melo \u2013 1\u00ba Subsolo \u2013 CMSP Objetivos: Desenvolver o conhecimento dos participantes acerca do papel dos partidos pol\u00edticos; Permitir aos participantes a compreens\u00e3o acerca as prerrogativas do sistema partid\u00e1rio brasileiro; Propiciar aos participantes a reflex\u00e3o sobre temas pertinentes aos [&hellip;]<\/p>\n","protected":false},"author":127,"featured_media":0,"parent":1336,"menu_order":416,"comment_status":"closed","ping_status":"closed","template":"","meta":{"_acf_changed":false,"footnotes":""},"class_list":["post-8632","page","type-page","status-publish","hentry"],"acf":[],"_links":{"self":[{"href":"https:\/\/www.saopaulo.sp.leg.br\/escoladoparlamento\/wp-json\/wp\/v2\/pages\/8632","targetHints":{"allow":["GET"]}}],"collection":[{"href":"https:\/\/www.saopaulo.sp.leg.br\/escoladoparlamento\/wp-json\/wp\/v2\/pages"}],"about":[{"href":"https:\/\/www.saopaulo.sp.leg.br\/escoladoparlamento\/wp-json\/wp\/v2\/types\/page"}],"author":[{"embeddable":true,"href":"https:\/\/www.saopaulo.sp.leg.br\/escoladoparlamento\/wp-json\/wp\/v2\/users\/127"}],"replies":[{"embeddable":true,"href":"https:\/\/www.saopaulo.sp.leg.br\/escoladoparlamento\/wp-json\/wp\/v2\/comments?post=8632"}],"version-history":[{"count":0,"href":"https:\/\/www.saopaulo.sp.leg.br\/escoladoparlamento\/wp-json\/wp\/v2\/pages\/8632\/revisions"}],"up":[{"embeddable":true,"href":"https:\/\/www.saopaulo.sp.leg.br\/escoladoparlamento\/wp-json\/wp\/v2\/pages\/1336"}],"wp:attachment":[{"href":"https:\/\/www.saopaulo.sp.leg.br\/escoladoparlamento\/wp-json\/wp\/v2\/media?parent=8632"}],"curies":[{"name":"wp","href":"https:\/\/api.w.org\/{rel}","templated":true}]}}