{"id":8630,"date":"2018-03-07T14:06:24","date_gmt":"2018-03-07T17:06:24","guid":{"rendered":"http:\/\/www.saopaulo.sp.leg.br\/escoladoparlamento\/?page_id=8630"},"modified":"2018-03-07T14:06:24","modified_gmt":"2018-03-07T17:06:24","slug":"semana-da-transparencia-orcamentaria","status":"publish","type":"page","link":"https:\/\/www.saopaulo.sp.leg.br\/escoladoparlamento\/cursos\/cursos-anteriores\/cursos-realizados-em-2013\/semana-da-transparencia-orcamentaria\/","title":{"rendered":"Semana da Transpar\u00eancia Or\u00e7ament\u00e1ria"},"content":{"rendered":"<p><strong>Data:<\/strong> 25 a 29 de novembro<\/p>\n<p><strong>Local:<\/strong> C\u00e2mara Municipal de S\u00e3o Paulo (Plen\u00e1rio e audit\u00f3rios j\u00e1 reservados) + Funda\u00e7\u00e3o Escola Sociologia e Pol\u00edtica (FESP) para atividade espec\u00edfica (ver abaixo) + telecentros (a confirmar)<\/p>\n<p><strong>Abertura das atividades: 25\/11 \u2013 das 9 \u00e0s 18h<\/strong>, no Plen\u00e1rio da C\u00e2mara Municipal<\/p>\n<p><strong>Manh\u00e3 (9 \u00e0s 13h)<\/strong><\/p>\n<p><strong>&#8211; Abertura:<\/strong> convidar o Prefeito Fernando Haddad, o Presidente da C\u00e2mara Municipal Ver. Jos\u00e9 Am\u00e9rico, os Controladores Gerais da Uni\u00e3o, Estado e Munic\u00edpio, os Presidentes dos Tribunais de Contas Estadual e Municipal, entre outros.<\/p>\n<p>&nbsp;<\/p>\n<p><strong><em>9:30h \u2013 11:15h: Painel \u201cA import\u00e2ncia da Transpar\u00eancia Or\u00e7ament\u00e1ria e seus impactos\u201d <\/em><\/strong><\/p>\n<p>Carlos Alexandre Nascimento, Diretor Acad\u00eamico da Escola do Parlamento da C\u00e2mara Municipal de S\u00e3o Paulo com a palestra \u201cTranspar\u00eancia Or\u00e7ament\u00e1ria e seus impactos pol\u00edticos, sociais e econ\u00f4micos\u201d.<\/p>\n<p>Paolo de Renzio, Pesquisador Associado S\u00eanior, Open Budget Initiative com a palestra \u201cTranspar\u00eancia Or\u00e7ament\u00e1ria pelo mundo: um panorama do estado geral da transpar\u00eancia a partir da Pesquisa do Or\u00e7amento Aberto\u201d<\/p>\n<p>&nbsp;<\/p>\n<p><strong><em>11:30h \u2013 13:00h: Painel \u201cTranspar\u00eancia Or\u00e7ament\u00e1ria no Brasil: experi\u00eancias governamentais\u201d<\/em><\/strong><\/p>\n<p><strong>Representante da Controladoria Geral da Uni\u00e3o (CGU), Secretaria de Transpar\u00eancia e Preven\u00e7\u00e3o da Corrup\u00e7\u00e3o<\/strong><\/p>\n<p>S\u00e9rgio Nogueira Seabra \u2013 Secret\u00e1rio ou Diretoria de Transpar\u00eancia e Controle Social &#8211; Claudia Taya ou Ot\u00e1vio Moreira de Castro Neves &#8211; Coordenador-Geral de Governo Aberto e Transpar\u00eancia<\/p>\n<p><strong>Representante do Governo do Estado de S\u00e3o Paulo \u2013 definir interlocutor<\/strong><\/p>\n<p><strong>Representante do Munic\u00edpio de S\u00e3o Paulo<\/strong><\/p>\n<p>M\u00e1rio Spinelli \u2013 Controlador Geral do Munic\u00edpio (CGM)<\/p>\n<p><strong>13:00h \u2013 14:00h: Almo\u00e7o<\/strong><\/p>\n<p><strong>Tarde (14 \u00e0s 18h)<\/strong><\/p>\n<p><strong><em>14:00h \u2013 15:45h: Copa 2014: como est\u00e1 este jogo? Semin\u00e1rio S\u00e3o Paulo do Projeto Jogos Limpos \u2013 Instituto Ethos<\/em><\/strong><\/p>\n<p>Palestrantes:<\/p>\n<p>N\u00e1dia Campe\u00e3o \u2013 Vice Prefeita de S\u00e3o Paulo e respons\u00e1vel pelo SPCOPA &#8211; Comit\u00ea Especial para a Copa do Mundo de 2014 \u2013 15\u00b4<\/p>\n<p>Clarissa Gagliardi \u2013 Observat\u00f3rio das Metr\u00f3poles \u2013 N\u00facleo S\u00e3o Paulo \u2013 15\u00b4<\/p>\n<p>Ang\u00e9lica Melo \u2013 Instituto Ethos \u2013 15\u00b4<\/p>\n<p>Representante &#8211; Subcomiss\u00e3o da Copa do Mundo da C\u00e2mara Municipal de S\u00e3o Paulo \u2013 15\u00b4<\/p>\n<p>Comit\u00ea Paulista da Copa do Mundo FIFA 2014 \u2013 representante do governo do estado \u2013 15\u00b4<\/p>\n<p><strong><em>16:00h \u2013 18:00h: Painel \u201cTranspar\u00eancia Or\u00e7ament\u00e1ria no Brasil: experi\u00eancias da sociedade civil\u201d<\/em><\/strong><\/p>\n<p>Gil Castello Branco \u2013 Secret\u00e1rio Geral da Associa\u00e7\u00e3o Contas Abertas<\/p>\n<p>Representante do Instituto de Estudos Socioecon\u00f4micos \u2013 Inesc<\/p>\n<p>Profa. Dra. Gisele S. Craveiro &#8211; GPoPAI Grupo de Pesquisa em Pol\u00edticas P\u00fablicas para Acesso \u00e0 Informa\u00e7\u00e3o<\/p>\n<p><strong>\u00a0<\/strong><\/p>\n<p><strong>Oficinas de Ativismo Or\u00e7ament\u00e1rio<\/strong><\/p>\n<p><strong>26 a 29\/11 <\/strong>\u2013 Oficinas de capacita\u00e7\u00e3o de lideran\u00e7as comunit\u00e1rias e dirigentes de ONGs em como realizar, na pr\u00e1tica, o monitoramento da execu\u00e7\u00e3o or\u00e7ament\u00e1ria. A ideia \u00e9 fazer turmas com 30 pessoas, previamente selecionadas de acordo com o perfil desejado, mediante application.<\/p>\n<p><strong>26\/11<\/strong> \u2013 Apresenta\u00e7\u00e3o das ferramentas dispon\u00edveis para o controle social do or\u00e7amento (websites dos governos federal, estadual e municipal e outras ferramentas)<\/p>\n<p><strong>27\/11<\/strong> \u2013 Oficina sobre como trabalhar com os dados \u2013 tabelas din\u00e2micas e outros t\u00f3picos<\/p>\n<p><strong>28\/11<\/strong> \u2013 Aplica\u00e7\u00e3o I: monitorando o or\u00e7amento da Secretaria Municipal da Educa\u00e7\u00e3o<\/p>\n<p><strong>29\/11<\/strong> &#8211; Aplica\u00e7\u00e3o II: monitorando o or\u00e7amento da Secretaria Municipal da Sa\u00fade<\/p>\n","protected":false},"excerpt":{"rendered":"<p>Data: 25 a 29 de novembro Local: C\u00e2mara Municipal de S\u00e3o Paulo (Plen\u00e1rio e audit\u00f3rios j\u00e1 reservados) + Funda\u00e7\u00e3o Escola Sociologia e Pol\u00edtica (FESP) para atividade espec\u00edfica (ver abaixo) + telecentros (a confirmar) Abertura das atividades: 25\/11 \u2013 das 9 \u00e0s 18h, no Plen\u00e1rio da C\u00e2mara Municipal Manh\u00e3 (9 \u00e0s 13h) &#8211; Abertura: convidar o [&hellip;]<\/p>\n","protected":false},"author":127,"featured_media":0,"parent":1336,"menu_order":417,"comment_status":"closed","ping_status":"closed","template":"","meta":{"_acf_changed":false,"footnotes":""},"class_list":["post-8630","page","type-page","status-publish","hentry"],"acf":[],"_links":{"self":[{"href":"https:\/\/www.saopaulo.sp.leg.br\/escoladoparlamento\/wp-json\/wp\/v2\/pages\/8630","targetHints":{"allow":["GET"]}}],"collection":[{"href":"https:\/\/www.saopaulo.sp.leg.br\/escoladoparlamento\/wp-json\/wp\/v2\/pages"}],"about":[{"href":"https:\/\/www.saopaulo.sp.leg.br\/escoladoparlamento\/wp-json\/wp\/v2\/types\/page"}],"author":[{"embeddable":true,"href":"https:\/\/www.saopaulo.sp.leg.br\/escoladoparlamento\/wp-json\/wp\/v2\/users\/127"}],"replies":[{"embeddable":true,"href":"https:\/\/www.saopaulo.sp.leg.br\/escoladoparlamento\/wp-json\/wp\/v2\/comments?post=8630"}],"version-history":[{"count":0,"href":"https:\/\/www.saopaulo.sp.leg.br\/escoladoparlamento\/wp-json\/wp\/v2\/pages\/8630\/revisions"}],"up":[{"embeddable":true,"href":"https:\/\/www.saopaulo.sp.leg.br\/escoladoparlamento\/wp-json\/wp\/v2\/pages\/1336"}],"wp:attachment":[{"href":"https:\/\/www.saopaulo.sp.leg.br\/escoladoparlamento\/wp-json\/wp\/v2\/media?parent=8630"}],"curies":[{"name":"wp","href":"https:\/\/api.w.org\/{rel}","templated":true}]}}