{"id":8593,"date":"2018-03-06T18:54:04","date_gmt":"2018-03-06T21:54:04","guid":{"rendered":"http:\/\/www.saopaulo.sp.leg.br\/escoladoparlamento\/?page_id=8593"},"modified":"2018-03-14T16:37:01","modified_gmt":"2018-03-14T19:37:01","slug":"migracoes-internacionais-contemporaneas","status":"publish","type":"page","link":"https:\/\/www.saopaulo.sp.leg.br\/escoladoparlamento\/cursos\/cursos-anteriores\/cursos-realizados-2018\/migracoes-internacionais-contemporaneas\/","title":{"rendered":"Migra\u00e7\u00f5es Internacionais Contempor\u00e2neas"},"content":{"rendered":"<p>O curso prop\u00f5e uma reflex\u00e3o sobre a realidade migrat\u00f3ria contempor\u00e2nea e os desafios emergentes para as pol\u00edticas sociais voltadas para essas popula\u00e7\u00f5es e para a garantia dos seus direitos humanos e de cidadania. Nesse sentido, ser\u00e3o contextualizada as denominadas novas migra\u00e7\u00f5es internacionais a partir dos anos 1980. Paralelamente, ser\u00e3o consideradas as quest\u00f5es relativas \u00e0s pol\u00edticas sociais, nacionais e locais, voltadas, direta ou indiretamente, para a integra\u00e7\u00e3o dessas popula\u00e7\u00f5es \u00e0s cidades de destino das migra\u00e7\u00f5es.<\/p>\n<p>Ser\u00e1 analisada a caracteriza\u00e7\u00e3o do contexto latino-americano e do caso brasileiro, que se enquadra no que a literatura de rela\u00e7\u00f5es internacionais passou a denominar de migra\u00e7\u00f5es sul-sul, tendo em vista entender a governan\u00e7a migrat\u00f3ria no Brasil contempor\u00e2neo, p\u00f3s redemocratiza\u00e7\u00e3o. Finalizaremos o curso com um mergulho na realidade migrat\u00f3ria da cidade de S\u00e3o Paulo, com especial aten\u00e7\u00e3o para a problem\u00e1tica das rela\u00e7\u00f5es dos novos migrantes com as organiza\u00e7\u00f5es<\/p>\n<p><strong>Objetivos<\/strong>: O curso busca fornecer subs\u00eddios para a compreens\u00e3o e an\u00e1lise do contexto migrat\u00f3rio contempor\u00e2neo em suas interfaces com a problem\u00e1tica da garantia dos direitos humanos e da integra\u00e7\u00e3o social das novas popula\u00e7\u00f5es nas cidades de destino.<\/p>\n<p><strong>P\u00fablico Alvo<\/strong>: Servidores p\u00fablicos, assessores de parlamentares, estudantes e demais interessados no tema.<\/p>\n<p><strong>Vagas:<\/strong>100<\/p>\n<p><strong>Carga Hor\u00e1ria <\/strong>:\u00a04 horas<\/p>\n<h3><strong>Inscri\u00e7\u00f5es:\u00a0 Encerradas.<\/strong><\/h3>\n<h3><strong>Programa\u00e7\u00e3o:<\/strong><\/h3>\n<table>\n<tbody>\n<tr>\n<td>Data e hor\u00e1rio<\/td>\n<td>Local<\/td>\n<td>Palestrante<\/td>\n<td>Tema<\/td>\n<\/tr>\n<tr>\n<td>&nbsp;<\/p>\n<p>12\/03<\/p>\n<p>19h-21h<\/p>\n<p>&nbsp;<\/td>\n<td>&nbsp;<\/p>\n<p><a href=\"http:\/\/www.saopaulo.sp.leg.br\/transparencia\/auditorios-online\/sala-sergio-vieira-de-mello-sala\/\">Sala S\u00e9rgio Vieira de Mello<\/a><\/td>\n<td rowspan=\"2\">&nbsp;<\/p>\n<p>Profa. Dra. Patr\u00edcia Tavares de Freitas<\/p>\n<p>P\u00f3s-doutora na \u00e1rea de sociologia pol\u00edtica e pesquisadora do N\u00facleo de Pesquisa Democracia e A\u00e7\u00e3o Coletiva do CEBRAP<\/p>\n<p>&nbsp;<\/td>\n<td><em>\u00a0<\/em><\/p>\n<p><em>O debate sobre as novas migra\u00e7\u00f5es internacionais<\/em><\/td>\n<\/tr>\n<tr>\n<td>&nbsp;<\/p>\n<p>13\/03<\/p>\n<p>19h-21h<\/p>\n<p>&nbsp;<\/td>\n<td>&nbsp;<\/p>\n<p><a href=\"http:\/\/www.saopaulo.sp.leg.br\/transparencia\/auditorios-online\/auditorio-prestes-maia\/\">Audit\u00f3rio Prestes Maia<\/a><\/td>\n<td><em>\u00a0<\/em><\/p>\n<p><em>As migra\u00e7\u00f5es contempor\u00e2neas no Brasil<\/em><\/td>\n<\/tr>\n<\/tbody>\n<\/table>\n","protected":false},"excerpt":{"rendered":"<p>O curso prop\u00f5e uma reflex\u00e3o sobre a realidade migrat\u00f3ria contempor\u00e2nea e os desafios emergentes para as pol\u00edticas sociais voltadas para essas popula\u00e7\u00f5es e para a garantia dos seus direitos humanos e de cidadania. Nesse sentido, ser\u00e3o contextualizada as denominadas novas migra\u00e7\u00f5es internacionais a partir dos anos 1980. Paralelamente, ser\u00e3o consideradas as quest\u00f5es relativas \u00e0s pol\u00edticas [&hellip;]<\/p>\n","protected":false},"author":522,"featured_media":0,"parent":8438,"menu_order":423,"comment_status":"closed","ping_status":"closed","template":"","meta":{"_acf_changed":false,"footnotes":""},"class_list":["post-8593","page","type-page","status-publish","hentry"],"acf":[],"_links":{"self":[{"href":"https:\/\/www.saopaulo.sp.leg.br\/escoladoparlamento\/wp-json\/wp\/v2\/pages\/8593","targetHints":{"allow":["GET"]}}],"collection":[{"href":"https:\/\/www.saopaulo.sp.leg.br\/escoladoparlamento\/wp-json\/wp\/v2\/pages"}],"about":[{"href":"https:\/\/www.saopaulo.sp.leg.br\/escoladoparlamento\/wp-json\/wp\/v2\/types\/page"}],"author":[{"embeddable":true,"href":"https:\/\/www.saopaulo.sp.leg.br\/escoladoparlamento\/wp-json\/wp\/v2\/users\/522"}],"replies":[{"embeddable":true,"href":"https:\/\/www.saopaulo.sp.leg.br\/escoladoparlamento\/wp-json\/wp\/v2\/comments?post=8593"}],"version-history":[{"count":0,"href":"https:\/\/www.saopaulo.sp.leg.br\/escoladoparlamento\/wp-json\/wp\/v2\/pages\/8593\/revisions"}],"up":[{"embeddable":true,"href":"https:\/\/www.saopaulo.sp.leg.br\/escoladoparlamento\/wp-json\/wp\/v2\/pages\/8438"}],"wp:attachment":[{"href":"https:\/\/www.saopaulo.sp.leg.br\/escoladoparlamento\/wp-json\/wp\/v2\/media?parent=8593"}],"curies":[{"name":"wp","href":"https:\/\/api.w.org\/{rel}","templated":true}]}}