{"id":8571,"date":"2018-03-05T16:34:45","date_gmt":"2018-03-05T19:34:45","guid":{"rendered":"http:\/\/www.saopaulo.sp.leg.br\/escoladoparlamento\/?page_id=8571"},"modified":"2019-02-18T17:09:51","modified_gmt":"2019-02-18T20:09:51","slug":"reporter-do-futuro-2018","status":"publish","type":"page","link":"https:\/\/www.saopaulo.sp.leg.br\/escoladoparlamento\/cursos\/cursos-anteriores\/cursos-realizados-2018\/reporter-do-futuro-2018\/","title":{"rendered":"Rep\u00f3rter do Futuro \u2013 2018"},"content":{"rendered":"<header class=\"article-header\">O curso <strong>Descobrir S\u00e3o Paulo, Descobrir-se Rep\u00f3rter<\/strong>, m\u00f3dulo do <strong>Projeto Rep\u00f3rter do Futuro<\/strong>, realizado pela OBOR\u00c9 Projetos Especiais, IPFD \u2013 Instituto de Pesquisa, Forma\u00e7\u00e3o e Difus\u00e3o em Pol\u00edticas P\u00fablicas e Sociais e a Escola do Parlamento da C\u00e2mara Municipal de S\u00e3o Paulo, com o apoio da Abraji \u2013 Associa\u00e7\u00e3o Brasileira de Jornalismo Investigativo, na sua 11\u00aa edi\u00e7\u00e3o, aposta na pr\u00e1tica reflexiva da atividade jornal\u00edstica e estimula a cobertura de temas relevantes para o funcionamento da cidade.<strong>Objetivos<\/strong>:\u00a0Entender os principais temas que desafiam as gest\u00f5es das grandes cidades como S\u00e3o Paulo \u2013 mobilidade, habita\u00e7\u00e3o, saneamento, lixo, seguran\u00e7a, educa\u00e7\u00e3o e cultura, por exemplo \u2013 \u00e9 vital para quem pretende ser rep\u00f3rter.<\/header>\n<section class=\"entry-content cf sem-topo\"><strong>P\u00fablico Alvo<\/strong>:\u00a0Estudantes universit\u00e1rios de gradua\u00e7\u00e3o em Jornalismo.<\/section>\n<section class=\"entry-content cf sem-topo\"><strong>Vagas: <\/strong>20 vagas<\/section>\n<section class=\"entry-content cf sem-topo\"><strong>Inscri\u00e7\u00f5es:\u00a0\u00a0<span style=\"color: #ff0000\">Encerradas<\/span><\/strong><\/section>\n<section class=\"entry-content cf sem-topo\"><\/section>\n<section class=\"entry-content cf sem-topo\">Na metodologia especialmente desenvolvida para este projeto de forma\u00e7\u00e3o,\u00a0os\u00a0estudantes tamb\u00e9m s\u00e3o estimulados a produzir uma pe\u00e7a jornal\u00edstica a cada encontro e recebem orienta\u00e7\u00f5es por meio de atendimentos individuais prestados por jornalistas experientes que integram a coordena\u00e7\u00e3o do projeto.<\/section>\n<section class=\"entry-content cf sem-topo\">Nesta edi\u00e7\u00e3o os vinte estudantes selecionados ir\u00e3o discutir <strong>Gest\u00e3o da Cidade<\/strong>, <strong>Sa\u00fade<\/strong>, <strong>Seguran\u00e7a,\u00a0<\/strong>e <strong>Mobilidade<\/strong> entre os dias <strong>7 de abril <\/strong>e<strong> 9 de junho de 2018<\/strong>.<\/section>\n<section class=\"entry-content cf sem-topo\">A cada encontro, que ocorre sempre aos s\u00e1bados, os estudantes participam de palestra e confer\u00eancia de imprensa com um convidado de destaque, que apresenta um panorama sobre o assunto no qual \u00e9 especialista seguida de uma coletiva de imprensa onde os alunos vivem, na pr\u00e1tica, situa\u00e7\u00f5es que enfrentar\u00e3o na vida profissional.<\/section>\n<section class=\"entry-content cf sem-topo\">O m\u00f3dulo prop\u00f5e a realiza\u00e7\u00e3o de uma reportagem de f\u00f4lego sobre um ou mais temas discutidos ao longo do curso, a \u201cOpera\u00e7\u00e3o Ponto Final\u201d.<\/p>\n<header class=\"article-header\"><\/header>\n<section class=\"entry-content cf sem-topo\"><strong>Programa\u00e7\u00e3o<\/strong>:\u00a0<\/section>\n<\/section>\n<section><\/section>\n<section><strong>\u00a0<\/strong><\/section>\n<section>\n<table>\n<tbody>\n<tr>\n<td width=\"192\">1\u00ba Encontro<\/td>\n<td width=\"192\"><strong>7 de abril<\/strong><\/td>\n<td width=\"192\"><strong>T\u00e9cnicas Jornal\u00edsticas<\/strong><\/td>\n<\/tr>\n<tr>\n<td width=\"192\">2\u00ba Encontro<\/td>\n<td width=\"192\"><strong>14 de abril<\/strong><\/td>\n<td width=\"192\"><strong>Gest\u00e3o da Cidade<\/strong><\/p>\n<p>Nabil Bonduki \u2013 <em>arquiteto, urbanista, ex-vereador de SP, professor na Universidade de S\u00e3o Paulo (USP) e atualmente colunista do jornal Folha de S. Paulo<\/em><\/td>\n<\/tr>\n<tr>\n<td width=\"192\">3\u00ba Encontro<\/td>\n<td width=\"192\"><strong>28 de abril<\/strong><\/td>\n<td width=\"192\"><strong>Sa\u00fade<\/strong><\/p>\n<p>David Braga Jr. \u2013 <em>m\u00e9dico, atuou como secret\u00e1rio de Sa\u00fade e Planejamento de Gest\u00e3o em Campinas e Indaiatuba e foi consultor da Organiza\u00e7\u00e3o Pan-americana de Sa\u00fade (OPAS), do Minist\u00e9rio da Sa\u00fade e da Funda\u00e7\u00e3o Oswaldo Cruz (Fiocruz)<\/em><\/td>\n<\/tr>\n<tr>\n<td width=\"192\">4\u00ba Encontro<\/td>\n<td width=\"192\"><strong>5 de maio<\/strong><\/td>\n<td width=\"192\"><strong>Seguran\u00e7a<\/strong><\/p>\n<p>Benedito Mariano \u2013 <em>ouvidor das Pol\u00edcias do Estado de S\u00e3o Paulo<\/em><\/td>\n<\/tr>\n<tr>\n<td width=\"192\">5\u00ba Encontro<\/td>\n<td width=\"192\"><strong>12 de maio<\/strong><\/td>\n<td width=\"192\"><strong>Mobilidade<\/strong><\/p>\n<p>Fred Bussinger \u2013 <em>ex-Secret\u00e1rio Municipal dos Transportes, consultor e criador do Bilhete \u00danico<\/em><\/td>\n<\/tr>\n<tr>\n<td width=\"192\">Encerramento<\/td>\n<td width=\"192\"><strong>9 de junho<\/strong><\/td>\n<td width=\"192\"><strong>Opera\u00e7\u00e3o Ponto Final<\/strong><\/td>\n<\/tr>\n<tr>\n<td colspan=\"3\" width=\"576\">Os encontros acontecem sempre aos s\u00e1bados, das <strong>9h \u00e0s 13h<\/strong><\/td>\n<\/tr>\n<\/tbody>\n<\/table>\n<\/section>\n<section><\/section>\n","protected":false},"excerpt":{"rendered":"<p>O curso Descobrir S\u00e3o Paulo, Descobrir-se Rep\u00f3rter, m\u00f3dulo do Projeto Rep\u00f3rter do Futuro, realizado pela OBOR\u00c9 Projetos Especiais, IPFD \u2013 Instituto de Pesquisa, Forma\u00e7\u00e3o e Difus\u00e3o em Pol\u00edticas P\u00fablicas e Sociais e a Escola do Parlamento da C\u00e2mara Municipal de S\u00e3o Paulo, com o apoio da Abraji \u2013 Associa\u00e7\u00e3o Brasileira de Jornalismo Investigativo, na sua [&hellip;]<\/p>\n","protected":false},"author":127,"featured_media":0,"parent":8438,"menu_order":426,"comment_status":"closed","ping_status":"closed","template":"","meta":{"_acf_changed":false,"footnotes":""},"class_list":["post-8571","page","type-page","status-publish","hentry"],"acf":[],"_links":{"self":[{"href":"https:\/\/www.saopaulo.sp.leg.br\/escoladoparlamento\/wp-json\/wp\/v2\/pages\/8571","targetHints":{"allow":["GET"]}}],"collection":[{"href":"https:\/\/www.saopaulo.sp.leg.br\/escoladoparlamento\/wp-json\/wp\/v2\/pages"}],"about":[{"href":"https:\/\/www.saopaulo.sp.leg.br\/escoladoparlamento\/wp-json\/wp\/v2\/types\/page"}],"author":[{"embeddable":true,"href":"https:\/\/www.saopaulo.sp.leg.br\/escoladoparlamento\/wp-json\/wp\/v2\/users\/127"}],"replies":[{"embeddable":true,"href":"https:\/\/www.saopaulo.sp.leg.br\/escoladoparlamento\/wp-json\/wp\/v2\/comments?post=8571"}],"version-history":[{"count":0,"href":"https:\/\/www.saopaulo.sp.leg.br\/escoladoparlamento\/wp-json\/wp\/v2\/pages\/8571\/revisions"}],"up":[{"embeddable":true,"href":"https:\/\/www.saopaulo.sp.leg.br\/escoladoparlamento\/wp-json\/wp\/v2\/pages\/8438"}],"wp:attachment":[{"href":"https:\/\/www.saopaulo.sp.leg.br\/escoladoparlamento\/wp-json\/wp\/v2\/media?parent=8571"}],"curies":[{"name":"wp","href":"https:\/\/api.w.org\/{rel}","templated":true}]}}