{"id":8501,"date":"2018-02-16T15:54:42","date_gmt":"2018-02-16T17:54:42","guid":{"rendered":"http:\/\/www.saopaulo.sp.leg.br\/escoladoparlamento\/?page_id=8501"},"modified":"2018-03-07T17:11:19","modified_gmt":"2018-03-07T20:11:19","slug":"o-que-o-jovem-pensa-sobre-politica","status":"publish","type":"page","link":"https:\/\/www.saopaulo.sp.leg.br\/escoladoparlamento\/cursos\/cursos-anteriores\/cursos-realizados-2018\/o-que-o-jovem-pensa-sobre-politica\/","title":{"rendered":"O QUE O JOVEM PENSA SOBRE POL\u00cdTICA?"},"content":{"rendered":"<h1>Resultados com base em pr\u00e1ticas<\/h1>\n<p><strong>Objetivos: <\/strong>Apresentar os resultados de trabalho realizado, ao longo dos \u00faltimos dez anos, no ensino de Inicia\u00e7\u00e3o Pol\u00edtica nas periferias de S\u00e3o Paulo e em diversas cidades da Regi\u00e3o Metropolitana, tendo como objetivo apreender aspectos associados \u00e0 parte do que o jovem pensa sobre pol\u00edtica.<\/p>\n<p>Na ocasi\u00e3o ser\u00e3o distribu\u00eddas gratuitamente c\u00f3pias impressas do livro &#8220;Educa\u00e7\u00e3o Pol\u00edtica: Sugest\u00f5es de A\u00e7\u00e3o a Partir da Nossa Atua\u00e7\u00e3o&#8221; da Funda\u00e7\u00e3o Konrad Adenauer. Na obra, o autor conta sobre sua jornada e apresenta os dados que surgiram do estudo.<\/p>\n<p><strong>P\u00fablico Alvo:<\/strong> Servidores, estudantes e demais interessados no tema.<\/p>\n<p><strong>Vagas:\u00a0<\/strong>60<\/p>\n<p><strong>Carga Hor\u00e1ria\u00a0<\/strong>: 2 horas<\/p>\n<h3><strong>Inscri\u00e7\u00f5es: Encerradas.<\/strong><\/h3>\n<h3><strong>Programa\u00e7\u00e3o:<\/strong><\/h3>\n<table>\n<tbody>\n<tr>\n<td><strong>Data\/Hora<\/strong><\/td>\n<td><strong>Sala<\/strong><\/td>\n<td><strong>Palestrante<\/strong><\/td>\n<td><strong>Tema<\/strong><\/td>\n<\/tr>\n<tr>\n<td>05 mar\u00e7o<\/p>\n<p>19h-21h<\/td>\n<td><a href=\"http:\/\/www.saopaulo.sp.leg.br\/transparencia\/auditorios-online\/sala-oscar-pedroso-horta-sala-b\/\"><strong>Sala B \u2013 Oscar Pedroso Horta<\/strong><\/a><\/td>\n<td>Humberto Dantas &#8211; cientista pol\u00edtico e presidente da Escola do Parlamento de S\u00e3o Paulo<\/td>\n<td><em>O que o jovem pensa sobre pol\u00edtica?<\/em><\/p>\n<p><em>Resultados com base em pr\u00e1ticas<\/em><\/td>\n<\/tr>\n<\/tbody>\n<\/table>\n","protected":false},"excerpt":{"rendered":"<p>Resultados com base em pr\u00e1ticas Objetivos: Apresentar os resultados de trabalho realizado, ao longo dos \u00faltimos dez anos, no ensino de Inicia\u00e7\u00e3o Pol\u00edtica nas periferias de S\u00e3o Paulo e em diversas cidades da Regi\u00e3o Metropolitana, tendo como objetivo apreender aspectos associados \u00e0 parte do que o jovem pensa sobre pol\u00edtica. Na ocasi\u00e3o ser\u00e3o distribu\u00eddas gratuitamente [&hellip;]<\/p>\n","protected":false},"author":127,"featured_media":0,"parent":8438,"menu_order":431,"comment_status":"closed","ping_status":"closed","template":"","meta":{"_acf_changed":false,"footnotes":""},"class_list":["post-8501","page","type-page","status-publish","hentry"],"acf":[],"_links":{"self":[{"href":"https:\/\/www.saopaulo.sp.leg.br\/escoladoparlamento\/wp-json\/wp\/v2\/pages\/8501","targetHints":{"allow":["GET"]}}],"collection":[{"href":"https:\/\/www.saopaulo.sp.leg.br\/escoladoparlamento\/wp-json\/wp\/v2\/pages"}],"about":[{"href":"https:\/\/www.saopaulo.sp.leg.br\/escoladoparlamento\/wp-json\/wp\/v2\/types\/page"}],"author":[{"embeddable":true,"href":"https:\/\/www.saopaulo.sp.leg.br\/escoladoparlamento\/wp-json\/wp\/v2\/users\/127"}],"replies":[{"embeddable":true,"href":"https:\/\/www.saopaulo.sp.leg.br\/escoladoparlamento\/wp-json\/wp\/v2\/comments?post=8501"}],"version-history":[{"count":0,"href":"https:\/\/www.saopaulo.sp.leg.br\/escoladoparlamento\/wp-json\/wp\/v2\/pages\/8501\/revisions"}],"up":[{"embeddable":true,"href":"https:\/\/www.saopaulo.sp.leg.br\/escoladoparlamento\/wp-json\/wp\/v2\/pages\/8438"}],"wp:attachment":[{"href":"https:\/\/www.saopaulo.sp.leg.br\/escoladoparlamento\/wp-json\/wp\/v2\/media?parent=8501"}],"curies":[{"name":"wp","href":"https:\/\/api.w.org\/{rel}","templated":true}]}}