{"id":8483,"date":"2018-02-06T17:56:54","date_gmt":"2018-02-06T19:56:54","guid":{"rendered":"http:\/\/www.saopaulo.sp.leg.br\/escoladoparlamento\/?page_id=8483"},"modified":"2018-03-08T16:21:48","modified_gmt":"2018-03-08T19:21:48","slug":"mulheres-carreiras-e-profissoes-avancos-e-desafios","status":"publish","type":"page","link":"https:\/\/www.saopaulo.sp.leg.br\/escoladoparlamento\/cursos\/cursos-anteriores\/cursos-realizados-2018\/mulheres-carreiras-e-profissoes-avancos-e-desafios\/","title":{"rendered":"Mulheres, carreiras e profiss\u00f5es: Avan\u00e7os e Desafios"},"content":{"rendered":"<p>Na semana em que se comemora o dia Internacional da Mulher, a Escola do Parlamento e a Coordena\u00e7\u00e3o de Pol\u00edticas para as Mulheres da Secretaria Municipal de Direitos Humanos e Cidadania realizam um debate acerca da situa\u00e7\u00e3o da mulher no mundo do trabalho. Uma data bastante significativa para isso, pois o Dia da Mulher nasceu no s\u00e9culo XIX no contexto de luta feminina por melhores condi\u00e7\u00f5es de vida e trabalho. No Brasil do s\u00e9culo XXI, as mulheres ainda enfrentam desigualdade de oportunidades, preconceitos e maiores dificuldades de evoluir na carreira comparativamente aos homens. Este Semin\u00e1rio pretende trazer estudos sobre a participa\u00e7\u00e3o feminina no mercado de trabalho, os desafios encontrados e as formas poss\u00edveis de como enfrent\u00e1-los, discutindo o tema com os participantes.<\/p>\n<p><strong>Objetivos<\/strong>: Apresentar dados e discutir com os part\u00edcipes a situa\u00e7\u00e3o da mulher no mundo do trabalho.<\/p>\n<p><strong>P\u00fablico Alvo<\/strong>: Servidores p\u00fablicos, assessores de parlamentares, estudantes e demais interessados no tema.<\/p>\n<p><strong>Vagas:<\/strong>100<\/p>\n<p><strong>Carga Hor\u00e1ria <\/strong>: 3 horas<\/p>\n<h3><strong>Inscri\u00e7\u00f5es:\u00a0<span style=\"color: #993366\">\u00a0<a href=\"https:\/\/goo.gl\/forms\/VGeIdLIh7EvS2v5W2\">Clique aqui<\/a><\/span><\/strong><\/h3>\n<h3><strong>Programa\u00e7\u00e3o:<\/strong><\/h3>\n<table>\n<tbody>\n<tr>\n<td><strong>Data: <\/strong><strong>07\/03<\/strong><\/td>\n<td><strong>Local<\/strong><\/td>\n<td><strong>Palestrante <\/strong><\/td>\n<td><strong>Tema da palestra\/aula<\/strong><\/td>\n<\/tr>\n<tr>\n<td><strong>19h00 <\/strong><\/td>\n<td rowspan=\"3\">&nbsp;<\/p>\n<p><strong>\u00a0<\/strong><\/p>\n<p><a href=\"http:\/\/www.saopaulo.sp.leg.br\/transparencia\/auditorios-online\/auditorio-prestes-maia\/\"><strong>Audit\u00f3rio Prestes Maia<\/strong><\/a><\/td>\n<td><strong>Abertura <\/strong><\/td>\n<td><em>\u00a0<\/em><\/td>\n<\/tr>\n<tr>\n<td><strong>19h30 \u2013 20h00<\/strong><\/p>\n<p><strong>\u00a0<\/strong><\/p>\n<p><strong>\u00a0<\/strong><\/p>\n<p><strong>\u00a0<\/strong><\/p>\n<p><strong>\u00a0<\/strong><\/td>\n<td>Aline Cardoso \u2013 Secret\u00e1ria Municipal do Trabalho e Empreendedorismo\/SP<\/p>\n<p>&nbsp;<\/p>\n<p>Dra. Maria Gabriela Prado Manssur \u2013 Promotora do Minist\u00e9rio P\u00fablico do Estado de S\u00e3o Paulo<\/p>\n<p>&nbsp;<\/p>\n<p>Media\u00e7\u00e3o: Gislaine Caresia \u2013\u00a0Diretora do Departamento de Pol\u00edticas para Mulheres da SMDHC<\/p>\n<p>&nbsp;<\/td>\n<td><em>O trabalho como promo\u00e7\u00e3o da <\/em><\/p>\n<p><em>autonomia feminina<\/em><\/td>\n<\/tr>\n<tr>\n<td><strong>20h30 \u2013 21h30<\/strong><\/td>\n<td>Profa. Dra. Ligia Sica \u2013 FGV\/SP<\/p>\n<p>&nbsp;<\/p>\n<p>Gabriela Biazi \u2013 Comit\u00ea de Enfrentamento ao Ass\u00e9dio Sexual no Funcionalismo P\u00fablico<\/p>\n<p>&nbsp;<\/p>\n<p>Media\u00e7\u00e3o: Humberto Dantas \u2013 Escola do Parlamento<\/p>\n<p>&nbsp;<\/td>\n<td><em>Desafios para a mulher no mercado de trabalho<\/em><\/td>\n<\/tr>\n<\/tbody>\n<\/table>\n","protected":false},"excerpt":{"rendered":"<p>Na semana em que se comemora o dia Internacional da Mulher, a Escola do Parlamento e a Coordena\u00e7\u00e3o de Pol\u00edticas para as Mulheres da Secretaria Municipal de Direitos Humanos e Cidadania realizam um debate acerca da situa\u00e7\u00e3o da mulher no mundo do trabalho. Uma data bastante significativa para isso, pois o Dia da Mulher nasceu [&hellip;]<\/p>\n","protected":false},"author":522,"featured_media":0,"parent":8438,"menu_order":432,"comment_status":"closed","ping_status":"closed","template":"","meta":{"_acf_changed":false,"footnotes":""},"class_list":["post-8483","page","type-page","status-publish","hentry"],"acf":[],"_links":{"self":[{"href":"https:\/\/www.saopaulo.sp.leg.br\/escoladoparlamento\/wp-json\/wp\/v2\/pages\/8483","targetHints":{"allow":["GET"]}}],"collection":[{"href":"https:\/\/www.saopaulo.sp.leg.br\/escoladoparlamento\/wp-json\/wp\/v2\/pages"}],"about":[{"href":"https:\/\/www.saopaulo.sp.leg.br\/escoladoparlamento\/wp-json\/wp\/v2\/types\/page"}],"author":[{"embeddable":true,"href":"https:\/\/www.saopaulo.sp.leg.br\/escoladoparlamento\/wp-json\/wp\/v2\/users\/522"}],"replies":[{"embeddable":true,"href":"https:\/\/www.saopaulo.sp.leg.br\/escoladoparlamento\/wp-json\/wp\/v2\/comments?post=8483"}],"version-history":[{"count":0,"href":"https:\/\/www.saopaulo.sp.leg.br\/escoladoparlamento\/wp-json\/wp\/v2\/pages\/8483\/revisions"}],"up":[{"embeddable":true,"href":"https:\/\/www.saopaulo.sp.leg.br\/escoladoparlamento\/wp-json\/wp\/v2\/pages\/8438"}],"wp:attachment":[{"href":"https:\/\/www.saopaulo.sp.leg.br\/escoladoparlamento\/wp-json\/wp\/v2\/media?parent=8483"}],"curies":[{"name":"wp","href":"https:\/\/api.w.org\/{rel}","templated":true}]}}