{"id":8247,"date":"2017-11-09T18:31:26","date_gmt":"2017-11-09T20:31:26","guid":{"rendered":"http:\/\/www.saopaulo.sp.leg.br\/escoladoparlamento\/?page_id=8247"},"modified":"2018-10-31T13:23:09","modified_gmt":"2018-10-31T16:23:09","slug":"ajuste-fiscal-e-o-impacto-da-pec-do-teto-dos-gastos-nas-politicas-de-saude-e-educacao","status":"publish","type":"page","link":"https:\/\/www.saopaulo.sp.leg.br\/escoladoparlamento\/cursos\/cursos-anteriores\/cursos-realizados-em-2017\/ajuste-fiscal-e-o-impacto-da-pec-do-teto-dos-gastos-nas-politicas-de-saude-e-educacao\/","title":{"rendered":"Ajuste Fiscal e o Impacto da PEC 55\/241 nas Pol\u00edticas de Sa\u00fade e Educa\u00e7\u00e3o"},"content":{"rendered":"<h1>23\/11 &#8211; 9h \u00e0s 12h<\/h1>\n<h2>Audit\u00f3rio Prestes Maia (Plenarinho)<\/h2>\n<p><strong> <a href=\"https:\/\/www.youtube.com\/watch?v=JEqEivOjUCw\">[V\u00eddeo &#8211; YouTube]<\/a><\/strong><\/p>\n<h4>Ursula Peres \u2013 Professora do curso de Gest\u00e3o de Pol\u00edticas P\u00fablicas da EACH\/USP<\/h4>\n<h4>Ana Maria Malik &#8211; coordenadora do Centro de Estudos em Planejamento e Gest\u00e3o de Sa\u00fade da Escola de Administra\u00e7\u00e3o de Empresas de S\u00e3o Paulo da Funda\u00e7\u00e3o Get\u00falio Vargas (FGV-EAESP\/GV sa\u00fade)<\/h4>\n<h4>Nelson Marconi \u2013 Professor da EAESP\/FGV e da EESP\/FGV<\/h4>\n<h4>Soraya Smaili \u2013 Reitora da UNIFESP<\/h4>\n<h4>Fernando Abrucio \u2013 Professor da EAESP\/FGV (moderador)<\/h4>\n<h3><span style=\"color: #800000\"><strong>Inscri\u00e7\u00f5es:<\/strong>\u00a0Encerradas.<\/span><\/h3>\n<p><strong>Diretor Respons\u00e1vel e Coordena\u00e7\u00e3o:<\/strong> Roberto Garibe<\/p>\n<p>A Escola do Parlamento em parceria com a Funda\u00e7\u00e3o Get\u00falio Vargas promovem o debate \u201cAjuste Fiscal e o Impacto da PEC 55\/241 sobre as pol\u00edticas de Sa\u00fade e Educa\u00e7\u00e3o\u201d.\u00a0 \u00c9 o segundo debate da parceria entre a as duas institui\u00e7\u00f5es que pretendem levar ao p\u00fablico um conjunto de discuss\u00f5es sobre a agenda da Cidade de S\u00e3o Paulo. O ajuste fiscal tem causado um forte impacto sobre a cidade. O desemprego e o consequente aumento da demanda por servi\u00e7os p\u00fablicos coloca um desafio para o pa\u00eds, mas especialmente para sua a maior regi\u00e3o metropolitana, pelo fato de ser o centro din\u00e2mico da economia nacional e concentrar uma forte desigualdade.<\/p>\n<p><strong>Slides:<\/strong><\/p>\n<p>Soraya Smaili &#8211;\u00a0<a href=\"http:\/\/www.saopaulo.sp.leg.br\/escoladoparlamento\/wp-content\/uploads\/sites\/5\/2017\/11\/Escola-do-Parlamento_Soraya.pptx\">O Papel da Universidade na Constru\u00e7\u00e3o do Pa\u00eds<\/a><\/p>\n","protected":false},"excerpt":{"rendered":"<p>23\/11 &#8211; 9h \u00e0s 12h Audit\u00f3rio Prestes Maia (Plenarinho) [V\u00eddeo &#8211; YouTube] Ursula Peres \u2013 Professora do curso de Gest\u00e3o de Pol\u00edticas P\u00fablicas da EACH\/USP Ana Maria Malik &#8211; coordenadora do Centro de Estudos em Planejamento e Gest\u00e3o de Sa\u00fade da Escola de Administra\u00e7\u00e3o de Empresas de S\u00e3o Paulo da Funda\u00e7\u00e3o Get\u00falio Vargas (FGV-EAESP\/GV sa\u00fade) [&hellip;]<\/p>\n","protected":false},"author":127,"featured_media":0,"parent":6500,"menu_order":438,"comment_status":"closed","ping_status":"closed","template":"","meta":{"_acf_changed":false,"footnotes":""},"class_list":["post-8247","page","type-page","status-publish","hentry"],"acf":[],"_links":{"self":[{"href":"https:\/\/www.saopaulo.sp.leg.br\/escoladoparlamento\/wp-json\/wp\/v2\/pages\/8247","targetHints":{"allow":["GET"]}}],"collection":[{"href":"https:\/\/www.saopaulo.sp.leg.br\/escoladoparlamento\/wp-json\/wp\/v2\/pages"}],"about":[{"href":"https:\/\/www.saopaulo.sp.leg.br\/escoladoparlamento\/wp-json\/wp\/v2\/types\/page"}],"author":[{"embeddable":true,"href":"https:\/\/www.saopaulo.sp.leg.br\/escoladoparlamento\/wp-json\/wp\/v2\/users\/127"}],"replies":[{"embeddable":true,"href":"https:\/\/www.saopaulo.sp.leg.br\/escoladoparlamento\/wp-json\/wp\/v2\/comments?post=8247"}],"version-history":[{"count":0,"href":"https:\/\/www.saopaulo.sp.leg.br\/escoladoparlamento\/wp-json\/wp\/v2\/pages\/8247\/revisions"}],"up":[{"embeddable":true,"href":"https:\/\/www.saopaulo.sp.leg.br\/escoladoparlamento\/wp-json\/wp\/v2\/pages\/6500"}],"wp:attachment":[{"href":"https:\/\/www.saopaulo.sp.leg.br\/escoladoparlamento\/wp-json\/wp\/v2\/media?parent=8247"}],"curies":[{"name":"wp","href":"https:\/\/api.w.org\/{rel}","templated":true}]}}