{"id":8142,"date":"2017-10-24T14:56:39","date_gmt":"2017-10-24T16:56:39","guid":{"rendered":"http:\/\/www.saopaulo.sp.leg.br\/escoladoparlamento\/?page_id=8142"},"modified":"2017-11-07T15:20:07","modified_gmt":"2017-11-07T17:20:07","slug":"sustentabilidade-e-desenvolvimento-social-o-papel-da-familia","status":"publish","type":"page","link":"https:\/\/www.saopaulo.sp.leg.br\/escoladoparlamento\/cursos\/cursos-anteriores\/cursos-realizados-em-2017\/sustentabilidade-e-desenvolvimento-social-o-papel-da-familia\/","title":{"rendered":"Sustentabilidade e Desenvolvimento Social: o papel da fam\u00edlia"},"content":{"rendered":"<h1><strong>6\/11 &#8211; 19h \u00e0s 22h<\/strong><\/h1>\n<h1>Ign\u00e1cio Socias<\/h1>\n<h3>Diretor do IFFD (International Federation for Family Development), organiza\u00e7\u00e3o com status consultivo geral na ONU, palestrante internacional e consultor em v\u00e1rios projetos envolvendo pesquisa em fam\u00edlia, atua h\u00e1 v\u00e1rios anos promovendo a inclus\u00e3o de uma \u201cperspectiva da fam\u00edlia\u201d no desenvolvimento de pol\u00edticas p\u00fablicas<\/h3>\n<h3><a href=\"http:\/\/www.saopaulo.sp.leg.br\/transparencia\/auditorios-online\/auditorio-prestes-maia\/\">Audit\u00f3rio Prestes Maia (Plenarinho)<\/a><\/h3>\n<p><strong>Coordena\u00e7\u00e3o:<\/strong> Humberto Dantas<\/p>\n<p><strong>Objetivos:\u00a0<\/strong>Divulgar a dimens\u00e3o humana dos ODS; Divulgar a ideia de \u201cperspectiva da fam\u00edlia\u201d para pol\u00edticas p\u00fablicas e legisla\u00e7\u00e3o no Brasil, utilizando os ODS como plataforma para a cria\u00e7\u00e3o de um ambiente institucional favor\u00e1vel e inclusivo para as fam\u00edlias; Gerar repercuss\u00e3o sobre a \u201cperspectiva da fam\u00edlia\u201d como alternativa para elaborar pol\u00edticas de desenvolvimento social.<\/p>\n<p><strong>P\u00fablico Alvo:\u00a0<\/strong>Servidores p\u00fablicos, parlamentares (vereadores e outros), assessores, Organiza\u00e7\u00f5es da sociedade civil, Institui\u00e7\u00f5es Acad\u00eamicas, estudantes, pessoas interessadas nos temas: ODS, Desenvolvimento Social, Fam\u00edlia.<\/p>\n<p><strong>Vagas limitadas<\/strong><\/p>\n<h3><strong>Inscri\u00e7\u00f5es Encerradas<\/strong><\/h3>\n<p><strong>Bibliografia:<\/strong>\u00a0<a href=\"https:\/\/nacoesunidas.org\/pos2015\/agenda2030\/\">ONU &#8211; Agenda 2030<\/a><\/p>\n","protected":false},"excerpt":{"rendered":"<p>6\/11 &#8211; 19h \u00e0s 22h Ign\u00e1cio Socias Diretor do IFFD (International Federation for Family Development), organiza\u00e7\u00e3o com status consultivo geral na ONU, palestrante internacional e consultor em v\u00e1rios projetos envolvendo pesquisa em fam\u00edlia, atua h\u00e1 v\u00e1rios anos promovendo a inclus\u00e3o de uma \u201cperspectiva da fam\u00edlia\u201d no desenvolvimento de pol\u00edticas p\u00fablicas Audit\u00f3rio Prestes Maia (Plenarinho) Coordena\u00e7\u00e3o: [&hellip;]<\/p>\n","protected":false},"author":127,"featured_media":0,"parent":6500,"menu_order":442,"comment_status":"closed","ping_status":"closed","template":"","meta":{"_acf_changed":false,"footnotes":""},"class_list":["post-8142","page","type-page","status-publish","hentry"],"acf":[],"_links":{"self":[{"href":"https:\/\/www.saopaulo.sp.leg.br\/escoladoparlamento\/wp-json\/wp\/v2\/pages\/8142","targetHints":{"allow":["GET"]}}],"collection":[{"href":"https:\/\/www.saopaulo.sp.leg.br\/escoladoparlamento\/wp-json\/wp\/v2\/pages"}],"about":[{"href":"https:\/\/www.saopaulo.sp.leg.br\/escoladoparlamento\/wp-json\/wp\/v2\/types\/page"}],"author":[{"embeddable":true,"href":"https:\/\/www.saopaulo.sp.leg.br\/escoladoparlamento\/wp-json\/wp\/v2\/users\/127"}],"replies":[{"embeddable":true,"href":"https:\/\/www.saopaulo.sp.leg.br\/escoladoparlamento\/wp-json\/wp\/v2\/comments?post=8142"}],"version-history":[{"count":0,"href":"https:\/\/www.saopaulo.sp.leg.br\/escoladoparlamento\/wp-json\/wp\/v2\/pages\/8142\/revisions"}],"up":[{"embeddable":true,"href":"https:\/\/www.saopaulo.sp.leg.br\/escoladoparlamento\/wp-json\/wp\/v2\/pages\/6500"}],"wp:attachment":[{"href":"https:\/\/www.saopaulo.sp.leg.br\/escoladoparlamento\/wp-json\/wp\/v2\/media?parent=8142"}],"curies":[{"name":"wp","href":"https:\/\/api.w.org\/{rel}","templated":true}]}}