{"id":8131,"date":"2017-10-23T14:25:55","date_gmt":"2017-10-23T16:25:55","guid":{"rendered":"http:\/\/www.saopaulo.sp.leg.br\/escoladoparlamento\/?page_id=8131"},"modified":"2018-10-31T16:09:30","modified_gmt":"2018-10-31T19:09:30","slug":"lancamento-revista-parlamento-e-sociedade-n-8-dossie-eleicoes-municipais","status":"publish","type":"page","link":"https:\/\/www.saopaulo.sp.leg.br\/escoladoparlamento\/cursos\/cursos-anteriores\/cursos-realizados-em-2017\/lancamento-revista-parlamento-e-sociedade-n-8-dossie-eleicoes-municipais\/","title":{"rendered":"Lan\u00e7amento: Revista Parlamento e Sociedade, n. 8 \u2013 Dossi\u00ea Elei\u00e7\u00f5es Municipais"},"content":{"rendered":"<h1>30\/10, 2\u00aa feira, 19h- 22h<\/h1>\n<h3><\/h3>\n<h2>Lara Mesquita Ramos<\/h2>\n<h2>Graziele Silotto<\/h2>\n<h2>Beatriz Rodrigues Sanchez<\/h2>\n<h2>Humberto Dantas<\/h2>\n<p><strong>Coordena\u00e7\u00e3o:<\/strong> Humberto Dantas<\/p>\n<p><strong>Objetivos:<\/strong>\u00a0Debater os achados cient\u00edficos dos autores que compuseram os textos da oitava edi\u00e7\u00e3o da Revista Parlamento e Sociedade e distribuir aos presentes exemplares da revista para a dissemina\u00e7\u00e3o dos conhecimentos contidos;\u00a0Debater com os autores temas centrais da publica\u00e7\u00e3o mais recente da Revista Parlamento e Sociedade, que em seu n\u00famero 8, o mais recente, traz um dossi\u00ea sobre as Elei\u00e7\u00f5es Municipais de 2016. A tem\u00e1tica, central para a compreens\u00e3o do instante pol\u00edtico do pa\u00eds, ser\u00e1 abordada por diferentes autores que discutir\u00e3o seus achados acad\u00eamicos. Para al\u00e9m disso, a revista ser\u00e1 distribu\u00edda aos presentes.<\/p>\n<p><strong>P\u00fablico Alvo<\/strong>: Servidores p\u00fablicos, representantes da sociedade civil , estudantes e demais interessados.<\/p>\n<p><a href=\"https:\/\/www.youtube.com\/watch?v=Nl6MQf_Cee8\"><strong>[V\u00eddeo 1 &#8211; YouTube]<\/strong><\/a><\/p>\n<p><a href=\"https:\/\/www.youtube.com\/watch?v=mZlH2kMYYPw\"><strong>[V\u00eddeo 2 &#8211; YouTube]<\/strong><\/a><\/p>\n<p><strong>Vagas limitadas<\/strong><\/p>\n<p><strong>Inscri\u00e7\u00f5es encerradas.<\/strong><\/p>\n<p>&nbsp;<\/p>\n","protected":false},"excerpt":{"rendered":"<p>30\/10, 2\u00aa feira, 19h- 22h Lara Mesquita Ramos Graziele Silotto Beatriz Rodrigues Sanchez Humberto Dantas Coordena\u00e7\u00e3o: Humberto Dantas Objetivos:\u00a0Debater os achados cient\u00edficos dos autores que compuseram os textos da oitava edi\u00e7\u00e3o da Revista Parlamento e Sociedade e distribuir aos presentes exemplares da revista para a dissemina\u00e7\u00e3o dos conhecimentos contidos;\u00a0Debater com os autores temas centrais da [&hellip;]<\/p>\n","protected":false},"author":127,"featured_media":0,"parent":6500,"menu_order":443,"comment_status":"closed","ping_status":"closed","template":"","meta":{"_acf_changed":false,"footnotes":""},"class_list":["post-8131","page","type-page","status-publish","hentry"],"acf":[],"_links":{"self":[{"href":"https:\/\/www.saopaulo.sp.leg.br\/escoladoparlamento\/wp-json\/wp\/v2\/pages\/8131","targetHints":{"allow":["GET"]}}],"collection":[{"href":"https:\/\/www.saopaulo.sp.leg.br\/escoladoparlamento\/wp-json\/wp\/v2\/pages"}],"about":[{"href":"https:\/\/www.saopaulo.sp.leg.br\/escoladoparlamento\/wp-json\/wp\/v2\/types\/page"}],"author":[{"embeddable":true,"href":"https:\/\/www.saopaulo.sp.leg.br\/escoladoparlamento\/wp-json\/wp\/v2\/users\/127"}],"replies":[{"embeddable":true,"href":"https:\/\/www.saopaulo.sp.leg.br\/escoladoparlamento\/wp-json\/wp\/v2\/comments?post=8131"}],"version-history":[{"count":0,"href":"https:\/\/www.saopaulo.sp.leg.br\/escoladoparlamento\/wp-json\/wp\/v2\/pages\/8131\/revisions"}],"up":[{"embeddable":true,"href":"https:\/\/www.saopaulo.sp.leg.br\/escoladoparlamento\/wp-json\/wp\/v2\/pages\/6500"}],"wp:attachment":[{"href":"https:\/\/www.saopaulo.sp.leg.br\/escoladoparlamento\/wp-json\/wp\/v2\/media?parent=8131"}],"curies":[{"name":"wp","href":"https:\/\/api.w.org\/{rel}","templated":true}]}}