{"id":8117,"date":"2017-10-19T16:21:51","date_gmt":"2017-10-19T18:21:51","guid":{"rendered":"http:\/\/www.saopaulo.sp.leg.br\/escoladoparlamento\/?page_id=8117"},"modified":"2017-11-17T16:46:19","modified_gmt":"2017-11-17T18:46:19","slug":"politicas-publicas-de-alfabetizacao-e-formacao-para-a-cidadania","status":"publish","type":"page","link":"https:\/\/www.saopaulo.sp.leg.br\/escoladoparlamento\/cursos\/cursos-anteriores\/cursos-realizados-em-2017\/politicas-publicas-de-alfabetizacao-e-formacao-para-a-cidadania\/","title":{"rendered":"Pol\u00edticas P\u00fablicas de Alfabetiza\u00e7\u00e3o e Forma\u00e7\u00e3o para a Cidadania"},"content":{"rendered":"<figure id=\"attachment_8118\" aria-describedby=\"caption-attachment-8118\" style=\"width: 180px\" class=\"wp-caption alignright\"><a href=\"http:\/\/www.saopaulo.sp.leg.br\/escoladoparlamento\/wp-content\/uploads\/sites\/5\/2017\/10\/Educa\u00e7\u00e3o-centralizado_Alta1.jpg\"><img loading=\"lazy\" decoding=\"async\" class=\"wp-image-8118\" src=\"http:\/\/www.saopaulo.sp.leg.br\/escoladoparlamento\/wp-content\/uploads\/sites\/5\/2017\/10\/Educa\u00e7\u00e3o-centralizado_Alta1-300x249.jpg\" alt=\"\" width=\"180\" height=\"149\" srcset=\"https:\/\/www.saopaulo.sp.leg.br\/escoladoparlamento\/wp-content\/uploads\/sites\/5\/2017\/10\/Educa\u00e7\u00e3o-centralizado_Alta1-300x249.jpg 300w, https:\/\/www.saopaulo.sp.leg.br\/escoladoparlamento\/wp-content\/uploads\/sites\/5\/2017\/10\/Educa\u00e7\u00e3o-centralizado_Alta1-768x637.jpg 768w, https:\/\/www.saopaulo.sp.leg.br\/escoladoparlamento\/wp-content\/uploads\/sites\/5\/2017\/10\/Educa\u00e7\u00e3o-centralizado_Alta1-1024x849.jpg 1024w\" sizes=\"auto, (max-width: 180px) 100vw, 180px\" \/><\/a><figcaption id=\"caption-attachment-8118\" class=\"wp-caption-text\">Este curso \u00e9 uma parceria com a Secretaria Municipal de Educa\u00e7\u00e3o<\/figcaption><\/figure>\n<h1>7, 9 e 14\/11 &#8211;\u00a016h \u00e0s 19h<\/h1>\n<h3><\/h3>\n<h2>Silvia Aparecida Santos de Carvalho<\/h2>\n<h5>Evento v\u00e1lido para pontua\u00e7\u00e3o de evolu\u00e7\u00e3o funcional em SME<\/h5>\n<p><strong>Objetivos:\u00a0<\/strong>Compreender as concep\u00e7\u00f5es te\u00f3rico-metodol\u00f3gicas e projetos pol\u00edtico-educacionais em disputa no come\u00e7o do s\u00e9culo XX que objetivaram a forma\u00e7\u00e3o para a cidadania;\u00a0Identificar as pol\u00edticas p\u00fablicas de alfabetiza\u00e7\u00e3o, implementadas no governo militar e as concep\u00e7\u00f5es de ensino baseadas no Per\u00edodo Preparat\u00f3rio e Verifica\u00e7\u00e3o da Prontid\u00e3o;\u00a0Identificar as pol\u00edticas p\u00fablicas implementadas no per\u00edodo de abertura pol\u00edtica e as concep\u00e7\u00f5es de ensino baseadas na teoria construtivista e no interacionismo lingu\u00edstico;\u00a0Problematizar os desafios atuais da alfabetiza\u00e7\u00e3o como via de forma\u00e7\u00e3o para a cidadania.<\/p>\n<p><strong>P\u00fablico Alvo:\u00a0<\/strong>Professores do Ciclo de Alfabetiza\u00e7\u00e3o, Coordenadores Pedag\u00f3gicos, Gestores Educacionais.<\/p>\n<p><strong>Vagas:\u00a0<\/strong>150 vagas<\/p>\n<p><strong>Carga Hor\u00e1ria:\u00a0<\/strong>9h<\/p>\n<p><strong>Programa\u00e7\u00e3o:\u00a0<\/strong><\/p>\n<p><strong>Encontro 1: <a href=\"http:\/\/www.saopaulo.sp.leg.br\/transparencia\/auditorios-online\/salao-nobre-presidente-joao-brasil-vita\/\">Sal\u00e3o Nobre<\/a><\/strong><\/p>\n<p>O ensino de leitura e escrita e a forma\u00e7\u00e3o para a Cidadania: concep\u00e7\u00f5es te\u00f3rico-metodol\u00f3gicas e projetos pol\u00edtico-educacionais em disputa;<\/p>\n<p><strong>Encontro 2:\u00a0<a href=\"http:\/\/www.saopaulo.sp.leg.br\/transparencia\/auditorios-online\/sala-sergio-vieira-de-mello-sala\/\">Sala S\u00e9rgio Vieira de Mello<\/a><\/strong><\/p>\n<p>Pol\u00edticas p\u00fablicas de alfabetiza\u00e7\u00e3o, implementadas no governo militar e as concep\u00e7\u00f5es de ensino baseadas no Per\u00edodo Preparat\u00f3rio e Verifica\u00e7\u00e3o da Prontid\u00e3o;<\/p>\n<p><strong>Encontro 3:\u00a0\u00a0<a href=\"http:\/\/www.saopaulo.sp.leg.br\/transparencia\/auditorios-online\/sala-sergio-vieira-de-mello-sala\/\">Sala S\u00e9rgio Vieira de Mello<\/a><\/strong><\/p>\n<p>Pol\u00edticas p\u00fablicas implementadas no per\u00edodo de abertura pol\u00edtica e as concep\u00e7\u00f5es de ensino baseadas na teoria construtivista e no interacionismo lingu\u00edstico;\u00a0Os desafios atuais da alfabetiza\u00e7\u00e3o como via de forma\u00e7\u00e3o para a cidadania;<\/p>\n<p><strong>Diretores Respons\u00e1veis: <\/strong>Humberto Dantas\/Ilza Val\u00e9ria Moreira Jorge<strong>\u00a0\u00a0\u00a0\u00a0\u00a0\u00a0\u00a0 <\/strong><\/p>\n<p><strong>Coordenadores: <\/strong>Silvia Aparecida Santos de Carvalho\/Elio Araujo da Silva<\/p>\n<h3><strong>Inscri\u00e7\u00f5es Encerradas<\/strong><\/h3>\n","protected":false},"excerpt":{"rendered":"<p>7, 9 e 14\/11 &#8211;\u00a016h \u00e0s 19h Silvia Aparecida Santos de Carvalho Evento v\u00e1lido para pontua\u00e7\u00e3o de evolu\u00e7\u00e3o funcional em SME Objetivos:\u00a0Compreender as concep\u00e7\u00f5es te\u00f3rico-metodol\u00f3gicas e projetos pol\u00edtico-educacionais em disputa no come\u00e7o do s\u00e9culo XX que objetivaram a forma\u00e7\u00e3o para a cidadania;\u00a0Identificar as pol\u00edticas p\u00fablicas de alfabetiza\u00e7\u00e3o, implementadas no governo militar e as concep\u00e7\u00f5es de [&hellip;]<\/p>\n","protected":false},"author":127,"featured_media":0,"parent":6500,"menu_order":445,"comment_status":"closed","ping_status":"closed","template":"","meta":{"_acf_changed":false,"footnotes":""},"class_list":["post-8117","page","type-page","status-publish","hentry"],"acf":[],"_links":{"self":[{"href":"https:\/\/www.saopaulo.sp.leg.br\/escoladoparlamento\/wp-json\/wp\/v2\/pages\/8117","targetHints":{"allow":["GET"]}}],"collection":[{"href":"https:\/\/www.saopaulo.sp.leg.br\/escoladoparlamento\/wp-json\/wp\/v2\/pages"}],"about":[{"href":"https:\/\/www.saopaulo.sp.leg.br\/escoladoparlamento\/wp-json\/wp\/v2\/types\/page"}],"author":[{"embeddable":true,"href":"https:\/\/www.saopaulo.sp.leg.br\/escoladoparlamento\/wp-json\/wp\/v2\/users\/127"}],"replies":[{"embeddable":true,"href":"https:\/\/www.saopaulo.sp.leg.br\/escoladoparlamento\/wp-json\/wp\/v2\/comments?post=8117"}],"version-history":[{"count":0,"href":"https:\/\/www.saopaulo.sp.leg.br\/escoladoparlamento\/wp-json\/wp\/v2\/pages\/8117\/revisions"}],"up":[{"embeddable":true,"href":"https:\/\/www.saopaulo.sp.leg.br\/escoladoparlamento\/wp-json\/wp\/v2\/pages\/6500"}],"wp:attachment":[{"href":"https:\/\/www.saopaulo.sp.leg.br\/escoladoparlamento\/wp-json\/wp\/v2\/media?parent=8117"}],"curies":[{"name":"wp","href":"https:\/\/api.w.org\/{rel}","templated":true}]}}