{"id":8031,"date":"2017-10-11T13:57:28","date_gmt":"2017-10-11T16:57:28","guid":{"rendered":"http:\/\/www.saopaulo.sp.leg.br\/escoladoparlamento\/?page_id=8031"},"modified":"2017-11-17T13:37:14","modified_gmt":"2017-11-17T15:37:14","slug":"direitos-e-politicas-culturais-na-internet","status":"publish","type":"page","link":"https:\/\/www.saopaulo.sp.leg.br\/escoladoparlamento\/cursos\/cursos-anteriores\/cursos-realizados-em-2017\/direitos-e-politicas-culturais-na-internet\/","title":{"rendered":"Direitos e Pol\u00edticas Culturais na Internet"},"content":{"rendered":"<figure id=\"attachment_6816\" aria-describedby=\"caption-attachment-6816\" style=\"width: 235px\" class=\"wp-caption alignright\"><a href=\"http:\/\/centrodepesquisaeformacao.sescsp.org.br\/\"><img loading=\"lazy\" decoding=\"async\" class=\"wp-image-6816 size-full\" src=\"http:\/\/www.saopaulo.sp.leg.br\/escoladoparlamento\/wp-content\/uploads\/sites\/5\/2017\/05\/CPF-SESC-SP.png\" alt=\"\" width=\"235\" height=\"116\" \/><\/a><figcaption id=\"caption-attachment-6816\" class=\"wp-caption-text\">Este evento \u00e9 parte da s\u00e9rie Di\u00e1logos Escola do Parlamento CPF SESC-SP.<\/figcaption><\/figure>\n<p><strong>Objetivos:\u00a0<\/strong>Sabemos que a Internet se consolida, hoje, como o principal espa\u00e7o de acesso e compartilhamento de bens e servi\u00e7os culturais, no que se refere ao alcance de pessoas, diversidade de obras e possibilidades de difus\u00e3o. Este evento pretende explorar as implica\u00e7\u00f5es da ocorr\u00eancia dos processos culturais na Internet para os direitos e pol\u00edticas culturais.<\/p>\n<p>Como lidar com este arranjo global, respeitando a diversidade e a pot\u00eancia cultural de cada pa\u00eds? Como regular a Internet de maneira inovadora, incentivando a criatividade e zelando pela liberdade de express\u00e3o cultural na rede? Quais as novas bases dessa economia da cultura digital? Como promover e preservar os direitos culturais no espa\u00e7o virtual? Quais s\u00e3o as pol\u00edticas culturais poss\u00edveis e eficazes para estimular a produ\u00e7\u00e3o dos conte\u00fados culturais e o acesso \u00e0 cultura e ao conhecimento na Internet?<\/p>\n<p>O ciclo de debates, organizado e mediado por Guilherme Varella, pretende aprofundar todas estas quest\u00f5es e debater alternativas para esse universo complexo e contempor\u00e2neo.<\/p>\n<p><strong>P\u00fablico Alvo:<\/strong> Estudantes e popula\u00e7\u00e3o em geral interessada no tema.<\/p>\n<p><strong>Carga Hor\u00e1ria:<\/strong> 15h<\/p>\n<p><strong>Inscri\u00e7\u00f5es Encerradas<\/strong><\/p>\n<p><strong>Programa\u00e7\u00e3o:<\/strong><\/p>\n<table>\n<tbody>\n<tr>\n<td><strong>Data\/Hora<\/strong><\/td>\n<td><strong>Palestrante<\/strong><\/td>\n<td><strong>Tema<\/strong><\/td>\n<\/tr>\n<tr>\n<td><strong>24 out<\/strong><\/p>\n<p>15h-17h30<\/td>\n<td>Guilherme Varella<\/p>\n<p>In\u00eas Virginia Soares<\/td>\n<td><em>Direitos culturais na Internet: natureza, evolu\u00e7\u00e3o, alcance e perspectivas nacionais e internacionais<\/em><\/td>\n<\/tr>\n<tr>\n<td><strong>26 out<\/strong><\/p>\n<p>15h-17h30<\/td>\n<td>Jos\u00e9 Murilo de Carvalho<\/p>\n<p>Georgia Nicolau<\/td>\n<td><em>Dados e conte\u00fados, redes e pol\u00edticas para o \u201ccomum\u201d: mem\u00f3ria digital, acervos e mapeamentos<\/em><\/td>\n<\/tr>\n<tr>\n<td><strong>31 out<\/strong><\/p>\n<p>15h-17h30<\/td>\n<td>Giselle Beiguelman<\/p>\n<p>Francisco Bosco<\/td>\n<td><em>Arte digital: meio, g\u00eanero, est\u00e9tica ou linguagem?<\/em><\/td>\n<\/tr>\n<tr>\n<td><strong>07 nov<\/strong><\/p>\n<p>15h-17h30<\/td>\n<td>Sil Bahia<\/p>\n<p>Jo\u00e3o Brant<\/td>\n<td><em>Liberdade de express\u00e3o e diversidade cultural em tempos de concentra\u00e7\u00e3o econ\u00f4mica da Internet<\/em><\/td>\n<\/tr>\n<tr>\n<td><strong>9 nov<\/strong><\/p>\n<p>15h-17h30<\/td>\n<td>Vanisa Santiago<\/p>\n<p>Mariana Valente<\/td>\n<td><em>Direitos autorais, economia da cultura digital e regula\u00e7\u00e3o da Internet<\/em><\/td>\n<\/tr>\n<tr>\n<td><strong>14 nov<\/strong><\/p>\n<p>15h-17h30<\/td>\n<td>Alfredo Manevy<\/p>\n<p>Cac\u00e1 Machado<\/p>\n<p>Heloisa Aidar<\/td>\n<td><em>Pol\u00edticas para m\u00fasica e audiovisual em meio a algoritmos, streamings, plataformas e conte\u00fados<\/em><\/td>\n<\/tr>\n<\/tbody>\n<\/table>\n<p><strong>Guilherme Varella<\/strong>, advogado, foi Secret\u00e1rio de Pol\u00edticas Culturais do Minist\u00e9rio da Cultura (2015-maio\/2016). Ocupou as fun\u00e7\u00f5es de Chefe de Gabinete e Coordenador da Assessoria T\u00e9cnica da Secretaria Municipal de Cultura de S\u00e3o Paulo de 2013 a 2015. \u00c9 autor do livro &#8220;Plano Nacional de Cultura &#8211; direitos e pol\u00edticas culturais no Brasil&#8221; (Azougue, 2014).<\/p>\n<p><strong>Virginia Soares<\/strong>, Doutora em Direito pela PUC-SP e realizou pesquisa de p\u00f3s-doutorado no NEV-USP. \u00c9 autora do livro \u201cBens Culturais e Direitos Humanos\u201d (Edi\u00e7\u00f5es Sesc, 2015). Procuradora Regional da Rep\u00fablica &#8211; Minist\u00e9rio P\u00fablico Federal.<\/p>\n<p><strong>Jos\u00e9 Murilo de Carvalho<\/strong>, coordenador de Arquitetura de Informa\u00e7\u00e3o Museal no Instituto Brasileiro de Museus \u2013 Ibram, onde coordena a implanta\u00e7\u00e3o do projeto Tainacan (reposit\u00f3rio digital de acervos). Foi Coordenador-Geral de Informa\u00e7\u00e3o e Difus\u00e3o Cient\u00edfica do Minist\u00e9rio da Ci\u00eancia e Tecnologia (1999-2002) e Gerente de Informa\u00e7\u00f5es Estrat\u00e9gias \/ Coordenador-Geral de Cultura Digital do Minist\u00e9rio da Cultura (2003-2016).<\/p>\n<p><strong>Georgia Nicolau<\/strong>, jornalista e gestora cultural. Formada em comunica\u00e7\u00e3o pela PUC-SP, com MBA em Bens Culturais pela FGV. Foi Diretora da Secretaria de Economia Criativa (2013-2014) e da Secretaria de Pol\u00edticas Culturais (2015-2016) do Minist\u00e9rio da Cultura. Atualmente, faz parte da diretoria do Instituto Procomum.<\/p>\n<p><strong>Giselle Beiguelman<\/strong>, artista, curadora e professora da FAU-USP. Pioneira no campo da arte digital e no uso da internet e de redes m\u00f3veis para interven\u00e7\u00f5es art\u00edsticas, tem diversas obras premiadas, com destaque para O livro depois do livro (1999), Egosc\u00f3pio (2002) e Cinema sem Volta (2014), entre outras.<\/p>\n<p><strong>Francisco Bosco<\/strong>, poeta, letrista, fil\u00f3sofo e escritor, doutor em Teoria da Literatura (UFRJ), Foi presidente da Funarte de 2015 at\u00e9 maio de 2016. Publicou os livros \u201cBanalogias\u201d, \u201cE livre seja esse infort\u00fanio\u201d, \u201cDorival Caymmi\u201d e \u201cDa amizade\u201d.<\/p>\n<p><strong>Sil Bahia<\/strong>, diretora de Programas Olabi, pelo qual est\u00e1 a frente da PretaLab, iniciativa focada em estimular mulheres negras e ind\u00edgenas nas tecnologias. Mestre em Cultura e Territorialidades pela UFF, foi facilitadora da Maratona RodAda Hacker &#8211; oficinas de empoderamento feminino em novas tecnologias. \u00c9 colaboradora do plataforma Afroflix.<\/p>\n<p><strong>Jo\u00e3o Brant<\/strong>, \u00e9 doutorando em ci\u00eancia pol\u00edtica (USP), Mestre em regula\u00e7\u00e3o e pol\u00edticas de comunica\u00e7\u00e3o pela London School of Economics and Political Science. Foi secret\u00e1rio-executivo do Minist\u00e9rio da Cultura de fevereiro de 2015 a maio de 2016. Trabalhou como assessor especial na Secretaria Municipal de Cultura de S\u00e3o Paulo entre 2013 e 2014. Foi consultor para Unesco, Funda\u00e7\u00e3o Ford, Observacom e Global Partners, entre outras institui\u00e7\u00f5es.<\/p>\n<p><strong>Vanisa Santiago<\/strong>, advogada, Membro do Comit\u00ea de Peritos da OMPI (Organiza\u00e7\u00e3o Mundial da Propriedade Intelectual) para a discuss\u00e3o dos novos Tratados WCT e WPPT. Assessora Jur\u00eddica da Associa\u00e7\u00e3o Procure Saber. Membro efetivo da Comiss\u00e3o Permanente para Aperfei\u00e7oamento da Gest\u00e3o Coletiva do MinC.<\/p>\n<p><strong>Mariana Valente<\/strong>, doutoranda e mestre em Sociologia Jur\u00eddica pela USP, tem especializa\u00e7\u00e3o em propriedade intelectual pela OMPI. Pela FGV, foi uma das coordenadoras legais do projeto Creative Commons Brasil. \u00c9 co-autora do livro \u201cDa R\u00e1dio ao Streaming: ECAD, direito autoral e m\u00fasica no Brasil\u201d (Azougue, 2016).<\/p>\n<p><strong>Alfredo Manevy<\/strong>, Doutor em Ci\u00eancias da Comunica\u00e7\u00e3o pela USP, Secret\u00e1rio de Pol\u00edticas Culturais (2006) e Secret\u00e1rio-Executivo (2008) do MinC. Coordenou a elabora\u00e7\u00e3o do primeiro Plano Nacional de Cultura e o Procultura. Entre 2013 e 2014, foi Secret\u00e1rio Adjunto de Cultura de S\u00e3o Paulo. Coordenou a implanta\u00e7\u00e3o da Spcine da Prefeitura de S\u00e3o Paulo, e presidiu a empresa entre 2014-2016.<\/p>\n<p><strong>Cac\u00e1 Machado<\/strong>, Doutor em Literatura Brasileira pela USP, e fez p\u00f3s-doutorado na \u00e1rea de hist\u00f3ria, m\u00fasica e cultura digital na USP. \u00c9 professor do Departamento de M\u00fasica do Instituto de Artes da Universidade da UNICAMP. Foi pesquisador\/professor visitante no Departamento de M\u00fasica da Columbia University (NYC, 2014). Autor do livro \u201cO enigma do homem c\u00e9lebre: ambi\u00e7\u00e3o e voca\u00e7\u00e3o de Ernesto Nazareth\u201d (SP, Instituto Moreira Salles, 2007), e organizador da edi\u00e7\u00e3o \u201cTodo Nazareth: obras completas\u201d (SP, \u00c1gua-forte, 2011).<\/p>\n<p><strong>Heloisa Aidar<\/strong>, bacharel em Artes C\u00eanicas pela Unicamp, gerenciou a carreira de mariana Aydar entre 2007 e 2010. Em 2011, fundou a Pommelo Produ\u00e7\u00f5es &amp; Distribui\u00e7\u00f5es. Atualmente gerencia a careira de Tulipa Ruiz e distribui os \u00e1lbuns de Criolo, Tulipa Ruiz, Emicida, Felipe Cordeiro, Moreno Veloso, Tom Z\u00e9, Chico C\u00e9sar, entre outros.<\/p>\n","protected":false},"excerpt":{"rendered":"<p>Objetivos:\u00a0Sabemos que a Internet se consolida, hoje, como o principal espa\u00e7o de acesso e compartilhamento de bens e servi\u00e7os culturais, no que se refere ao alcance de pessoas, diversidade de obras e possibilidades de difus\u00e3o. Este evento pretende explorar as implica\u00e7\u00f5es da ocorr\u00eancia dos processos culturais na Internet para os direitos e pol\u00edticas culturais. Como [&hellip;]<\/p>\n","protected":false},"author":127,"featured_media":0,"parent":6500,"menu_order":449,"comment_status":"closed","ping_status":"closed","template":"","meta":{"_acf_changed":false,"footnotes":""},"class_list":["post-8031","page","type-page","status-publish","hentry"],"acf":[],"_links":{"self":[{"href":"https:\/\/www.saopaulo.sp.leg.br\/escoladoparlamento\/wp-json\/wp\/v2\/pages\/8031","targetHints":{"allow":["GET"]}}],"collection":[{"href":"https:\/\/www.saopaulo.sp.leg.br\/escoladoparlamento\/wp-json\/wp\/v2\/pages"}],"about":[{"href":"https:\/\/www.saopaulo.sp.leg.br\/escoladoparlamento\/wp-json\/wp\/v2\/types\/page"}],"author":[{"embeddable":true,"href":"https:\/\/www.saopaulo.sp.leg.br\/escoladoparlamento\/wp-json\/wp\/v2\/users\/127"}],"replies":[{"embeddable":true,"href":"https:\/\/www.saopaulo.sp.leg.br\/escoladoparlamento\/wp-json\/wp\/v2\/comments?post=8031"}],"version-history":[{"count":0,"href":"https:\/\/www.saopaulo.sp.leg.br\/escoladoparlamento\/wp-json\/wp\/v2\/pages\/8031\/revisions"}],"up":[{"embeddable":true,"href":"https:\/\/www.saopaulo.sp.leg.br\/escoladoparlamento\/wp-json\/wp\/v2\/pages\/6500"}],"wp:attachment":[{"href":"https:\/\/www.saopaulo.sp.leg.br\/escoladoparlamento\/wp-json\/wp\/v2\/media?parent=8031"}],"curies":[{"name":"wp","href":"https:\/\/api.w.org\/{rel}","templated":true}]}}