{"id":7996,"date":"2017-10-05T15:43:34","date_gmt":"2017-10-05T18:43:34","guid":{"rendered":"http:\/\/www.saopaulo.sp.leg.br\/escoladoparlamento\/?page_id=7996"},"modified":"2017-10-23T14:29:54","modified_gmt":"2017-10-23T16:29:54","slug":"vozes-da-democracia-os-desafios-da-comunicacao-comunitaria","status":"publish","type":"page","link":"https:\/\/www.saopaulo.sp.leg.br\/escoladoparlamento\/cursos\/cursos-anteriores\/cursos-realizados-em-2017\/vozes-da-democracia-os-desafios-da-comunicacao-comunitaria\/","title":{"rendered":"Vozes da Democracia: Os desafios da Comunica\u00e7\u00e3o Comunit\u00e1ria"},"content":{"rendered":"<p><strong>Objetivos:<\/strong>\u00a0Discutir a import\u00e2ncia das m\u00eddias comunit\u00e1rias e dos coletivos de jornalismo na constru\u00e7\u00e3o da cidadania, na mobiliza\u00e7\u00e3o da comunidade para maior participa\u00e7\u00e3o e resolu\u00e7\u00e3o de problemas e os desafios pelos quais passam. Esta discuss\u00e3o se dar\u00e1 a partir da apresenta\u00e7\u00e3o de trabalhos de coletivos e do F\u00f3rum Democracia na Comunica\u00e7\u00e3o, apresenta\u00e7\u00e3o de <em>cases <\/em>e apresenta\u00e7\u00e3o de pesquisas.<\/p>\n<p><strong>Coordena\u00e7\u00e3o:<\/strong> Humberto Dantas<\/p>\n<p><strong>P\u00fablico Alvo:<\/strong>\u00a0servidores, jornalistas, estudantes e popula\u00e7\u00e3o em geral.<\/p>\n<p><strong>Vagas:<\/strong> 200<\/p>\n<p><strong>Carga Hor\u00e1ria:<\/strong> 6h<\/p>\n<p><strong>Inscri\u00e7\u00f5es:<\/strong>\u00a0Encerradas.<\/p>\n<p><strong>Programa\u00e7\u00e3o:<\/strong><\/p>\n<table>\n<tbody>\n<tr>\n<td><strong>Data<\/strong><\/td>\n<td><strong>Local<\/strong><\/td>\n<td><strong>Palestrante<\/strong><\/td>\n<td><strong>Tema<\/strong><\/td>\n<\/tr>\n<tr>\n<td><strong>16\/out<\/strong><\/p>\n<p>19h-22h<\/td>\n<td><a href=\"http:\/\/www.saopaulo.sp.leg.br\/transparencia\/auditorios-online\/sala-sergio-vieira-de-mello-sala\/\">Sala S\u00e9rgio Vieira de Mello<\/a><\/td>\n<td>Prof. Doutor Dennis de Oliveira<\/p>\n<p>Amanda Rahra (Coletivo \u00c9N\u00f3is)<\/p>\n<p>Gisele Brito (Rede Jornalistas das Periferias)<\/p>\n<p>Dra. Marilene Araujo (F\u00f3rum Democracia na Comunica\u00e7\u00e3o)<\/td>\n<td>\u00a0<em>Os desafios da comunica\u00e7\u00e3o comunit\u00e1ria na mobiliza\u00e7\u00e3o social<\/em><\/td>\n<\/tr>\n<tr>\n<td><strong>18\/out<\/strong><\/p>\n<p>19h-22h<\/td>\n<td>\u00a0<a href=\"http:\/\/www.saopaulo.sp.leg.br\/transparencia\/auditorios-online\/sala-sergio-vieira-de-mello-sala\/\">Sala S\u00e9rgio Vieira de Mello<\/a><\/td>\n<td>Profa. Doutora Cicilia Peruzzo (Universidade Metodista)<\/p>\n<p>Jos\u00e9 Luiz Adeve (Funda\u00e7\u00e3o Tide Set\u00fabal)<\/p>\n<p>Gilberto Vieira (Observat\u00f3rio das Favelas)<\/td>\n<td><em>A comunica\u00e7\u00e3o comunit\u00e1ria na<\/em><\/p>\n<p><em>\u00a0constru\u00e7\u00e3o da cidadania<\/em><\/td>\n<\/tr>\n<\/tbody>\n<\/table>\n","protected":false},"excerpt":{"rendered":"<p>Objetivos:\u00a0Discutir a import\u00e2ncia das m\u00eddias comunit\u00e1rias e dos coletivos de jornalismo na constru\u00e7\u00e3o da cidadania, na mobiliza\u00e7\u00e3o da comunidade para maior participa\u00e7\u00e3o e resolu\u00e7\u00e3o de problemas e os desafios pelos quais passam. Esta discuss\u00e3o se dar\u00e1 a partir da apresenta\u00e7\u00e3o de trabalhos de coletivos e do F\u00f3rum Democracia na Comunica\u00e7\u00e3o, apresenta\u00e7\u00e3o de cases e apresenta\u00e7\u00e3o [&hellip;]<\/p>\n","protected":false},"author":127,"featured_media":0,"parent":6500,"menu_order":450,"comment_status":"closed","ping_status":"closed","template":"","meta":{"_acf_changed":false,"footnotes":""},"class_list":["post-7996","page","type-page","status-publish","hentry"],"acf":[],"_links":{"self":[{"href":"https:\/\/www.saopaulo.sp.leg.br\/escoladoparlamento\/wp-json\/wp\/v2\/pages\/7996","targetHints":{"allow":["GET"]}}],"collection":[{"href":"https:\/\/www.saopaulo.sp.leg.br\/escoladoparlamento\/wp-json\/wp\/v2\/pages"}],"about":[{"href":"https:\/\/www.saopaulo.sp.leg.br\/escoladoparlamento\/wp-json\/wp\/v2\/types\/page"}],"author":[{"embeddable":true,"href":"https:\/\/www.saopaulo.sp.leg.br\/escoladoparlamento\/wp-json\/wp\/v2\/users\/127"}],"replies":[{"embeddable":true,"href":"https:\/\/www.saopaulo.sp.leg.br\/escoladoparlamento\/wp-json\/wp\/v2\/comments?post=7996"}],"version-history":[{"count":0,"href":"https:\/\/www.saopaulo.sp.leg.br\/escoladoparlamento\/wp-json\/wp\/v2\/pages\/7996\/revisions"}],"up":[{"embeddable":true,"href":"https:\/\/www.saopaulo.sp.leg.br\/escoladoparlamento\/wp-json\/wp\/v2\/pages\/6500"}],"wp:attachment":[{"href":"https:\/\/www.saopaulo.sp.leg.br\/escoladoparlamento\/wp-json\/wp\/v2\/media?parent=7996"}],"curies":[{"name":"wp","href":"https:\/\/api.w.org\/{rel}","templated":true}]}}