{"id":7894,"date":"2017-09-27T16:40:35","date_gmt":"2017-09-27T19:40:35","guid":{"rendered":"http:\/\/www.saopaulo.sp.leg.br\/escoladoparlamento\/?page_id=7894"},"modified":"2017-09-28T15:53:08","modified_gmt":"2017-09-28T18:53:08","slug":"monografias-da-2a-turma-cldb","status":"publish","type":"page","link":"https:\/\/www.saopaulo.sp.leg.br\/escoladoparlamento\/pos-graduacao\/curso-de-especializacao-legislativo-e-democracia-no-brasil-cldb\/repositorio-digital\/monografias-da-2a-turma-cldb\/","title":{"rendered":"Monografias da 2\u00aa Turma CLDB"},"content":{"rendered":"<p>Concentramos aqui a produ\u00e7\u00e3o acad\u00eamica da Escola em um \u00fanico local. O acesso a todos os documentos aqui disponibilizados \u00e9 livre.<\/p>\n<table width=\"818\">\n<tbody>\n<tr>\n<td width=\"274\">Azevedo, Ana Maria<\/td>\n<td width=\"335\">Capta\u00e7\u00e3o de recursos atrav\u00e9s das emendas parlamentares federais: estudo de caso da cidade de S\u00e3o Paulo (2013-2014)<\/td>\n<td width=\"209\"><a href=\"http:\/\/www.saopaulo.sp.leg.br\/escoladoparlamento\/wp-content\/uploads\/sites\/5\/2017\/09\/Ana-Maria-Azevedo.pdf\">Azevedo, Ana Maria\u00a0 &#8211; Capta\u00e7\u00e3o de recursos atrav\u00e9s das emendas parlamentares federais: estudo de caso da cidade de S\u00e3o Paulo (2013-2014)<\/a><\/td>\n<\/tr>\n<tr>\n<td>Clemente, Fernando Fernandes<\/td>\n<td width=\"335\">Auditorias operacionais: Uma an\u00e1lise da atua\u00e7\u00e3o do Tribunal de Contas do Munic\u00edpio de S\u00e3o Paulo<\/td>\n<td width=\"209\"><a href=\"http:\/\/www.saopaulo.sp.leg.br\/escoladoparlamento\/wp-content\/uploads\/sites\/5\/2017\/09\/Fernando-Fernandes-Clemente.pdf\">Clemente, Fernando Fernandes\u00a0 &#8211; Auditorias operacionais: Uma an\u00e1lise da atua\u00e7\u00e3o do Tribunal de Contas do Munic\u00edpio de S\u00e3o Paulo<\/a><\/td>\n<\/tr>\n<tr>\n<td>Da Silva Junior, Francisco Jos\u00e9<\/td>\n<td width=\"335\">O programa c\u00e2mara no seu bairro e a \u00e1gora grega: uma leitura sobre a participa\u00e7\u00e3o local e o empoderamento popular<\/td>\n<td width=\"209\"><a href=\"http:\/\/www.saopaulo.sp.leg.br\/escoladoparlamento\/wp-content\/uploads\/sites\/5\/2017\/09\/Francisco-Jos\u00e9-da-Silva-Jr.pdf\">Da Silva Junior, Francisco Jos\u00e9\u00a0 &#8211; O programa c\u00e2mara no seu bairro e a \u00e1gora grega: uma leitura sobre a participa\u00e7\u00e3o local e o empoderamento popular<\/a><\/td>\n<\/tr>\n<tr>\n<td>Da Silva, Eliane Aparecida<\/td>\n<td width=\"335\">As Pol\u00edticas P\u00fablicas Municipal e Estadual de atendimento aos dependentes de crack na regi\u00e3o da Luz em S\u00e3o Paulo<\/td>\n<td width=\"209\"><a href=\"http:\/\/www.saopaulo.sp.leg.br\/escoladoparlamento\/wp-content\/uploads\/sites\/5\/2017\/09\/Eliane-Aparecida-da-Silva.pdf\">Da Silva, Eliane Aparecida\u00a0 &#8211; As Pol\u00edticas P\u00fablicas Municipal e Estadual de atendimento aos dependentes de crack na regi\u00e3o da Luz em S\u00e3o Paulo<\/a><\/td>\n<\/tr>\n<tr>\n<td>Da Silva, Jonilson Pinheiro<\/td>\n<td width=\"335\">SPLEGISSERVICO \u2013 Estudo comparativo de caso<\/td>\n<td width=\"209\"><a href=\"http:\/\/www.saopaulo.sp.leg.br\/escoladoparlamento\/wp-content\/uploads\/sites\/5\/2017\/09\/Jonilson-Pinheiro-da-Silva.pdf\">Da Silva, Jonilson Pinheiro\u00a0 &#8211; SPLEGISSERVICO \u2013 Estudo comparativo de caso<\/a><\/td>\n<\/tr>\n<tr>\n<td>Da Silva, Luciete Maria<\/td>\n<td width=\"335\">O racismo e suas implica\u00e7\u00f5es na democracia brasileira<\/td>\n<td width=\"209\"><a href=\"http:\/\/www.saopaulo.sp.leg.br\/escoladoparlamento\/wp-content\/uploads\/sites\/5\/2017\/09\/Luciete-Maria-DA-Silva.pdf\">Da Silva, Luciete Maria\u00a0 &#8211; O racismo e suas implica\u00e7\u00f5es na democracia brasileira<\/a><\/td>\n<\/tr>\n<tr>\n<td>Da Silva,Evander Ver\u00edssimo<\/td>\n<td width=\"335\">Potencialidades e limites da participa\u00e7\u00e3o popular no processo legislativo da democracia brasileira<\/td>\n<td width=\"209\"><a href=\"http:\/\/www.saopaulo.sp.leg.br\/escoladoparlamento\/wp-content\/uploads\/sites\/5\/2017\/09\/Evander-Ver\u00edssimo-da-Silva.pdf\">Da Silva,Evander Ver\u00edssimo\u00a0 &#8211; Potencialidades e limites da participa\u00e7\u00e3o popular no processo legislativo da democracia brasileira<\/a><\/td>\n<\/tr>\n<tr>\n<td>Daruix, C\u00e1ssia Aparecida Novais Bezerra<\/td>\n<td width=\"335\">Inexigibilidade de licita\u00e7\u00e3o para contrata\u00e7\u00e3o de fornecedor exclusivo da prova da exclusividade e a presta\u00e7\u00e3o de contas<\/td>\n<td width=\"209\"><a href=\"http:\/\/www.saopaulo.sp.leg.br\/escoladoparlamento\/wp-content\/uploads\/sites\/5\/2017\/09\/Cassia-Daruix.pdf\">Daruix, C\u00e1ssia Aparecida Novais Bezerra\u00a0 &#8211; Inexigibilidade de licita\u00e7\u00e3o para contrata\u00e7\u00e3o de fornecedor exclusivo da prova da exclusividade e a presta\u00e7\u00e3o de contas<\/a><\/td>\n<\/tr>\n<tr>\n<td>De Almeida, Jeferson Castro<\/td>\n<td width=\"335\">Os mecanismos de participa\u00e7\u00e3o popular presentes na Lei Org\u00e2nica do munic\u00edpio de S\u00e3o Paulo<\/td>\n<td width=\"209\"><a href=\"http:\/\/www.saopaulo.sp.leg.br\/escoladoparlamento\/wp-content\/uploads\/sites\/5\/2017\/09\/Jeferson-Castro-de-Almeida.pdf\">De Almeida, Jeferson Castro\u00a0 &#8211; Os mecanismos de participa\u00e7\u00e3o popular presentes na Lei Org\u00e2nica do munic\u00edpio de S\u00e3o Paulo<\/a><\/td>\n<\/tr>\n<tr>\n<td>de Ara\u00fajo, Aldrin Prudente<\/td>\n<td width=\"335\">A Escola no Legislativo de Itapevi no contexto de educa\u00e7\u00e3o para cidadania<\/td>\n<td width=\"209\"><a href=\"http:\/\/www.saopaulo.sp.leg.br\/escoladoparlamento\/wp-content\/uploads\/sites\/5\/2017\/09\/Aldrin-Prudente-de-Ara\u00fajo.pdf\">de Ara\u00fajo, Aldrin Prudente\u00a0 &#8211; A Escola no Legislativo de Itapevi no contexto de educa\u00e7\u00e3o para cidadania<\/a><\/td>\n<\/tr>\n<tr>\n<td>De Oliveira, Isadora Gon\u00e7alves<\/td>\n<td width=\"335\">A Transexualidade e as pol\u00edticas p\u00fablicas no \u00e2mbito da C\u00e2mara Municipal de S\u00e3o Paulo: Investiga\u00e7\u00e3o, estudo e compara\u00e7\u00f5es<\/td>\n<td width=\"209\"><a href=\"http:\/\/www.saopaulo.sp.leg.br\/escoladoparlamento\/wp-content\/uploads\/sites\/5\/2017\/09\/Isadora-G.-de-Oliveira.pdf\">De Oliveira, Isadora Gon\u00e7alves\u00a0 &#8211; A Transexualidade e as pol\u00edticas p\u00fablicas no \u00e2mbito da C\u00e2mara Municipal de S\u00e3o Paulo: Investiga\u00e7\u00e3o, estudo e compara\u00e7\u00f5es<\/a><\/td>\n<\/tr>\n<tr>\n<td>dos Santos, Naila Guimar\u00e3es<\/td>\n<td width=\"335\">O Poder de Dizer \u201cN\u00f3s\u201d- Os Efeitos da Representatividade das Mulheres a Partir da An\u00e1lise da 54\u00aa Legislatura da C\u00e2mara dos Deputados<\/td>\n<td width=\"209\"><a href=\"http:\/\/www.saopaulo.sp.leg.br\/escoladoparlamento\/wp-content\/uploads\/sites\/5\/2017\/09\/Naila-Guimar\u00e3es-dos-Santos.pdf\">dos Santos, Naila Guimar\u00e3es\u00a0 &#8211; O Poder de Dizer \u201cN\u00f3s\u201d- Os Efeitos da Representatividade das Mulheres a Partir da An\u00e1lise da 54\u00aa Legislatura da C\u00e2mara dos Deputados\u00a0<\/a><\/td>\n<\/tr>\n<tr>\n<td>dos Santos, Thiago Merivaldo<\/td>\n<td width=\"335\">A Participa\u00e7\u00e3o Social na Revis\u00e3o do Plano Diretor Estrat\u00e9gico da Cidade de S\u00e3o Paulo \u2013 Lei 16050\/2014<\/td>\n<td width=\"209\"><a href=\"http:\/\/www.saopaulo.sp.leg.br\/escoladoparlamento\/wp-content\/uploads\/sites\/5\/2017\/09\/Thiago-Merivaldo-dos-Santos.pdf\">dos Santos, Thiago Merivaldo\u00a0 &#8211; A Participa\u00e7\u00e3o Social na Revis\u00e3o do Plano Diretor Estrat\u00e9gico da Cidade de S\u00e3o Paulo \u2013 Lei 16050\/2014<\/a><\/td>\n<\/tr>\n<tr>\n<td>Fernandes, Emerson Carlos<\/td>\n<td width=\"335\">Como o Poder Legislativo Pode Influenciar na Qualidade dos Servi\u00e7os P\u00fablicos. Estudo de Caso: Escola do Parlamento da C\u00e2mara Municipal de Itapevi<\/td>\n<td width=\"209\"><a href=\"http:\/\/www.saopaulo.sp.leg.br\/escoladoparlamento\/wp-content\/uploads\/sites\/5\/2017\/09\/Emerson-Carlos-Fernandes.pdf\">Fernandes, Emerson Carlos\u00a0 &#8211; Como o Poder Legislativo Pode Influenciar na Qualidade dos Servi\u00e7os P\u00fablicos. Estudo de Caso: Escola do Parlamento da C\u00e2mara Municipal de Itapevi<\/a><\/td>\n<\/tr>\n<tr>\n<td>Finotti, Camila Stefano<\/td>\n<td width=\"335\">O Direito de Inclus\u00e3o do Paciente M\u00e9dio e Grande Queimado no Decreto-lei 3.298\/99: Dilemas e Desafios<\/td>\n<td width=\"209\"><a href=\"http:\/\/www.saopaulo.sp.leg.br\/escoladoparlamento\/wp-content\/uploads\/sites\/5\/2017\/09\/Camila-Finotti.pdf\">Finotti, Camila Stefano\u00a0 &#8211; O Direito de Inclus\u00e3o do Paciente M\u00e9dio e Grande Queimado no Decreto-lei 3.298\/99: Dilemas e Desafios<\/a><\/td>\n<\/tr>\n<tr>\n<td>Horie, Sandra Paula Tieni de Souza<\/td>\n<td width=\"335\">Audi\u00eancias P\u00fablicas Tem\u00e1ticas do Plano Diretor Estrat\u00e9gico da Cidade de S\u00e3o Paulo: Um Exemplo de Participa\u00e7\u00e3o e Representatividade<\/td>\n<td width=\"209\"><a href=\"http:\/\/www.saopaulo.sp.leg.br\/escoladoparlamento\/wp-content\/uploads\/sites\/5\/2017\/09\/Sandra-Paula-Horie.pdf\">Horie, Sandra Paula Tieni de Souza\u00a0 &#8211; Audi\u00eancias P\u00fablicas Tem\u00e1ticas do Plano Diretor Estrat\u00e9gico da Cidade de S\u00e3o Paulo: Um Exemplo de Participa\u00e7\u00e3o e Representatividade<\/a><\/td>\n<\/tr>\n<tr>\n<td>Marcone, Aloisio Paulo<\/td>\n<td width=\"335\">Federalismo Brasileiro e Judici\u00e1rio Municipal<\/td>\n<td width=\"209\"><a href=\"http:\/\/www.saopaulo.sp.leg.br\/escoladoparlamento\/wp-content\/uploads\/sites\/5\/2017\/09\/Aloisio-Paulo-Marcone.pdf\">Marcone, Aloisio Paulo\u00a0 &#8211; Federalismo Brasileiro e Judici\u00e1rio Municipal<\/a><\/td>\n<\/tr>\n<tr>\n<td>Migliacci, Marcella Carmona Wahl Rontani<\/td>\n<td width=\"335\">A Elabora\u00e7\u00e3o do PDUI \u2013 Plano de Desenvolvimento Urbano Integrado da Regi\u00e3o Metropolitana de S\u00e3o Paulo e sua Proposta de Governan\u00e7a<\/td>\n<td width=\"209\"><a href=\"http:\/\/www.saopaulo.sp.leg.br\/escoladoparlamento\/wp-content\/uploads\/sites\/5\/2017\/09\/Marcella-Migliacci.pdf\">Migliacci, Marcella Carmona Wahl Rontani\u00a0 &#8211; A Elabora\u00e7\u00e3o do PDUI \u2013 Plano de Desenvolvimento Urbano Integrado da Regi\u00e3o Metropolitana de S\u00e3o Paulo e sua Proposta de Governan\u00e7a<\/a><\/td>\n<\/tr>\n<tr>\n<td>Nader, Monica de Fatima Camargo Nascimento<\/td>\n<td width=\"335\">A TV P\u00fablica Como Instrumento Democr\u00e1tico<\/td>\n<td width=\"209\"><a href=\"http:\/\/www.saopaulo.sp.leg.br\/escoladoparlamento\/wp-content\/uploads\/sites\/5\/2017\/09\/Monica-Nascimento-Nader.pdf\">Nader, Monica de Fatima Camargo Nascimento\u00a0 &#8211; A TV P\u00fablica Como Instrumento Democr\u00e1tico<\/a><\/td>\n<\/tr>\n<tr>\n<td>Paulo, Alessandra Barbosa<\/td>\n<td width=\"335\">O Poder de Decis\u00e3o Popular Acerca do Or\u00e7amento Participativo no Munic\u00edpio de S\u00e3o Paulo: Conselho de Planejamento e Or\u00e7amento Participativo (CPOP)<\/td>\n<td width=\"209\"><a href=\"http:\/\/www.saopaulo.sp.leg.br\/escoladoparlamento\/wp-content\/uploads\/sites\/5\/2017\/09\/Alessandra-Barbosa-Paulo.pdf\">Paulo, Alessandra Barbosa\u00a0 &#8211; O Poder de Decis\u00e3o Popular Acerca do Or\u00e7amento Participativo no Munic\u00edpio de S\u00e3o Paulo: Conselho de Planejamento e Or\u00e7amento Participativo (CPOP)<\/a><\/td>\n<\/tr>\n<tr>\n<td>Pedrazzoli, Marco Aur\u00e9lio dos Santos<\/td>\n<td width=\"335\">A A\u00e7\u00e3o de Grupos de Interesse no Legislativo Municipal de S\u00e3o Paulo: O Caso Uber<\/td>\n<td width=\"209\"><a href=\"http:\/\/www.saopaulo.sp.leg.br\/escoladoparlamento\/wp-content\/uploads\/sites\/5\/2017\/09\/Marco-Aurelio-Pedrazzoli.pdf\">Pedrazzoli, Marco Aur\u00e9lio dos Santos\u00a0 &#8211; A A\u00e7\u00e3o de Grupos de Interesse no Legislativo Municipal de S\u00e3o Paulo: O Caso Uber\u00a0<\/a><\/td>\n<\/tr>\n<tr>\n<td>Pereira, Debora Francisco<\/td>\n<td width=\"335\">Excel\u00eancias Arcanas: Um Estudo do Direito de Acesso \u00e0 Informa\u00e7\u00e3o na C\u00e2mara Municipal de S\u00e3o Paulo<\/td>\n<td width=\"209\"><a href=\"http:\/\/www.saopaulo.sp.leg.br\/escoladoparlamento\/wp-content\/uploads\/sites\/5\/2017\/09\/Debora-Francisco-Pereira.pdf\">Pereira, Debora Francisco\u00a0 &#8211; \u00a0Excel\u00eancias Arcanas: Um Estudo do Direito de Acesso \u00e0 Informa\u00e7\u00e3o na C\u00e2mara Municipal de S\u00e3o Paulo<\/a><\/td>\n<\/tr>\n<tr>\n<td>Pereira, Gesley Fernandes<\/td>\n<td width=\"335\">O Sentido Democr\u00e1tico no Debate Acerca do Plano Municipal de Educa\u00e7\u00e3o de S\u00e3o Paulo \u2013 a C\u00e2mara e Sociedade Civil Aprimorando uma Pol\u00edtica P\u00fablica<\/td>\n<td width=\"209\"><a href=\"http:\/\/www.saopaulo.sp.leg.br\/escoladoparlamento\/wp-content\/uploads\/sites\/5\/2017\/09\/Gesley-Fernandes-Pereira-1.pdf\">Pereira, Gesley Fernandes\u00a0 &#8211; O Sentido Democr\u00e1tico no Debate Acerca do Plano Municipal de Educa\u00e7\u00e3o de S\u00e3o Paulo \u2013 a C\u00e2mara e Sociedade Civil Aprimorando uma Pol\u00edtica P\u00fablica<\/a><\/td>\n<\/tr>\n<tr>\n<td>Pereira, Maur\u00edcio Ver\u00edssimo<\/td>\n<td width=\"335\">A Transforma\u00e7\u00e3o Via Inova\u00e7\u00e3o: Debate Conceitual, \u00c2mbitos e a Rela\u00e7\u00e3o com Poder Local<\/td>\n<td width=\"209\"><a href=\"http:\/\/www.saopaulo.sp.leg.br\/escoladoparlamento\/wp-content\/uploads\/sites\/5\/2017\/09\/Mauricio-Verissimo.pdf\">Pereira, Maur\u00edcio Ver\u00edssimo\u00a0 &#8211; A Transforma\u00e7\u00e3o Via Inova\u00e7\u00e3o: Debate Conceitual, \u00c2mbitos e a Rela\u00e7\u00e3o com Poder Local<\/a><\/td>\n<\/tr>\n<tr>\n<td>Pereira, Alex de Moura<\/td>\n<td width=\"335\">Centro Judici\u00e1rio de Solu\u00e7\u00e3o de Conflitos &#8211; Pol\u00edtica P\u00fablica de Acesso \u00e0 Justi\u00e7a e Pacifica\u00e7\u00e3o Social<\/td>\n<td width=\"209\"><a href=\"http:\/\/www.saopaulo.sp.leg.br\/escoladoparlamento\/wp-content\/uploads\/sites\/5\/2017\/09\/Alex-de-Moura.pdf\">Pereira, Alex de Moura\u00a0 &#8211; Centro Judici\u00e1rio de Solu\u00e7\u00e3o de Conflitos &#8211; Pol\u00edtica P\u00fablica de Acesso \u00e0 Justi\u00e7a e Pacifica\u00e7\u00e3o Social<\/a><\/td>\n<\/tr>\n<tr>\n<td>Pimenta, Tulio Bonfante<\/td>\n<td width=\"335\">Padr\u00f5es Geogr\u00e1ficos das Distribui\u00e7\u00f5es dos Votos nas Elei\u00e7\u00f5es Municipais de S\u00e3o Paulo (2012 \u2013 2016)<\/td>\n<td width=\"209\"><a href=\"http:\/\/www.saopaulo.sp.leg.br\/escoladoparlamento\/wp-content\/uploads\/sites\/5\/2017\/09\/Tulio-Bonfante-Pimenta.pdf\">Pimenta, Tulio Bonfante\u00a0 &#8211; Padr\u00f5es Geogr\u00e1ficos das Distribui\u00e7\u00f5es dos Votos nas Elei\u00e7\u00f5es Municipais de S\u00e3o Paulo (2012 \u2013 2016)<\/a><\/td>\n<\/tr>\n<tr>\n<td>Santos, Adriana da Cruz<\/td>\n<td width=\"335\">Conselho Participativo Municipal de S\u00e3o Paulo: Processo de Cria\u00e7\u00e3o, Institucionaliza\u00e7\u00e3o e Atua\u00e7\u00e3o dos Conselheiros e Conselheiras<\/td>\n<td width=\"209\"><a href=\"http:\/\/www.saopaulo.sp.leg.br\/escoladoparlamento\/wp-content\/uploads\/sites\/5\/2017\/09\/Adriana-da-Cruz-Santos.pdf\">Santos, Adriana da Cruz\u00a0 &#8211; \u00a0Conselho Participativo Municipal de S\u00e3o Paulo: Processo de Cria\u00e7\u00e3o, Institucionaliza\u00e7\u00e3o e Atua\u00e7\u00e3o dos Conselheiros e Conselheiras<\/a><\/td>\n<\/tr>\n<tr>\n<td>Seike, Marilisa Emi<\/td>\n<td width=\"335\">Media\u00e7\u00e3o e a Democracia no Brasil e nos Estados Unidos<\/td>\n<td width=\"209\"><a href=\"http:\/\/www.saopaulo.sp.leg.br\/escoladoparlamento\/wp-content\/uploads\/sites\/5\/2017\/09\/Marilisa-Emi-Seike.pdf\">Seike, Marilisa Emi\u00a0 &#8211; Media\u00e7\u00e3o e a Democracia no Brasil e nos Estados Unidos<\/a><\/td>\n<\/tr>\n<tr>\n<td>Souza, Jo\u00e3o Paulo Alves<\/td>\n<td width=\"335\">Recall Eleitoral<\/td>\n<td width=\"209\"><a href=\"http:\/\/www.saopaulo.sp.leg.br\/escoladoparlamento\/wp-content\/uploads\/sites\/5\/2017\/09\/Jo\u00e3o-Paulo-Alves-Souza.pdf\">Souza, Jo\u00e3o Paulo Alves\u00a0 &#8211; Recall Eleitoral<\/a><\/td>\n<\/tr>\n<tr>\n<td>Xavier, Eliane de Lima<\/td>\n<td width=\"335\">Elabora\u00e7\u00e3o da Lei Org\u00e2nica de S\u00e3o Paulo: A Participa\u00e7\u00e3o Popular na Assembl\u00e9ia Municipal Constituinte<\/td>\n<td width=\"209\"><a href=\"http:\/\/www.saopaulo.sp.leg.br\/escoladoparlamento\/wp-content\/uploads\/sites\/5\/2017\/09\/Eliane-de-Lima-Xavier.pdf\">Xavier, Eliane de Lima\u00a0 &#8211; Elabora\u00e7\u00e3o da Lei Org\u00e2nica de S\u00e3o Paulo: A Participa\u00e7\u00e3o Popular na Assembl\u00e9ia Municipal Constituinte<\/a><\/td>\n<\/tr>\n<tr>\n<td>Zschieschang, Tha\u00eds<\/td>\n<td width=\"335\">Empoderamento de Mulheres e o Ecofeminismo: A Valoriza\u00e7\u00e3o dos Servi\u00e7os de Cuidado e Meio Ambiente<\/td>\n<td width=\"209\"><a href=\"http:\/\/www.saopaulo.sp.leg.br\/escoladoparlamento\/wp-content\/uploads\/sites\/5\/2017\/09\/Thais-Zschieschang-Ecofeminismo.pdf\">Zschieschang, Tha\u00eds\u00a0 &#8211; Empoderamento de Mulheres e o Ecofeminismo: A Valoriza\u00e7\u00e3o dos Servi\u00e7os de Cuidado e Meio Ambiente<\/a><\/td>\n<\/tr>\n<\/tbody>\n<\/table>\n","protected":false},"excerpt":{"rendered":"<p>Concentramos aqui a produ\u00e7\u00e3o acad\u00eamica da Escola em um \u00fanico local. O acesso a todos os documentos aqui disponibilizados \u00e9 livre. Azevedo, Ana Maria Capta\u00e7\u00e3o de recursos atrav\u00e9s das emendas parlamentares federais: estudo de caso da cidade de S\u00e3o Paulo (2013-2014) Azevedo, Ana Maria\u00a0 &#8211; Capta\u00e7\u00e3o de recursos atrav\u00e9s das emendas parlamentares federais: estudo de [&hellip;]<\/p>\n","protected":false},"author":297,"featured_media":0,"parent":7816,"menu_order":450,"comment_status":"closed","ping_status":"closed","template":"","meta":{"_acf_changed":false,"footnotes":""},"class_list":["post-7894","page","type-page","status-publish","hentry"],"acf":[],"_links":{"self":[{"href":"https:\/\/www.saopaulo.sp.leg.br\/escoladoparlamento\/wp-json\/wp\/v2\/pages\/7894","targetHints":{"allow":["GET"]}}],"collection":[{"href":"https:\/\/www.saopaulo.sp.leg.br\/escoladoparlamento\/wp-json\/wp\/v2\/pages"}],"about":[{"href":"https:\/\/www.saopaulo.sp.leg.br\/escoladoparlamento\/wp-json\/wp\/v2\/types\/page"}],"author":[{"embeddable":true,"href":"https:\/\/www.saopaulo.sp.leg.br\/escoladoparlamento\/wp-json\/wp\/v2\/users\/297"}],"replies":[{"embeddable":true,"href":"https:\/\/www.saopaulo.sp.leg.br\/escoladoparlamento\/wp-json\/wp\/v2\/comments?post=7894"}],"version-history":[{"count":0,"href":"https:\/\/www.saopaulo.sp.leg.br\/escoladoparlamento\/wp-json\/wp\/v2\/pages\/7894\/revisions"}],"up":[{"embeddable":true,"href":"https:\/\/www.saopaulo.sp.leg.br\/escoladoparlamento\/wp-json\/wp\/v2\/pages\/7816"}],"wp:attachment":[{"href":"https:\/\/www.saopaulo.sp.leg.br\/escoladoparlamento\/wp-json\/wp\/v2\/media?parent=7894"}],"curies":[{"name":"wp","href":"https:\/\/api.w.org\/{rel}","templated":true}]}}