{"id":7866,"date":"2017-09-26T14:42:24","date_gmt":"2017-09-26T17:42:24","guid":{"rendered":"http:\/\/www.saopaulo.sp.leg.br\/escoladoparlamento\/?page_id=7866"},"modified":"2017-11-01T14:33:00","modified_gmt":"2017-11-01T16:33:00","slug":"formacao-politica-para-estagiarios","status":"publish","type":"page","link":"https:\/\/www.saopaulo.sp.leg.br\/escoladoparlamento\/cursos\/cursos-anteriores\/cursos-realizados-em-2017\/formacao-politica-para-estagiarios\/","title":{"rendered":"Forma\u00e7\u00e3o Pol\u00edtica para Estagi\u00e1rios da CMSP"},"content":{"rendered":"<h2><span style=\"color: #800000\"><strong>P\u00daBLICO ALVO<\/strong>:\u00a0Estagi\u00e1rios de <span style=\"color: #993300\">n\u00edvel<\/span> m\u00e9dio e superior da CMSP.<\/span><\/h2>\n<p><strong>Objetivos:\u00a0<\/strong><\/p>\n<ol>\n<li>Compreens\u00e3o da organiza\u00e7\u00e3o do estado moderno e da triparti\u00e7\u00e3o dos poderes;<\/li>\n<li>Compreens\u00e3o do papel do legislativo municipal para a organiza\u00e7\u00e3o da cidade, o exerc\u00edcio da cidadania e da democracia;<\/li>\n<li>Entendimento da fun\u00e7\u00e3o do vereador enquanto representante popular e fiscal do poder executivo;<\/li>\n<li>Compreens\u00e3o da problem\u00e1tica envolvida na administra\u00e7\u00e3o de uma metr\u00f3pole.<\/li>\n<li>Compreens\u00e3o da import\u00e2ncia da participa\u00e7\u00e3o do cidad\u00e3o na vida pol\u00edtica do pa\u00eds.<\/li>\n<\/ol>\n<p><strong>Diretor Respons\u00e1vel:<\/strong> Mateus Novaes<\/p>\n<p><strong>Carga Hor\u00e1ria:<\/strong> 25h<\/p>\n<p><strong>Vagas:<\/strong> 25<\/p>\n<h3><strong>Inscri\u00e7\u00f5es MANH\u00c3:<\/strong>\u00a0Encerradas.<\/h3>\n<h3><strong>Inscri\u00e7\u00f5es TARDE:<\/strong>\u00a0Encerradas.<\/h3>\n<p><strong>Programa\u00e7\u00e3o:<\/strong><\/p>\n<p><strong>Turma Manh\u00e3:\u00a010h \u2013 13h<\/strong><\/p>\n<p><strong> Turma Tarde: 15h \u2013 18h<\/strong><\/p>\n<table style=\"height: 296px\" width=\"916\">\n<tbody>\n<tr>\n<td><strong>Data<\/strong><\/td>\n<td><strong>Local<\/strong><\/td>\n<td><strong>Palestrante\u00a0<\/strong><\/td>\n<td><strong>Tema<\/strong><\/td>\n<\/tr>\n<tr>\n<td><strong>2\/10<\/strong><\/td>\n<td>Sala Oscar Pedroso Horta (1\u00baSS)<\/td>\n<td>Mateus Novaes<\/td>\n<td>Exposi\u00e7\u00e3o de um curta-metragem sobre tema de relev\u00e2ncia no munic\u00edpio de S\u00e3o Paulo, seguido de troca de impress\u00f5es e debate entre os alunos com a media\u00e7\u00e3o do professor.<\/td>\n<\/tr>\n<tr>\n<td><strong>9\/10<\/strong><\/td>\n<td>Sala de Treinamento (1315B)<\/td>\n<td>Humberto Dantas<\/td>\n<td>Aula dialogada sobre o Estado Moderno, a triparti\u00e7\u00e3o dos poderes, a hist\u00f3ria e o papel do Legislativo Municipal.<\/td>\n<\/tr>\n<tr>\n<td><strong>16\/10<\/strong><\/td>\n<td>Sala de Treinamento (1315B)<\/td>\n<td>Roberto Garibe<\/td>\n<td>Exposi\u00e7\u00e3o da complexidade da cidade de S\u00e3o Paulo e seus indicadores. Apresenta\u00e7\u00e3o e din\u00e2mica de solu\u00e7\u00e3o de problemas. Problema grave de S\u00e3o Paulo e sua solu\u00e7\u00e3o (para \u00faltima aula).<\/td>\n<\/tr>\n<tr>\n<td><strong>23\/10<\/strong><\/td>\n<td>Sala de Treinamento (1315B)<\/td>\n<td>Pedro Campos<\/td>\n<td>Breve apresenta\u00e7\u00e3o do processo legislativo e caminho das leis.<\/td>\n<\/tr>\n<tr>\n<td><strong>30\/10<\/strong><\/td>\n<td>Sala de Treinamento (1315B)<\/td>\n<td>Humberto Dantas<\/td>\n<td>Apresenta\u00e7\u00e3o e defesa dos projetos elaborados na aula; Finaliza\u00e7\u00e3o do curso.<\/td>\n<\/tr>\n<\/tbody>\n<\/table>\n","protected":false},"excerpt":{"rendered":"<p>P\u00daBLICO ALVO:\u00a0Estagi\u00e1rios de n\u00edvel m\u00e9dio e superior da CMSP. Objetivos:\u00a0 Compreens\u00e3o da organiza\u00e7\u00e3o do estado moderno e da triparti\u00e7\u00e3o dos poderes; Compreens\u00e3o do papel do legislativo municipal para a organiza\u00e7\u00e3o da cidade, o exerc\u00edcio da cidadania e da democracia; Entendimento da fun\u00e7\u00e3o do vereador enquanto representante popular e fiscal do poder executivo; Compreens\u00e3o da problem\u00e1tica [&hellip;]<\/p>\n","protected":false},"author":127,"featured_media":0,"parent":6500,"menu_order":453,"comment_status":"closed","ping_status":"closed","template":"","meta":{"_acf_changed":false,"footnotes":""},"class_list":["post-7866","page","type-page","status-publish","hentry"],"acf":[],"_links":{"self":[{"href":"https:\/\/www.saopaulo.sp.leg.br\/escoladoparlamento\/wp-json\/wp\/v2\/pages\/7866","targetHints":{"allow":["GET"]}}],"collection":[{"href":"https:\/\/www.saopaulo.sp.leg.br\/escoladoparlamento\/wp-json\/wp\/v2\/pages"}],"about":[{"href":"https:\/\/www.saopaulo.sp.leg.br\/escoladoparlamento\/wp-json\/wp\/v2\/types\/page"}],"author":[{"embeddable":true,"href":"https:\/\/www.saopaulo.sp.leg.br\/escoladoparlamento\/wp-json\/wp\/v2\/users\/127"}],"replies":[{"embeddable":true,"href":"https:\/\/www.saopaulo.sp.leg.br\/escoladoparlamento\/wp-json\/wp\/v2\/comments?post=7866"}],"version-history":[{"count":0,"href":"https:\/\/www.saopaulo.sp.leg.br\/escoladoparlamento\/wp-json\/wp\/v2\/pages\/7866\/revisions"}],"up":[{"embeddable":true,"href":"https:\/\/www.saopaulo.sp.leg.br\/escoladoparlamento\/wp-json\/wp\/v2\/pages\/6500"}],"wp:attachment":[{"href":"https:\/\/www.saopaulo.sp.leg.br\/escoladoparlamento\/wp-json\/wp\/v2\/media?parent=7866"}],"curies":[{"name":"wp","href":"https:\/\/api.w.org\/{rel}","templated":true}]}}