{"id":7857,"date":"2017-09-25T17:42:45","date_gmt":"2017-09-25T20:42:45","guid":{"rendered":"http:\/\/www.saopaulo.sp.leg.br\/escoladoparlamento\/?page_id=7857"},"modified":"2018-11-01T16:29:09","modified_gmt":"2018-11-01T19:29:09","slug":"ciclo-de-oficinas-desafios-da-comunicacao","status":"publish","type":"page","link":"https:\/\/www.saopaulo.sp.leg.br\/escoladoparlamento\/cursos\/cursos-anteriores\/cursos-realizados-em-2017\/ciclo-de-oficinas-desafios-da-comunicacao\/","title":{"rendered":"Oficinas: Desafios da Comunica\u00e7\u00e3o"},"content":{"rendered":"<p><strong>Objetivos:\u00a0<\/strong>A Escola do Parlamento, em parceria com o Comit\u00ea Intersecretarial de Governo Aberto da Cidade de S\u00e3o Paulo \u2013 CIGA-SP e com a Secretaria Municipal de Rela\u00e7\u00f5es Internacionais e Federativas de S\u00e3o Paulo, traz para a C\u00e2mara Municipal o <em>Programa Agentes de Governo Aberto<\/em>. Um ciclo de oficinas que trabalham com os pilares da transpar\u00eancia e dados abertos, da inova\u00e7\u00e3o e tecnologia aberta e colaborativa, da gest\u00e3o participativa e da comunica\u00e7\u00e3o em rede e cultura digital, com o intuito de ampliar e difundir conhecimentos e instrumentos para incrementar a participa\u00e7\u00e3o popular e o controle social no governo local.<\/p>\n<p><strong>Diretor Respons\u00e1vel:<\/strong> Ilza Jorge<\/p>\n<p><strong>Coordena\u00e7\u00e3o:<\/strong>\u00a0Let\u00edcia Nery de Figueiredo<\/p>\n<p><strong>P\u00fablico Alvo:<\/strong>\u00a0Servidores p\u00fablicos, representantes da sociedade civil , estudantes e demais interessados.<\/p>\n<p><strong>Local: <\/strong>Sempre na\u00a0<a href=\"http:\/\/www.saopaulo.sp.leg.br\/transparencia\/auditorios-online\/sala-oscar-pedroso-horta-sala-b\/\">Sala Oscar Pedroso Horta.<\/a><\/p>\n<p>&nbsp;<\/p>\n<h3><strong>Vin\u00edcius Russo: <em>Ping Hacker<\/em><\/strong><\/h3>\n<p><b>10\/10 &#8211; (19h \u00e0s 21h30) <a href=\"https:\/\/www.youtube.com\/watch?v=rleBJAPU1EQ&amp;t=7955s\">[V\u00eddeo &#8211; YouTube]<\/a><\/b><\/p>\n<p><strong>17\/10 &#8211; (19h \u00e0s 21h30)\u00a0<\/strong><\/p>\n<p><strong> Inscri\u00e7\u00f5es:\u00a0<\/strong>Encerradas.<\/p>\n<p>O Projeto visa difundir a informa\u00e7\u00e3o e o conhecimento sobre cultura digital com foco no hackerativismo e sua import\u00e2ncia no desenvolvimento social, pol\u00edtico e tecnol\u00f3gico do Brasil e do mundo.<\/p>\n<p>&nbsp;<\/p>\n<h3><strong>Thalita Archangelo de Oliveira: <em>An\u00e1lise e divulga\u00e7\u00e3o jornal\u00edstica de dados<\/em>\u00a0<\/strong><\/h3>\n<p><strong>19\/10 &#8211; 19h \u00e0s 21h30<\/strong><\/p>\n<p><strong> Inscri\u00e7\u00f5es: Encerradas<\/strong><strong>.<\/strong><\/p>\n<p>Visando a facilidade de acesso para que a popula\u00e7\u00e3o participe ativamente da esfera p\u00fablica, a oficina capacitar\u00e1 o participante a analisar e divulgar bancos de dados p\u00fablicos por meio da linguagem jornal\u00edstica.<\/p>\n<p>&nbsp;<\/p>\n<h3><strong>Roger de Lima: <em>Zine da Quebrada<\/em><\/strong><\/h3>\n<p><strong>24\/10 &#8211; 19h \u00e0s 21h30<\/strong><\/p>\n<p><strong> Inscri\u00e7\u00f5es:\u00a0Encerradas.<\/strong><\/p>\n<p>A oficina busca conscientizar o participante quanto aos problemas sociais brasileiros, bem como as a\u00e7\u00f5es da gest\u00e3o p\u00fablica, por meio da t\u00e9cnica do fanzine, introduzindo os participantes \u00e0 comunica\u00e7\u00e3o livre. Atrav\u00e9s da partilha de experi\u00eancias vividas na comunidade ser\u00e3o feitos folhetins usando ilustra\u00e7\u00f5es, textos e colagens com informa\u00e7\u00f5es sobre a\u00e7\u00f5es culturais e dados do Governo Aberto.<\/p>\n<p>&nbsp;<\/p>\n<h3><strong>Matheus Magalh\u00e3es: <em>Conto que se conta junto<\/em><\/strong><\/h3>\n<p><strong>31\/10 &#8211; 19h \u00e0s 21h30<\/strong><\/p>\n<p><strong>Inscri\u00e7\u00f5es: Encerradas<\/strong>.<\/p>\n<p>Numa \u00e9poca onde as <em>fake news<\/em>\u00a0ganham proje\u00e7\u00f5es internacionais e onde a cada 5 not\u00edcias 3 s\u00e3o\u00a0 falsas, a oficina consiste em levar \u00e0 popula\u00e7\u00e3o um pensamento cr\u00edtico sobre os fatos e as not\u00edcias veiculadas nas grandes m\u00eddias, a partir dos dados abertos disponibilizados pelo poder p\u00fablico.\u00a0 O cidad\u00e3o ser\u00e1 convidado, a partir de uma linguagem simples e objetiva, a construir seus posicionamentos sobre o cotidiano da cidade tornando agente multiplicador de conte\u00fado confi\u00e1vel.<\/p>\n","protected":false},"excerpt":{"rendered":"<p>Objetivos:\u00a0A Escola do Parlamento, em parceria com o Comit\u00ea Intersecretarial de Governo Aberto da Cidade de S\u00e3o Paulo \u2013 CIGA-SP e com a Secretaria Municipal de Rela\u00e7\u00f5es Internacionais e Federativas de S\u00e3o Paulo, traz para a C\u00e2mara Municipal o Programa Agentes de Governo Aberto. Um ciclo de oficinas que trabalham com os pilares da transpar\u00eancia [&hellip;]<\/p>\n","protected":false},"author":127,"featured_media":0,"parent":6500,"menu_order":454,"comment_status":"closed","ping_status":"closed","template":"","meta":{"_acf_changed":false,"footnotes":""},"class_list":["post-7857","page","type-page","status-publish","hentry"],"acf":[],"_links":{"self":[{"href":"https:\/\/www.saopaulo.sp.leg.br\/escoladoparlamento\/wp-json\/wp\/v2\/pages\/7857","targetHints":{"allow":["GET"]}}],"collection":[{"href":"https:\/\/www.saopaulo.sp.leg.br\/escoladoparlamento\/wp-json\/wp\/v2\/pages"}],"about":[{"href":"https:\/\/www.saopaulo.sp.leg.br\/escoladoparlamento\/wp-json\/wp\/v2\/types\/page"}],"author":[{"embeddable":true,"href":"https:\/\/www.saopaulo.sp.leg.br\/escoladoparlamento\/wp-json\/wp\/v2\/users\/127"}],"replies":[{"embeddable":true,"href":"https:\/\/www.saopaulo.sp.leg.br\/escoladoparlamento\/wp-json\/wp\/v2\/comments?post=7857"}],"version-history":[{"count":0,"href":"https:\/\/www.saopaulo.sp.leg.br\/escoladoparlamento\/wp-json\/wp\/v2\/pages\/7857\/revisions"}],"up":[{"embeddable":true,"href":"https:\/\/www.saopaulo.sp.leg.br\/escoladoparlamento\/wp-json\/wp\/v2\/pages\/6500"}],"wp:attachment":[{"href":"https:\/\/www.saopaulo.sp.leg.br\/escoladoparlamento\/wp-json\/wp\/v2\/media?parent=7857"}],"curies":[{"name":"wp","href":"https:\/\/api.w.org\/{rel}","templated":true}]}}