{"id":7846,"date":"2017-09-21T19:58:49","date_gmt":"2017-09-21T22:58:49","guid":{"rendered":"http:\/\/www.saopaulo.sp.leg.br\/escoladoparlamento\/?page_id=7846"},"modified":"2019-04-22T14:36:43","modified_gmt":"2019-04-22T17:36:43","slug":"monografias-da-1a-turma","status":"publish","type":"page","link":"https:\/\/www.saopaulo.sp.leg.br\/escoladoparlamento\/pos-graduacao\/curso-de-especializacao-legislativo-e-democracia-no-brasil-cldb\/repositorio-digital\/monografias-da-1a-turma\/","title":{"rendered":"Monografias da 1\u00aa Turma CLDB"},"content":{"rendered":"<p>Concentramos aqui a produ\u00e7\u00e3o acad\u00eamica da Escola em um \u00fanico local. O acesso a todos os documentos aqui disponibilizados \u00e9 livre.<\/p>\n<table>\n<tbody>\n<tr>\n<td>Abibe, Andre Guilherme<\/td>\n<td>\u00a0Presta\u00e7\u00e3o De Contas, Uma An\u00e1lise Do PROAC\u2013ICMS<\/td>\n<td>Por favor entre em contato com o autor para ter acesso ao documento: andre.abibe@usp.br.<\/td>\n<\/tr>\n<tr>\n<td>Biagi, Carolina Lima<\/td>\n<td>\u00a0O Alcance Da Imunidade Parlamentar<\/td>\n<td><a href=\"http:\/\/www.saopaulo.sp.leg.br\/escoladoparlamento\/wp-content\/uploads\/sites\/5\/2017\/09\/Carolina-Lima-de-Biagi-ALCANCE_IMUNIDADE_PARLAMENTAR_VEREADORES.pdf\">Biagi, Carolina Lima &#8211; O Alcance Da Imunidade Parlamentar<\/a><\/td>\n<\/tr>\n<tr>\n<td>Braga, Humberto Daniel De Assis<\/td>\n<td>\u00a0As Lutas De Classe: De 1900 A 1930<\/td>\n<td><a href=\"http:\/\/www.saopaulo.sp.leg.br\/escoladoparlamento\/wp-content\/uploads\/sites\/5\/2017\/09\/Humberto-Daniel-de-Assis-Braga.pdf\">Braga, Humberto Daniel De Assis &#8211; As Lutas De Classe: De 1900 A 1930<\/a><\/td>\n<\/tr>\n<tr>\n<td>Buonavita, Marilia Gabriela<\/td>\n<td>\u00a0O Debate Pol\u00edtico Na CMSP Em 1936 E 1937<\/td>\n<td><a href=\"http:\/\/www.saopaulo.sp.leg.br\/escoladoparlamento\/wp-content\/uploads\/sites\/5\/2017\/09\/MARILIA-GABRIELA-BUONAVITA-O-DEBATE-POL\u00cdTICO-NA-CMSP-EM-1936-E-1937.pdf\">Buonavita &#8211; Marilia Gabriela &#8211; O Debate Pol\u00edtico Na CMSP Em 1936 E 1937<\/a><\/td>\n<\/tr>\n<tr>\n<td>Chamorro, Monica Raquel Penayo<\/td>\n<td>\u00a0O Legislativo Paulistano E Aproxima\u00e7\u00f5es Democr\u00e1ticas \u2013 Conselhos Participativos<\/td>\n<td><a href=\"http:\/\/www.saopaulo.sp.leg.br\/escoladoparlamento\/wp-content\/uploads\/sites\/5\/2017\/09\/MONICA-RAQUEL-PENAYO-CHAMORRO.pdf\">Chamorro, Monica Raquel Penayo &#8211; O Legislativo Paulistano E Aproxima\u00e7\u00f5es Democr\u00e1ticas \u2013 Conselhos Participativos<\/a><\/td>\n<\/tr>\n<tr>\n<td>Conte, Jos\u00e9 Fernando<\/td>\n<td>\u00a0Direito \u00c0 Cidade Nos Planos Diretores De S\u00e3o Paulo De 2002 E 2014<\/td>\n<td><a href=\"http:\/\/www.saopaulo.sp.leg.br\/escoladoparlamento\/wp-content\/uploads\/sites\/5\/2017\/09\/Jos\u00e9-Fernando-Conte-Monografia-Completa_com-capa.pdf\">Conte, Jos\u00e9 Fernando &#8211; Direito \u00c0 Cidade Nos Planos Diretores De S\u00e3o Paulo De 2002 E 2014<\/a><\/td>\n<\/tr>\n<tr>\n<td>Corr\u00eaa, Ros\u00e2ngela<\/td>\n<td>\u00a0O Portal Da C\u00e2mara De S\u00e3o Paulo E As Possibilidades De Participa\u00e7\u00e3o<\/td>\n<td><a href=\"http:\/\/www.saopaulo.sp.leg.br\/escoladoparlamento\/wp-content\/uploads\/sites\/5\/2017\/09\/Ros\u00e2ngela-Corr\u00eaa-O-PORTAL-DA-C\u00c2MARA-DE-S\u00c3O-PAULO-E-AS-POSSIBILIDADES-DE-PARTICIPA\u00c7\u00c3O-C\u00f3pia.pdf\">Corr\u00eaa, Ros\u00e2ngela &#8211; O Portal Da C\u00e2mara De S\u00e3o Paulo E As Possibilidades De Participa\u00e7\u00e3o<\/a><\/td>\n<\/tr>\n<tr>\n<td>Costa, Maria Claudia Maia<\/td>\n<td>\u00a0As Rela\u00e7\u00f5es Executivo@Legislativo Em \u00c2mbito Municipal: O Caso Da C\u00e2mara Municipal De Itapevi<\/td>\n<td><a href=\"http:\/\/www.saopaulo.sp.leg.br\/escoladoparlamento\/wp-content\/uploads\/sites\/5\/2017\/09\/MARIA-CLAUDIA-MAIA-COSTA-As-rela\u00e7\u00f5es-Executivo-Legislativo-em-\u00e2mbito-Municipal-O-caso-da-C\u00e2mara-Municipal-de-Itapevi.pdf\">Costa, Maria Claudia Maia &#8211; As Rela\u00e7\u00f5es Executivo-Legislativo Em \u00c2mbito Municipal &#8211; O Caso Da C\u00e2mara Municipal De Itapevi<\/a><\/td>\n<\/tr>\n<tr>\n<td>Da Silva, Patricia Rodrigues<\/td>\n<td>\u00a0Pobreza E Pobreza Multidimensional: A \u201cSeverinidade\u201d Da Vida Brasileira<\/td>\n<td><a href=\"http:\/\/www.saopaulo.sp.leg.br\/escoladoparlamento\/wp-content\/uploads\/sites\/5\/2017\/09\/Patricia-Rodrigues-da-Silva.pdf\">Da Silva, Patricia Rodrigues &#8211; Pobreza E Pobreza Multidimensional: A \u201cSeverinidade\u201d Da Vida Brasileira<\/a><\/td>\n<\/tr>\n<tr>\n<td>Damasceno, Marcelo Sim\u00f5es<\/td>\n<td>\u00a0O Papel Da Assessoria De Imprensa No Legislativo Municipal Estudo De Caso: C\u00e2mara Municipal De Itapevi<\/td>\n<td><a href=\"http:\/\/www.saopaulo.sp.leg.br\/escoladoparlamento\/wp-content\/uploads\/sites\/5\/2017\/09\/MARCELO-SIM\u00d5ES-DAMASCENO-O-PAPEL-DA-ASSESSORIA-DE-IMPRENSA-NO-LEGISLATIVO-MUNICIPAL-ESTUDO-DE-CASO-C\u00c2MARA-MUNICIPAL-DE-ITAPEVI.pdf\">Damasceno, Marcelo Sim\u00f5es &#8211; O Papel Da Assessoria De Imprensa No Legislativo Municipal Estudo De Caso &#8211; C\u00e2mara Municipal De Itapevi<\/a><\/td>\n<\/tr>\n<tr>\n<td>De Brito, Sanderli Aparecida<\/td>\n<td>\u00a0Pr\u00e1ticas Da Controladoria Geral Do Munic\u00edpio De S\u00e3o Paulo Que Contribuem Para A Melhoria Do Gasto P\u00fablico (2013 A 2015)<\/td>\n<td><a href=\"http:\/\/www.saopaulo.sp.leg.br\/escoladoparlamento\/wp-content\/uploads\/sites\/5\/2017\/09\/SANDERLI-APARECIDA-DE-BRITO.pdf\">De Brito, Sanderli Aparecida &#8211; Pr\u00e1ticas Da Controladoria Geral Do Munic\u00edpio De S\u00e3o Paulo Que Contribuem Para A Melhoria Do Gasto P\u00fablico (2013 A 2015)<\/a><\/td>\n<\/tr>\n<tr>\n<td>De Mendon\u00e7a, Patr\u00edcia Ferreira<\/td>\n<td>\u00a0O Acolhimento Pistas Para O Aprimoramento Da Comunica\u00e7\u00e3o P\u00fablica Em Sa\u00fade<\/td>\n<td><a href=\"http:\/\/www.saopaulo.sp.leg.br\/escoladoparlamento\/wp-content\/uploads\/sites\/5\/2017\/09\/Patr\u00edcia-Ferreira-de-Mendon\u00e7a-O-acolhimento-pistas-para-o-aprimoramento-da-Comunica\u00e7\u00e3o-P\u00fablica-em-Sa\u00fade.pdf\">De Mendon\u00e7a, Patr\u00edcia Ferreira &#8211; O Acolhimento Pistas Para O Aprimoramento Da Comunica\u00e7\u00e3o P\u00fablica Em Sa\u00fade<\/a><\/td>\n<\/tr>\n<tr>\n<td>Do Nascimento, Milton Andrade<\/td>\n<td>\u00a0Pol\u00edticas P\u00fablicas De Educa\u00e7\u00e3o Inclusiva<\/td>\n<td><a href=\"http:\/\/www.saopaulo.sp.leg.br\/escoladoparlamento\/wp-content\/uploads\/sites\/5\/2017\/09\/MILTON-ANDRADE-DO-NASCIMENTO-Pol\u00edticas-P\u00fablicas-de-Educa\u00e7\u00e3o-Inclusiva-Milton-A.pdf\">Do Nascimento, Milton Andrade &#8211; Pol\u00edticas P\u00fablicas De Educa\u00e7\u00e3o Inclusiva<\/a><\/td>\n<\/tr>\n<tr>\n<td>Dos Santos, Daniel Almeida<\/td>\n<td>\u00a0Cotas Raciais Para O Ingresso De Negros No Servi\u00e7o P\u00fablico<\/td>\n<td><a href=\"http:\/\/www.saopaulo.sp.leg.br\/escoladoparlamento\/wp-content\/uploads\/sites\/5\/2017\/09\/DANIEL-ALMEIDA-DOS-SANTOS-Cotas-raciais-para-o-ingresso-de.pdf\">Dos Santos, Daniel Almeida &#8211; Cotas Raciais Para O Ingresso De Negros No Servi\u00e7o P\u00fablico<\/a><\/td>\n<\/tr>\n<tr>\n<td>Dos Santos, Kennedy<\/td>\n<td>\u00a0Portal Da C\u00e2mara Municipal De S\u00e3o Paulo Na Fomenta\u00e7\u00e3o Da Cidadania<\/td>\n<td><a href=\"http:\/\/www.saopaulo.sp.leg.br\/escoladoparlamento\/wp-content\/uploads\/sites\/5\/2017\/09\/KENNEDY-DOS-SANTOS-Portal-da-C\u00e2mara-Municipal-de-S\u00e3o-Paulo-na-fomenta\u00e7\u00e3o-da-Cidadania.pdf\">Dos Santos, Kennedy &#8211; Portal Da C\u00e2mara Municipal De S\u00e3o Paulo Na Fomenta\u00e7\u00e3o Da Cidadania<\/a><\/td>\n<\/tr>\n<tr>\n<td>Florindo, Katia Bastos<\/td>\n<td>\u00a0Conselhos Gestores De Parques Urbanos Estudo De Caso<\/td>\n<td><a href=\"http:\/\/www.saopaulo.sp.leg.br\/escoladoparlamento\/wp-content\/uploads\/sites\/5\/2017\/09\/Katia-Bastos-Florindo.pdf\">Florindo, Katia Bastos &#8211; Conselhos Gestores De Parques Urbanos Estudo De Caso<\/a><\/td>\n<\/tr>\n<tr>\n<td>Freitas, Luciano<\/td>\n<td>\u00a0Canais De Comunica\u00e7\u00e3o Entre O Poder Legislativo E A Sociedade Civil<\/td>\n<td><a href=\"http:\/\/www.saopaulo.sp.leg.br\/escoladoparlamento\/wp-content\/uploads\/sites\/5\/2017\/09\/Luciano-Freitas-CANAIS-DE-COMUNICA\u00c7\u00c3O-ENTRE-O-PODER-LEGISLATIVO-E-A-SOCIEDADE-CIVIL.pdf\">Freitas, Luciano &#8211; Canais De Comunica\u00e7\u00e3o Entre O Poder Legislativo E A Sociedade Civil<\/a><\/td>\n<\/tr>\n<tr>\n<td>Medeiros, Anderson<\/td>\n<td>\u00a0Sistema Do Processo Legislativo Um Estudo De Caso<\/td>\n<td><a href=\"http:\/\/www.saopaulo.sp.leg.br\/escoladoparlamento\/wp-content\/uploads\/sites\/5\/2017\/09\/Anderson-Medeiros.pdf\">Medeiros, Anderson &#8211; Sistema Do Processo Legislativo Um Estudo De Caso<\/a><\/td>\n<\/tr>\n<tr>\n<td>Migliorini, Pamela<\/td>\n<td>\u00a0Pris\u00e3o E Trajet\u00f3rias De Vida: O Efeito Da Experi\u00eancia Prisional Nas Chances De Vida De Ex@Detentos<\/td>\n<td><a href=\"http:\/\/www.saopaulo.sp.leg.br\/escoladoparlamento\/wp-content\/uploads\/sites\/5\/2017\/09\/Pamela-Migliorini.pdf\">Migliorini, Pamela &#8211; Pris\u00e3o E Trajet\u00f3rias De Vida: O Efeito Da Experi\u00eancia Prisional Nas Chances De Vida De Ex-Detentos<\/a><\/td>\n<\/tr>\n<tr>\n<td>Penha, Lilian Milena Souza<\/td>\n<td>\u00a0As Jornadas De Junho E O Novo Paradigma Das Mobiliza\u00e7\u00f5es Sociais Urbanas<\/td>\n<td><a href=\"http:\/\/www.saopaulo.sp.leg.br\/escoladoparlamento\/wp-content\/uploads\/sites\/5\/2017\/09\/Lilian-Milena-Souza-Penha.pdf\">Penha, Lilian Milena Souza &#8211; As Jornadas De Junho E O Novo Paradigma Das Mobiliza\u00e7\u00f5es Sociais Urbanas<\/a><\/td>\n<\/tr>\n<tr>\n<td>Rossell\u00f3, Antonio Pereira Pol<\/td>\n<td>\u00a0Transformando Demandas Em Pol\u00edticas P\u00fablicas<\/td>\n<td><a href=\"http:\/\/www.saopaulo.sp.leg.br\/escoladoparlamento\/wp-content\/uploads\/sites\/5\/2017\/09\/Antonio-Pereira-Pol-Rossell\u00f3.pdf\">Rossell\u00f3, Antonio Pereira Pol &#8211; Transformando Demandas Em Pol\u00edticas P\u00fablicas<\/a><\/td>\n<\/tr>\n<tr>\n<td>Santos, Talita Correa Santos<\/td>\n<td>\u00a0A Carreira Do Especialista Em Pol\u00edticas P\u00fablicas E Gest\u00e3o Governamental No Brasil: Uma An\u00e1lise De Sua Cria\u00e7\u00e3o E Efetivo Aproveitamento Nos Governos Estaduais<\/td>\n<td><a href=\"http:\/\/www.saopaulo.sp.leg.br\/escoladoparlamento\/wp-content\/uploads\/sites\/5\/2017\/09\/TALITA-CORREA-SANTOS-2015.pdf\">Santos, Talita Correa Santos &#8211; A Carreira Do Especialista Em Pol\u00edtcas P\u00fablicas E Gest\u00e3o Governamental No Brasil: Uma An\u00e1lise De Sua Cria\u00e7\u00e3o E Efetivo Aproveitamento Nos Governos Estaduais<\/a><\/td>\n<\/tr>\n<tr>\n<td>Silva, Everton Eudes Da Silva<\/td>\n<td>\u00a0Rela\u00e7\u00e3o Entre Executivo E Legislativo E Governabilidade Na C\u00e2mara Dos Deputados<\/td>\n<td><a href=\"http:\/\/www.saopaulo.sp.leg.br\/escoladoparlamento\/wp-content\/uploads\/sites\/5\/2017\/09\/EVERTON-EUDES-DA-SILVA-RELA\u00c7\u00c3O-ENTRE-EXECUTIVO-E-LEGISLATIVO-E-GOVERNABILIDADE.pdf\">Silva, Everton Eudes Da Silva &#8211; Rela\u00e7\u00e3o Entre Executivo E Legislativo E Governabilidade Na C\u00e2mara Dos Deputados<\/a><\/td>\n<\/tr>\n<tr>\n<td>Such, Luis Ricardo Nary Such<\/td>\n<td>\u00a0O Processo Legislativo Da Lei Ordin\u00e1ria Federal E Municipal De S\u00e3o Paulo<\/td>\n<td><a href=\"http:\/\/www.saopaulo.sp.leg.br\/escoladoparlamento\/wp-content\/uploads\/sites\/5\/2017\/09\/LUIS-RICARDO-NARY-SUCH-PROCESSO_LEGISLATIVO.pdf\">Such, Luis Ricardo Nary Such &#8211; O Processo Legislativo Da Lei Ordin\u00e1ria Federal E Municipal De S\u00e3o Paulo<\/a><\/td>\n<\/tr>\n<tr>\n<td>Vannucci, Henrique Sasdelli<\/td>\n<td>\u00a0Transpar\u00eancia Passiva No Munic\u00edpio De S\u00e3o Paulo<\/td>\n<td><a href=\"http:\/\/www.saopaulo.sp.leg.br\/escoladoparlamento\/wp-content\/uploads\/sites\/5\/2017\/09\/Henrique-Sasdelli-Vannucci.pdf\">Vannucci, Henrique Sasdelli &#8211; Transpar\u00eancia Passiva No Munic\u00edpio De S\u00e3o Paulo<\/a><\/td>\n<\/tr>\n<\/tbody>\n<\/table>\n","protected":false},"excerpt":{"rendered":"<p>Concentramos aqui a produ\u00e7\u00e3o acad\u00eamica da Escola em um \u00fanico local. O acesso a todos os documentos aqui disponibilizados \u00e9 livre. Abibe, Andre Guilherme \u00a0Presta\u00e7\u00e3o De Contas, Uma An\u00e1lise Do PROAC\u2013ICMS Por favor entre em contato com o autor para ter acesso ao documento: andre.abibe@usp.br. Biagi, Carolina Lima \u00a0O Alcance Da Imunidade Parlamentar Biagi, Carolina [&hellip;]<\/p>\n","protected":false},"author":297,"featured_media":0,"parent":7816,"menu_order":456,"comment_status":"closed","ping_status":"closed","template":"","meta":{"_acf_changed":false,"footnotes":""},"class_list":["post-7846","page","type-page","status-publish","hentry"],"acf":[],"_links":{"self":[{"href":"https:\/\/www.saopaulo.sp.leg.br\/escoladoparlamento\/wp-json\/wp\/v2\/pages\/7846","targetHints":{"allow":["GET"]}}],"collection":[{"href":"https:\/\/www.saopaulo.sp.leg.br\/escoladoparlamento\/wp-json\/wp\/v2\/pages"}],"about":[{"href":"https:\/\/www.saopaulo.sp.leg.br\/escoladoparlamento\/wp-json\/wp\/v2\/types\/page"}],"author":[{"embeddable":true,"href":"https:\/\/www.saopaulo.sp.leg.br\/escoladoparlamento\/wp-json\/wp\/v2\/users\/297"}],"replies":[{"embeddable":true,"href":"https:\/\/www.saopaulo.sp.leg.br\/escoladoparlamento\/wp-json\/wp\/v2\/comments?post=7846"}],"version-history":[{"count":0,"href":"https:\/\/www.saopaulo.sp.leg.br\/escoladoparlamento\/wp-json\/wp\/v2\/pages\/7846\/revisions"}],"up":[{"embeddable":true,"href":"https:\/\/www.saopaulo.sp.leg.br\/escoladoparlamento\/wp-json\/wp\/v2\/pages\/7816"}],"wp:attachment":[{"href":"https:\/\/www.saopaulo.sp.leg.br\/escoladoparlamento\/wp-json\/wp\/v2\/media?parent=7846"}],"curies":[{"name":"wp","href":"https:\/\/api.w.org\/{rel}","templated":true}]}}