{"id":7757,"date":"2017-09-18T15:35:28","date_gmt":"2017-09-18T18:35:28","guid":{"rendered":"http:\/\/www.saopaulo.sp.leg.br\/escoladoparlamento\/?page_id=7757"},"modified":"2018-10-31T13:24:11","modified_gmt":"2018-10-31T16:24:11","slug":"ix-forum-da-cidade","status":"publish","type":"page","link":"https:\/\/www.saopaulo.sp.leg.br\/escoladoparlamento\/cursos\/cursos-anteriores\/cursos-realizados-em-2017\/ix-forum-da-cidade\/","title":{"rendered":"IX F\u00d3RUM DA CIDADE"},"content":{"rendered":"<p><strong>Objetivos: <\/strong>Promover debate sobre a agenda atual no que concerne ao uso e apropria\u00e7\u00e3o do espa\u00e7o p\u00fablico na cidade de S\u00e3o Paulo<\/p>\n<p><strong>Diretor Respons\u00e1vel:<\/strong>\u00a0Roberto Garibe<\/p>\n<p><strong>Vagas<\/strong><em><strong>:<\/strong><\/em> 335<\/p>\n<p><strong>Carga Hor\u00e1ria<\/strong>: 15 horas<\/p>\n<p><strong>P\u00fablico Alvo<\/strong>: p\u00fablico em geral (135 vagas) e servidores municipais (200 vagas) (Evento validado para fins de promo\u00e7\u00e3o aos servidores municipais)<\/p>\n<h3>Inscri\u00e7\u00f5es:<\/h3>\n<h3 style=\"padding-left: 30px\">P\u00fablico em geral: Encerradas.<\/h3>\n<h3 style=\"padding-left: 30px\">Servidores municipais: encerradas.<\/h3>\n<p><strong>Local<\/strong>: Sal\u00e3o Nobre<\/p>\n<p><strong>Programa<\/strong>:<\/p>\n<p><strong>1\u00ba DIA \u2013 SEGUNDA-FEIRA &#8211; 2 DE OUTUBRO<\/strong><\/p>\n<p><strong>\u00a009h30<\/strong> \u2013 recep\u00e7\u00e3o<\/p>\n<p><strong>10h00<\/strong> \u2013 Abertura<\/p>\n<p><strong>10h30 \u2013 \u201cUso e ocupa\u00e7\u00e3o do espa\u00e7o p\u00fablico: virada cultura, carnaval, parklets, ruas abertas\u201d\u00a0 <\/strong><\/p>\n<p><strong><a href=\"https:\/\/www.youtube.com\/watch?v=QFwEQVn4CCk\">[V\u00eddeo &#8211; YouTube]<\/a>\u00a0<\/strong><\/p>\n<p><strong>Debatedor<\/strong><\/p>\n<p>Cid Torquato (Secret\u00e1rio Municipal de Pessoa com Defici\u00eancia )<\/p>\n<p>Rosana Paulo da Cunha (Gerente de A\u00e7\u00f5es Culturais do Sesc)<\/p>\n<p><strong>Mediador:<\/strong>\u00a0 \u00a0Carlos Figueiredo Mour\u00e3o (Procurador do Munic\u00edpio de S\u00e3o Paulo )<\/p>\n<p><strong>12h00<\/strong> \u2013 Almo\u00e7o<\/p>\n<p><strong>13h30 \u2013 \u201cGest\u00e3o de equipamentos e espa\u00e7os p\u00fablicos: parcerias e aliena\u00e7\u00e3o\u201d\u00a0 <\/strong><\/p>\n<p><strong><a href=\"https:\/\/www.youtube.com\/watch?v=7J4bZOIKwdk\">[V\u00eddeo &#8211; YouTube]\u00a0<\/a><\/strong><\/p>\n<p><strong>Debatedores:\u00a0<\/strong><\/p>\n<p>Paulo Fiorilo (Presidente do PT Municipal)<\/p>\n<p>Let\u00edcia Queiroz de Andrade (Professora do Curso de Direito Administrativo da PUC\/SP)<\/p>\n<p><strong>Mediador:\u00a0<\/strong>Guilherme Bueno de Camargo (Procurador do Munic\u00edpio de S\u00e3o Paulo)<\/p>\n<p><strong>\u00a0<\/strong><\/p>\n<p><strong>2\u00ba DIA \u2013 TER\u00c7A-FEIRA \u2013 3 DE OUTUBRO<\/strong><\/p>\n<p><strong>10h30 \u2013 \u201cPDE e Lei de Uso e Ocupa\u00e7\u00e3o \u2013 acompanhamento e necessidade de altera\u00e7\u00e3o\u201d <\/strong><\/p>\n<p><strong><a href=\"https:\/\/www.youtube.com\/watch?v=RIhC-wOtKEU\">[V\u00eddeo &#8211; <\/a><a href=\"https:\/\/www.youtube.com\/watch?v=QFwEQVn4CCk\">YouTube<\/a><a href=\"https:\/\/www.youtube.com\/watch?v=RIhC-wOtKEU\">]<\/a><\/strong><\/p>\n<p><strong>Debatedores: <\/strong><\/p>\n<p>Nabil Bonduki (Prof. Titular de Planejamento Urbano da Faculdade de Arquitetura e Urbanismo da USP)<\/p>\n<p>Eduardo Della Manna\u00a0(Diretor-Executivo de Legisla\u00e7\u00e3o do Sindicato da Habita\u00e7\u00e3o &#8211; Secovi-SP)<\/p>\n<p><strong>Mediador:\u00a0<\/strong>Fernando Brega (Procurador do Munic\u00edpio de S\u00e3o Paulo )<\/p>\n<p><strong>12h00<\/strong> \u2013 Almo\u00e7o<\/p>\n<p><strong>13h30 \u2013 \u201cGest\u00e3o democr\u00e1tica e participativa\u201d <\/strong><\/p>\n<p><strong><a href=\"https:\/\/www.youtube.com\/watch?v=b7XcdpqTno4\">[V\u00eddeo &#8211; <\/a><a href=\"https:\/\/www.youtube.com\/watch?v=QFwEQVn4CCk\">YouTube<\/a><a href=\"https:\/\/www.youtube.com\/watch?v=b7XcdpqTno4\">]<\/a><\/strong><\/p>\n<p><strong>Debatedores:<\/strong><\/p>\n<p>Leonardo Castro (Superintendente de Inova\u00e7\u00f5es Urbanas &#8211; S\u00e3o Paulo Urbanismo\u00a0<strong>)<\/strong><\/p>\n<p>Humberto Dantas (Diretor-Presidente da Escola do Parlamento da CMSP )<\/p>\n<p><strong>Mediador:\u00a0<\/strong>Jose Antonio Apparecido Junior (Procurador do Munic\u00edpio de S\u00e3o Paulo)<\/p>\n<p><strong>15h00<\/strong> \u2013 Intervalo<\/p>\n<p><strong>15h30 \u2013 \u201cOpera\u00e7\u00f5es urbanas e Projetos de Interven\u00e7\u00e3o Urbana\u201d <a href=\"https:\/\/www.youtube.com\/watch?v=WXsCRZcnRNM\">[V\u00eddeo &#8211; <\/a><a href=\"https:\/\/www.youtube.com\/watch?v=QFwEQVn4CCk\">YouTube<\/a><a href=\"https:\/\/www.youtube.com\/watch?v=WXsCRZcnRNM\">]<\/a><\/strong><\/p>\n<p><strong>Debatedores:<\/strong><\/p>\n<p>Roberto Garibe (Diretor Executivo da Escola do Parlamento da CMSP)<\/p>\n<p>Jeroen Klink (Prof. da UFABC \u00a0e Coordenador do N\u00facleo de Ci\u00eancia, Tecnologia e Sociedade)<\/p>\n<p><strong>Mediador:<\/strong> Antonio Carlos Cintra do Amaral Filho (Procurador do Munic\u00edpio de S\u00e3o Paulo)<\/p>\n<p><strong>17h00<\/strong> \u2013 Mesa de encerramento<\/p>\n","protected":false},"excerpt":{"rendered":"<p>Objetivos: Promover debate sobre a agenda atual no que concerne ao uso e apropria\u00e7\u00e3o do espa\u00e7o p\u00fablico na cidade de S\u00e3o Paulo Diretor Respons\u00e1vel:\u00a0Roberto Garibe Vagas: 335 Carga Hor\u00e1ria: 15 horas P\u00fablico Alvo: p\u00fablico em geral (135 vagas) e servidores municipais (200 vagas) (Evento validado para fins de promo\u00e7\u00e3o aos servidores municipais) Inscri\u00e7\u00f5es: P\u00fablico em [&hellip;]<\/p>\n","protected":false},"author":127,"featured_media":0,"parent":6500,"menu_order":460,"comment_status":"closed","ping_status":"closed","template":"","meta":{"_acf_changed":false,"footnotes":""},"class_list":["post-7757","page","type-page","status-publish","hentry"],"acf":[],"_links":{"self":[{"href":"https:\/\/www.saopaulo.sp.leg.br\/escoladoparlamento\/wp-json\/wp\/v2\/pages\/7757","targetHints":{"allow":["GET"]}}],"collection":[{"href":"https:\/\/www.saopaulo.sp.leg.br\/escoladoparlamento\/wp-json\/wp\/v2\/pages"}],"about":[{"href":"https:\/\/www.saopaulo.sp.leg.br\/escoladoparlamento\/wp-json\/wp\/v2\/types\/page"}],"author":[{"embeddable":true,"href":"https:\/\/www.saopaulo.sp.leg.br\/escoladoparlamento\/wp-json\/wp\/v2\/users\/127"}],"replies":[{"embeddable":true,"href":"https:\/\/www.saopaulo.sp.leg.br\/escoladoparlamento\/wp-json\/wp\/v2\/comments?post=7757"}],"version-history":[{"count":0,"href":"https:\/\/www.saopaulo.sp.leg.br\/escoladoparlamento\/wp-json\/wp\/v2\/pages\/7757\/revisions"}],"up":[{"embeddable":true,"href":"https:\/\/www.saopaulo.sp.leg.br\/escoladoparlamento\/wp-json\/wp\/v2\/pages\/6500"}],"wp:attachment":[{"href":"https:\/\/www.saopaulo.sp.leg.br\/escoladoparlamento\/wp-json\/wp\/v2\/media?parent=7757"}],"curies":[{"name":"wp","href":"https:\/\/api.w.org\/{rel}","templated":true}]}}