{"id":7745,"date":"2017-09-18T11:25:22","date_gmt":"2017-09-18T14:25:22","guid":{"rendered":"http:\/\/www.saopaulo.sp.leg.br\/escoladoparlamento\/?page_id=7745"},"modified":"2018-10-29T16:00:27","modified_gmt":"2018-10-29T19:00:27","slug":"20-anos-da-lei-de-cotas-para-mulheres-na-politica-avancos-e-desafios","status":"publish","type":"page","link":"https:\/\/www.saopaulo.sp.leg.br\/escoladoparlamento\/cursos\/cursos-anteriores\/cursos-realizados-em-2017\/20-anos-da-lei-de-cotas-para-mulheres-na-politica-avancos-e-desafios\/","title":{"rendered":"20 Anos de Cotas para mulheres na Pol\u00edtica &#8211; avan\u00e7os e desafios"},"content":{"rendered":"<p><strong>Objetivos<\/strong>: Dando continuidade ao debate sobre a participa\u00e7\u00e3o feminina na pol\u00edtica brasileira, a Escola do Parlamento, juntamente com a coordena\u00e7\u00e3o das Mulheres da Secretaria Municipal de Direitos Humanos e Cidadania (SMDHC) traz, neste m\u00eas de setembro, um debate sobre os 20 anos de cota para mulheres para todas as elei\u00e7\u00f5es proporcionais estabelecendo um percentual m\u00ednimo de 30% e m\u00e1ximo de 70% para candidaturas de cada sexo (Lei 9.504\/97).<\/p>\n<p><strong>P\u00fablico Alvo<\/strong>: Servidores p\u00fablicos, assessores de parlamentares, estudantes e demais interessados no tema.<\/p>\n<p><strong>Vagas:<\/strong>100<\/p>\n<p><strong>Carga Hor\u00e1ria <\/strong>: 3 horas<\/p>\n<h3><strong>Inscri\u00e7\u00f5es: Encerradas.<\/strong><\/h3>\n<p><strong>Programa\u00e7\u00e3o:<\/strong><\/p>\n<p><strong><a href=\"https:\/\/www.youtube.com\/watch?v=mat9xxebH58\">[V\u00eddeo &#8211; YouTube]<\/a><\/strong><\/p>\n<table style=\"height: 197px\" width=\"1016\">\n<tbody>\n<tr>\n<td><strong>Data:<\/strong><strong>27\/09<\/strong><\/td>\n<td><strong>Local<\/strong><\/td>\n<td colspan=\"2\"><strong>Palestrante<\/strong><\/td>\n<td>\u00a0<strong>Tema da palestra\/aula<\/strong><\/td>\n<\/tr>\n<tr>\n<td>&nbsp;<\/p>\n<p><strong>19h &#8211; 21:30h \u00a0 \u00a0 \u00a0\u00a0<\/strong><\/td>\n<td>&nbsp;<\/p>\n<p>Sala S\u00e9rgio Vieira de Mello<\/td>\n<td colspan=\"2\"><strong><em>Luciana Oliveira Ramos<\/em><\/strong><em> (profa. doutora e pesquisadora da FGV) <\/em><\/p>\n<p><em><strong>Vera L\u00facia Tabert<\/strong> (Promotora do TRE \u2013 1\u00aa zona eleitoral)<\/em><\/p>\n<p><strong>Adriana Ramalho<\/strong>\u00a0(PSDB\/SP)<\/p>\n<p>&nbsp;<\/td>\n<td><em>Avan\u00e7os e desafios da <\/em><br \/>\n<em>representatividade\u00a0pol\u00edtica feminina<\/em><\/td>\n<\/tr>\n<tr>\n<td><strong>\u00a0<\/strong><\/td>\n<td><\/td>\n<td colspan=\"2\"><em><strong>Media\u00e7\u00e3o: Gislaine Caresia<\/strong><\/em><\/td>\n<td><\/td>\n<\/tr>\n<\/tbody>\n<\/table>\n","protected":false},"excerpt":{"rendered":"<p>Objetivos: Dando continuidade ao debate sobre a participa\u00e7\u00e3o feminina na pol\u00edtica brasileira, a Escola do Parlamento, juntamente com a coordena\u00e7\u00e3o das Mulheres da Secretaria Municipal de Direitos Humanos e Cidadania (SMDHC) traz, neste m\u00eas de setembro, um debate sobre os 20 anos de cota para mulheres para todas as elei\u00e7\u00f5es proporcionais estabelecendo um percentual m\u00ednimo [&hellip;]<\/p>\n","protected":false},"author":127,"featured_media":0,"parent":6500,"menu_order":460,"comment_status":"closed","ping_status":"closed","template":"","meta":{"_acf_changed":false,"footnotes":""},"class_list":["post-7745","page","type-page","status-publish","hentry"],"acf":[],"_links":{"self":[{"href":"https:\/\/www.saopaulo.sp.leg.br\/escoladoparlamento\/wp-json\/wp\/v2\/pages\/7745","targetHints":{"allow":["GET"]}}],"collection":[{"href":"https:\/\/www.saopaulo.sp.leg.br\/escoladoparlamento\/wp-json\/wp\/v2\/pages"}],"about":[{"href":"https:\/\/www.saopaulo.sp.leg.br\/escoladoparlamento\/wp-json\/wp\/v2\/types\/page"}],"author":[{"embeddable":true,"href":"https:\/\/www.saopaulo.sp.leg.br\/escoladoparlamento\/wp-json\/wp\/v2\/users\/127"}],"replies":[{"embeddable":true,"href":"https:\/\/www.saopaulo.sp.leg.br\/escoladoparlamento\/wp-json\/wp\/v2\/comments?post=7745"}],"version-history":[{"count":0,"href":"https:\/\/www.saopaulo.sp.leg.br\/escoladoparlamento\/wp-json\/wp\/v2\/pages\/7745\/revisions"}],"up":[{"embeddable":true,"href":"https:\/\/www.saopaulo.sp.leg.br\/escoladoparlamento\/wp-json\/wp\/v2\/pages\/6500"}],"wp:attachment":[{"href":"https:\/\/www.saopaulo.sp.leg.br\/escoladoparlamento\/wp-json\/wp\/v2\/media?parent=7745"}],"curies":[{"name":"wp","href":"https:\/\/api.w.org\/{rel}","templated":true}]}}