{"id":7644,"date":"2017-08-29T17:05:54","date_gmt":"2017-08-29T20:05:54","guid":{"rendered":"http:\/\/www.saopaulo.sp.leg.br\/escoladoparlamento\/?page_id=7644"},"modified":"2018-10-30T17:01:45","modified_gmt":"2018-10-30T20:01:45","slug":"elaboracao-legislativa-e-regimento-interno","status":"publish","type":"page","link":"https:\/\/www.saopaulo.sp.leg.br\/escoladoparlamento\/cursos\/cursos-anteriores\/cursos-realizados-em-2017\/elaboracao-legislativa-e-regimento-interno\/","title":{"rendered":"Elabora\u00e7\u00e3o Legislativa e Regimento Interno"},"content":{"rendered":"<p><strong>OBJETIVOS: <\/strong><\/p>\n<ol>\n<li>Compreens\u00e3o do papel, das responsabilidades e fun\u00e7\u00f5es do poder legislativo municipal;<\/li>\n<li>Compreens\u00e3o te\u00f3rica do processo legislativo;<\/li>\n<li>Obten\u00e7\u00e3o de conhecimentos pr\u00e1ticos em reda\u00e7\u00e3o de projetos de lei;<\/li>\n<li>Compreens\u00e3o da tramita\u00e7\u00e3o do projeto de lei;<\/li>\n<li>Compreens\u00e3o do Regimento Interno.<\/li>\n<\/ol>\n<p><strong>Diretor Respons\u00e1vel e Coordena\u00e7\u00e3o:\u00a0<\/strong>Mateus Novaes<\/p>\n<p><strong>Vagas:<\/strong>\u00a050<\/p>\n<p><strong>Carga hor\u00e1ria:<\/strong>\u00a012 horas e 30 minutos<\/p>\n<h3><span style=\"color: #000000\">P\u00fablico Alvo: <\/span><span style=\"color: #000000\">Servidores de carreira e funcion\u00e1rios de gabinetes dos vereadores.<\/span><\/h3>\n<p><strong>Inscri\u00e7\u00f5es: \u00a0 Encerradas<\/strong><\/p>\n<p><strong>Programa\u00e7\u00e3o:<\/strong><\/p>\n<table width=\"0\">\n<tbody>\n<tr>\n<td width=\"124\"><strong>Data<\/strong><\/td>\n<td width=\"212\"><strong>Palestrante\u00a0<\/strong><\/td>\n<td colspan=\"2\" width=\"293\"><strong>Tema da palestra\/aula<\/strong><\/td>\n<td width=\"293\"><strong>Sala<\/strong><\/td>\n<\/tr>\n<tr>\n<td width=\"124\"><strong>14\/09\u00a0<\/strong><\/p>\n<p>15h \u2013 17h30<\/td>\n<td width=\"212\">Maria Nazar\u00e9 Lins Barbosa (Procuradora Chefe)<\/td>\n<td colspan=\"2\" width=\"293\">Apresenta\u00e7\u00e3o do curso (Escola do Parlamento). Triparti\u00e7\u00e3o dos Poderes. Organiza\u00e7\u00e3o do Estado. O Poder Legislativo.<\/td>\n<td width=\"293\">Sala Tiradentes<\/p>\n<p><strong><a href=\"https:\/\/www.youtube.com\/watch?v=Euzpp7NYikc\">[V\u00eddeo 1 &#8211; YouTube]<\/a><\/strong><\/p>\n<p><strong><a href=\"https:\/\/www.youtube.com\/watch?v=5TV5eLNes3E\">[V\u00eddeo 2 &#8211; YouTube]<\/a><\/strong><\/td>\n<\/tr>\n<tr>\n<td width=\"124\"><strong>18\/09<\/strong><\/p>\n<p>15h \u2013 17h30<\/td>\n<td colspan=\"2\" width=\"218\">Karen Lima Vieira (Procuradora)<\/td>\n<td width=\"287\">Compet\u00eancias e iniciativas parlamentares. O Processo Legislativo \u2013 Panorama Geral.<\/td>\n<td width=\"293\">S\u00e9rgio Vieira de Mello<\/p>\n<p><a href=\"https:\/\/www.youtube.com\/watch?v=qoiVV1nVQqM\"><strong>[V\u00eddeo &#8211; YouTube]<\/strong><\/a><\/td>\n<\/tr>\n<tr>\n<td width=\"124\"><strong>21\/09<\/strong><\/p>\n<p>15h \u2013 17h30<\/td>\n<td colspan=\"2\" width=\"218\">Karen Lima Vieira (Procuradora)<\/td>\n<td width=\"287\">Oficina de Elabora\u00e7\u00e3o de Projetos de Lei \u2013 Elaborando um PL na pr\u00e1tica.<\/td>\n<td width=\"293\">Oscar Pedroso Horta<\/p>\n<p><a href=\"https:\/\/www.youtube.com\/watch?v=YZ0XxnQpqSc&amp;t=18s\"><strong>[V\u00eddeo &#8211; YouTube]<\/strong><\/a><\/td>\n<\/tr>\n<tr>\n<td width=\"124\"><strong>25\/09<\/strong><\/p>\n<p>15h \u2013 17h30<\/td>\n<td colspan=\"2\" width=\"218\">Carlos Eduardo de Ara\u00fajo (SGP. 2)<\/td>\n<td width=\"287\">Regimento Interno da C\u00e2mara Municipal de S\u00e3o Paulo.<\/td>\n<td width=\"293\">S\u00e9rgio Vieira de Mello<\/p>\n<p><a href=\"https:\/\/www.youtube.com\/watch?v=NoT0UULWr04\"><strong>[V\u00eddeo &#8211; YouTube]<\/strong><\/a><\/td>\n<\/tr>\n<tr>\n<td width=\"124\"><strong>29\/09<\/strong><\/p>\n<p>15h \u2013 17h30<\/td>\n<td colspan=\"2\" width=\"218\">Andr\u00e9 Marcon (SGP. 1)<br \/>\nJo\u00e3o Carlos Dias Chaves (SGP. 12)<\/td>\n<td width=\"287\">Tramita\u00e7\u00e3o passo-a-passo de um Projeto de Lei.<\/td>\n<td width=\"293\">S\u00e9rgio Vieira de Mello<\/p>\n<p><a href=\"https:\/\/www.youtube.com\/watch?v=dz_aQEYrSIg\"><strong>[V\u00eddeo &#8211; YouTube]<\/strong><\/a><\/td>\n<\/tr>\n<\/tbody>\n<\/table>\n","protected":false},"excerpt":{"rendered":"<p>OBJETIVOS: Compreens\u00e3o do papel, das responsabilidades e fun\u00e7\u00f5es do poder legislativo municipal; Compreens\u00e3o te\u00f3rica do processo legislativo; Obten\u00e7\u00e3o de conhecimentos pr\u00e1ticos em reda\u00e7\u00e3o de projetos de lei; Compreens\u00e3o da tramita\u00e7\u00e3o do projeto de lei; Compreens\u00e3o do Regimento Interno. Diretor Respons\u00e1vel e Coordena\u00e7\u00e3o:\u00a0Mateus Novaes Vagas:\u00a050 Carga hor\u00e1ria:\u00a012 horas e 30 minutos P\u00fablico Alvo: Servidores de carreira [&hellip;]<\/p>\n","protected":false},"author":127,"featured_media":0,"parent":6500,"menu_order":462,"comment_status":"closed","ping_status":"closed","template":"","meta":{"_acf_changed":false,"footnotes":""},"class_list":["post-7644","page","type-page","status-publish","hentry"],"acf":[],"_links":{"self":[{"href":"https:\/\/www.saopaulo.sp.leg.br\/escoladoparlamento\/wp-json\/wp\/v2\/pages\/7644","targetHints":{"allow":["GET"]}}],"collection":[{"href":"https:\/\/www.saopaulo.sp.leg.br\/escoladoparlamento\/wp-json\/wp\/v2\/pages"}],"about":[{"href":"https:\/\/www.saopaulo.sp.leg.br\/escoladoparlamento\/wp-json\/wp\/v2\/types\/page"}],"author":[{"embeddable":true,"href":"https:\/\/www.saopaulo.sp.leg.br\/escoladoparlamento\/wp-json\/wp\/v2\/users\/127"}],"replies":[{"embeddable":true,"href":"https:\/\/www.saopaulo.sp.leg.br\/escoladoparlamento\/wp-json\/wp\/v2\/comments?post=7644"}],"version-history":[{"count":0,"href":"https:\/\/www.saopaulo.sp.leg.br\/escoladoparlamento\/wp-json\/wp\/v2\/pages\/7644\/revisions"}],"up":[{"embeddable":true,"href":"https:\/\/www.saopaulo.sp.leg.br\/escoladoparlamento\/wp-json\/wp\/v2\/pages\/6500"}],"wp:attachment":[{"href":"https:\/\/www.saopaulo.sp.leg.br\/escoladoparlamento\/wp-json\/wp\/v2\/media?parent=7644"}],"curies":[{"name":"wp","href":"https:\/\/api.w.org\/{rel}","templated":true}]}}