{"id":7641,"date":"2017-08-29T16:39:00","date_gmt":"2017-08-29T19:39:00","guid":{"rendered":"http:\/\/www.saopaulo.sp.leg.br\/escoladoparlamento\/?page_id=7641"},"modified":"2018-10-29T17:13:50","modified_gmt":"2018-10-29T20:13:50","slug":"os-desafios-do-controle-interno-o-papel-da-controladoria-geral-do-municipio","status":"publish","type":"page","link":"https:\/\/www.saopaulo.sp.leg.br\/escoladoparlamento\/cursos\/cursos-anteriores\/cursos-realizados-em-2017\/os-desafios-do-controle-interno-o-papel-da-controladoria-geral-do-municipio\/","title":{"rendered":"Os desafios do controle interno: o papel da Controladoria Geral do Munic\u00edpio"},"content":{"rendered":"<p><strong>Objetivos:<\/strong><strong>\u00a0<\/strong>O curso tem o objetivo de apresentar o papel do \u00f3rg\u00e3o de controle interno municipal, evidenciar a import\u00e2ncia da transpar\u00eancia dos dados e informa\u00e7\u00f5es dos \u00f3rg\u00e3os p\u00fablicos municipais, e como esta contribui para a participa\u00e7\u00e3o popular no controle das a\u00e7\u00f5es da administra\u00e7\u00e3o p\u00fablica municipal, al\u00e9m de apresentar dados sobre as contrata\u00e7\u00f5es no \u00e2mbito de uma megal\u00f3pole como S\u00e3o Paulo. Ser\u00e3o demonstradas as principais ferramentas dispon\u00edveis para uso pelos mun\u00edcipes,\u00a0al\u00e9m de exemplos de como o cidad\u00e3o comum pode realizar fiscaliza\u00e7\u00f5es e auxiliar o \u00f3rg\u00e3o de controle interno na realiza\u00e7\u00e3o de suas atividades, casos pr\u00e1ticos de fiscaliza\u00e7\u00e3o e como a a\u00e7\u00e3o de controle objetiva maior efici\u00eancia nas contrata\u00e7\u00f5es da Administra\u00e7\u00e3o P\u00fablica. Tamb\u00e9m, ser\u00e3o abordados os principais desafios para se elevar a participa\u00e7\u00e3o popular na fiscaliza\u00e7\u00e3o da gest\u00e3o p\u00fablica municipal.<\/p>\n<p><strong>Diretor Respons\u00e1vel e Coordena\u00e7\u00e3o:<\/strong> Ilza Jorge<\/p>\n<p><strong>P\u00fablico Alvo<\/strong>: Servidores p\u00fablicos, representantes da sociedade civil , estudantes e demais interessados.<\/p>\n<p><strong>Vagas:<\/strong> 100<\/p>\n<p><strong>Carga hor\u00e1ria:<\/strong>\u00a05 horas<\/p>\n<p><strong>Inscri\u00e7\u00f5es: Encerradas.<\/strong><\/p>\n<p><strong>Local:\u00a0Audit\u00f3rio Prestes Maia (Plenarinho)<\/strong><\/p>\n<p><strong>Programa\u00e7\u00e3o:<\/strong><\/p>\n<table width=\"0\">\n<tbody>\n<tr>\n<td width=\"131\"><strong>Data<\/strong><\/td>\n<td width=\"226\"><strong>Palestrante\u00a0<\/strong><\/td>\n<td width=\"311\"><strong>Tema da palestra\/aula<\/strong><\/td>\n<\/tr>\n<tr>\n<td width=\"131\"><strong>11\/09<\/strong><\/p>\n<p>19h \u2013 21h30<\/td>\n<td width=\"226\">Guilherme Rodrigues Monteiro Mendes (Controlador Geral do Munic\u00edpio), Paulo Eduardo Galv\u00e3o de Oliveira Machado (Auditor Municipal de Controle Interno) e Renato Corte Lopes (Coordenador de Promo\u00e7\u00e3o da Integridade);<\/td>\n<td width=\"311\">Os desafios do Controle Interno: transpar\u00eancia, controle social e fiscaliza\u00e7\u00e3o na cidade de S\u00e3o Paulo.<\/p>\n<p><a href=\"https:\/\/www.youtube.com\/watch?v=iTpc1lgAp6U\"> <strong>[V\u00eddeo &#8211; YouTube]<\/strong><\/a><\/p>\n<p><em>\u00a0<strong><a href=\"http:\/\/www.saopaulo.sp.leg.br\/escoladoparlamento\/wp-content\/uploads\/sites\/5\/2017\/08\/Compras-e-Contrata\u00e7\u00f5es-Final.pdf\">Slides\u00a0<\/a><\/strong><\/em><\/td>\n<\/tr>\n<tr>\n<td width=\"131\"><strong>13\/09<\/strong><\/p>\n<p>19h \u2013 21h30<\/td>\n<td width=\"226\">Ricardo Ferreira Santos (Auditor Municipal de Controle Interno) e\u00a0Juliana Natalia Cust\u00f3dio Silveira (Auditora Municipal de Controle Interno)<\/td>\n<td width=\"311\">Os desafios do Controle Interno: compras e contrata\u00e7\u00f5es na cidade de S\u00e3o Paulo.<\/p>\n<p><a href=\"https:\/\/www.youtube.com\/watch?v=OOOR1oAr7g0\"><strong>[V\u00eddeo &#8211; YouTube]<\/strong><\/a><\/p>\n<p><a href=\"http:\/\/www.saopaulo.sp.leg.br\/escoladoparlamento\/wp-content\/uploads\/sites\/5\/2017\/08\/apresenta\u00e7\u00e3o-renato.pdf\"><strong>Slides<\/strong><\/a><\/td>\n<\/tr>\n<\/tbody>\n<\/table>\n<p>&nbsp;<\/p>\n","protected":false},"excerpt":{"rendered":"<p>Objetivos:\u00a0O curso tem o objetivo de apresentar o papel do \u00f3rg\u00e3o de controle interno municipal, evidenciar a import\u00e2ncia da transpar\u00eancia dos dados e informa\u00e7\u00f5es dos \u00f3rg\u00e3os p\u00fablicos municipais, e como esta contribui para a participa\u00e7\u00e3o popular no controle das a\u00e7\u00f5es da administra\u00e7\u00e3o p\u00fablica municipal, al\u00e9m de apresentar dados sobre as contrata\u00e7\u00f5es no \u00e2mbito de uma [&hellip;]<\/p>\n","protected":false},"author":127,"featured_media":0,"parent":6500,"menu_order":463,"comment_status":"closed","ping_status":"closed","template":"","meta":{"_acf_changed":false,"footnotes":""},"class_list":["post-7641","page","type-page","status-publish","hentry"],"acf":[],"_links":{"self":[{"href":"https:\/\/www.saopaulo.sp.leg.br\/escoladoparlamento\/wp-json\/wp\/v2\/pages\/7641","targetHints":{"allow":["GET"]}}],"collection":[{"href":"https:\/\/www.saopaulo.sp.leg.br\/escoladoparlamento\/wp-json\/wp\/v2\/pages"}],"about":[{"href":"https:\/\/www.saopaulo.sp.leg.br\/escoladoparlamento\/wp-json\/wp\/v2\/types\/page"}],"author":[{"embeddable":true,"href":"https:\/\/www.saopaulo.sp.leg.br\/escoladoparlamento\/wp-json\/wp\/v2\/users\/127"}],"replies":[{"embeddable":true,"href":"https:\/\/www.saopaulo.sp.leg.br\/escoladoparlamento\/wp-json\/wp\/v2\/comments?post=7641"}],"version-history":[{"count":0,"href":"https:\/\/www.saopaulo.sp.leg.br\/escoladoparlamento\/wp-json\/wp\/v2\/pages\/7641\/revisions"}],"up":[{"embeddable":true,"href":"https:\/\/www.saopaulo.sp.leg.br\/escoladoparlamento\/wp-json\/wp\/v2\/pages\/6500"}],"wp:attachment":[{"href":"https:\/\/www.saopaulo.sp.leg.br\/escoladoparlamento\/wp-json\/wp\/v2\/media?parent=7641"}],"curies":[{"name":"wp","href":"https:\/\/api.w.org\/{rel}","templated":true}]}}