{"id":7523,"date":"2017-08-16T18:34:56","date_gmt":"2017-08-16T21:34:56","guid":{"rendered":"http:\/\/www.saopaulo.sp.leg.br\/escoladoparlamento\/?page_id=7523"},"modified":"2018-11-01T12:15:27","modified_gmt":"2018-11-01T15:15:27","slug":"oficinas-pensar-planejar-e-agir-na-cidade","status":"publish","type":"page","link":"https:\/\/www.saopaulo.sp.leg.br\/escoladoparlamento\/cursos\/cursos-anteriores\/cursos-realizados-em-2017\/oficinas-pensar-planejar-e-agir-na-cidade\/","title":{"rendered":"Oficinas: Pensar, Planejar e Agir na Cidade"},"content":{"rendered":"<p><strong>Objetivos:<\/strong>\u00a0Capacitar cidad\u00e3os e gestores p\u00fablicos nas \u00e1reas de transpar\u00eancia, inova\u00e7\u00e3o tecnol\u00f3gica, gest\u00e3o participativa e comunica\u00e7\u00e3o em rede e cultura digital visando aumentar e qualificar a participa\u00e7\u00e3o e o controle social na administra\u00e7\u00e3o p\u00fablica local.<\/p>\n<p><strong>Diretor Respons\u00e1vel:<\/strong> Ilza Jorge<\/p>\n<p><strong>Coordena\u00e7\u00e3o:<\/strong>\u00a0Let\u00edcia Nery de Figueiredo<\/p>\n<p><strong>Programa\u00e7\u00e3o:<\/strong><\/p>\n<h3><strong>Adriana Quedas:\u00a0<\/strong><strong>Planejando e transformando a cidade<\/strong><\/h3>\n<p>Audit\u00f3rio Prestes Maia (Plenarinho)<\/p>\n<p><strong>30\/8 (19h-22h) &#8211;\u00a0<a href=\"https:\/\/www.youtube.com\/watch?v=OFrKNchPb2I\">[V\u00eddeo &#8211; YouTube]<\/a>\u00a0 \u00a0 \u00a0 \u00a0 \u00a0 \u00a0 \u00a0 \u00a0 \u00a0 \u00a0 \u00a0 \u00a0 \u00a0 \u00a0 \u00a0 \u00a0 \u00a0 \u00a0 \u00a0 \u00a0 \u00a0 \u00a0 \u00a0 \u00a0 \u00a0 \u00a0 \u00a0 \u00a0 \u00a0 \u00a0 \u00a0 \u00a0 \u00a0 \u00a0 \u00a0 \u00a0 \u00a0 \u00a0 \u00a0 \u00a0 \u00a0 \u00a0 \u00a0 \u00a0 \u00a0 \u00a0\u00a0<\/strong><\/p>\n<p><strong>04\/9 (19h-22h) &#8211;\u00a0<a href=\"https:\/\/www.youtube.com\/watch?v=OFrKNchPb2I\">[V\u00eddeo 1 &#8211; YouTube]<\/a>\u00a0 <a href=\"https:\/\/www.youtube.com\/watch?v=9XqbWR2MqKQ\">[V\u00eddeo 2 &#8211; YouTube]<\/a>\u00a0<a href=\"https:\/\/www.youtube.com\/watch?v=JChpY6OpMxA\">[V\u00eddeo 3 &#8211; YouTube]<\/a>\u00a0 \u00a0 \u00a0\u00a0<\/strong><\/p>\n<p>Os participantes aprender\u00e3o como usar imagens de Sat\u00e9lite, dados p\u00fablicos e cartografia para conhecer , replanejar e transformar seu bairro e sua cidade.<\/p>\n<p><strong>Inscri\u00e7\u00f5es: encerradas.<\/strong><\/p>\n<p>&nbsp;<\/p>\n<h3><strong>Laryssa Kruger: Entendendo as cidades para construir cidades<\/strong><\/h3>\n<p>Sala Oscar Pedroso Horta<\/p>\n<p><strong>12\/9 (19h-22h) &#8211;\u00a0<a href=\"https:\/\/www.youtube.com\/watch?v=R1MOtym8Lf0\">[V\u00eddeo &#8211; YouTube]<\/a>\u00a0 \u00a0 \u00a0 <\/strong><\/p>\n<p>Pretende compartilhar os diversos instrumentos de Planejamento urbano existentes, englobando desde as diretrizes para as cidades no n\u00edvel federal atrav\u00e9s do Estatuto das Cidades, at\u00e9 os planos de desenvolvimento local materializados nos Planos Diretores Estrat\u00e9gicos (PDE), al\u00e9m de pensar a import\u00e2ncia e\u00a0 como as pol\u00edticas p\u00fablicas est\u00e3o inseridas nestes contextos.<\/p>\n<p><strong>Inscri\u00e7\u00f5es: encerradas.<\/strong><\/p>\n<p>&nbsp;<\/p>\n<h3><strong>Jo\u00e3o Francisco: Na Trilha da Informa\u00e7\u00e3o Governamental<\/strong><\/h3>\n<p>Sala Oscar Pedroso Horta<\/p>\n<p><strong>14\/9 (19h-22h) &#8211; <a href=\"https:\/\/www.youtube.com\/watch?v=MANBCOjKLWs&amp;t=3s\">[V\u00eddeo &#8211; YouTube]<\/a>\u00a0<\/strong><\/p>\n<p>Qual a diferen\u00e7a entre dados, informa\u00e7\u00f5es e conhecimento? E como eles s\u00e3o importantes na rela\u00e7\u00e3o dos cidad\u00e3os com os governos? Voc\u00ea sabe o que s\u00e3o Dados Abertos Governamentais? E como solicitar informa\u00e7\u00f5es de seu interesse ao Poder P\u00fablico de forma simples e gratuita por meio da Lei de Acesso \u00e0 Informa\u00e7\u00e3o? Nessa atividade vamos aprender a buscar e obter dados e informa\u00e7\u00f5es p\u00fablicas importantes em nosso dia a dia e que nos ajudem a compreender melhor os problemas da Cidade e do Bairro e a fiscalizar as a\u00e7\u00f5es e investimentos e as a\u00e7\u00f5es da Prefeitura na nossa regi\u00e3o.<\/p>\n<p><strong>Inscri\u00e7\u00f5es: encerradas.<\/strong><\/p>\n<p>&nbsp;<\/p>\n<h3><strong>J\u00falia Fernandes de Carvalho:\u00a0<\/strong><strong>Minha SP \u2013 Descubra quais s\u00e3o as regras que movem sua cidade<\/strong><\/h3>\n<p><strong>\u00a0<\/strong>Sala Oscar Pedroso Horta<\/p>\n<p><strong>19\/9 (19h-22h) &#8211;\u00a0 <a href=\"https:\/\/www.youtube.com\/watch?v=6kHntr1p7xg\">[V\u00eddeo 1 &#8211; YouTube]<\/a>\u00a0\u00a0<a href=\"https:\/\/www.youtube.com\/watch?v=fU__UFxcOEg&amp;t=15s\">[V\u00eddeo 2 &#8211; YouTube]<\/a>\u00a0<\/strong><\/p>\n<p>A partir da necessidade de desenvolver um projeto que possa despertar um olhar mais interessante sobre a pol\u00edtica em n\u00edvel local, o Minha SP ir\u00e1 conectar mun\u00edcipes e gest\u00e3o municipal, trazendo uma linha de jogos que promova curiosidade, engajamento e aprendizado sobre o Munic\u00edpio, sua estrutura, personagens e processos.<\/p>\n<p><strong>Inscri\u00e7\u00f5es: encerradas.<\/strong><\/p>\n<p>&nbsp;<\/p>\n<h3><strong>Vanessa Mendes:\u00a0<\/strong><strong>Qual o plano para a cidade? Leituras urbanas a partir do Geosampa<\/strong><\/h3>\n<p>Sala Oscar Pedroso Horta<\/p>\n<p><strong>21\/9 (19h-22h) &#8211;\u00a0<a href=\"https:\/\/www.youtube.com\/watch?v=uBW2pSgryeY&amp;t=8s\">[V\u00eddeo &#8211; YouTube]<\/a><\/strong><\/p>\n<p>Essa oficina discutir\u00e1 representa\u00e7\u00f5es, leis, narrativas e sujeitos envolvidos na elabora\u00e7\u00e3o de a\u00e7\u00f5es que transformam a cidade. Ir\u00e1 explorar os recursos e interpretar as informa\u00e7\u00f5es p\u00fablicas dispon\u00edveis no portal GeoSampa e discutir situa\u00e7\u00f5es espec\u00edficas da nossa cidade, relacionando os mapas e dados publicados no portal aos conhecimentos\u00a0 e experi\u00eancias dos participantes. O objetivo \u00e9 pensar criticamente os processos de desenvolvimento urbano de S\u00e3o Paulo e valorizar a atua\u00e7\u00e3o das pessoas enquanto produtoras e planejadoras da cidade em que vivem.<\/p>\n<p><strong>Inscri\u00e7\u00f5es:encerradas.<\/strong><\/p>\n<p>&nbsp;<\/p>\n<h3><strong>Tais Silva Oliveira: Governo aberto nas m\u00eddias sociais<\/strong><\/h3>\n<p>Sala Oscar Pedroso Horta<\/p>\n<p><strong>26\/9 (19h-22h) &#8211;\u00a0<a href=\"https:\/\/www.youtube.com\/watch?v=Yxy0XOk0JIY\">[V\u00eddeo &#8211; YouTube]<\/a><\/strong><\/p>\n<p>Palestra: Como e porque usar a Lei de Acesso \u00e0 Informa\u00e7\u00e3o (LAI)? Balan\u00e7o, avan\u00e7os e pr\u00f3ximos passos da LAI.<\/p>\n<p><strong>Inscri\u00e7\u00f5es:encerradas.<\/strong><\/p>\n","protected":false},"excerpt":{"rendered":"<p>Objetivos:\u00a0Capacitar cidad\u00e3os e gestores p\u00fablicos nas \u00e1reas de transpar\u00eancia, inova\u00e7\u00e3o tecnol\u00f3gica, gest\u00e3o participativa e comunica\u00e7\u00e3o em rede e cultura digital visando aumentar e qualificar a participa\u00e7\u00e3o e o controle social na administra\u00e7\u00e3o p\u00fablica local. Diretor Respons\u00e1vel: Ilza Jorge Coordena\u00e7\u00e3o:\u00a0Let\u00edcia Nery de Figueiredo Programa\u00e7\u00e3o: Adriana Quedas:\u00a0Planejando e transformando a cidade Audit\u00f3rio Prestes Maia (Plenarinho) 30\/8 (19h-22h) [&hellip;]<\/p>\n","protected":false},"author":127,"featured_media":0,"parent":6500,"menu_order":464,"comment_status":"closed","ping_status":"closed","template":"","meta":{"_acf_changed":false,"footnotes":""},"class_list":["post-7523","page","type-page","status-publish","hentry"],"acf":[],"_links":{"self":[{"href":"https:\/\/www.saopaulo.sp.leg.br\/escoladoparlamento\/wp-json\/wp\/v2\/pages\/7523","targetHints":{"allow":["GET"]}}],"collection":[{"href":"https:\/\/www.saopaulo.sp.leg.br\/escoladoparlamento\/wp-json\/wp\/v2\/pages"}],"about":[{"href":"https:\/\/www.saopaulo.sp.leg.br\/escoladoparlamento\/wp-json\/wp\/v2\/types\/page"}],"author":[{"embeddable":true,"href":"https:\/\/www.saopaulo.sp.leg.br\/escoladoparlamento\/wp-json\/wp\/v2\/users\/127"}],"replies":[{"embeddable":true,"href":"https:\/\/www.saopaulo.sp.leg.br\/escoladoparlamento\/wp-json\/wp\/v2\/comments?post=7523"}],"version-history":[{"count":0,"href":"https:\/\/www.saopaulo.sp.leg.br\/escoladoparlamento\/wp-json\/wp\/v2\/pages\/7523\/revisions"}],"up":[{"embeddable":true,"href":"https:\/\/www.saopaulo.sp.leg.br\/escoladoparlamento\/wp-json\/wp\/v2\/pages\/6500"}],"wp:attachment":[{"href":"https:\/\/www.saopaulo.sp.leg.br\/escoladoparlamento\/wp-json\/wp\/v2\/media?parent=7523"}],"curies":[{"name":"wp","href":"https:\/\/api.w.org\/{rel}","templated":true}]}}