{"id":7509,"date":"2017-08-15T14:49:10","date_gmt":"2017-08-15T17:49:10","guid":{"rendered":"http:\/\/www.saopaulo.sp.leg.br\/escoladoparlamento\/?page_id=7509"},"modified":"2017-08-29T14:04:19","modified_gmt":"2017-08-29T17:04:19","slug":"planejamento-de-eventos-institucionais-cerimonial-e-protocolo-nacional-e-internacional","status":"publish","type":"page","link":"https:\/\/www.saopaulo.sp.leg.br\/escoladoparlamento\/cursos\/cursos-anteriores\/cursos-realizados-em-2017\/planejamento-de-eventos-institucionais-cerimonial-e-protocolo-nacional-e-internacional\/","title":{"rendered":"Planejamento de eventos institucionais, cerimonial e protocolo nacional e internacional"},"content":{"rendered":"<figure id=\"attachment_4812\" aria-describedby=\"caption-attachment-4812\" style=\"width: 150px\" class=\"wp-caption alignright\"><a href=\"http:\/\/www.saopaulo.sp.leg.br\/escoladoparlamento\/wp-content\/uploads\/sites\/5\/2016\/07\/logoEscoladeContas-TCM.png\"><img loading=\"lazy\" decoding=\"async\" class=\"wp-image-4812 size-full\" src=\"http:\/\/www.saopaulo.sp.leg.br\/escoladoparlamento\/wp-content\/uploads\/sites\/5\/2016\/07\/logoEscoladeContas-TCM.png\" alt=\"logoEscoladeContas TCM\" width=\"150\" height=\"75\" \/><\/a><figcaption id=\"caption-attachment-4812\" class=\"wp-caption-text\">Este curso \u00e9 uma parceria com a Escola de Contas do TCM-SP<\/figcaption><\/figure>\n<h1>23 e 24\/08 &#8211;\u00a09h30 \u00e0s 18h30<\/h1>\n<h2>Reinaldo Rocha Duarte &#8211; Chefe do Cerimonial do TCM-SP<\/h2>\n<p><strong>Objetivos:<\/strong>\u00a0Oferecer aos funcion\u00e1rios de gabinete dos vereadores treinamento\/reciclagem em planejamento, organiza\u00e7\u00e3o e execu\u00e7\u00e3o de eventos, com aplica\u00e7\u00e3o das normas de protocolo nacional e internacional.<\/p>\n<p><strong>Diretor Respons\u00e1vel e Coordena\u00e7\u00e3o:<\/strong> Mateus Novaes<\/p>\n<p><strong>Local:<\/strong> Sala de Treinamento, 1315-B<\/p>\n<p><strong>P\u00fablico Alvo:<\/strong>\u00a0Servidores de carreira e funcion\u00e1rios de gabinetes dos vereadores, exclusivamente.<\/p>\n<p><strong>Vagas:<\/strong> 25<\/p>\n<p><strong>Carga Hor\u00e1ria:<\/strong> 16h<\/p>\n<h2><strong>Inscri\u00e7\u00f5es:<\/strong> Encerradas.<\/h2>\n<p>&nbsp;<\/p>\n<p>&nbsp;<\/p>\n","protected":false},"excerpt":{"rendered":"<p>23 e 24\/08 &#8211;\u00a09h30 \u00e0s 18h30 Reinaldo Rocha Duarte &#8211; Chefe do Cerimonial do TCM-SP Objetivos:\u00a0Oferecer aos funcion\u00e1rios de gabinete dos vereadores treinamento\/reciclagem em planejamento, organiza\u00e7\u00e3o e execu\u00e7\u00e3o de eventos, com aplica\u00e7\u00e3o das normas de protocolo nacional e internacional. Diretor Respons\u00e1vel e Coordena\u00e7\u00e3o: Mateus Novaes Local: Sala de Treinamento, 1315-B P\u00fablico Alvo:\u00a0Servidores de carreira e [&hellip;]<\/p>\n","protected":false},"author":127,"featured_media":0,"parent":6500,"menu_order":466,"comment_status":"closed","ping_status":"closed","template":"","meta":{"_acf_changed":false,"footnotes":""},"class_list":["post-7509","page","type-page","status-publish","hentry"],"acf":[],"_links":{"self":[{"href":"https:\/\/www.saopaulo.sp.leg.br\/escoladoparlamento\/wp-json\/wp\/v2\/pages\/7509","targetHints":{"allow":["GET"]}}],"collection":[{"href":"https:\/\/www.saopaulo.sp.leg.br\/escoladoparlamento\/wp-json\/wp\/v2\/pages"}],"about":[{"href":"https:\/\/www.saopaulo.sp.leg.br\/escoladoparlamento\/wp-json\/wp\/v2\/types\/page"}],"author":[{"embeddable":true,"href":"https:\/\/www.saopaulo.sp.leg.br\/escoladoparlamento\/wp-json\/wp\/v2\/users\/127"}],"replies":[{"embeddable":true,"href":"https:\/\/www.saopaulo.sp.leg.br\/escoladoparlamento\/wp-json\/wp\/v2\/comments?post=7509"}],"version-history":[{"count":0,"href":"https:\/\/www.saopaulo.sp.leg.br\/escoladoparlamento\/wp-json\/wp\/v2\/pages\/7509\/revisions"}],"up":[{"embeddable":true,"href":"https:\/\/www.saopaulo.sp.leg.br\/escoladoparlamento\/wp-json\/wp\/v2\/pages\/6500"}],"wp:attachment":[{"href":"https:\/\/www.saopaulo.sp.leg.br\/escoladoparlamento\/wp-json\/wp\/v2\/media?parent=7509"}],"curies":[{"name":"wp","href":"https:\/\/api.w.org\/{rel}","templated":true}]}}