{"id":7348,"date":"2017-07-17T14:34:19","date_gmt":"2017-07-17T17:34:19","guid":{"rendered":"http:\/\/www.saopaulo.sp.leg.br\/escoladoparlamento\/?page_id=7348"},"modified":"2018-10-30T16:21:42","modified_gmt":"2018-10-30T19:21:42","slug":"7348-2","status":"publish","type":"page","link":"https:\/\/www.saopaulo.sp.leg.br\/escoladoparlamento\/cursos\/cursos-anteriores\/cursos-realizados-em-2017\/7348-2\/","title":{"rendered":"Direitos Humanos e o Eca no Cotidiano das Escolas"},"content":{"rendered":"<p><strong>Objetivos:<\/strong> C<span style=\"font-size: medium\">ontribuir com a efetiva\u00e7\u00e3o da <a href=\"http:\/\/www.planalto.gov.br\/ccivil_03\/_Ato2007-2010\/2007\/Lei\/L11525.htm\">Lei 11.525\/07<\/a> \u2013 que inclui no curr\u00edculo do ensino fundamental conte\u00fados que tratem dos direitos das crian\u00e7as e dos adolescentes, tendo como diretriz o Estatuto da Crian\u00e7a e do Adolescente (<a href=\"http:\/\/www.planalto.gov.br\/ccivil_03\/Leis\/L8069Compilado.htm\">ECA &#8211; Lei 8069\/90<\/a>). Ajudar a fortalecer uma cultura de respeito aos direitos humanos nas escolas participantes. <\/span>Capacitar os gestores e professores sobre conte\u00fados e pr\u00e1ticas que abordem direitos das crian\u00e7as e dos adolescentes; Contribuir para que os gestores e professores possam provocar, refletir, problematizar e incorporar, no ambiente escolar, quest\u00f5es relacionadas aos direitos e deveres de crian\u00e7as e adolescentes; Criar e fortalecer uma cultura de respeito aos direitos humanos das crian\u00e7as e dos adolescentes.<\/p>\n<p><b><span style=\"font-size: medium\">Diretores Respons\u00e1veis: <\/span><\/b><span style=\"font-size: medium\">Humberto Dantas\/Ilza Val\u00e9ria Moreira Jorge<\/span><b> <\/b><\/p>\n<p><strong>Coordena\u00e7\u00e3o:<\/strong> Silvia Aparecida Santos de Carvalho\/ Elio Araujo da Silva<\/p>\n<h2><span style=\"color: #800000\"><strong>P\u00fablico Alvo: Exclusivamente para funcion\u00e1rios de SME:<\/strong>\u00a0Gestores, Professores, Profissionais do Quadro de Apoio, das DREs e SME, etc.<\/span><\/h2>\n<p><strong>Vagas:<\/strong> 50<\/p>\n<p><strong>Carga Hor\u00e1ria:<\/strong> 12h (3 encontros de 4h)<\/p>\n<p><strong>Local:<\/strong> Sala S\u00e9rgio Vieira de Mello<\/p>\n<h3><strong>Inscri\u00e7\u00f5es: Encerradas.<\/strong><\/h3>\n<p><strong>Programa\u00e7\u00e3o:<\/strong><\/p>\n<table>\n<tbody>\n<tr>\n<td><strong>Data\/Hora<\/strong><\/td>\n<td><strong>Palestrante<\/strong><\/td>\n<td><strong>Tema<\/strong><\/td>\n<\/tr>\n<tr>\n<td><strong>15\/ago<\/strong><\/p>\n<p>(14-18h)<\/td>\n<td>\u00a0Anna Cec\u00edlia\u00a0Koebcke Couto Sim\u00f5es (Supervisora Escolar em SME)<\/td>\n<td>Direitos Humanos, o Estatuto da Crian\u00e7a e do Adolescente e a Pedagogia do Cuidado: pensando a Educa\u00e7\u00e3o Integral<\/p>\n<p><a href=\"https:\/\/www.youtube.com\/watch?v=4p89bs6qLEE\"><strong>[V\u00eddeo 1 &#8211; YouTube]<\/strong><\/a><\/p>\n<p><a href=\"https:\/\/www.youtube.com\/watch?v=QR6_SI2IJ4E\"><strong>[V\u00eddeo 2 &#8211; YouTube]<\/strong><\/a><\/td>\n<\/tr>\n<tr>\n<td><strong>22\/ago<\/strong><\/p>\n<p>(14-18h)<\/td>\n<td>\u00a0Ant\u00f4nio Carlos Oz\u00f3rio Nunes (Promotor de Justi\u00e7a do MP-SP)<\/td>\n<td>O adolescente em conflito com a lei: atos infracionais, Conselho Tutelar e a Escola<\/p>\n<p><a href=\"https:\/\/www.youtube.com\/watch?v=7_guDmXstvg\"><strong>[V\u00eddeo 1 &#8211; YouTube]<\/strong>\u00a0<\/a><\/p>\n<p><a href=\"https:\/\/www.youtube.com\/watch?v=CAu4uiVQwxc\"><strong>[V\u00eddeo 2 &#8211; YouTube]<\/strong>\u00a0<\/a><\/p>\n<p><a href=\"https:\/\/www.youtube.com\/watch?v=Poc5uUHuE9g\"><strong>[V\u00eddeo 3 &#8211; YouTube]<\/strong>\u00a0<\/a><\/p>\n<p><a href=\"https:\/\/www.youtube.com\/watch?v=lbw28NcF8BY\"><strong>[V\u00eddeo 4 &#8211; YouTube]<\/strong>\u00a0<\/a><\/td>\n<\/tr>\n<tr>\n<td><strong>29\/ago<\/strong><\/p>\n<p>(14-18h)<\/td>\n<td>\u00a0<a href=\"http:\/\/lattes.cnpq.br\/4288652534501962\">Concei\u00e7\u00e3o Mingato<\/a><\/td>\n<td>A Rede de Prote\u00e7\u00e3o \u00e0 crian\u00e7a e ao adolescente e a intersetorialidade das pol\u00edticas sociais<\/p>\n<p><a href=\"https:\/\/www.youtube.com\/watch?v=_P_V3swc2Xs\"><strong>[V\u00eddeo 1 &#8211; YouTube]<\/strong>\u00a0<\/a><\/p>\n<p><a href=\"https:\/\/www.youtube.com\/watch?v=FDinVJ_jNes\"><strong>[V\u00eddeo 2 &#8211; YouTube]<\/strong>\u00a0<\/a><\/td>\n<\/tr>\n<\/tbody>\n<\/table>\n<p>&nbsp;<\/p>\n","protected":false},"excerpt":{"rendered":"<p>Objetivos: Contribuir com a efetiva\u00e7\u00e3o da Lei 11.525\/07 \u2013 que inclui no curr\u00edculo do ensino fundamental conte\u00fados que tratem dos direitos das crian\u00e7as e dos adolescentes, tendo como diretriz o Estatuto da Crian\u00e7a e do Adolescente (ECA &#8211; Lei 8069\/90). Ajudar a fortalecer uma cultura de respeito aos direitos humanos nas escolas participantes. Capacitar os [&hellip;]<\/p>\n","protected":false},"author":127,"featured_media":0,"parent":6500,"menu_order":470,"comment_status":"closed","ping_status":"closed","template":"","meta":{"_acf_changed":false,"footnotes":""},"class_list":["post-7348","page","type-page","status-publish","hentry"],"acf":[],"_links":{"self":[{"href":"https:\/\/www.saopaulo.sp.leg.br\/escoladoparlamento\/wp-json\/wp\/v2\/pages\/7348","targetHints":{"allow":["GET"]}}],"collection":[{"href":"https:\/\/www.saopaulo.sp.leg.br\/escoladoparlamento\/wp-json\/wp\/v2\/pages"}],"about":[{"href":"https:\/\/www.saopaulo.sp.leg.br\/escoladoparlamento\/wp-json\/wp\/v2\/types\/page"}],"author":[{"embeddable":true,"href":"https:\/\/www.saopaulo.sp.leg.br\/escoladoparlamento\/wp-json\/wp\/v2\/users\/127"}],"replies":[{"embeddable":true,"href":"https:\/\/www.saopaulo.sp.leg.br\/escoladoparlamento\/wp-json\/wp\/v2\/comments?post=7348"}],"version-history":[{"count":0,"href":"https:\/\/www.saopaulo.sp.leg.br\/escoladoparlamento\/wp-json\/wp\/v2\/pages\/7348\/revisions"}],"up":[{"embeddable":true,"href":"https:\/\/www.saopaulo.sp.leg.br\/escoladoparlamento\/wp-json\/wp\/v2\/pages\/6500"}],"wp:attachment":[{"href":"https:\/\/www.saopaulo.sp.leg.br\/escoladoparlamento\/wp-json\/wp\/v2\/media?parent=7348"}],"curies":[{"name":"wp","href":"https:\/\/api.w.org\/{rel}","templated":true}]}}