{"id":7341,"date":"2017-07-17T13:10:58","date_gmt":"2017-07-17T16:10:58","guid":{"rendered":"http:\/\/www.saopaulo.sp.leg.br\/escoladoparlamento\/?page_id=7341"},"modified":"2018-10-31T12:29:15","modified_gmt":"2018-10-31T15:29:15","slug":"seminario-poder-legislativo-sob-diferentes-olhares","status":"publish","type":"page","link":"https:\/\/www.saopaulo.sp.leg.br\/escoladoparlamento\/cursos\/cursos-anteriores\/cursos-realizados-em-2017\/seminario-poder-legislativo-sob-diferentes-olhares\/","title":{"rendered":"Semin\u00e1rio: Legislativo em Debate"},"content":{"rendered":"<p>O Poder Legislativo sofre com significativa crise de legitimidade na sociedade, e conhec\u00ea-lo de forma mais profunda \u00e9 infinitamente relevante. A revista <a href=\"http:\/\/www.kas.de\/brasilien\/pt\/pages\/6508\/\">Cadernos Adenauer<\/a> \u00e9 uma publica\u00e7\u00e3o acad\u00eamica da <a href=\"http:\/\/www.kas.de\/brasilien\/pt\/\">Funda\u00e7\u00e3o Konrad Adenauer<\/a> que tem como objetivo lan\u00e7ar anualmente quatro n\u00fameros com temas espec\u00edficos. O n\u00famero 2 de 2017 \u00e9 sobre o Poder Legislativo, e mais de uma dezena de autores discutem o Legislativo sob diferentes vis\u00f5es e em diferentes esferas \u2013 desde a continental (Parlasul) at\u00e9 as c\u00e2maras municipais.<\/p>\n<p><strong>Objetivos:<\/strong> Receber autores dessa publica\u00e7\u00e3o em uma mesa \u00fanica e promover um debate\u00a0sobre o Poder Legislativo. A revista impressa ser\u00e1 distribu\u00edda gratuitamente no evento.<\/p>\n<p><strong>Diretor Respons\u00e1vel:<\/strong> Humberto Dantas<\/p>\n<p><strong>P\u00fablico Alvo:<\/strong> Servidores do Poder Legislativo, educadores, estudantes e cidad\u00e3os em geral.<\/p>\n<p><strong>Carga Hor\u00e1ria:<\/strong> 3h<\/p>\n<h2>Dia 7\/8, segunda-feira, 19h-22h<\/h2>\n<h3>Audit\u00f3rio Prestes Maia (Plenarinho)<\/h3>\n<p><a href=\"https:\/\/www.youtube.com\/watch?v=LrGIG3aupzE\"><strong>[V\u00eddeo 1 &#8211; YouTube]<\/strong><\/a><\/p>\n<p><a href=\"https:\/\/www.youtube.com\/watch?v=0QtHN5cjnjY\"><strong>[V\u00eddeo 2 &#8211; YouTube]<\/strong><\/a><\/p>\n<p><strong>Debatedores: <\/strong>Joyce Luz, Andrea Freitas, Vitor Oliveira, Bruno Silva, Lucas Ambrozio, Maira Lopes e Ana Paula Massonetto.<\/p>\n<p><strong>Media\u00e7\u00e3o:<\/strong> Reinaldo Themoteo (Coordenador Editorial da Cadernos Adenauer) e Humberto Dantas<\/p>\n<h2>Inscri\u00e7\u00f5es encerradas.<\/h2>\n<div style=\"width: 1000px;overflow: hidden\"><\/div>\n","protected":false},"excerpt":{"rendered":"<p>O Poder Legislativo sofre com significativa crise de legitimidade na sociedade, e conhec\u00ea-lo de forma mais profunda \u00e9 infinitamente relevante. A revista Cadernos Adenauer \u00e9 uma publica\u00e7\u00e3o acad\u00eamica da Funda\u00e7\u00e3o Konrad Adenauer que tem como objetivo lan\u00e7ar anualmente quatro n\u00fameros com temas espec\u00edficos. O n\u00famero 2 de 2017 \u00e9 sobre o Poder Legislativo, e mais [&hellip;]<\/p>\n","protected":false},"author":127,"featured_media":0,"parent":6500,"menu_order":473,"comment_status":"closed","ping_status":"closed","template":"","meta":{"_acf_changed":false,"footnotes":""},"class_list":["post-7341","page","type-page","status-publish","hentry"],"acf":[],"_links":{"self":[{"href":"https:\/\/www.saopaulo.sp.leg.br\/escoladoparlamento\/wp-json\/wp\/v2\/pages\/7341","targetHints":{"allow":["GET"]}}],"collection":[{"href":"https:\/\/www.saopaulo.sp.leg.br\/escoladoparlamento\/wp-json\/wp\/v2\/pages"}],"about":[{"href":"https:\/\/www.saopaulo.sp.leg.br\/escoladoparlamento\/wp-json\/wp\/v2\/types\/page"}],"author":[{"embeddable":true,"href":"https:\/\/www.saopaulo.sp.leg.br\/escoladoparlamento\/wp-json\/wp\/v2\/users\/127"}],"replies":[{"embeddable":true,"href":"https:\/\/www.saopaulo.sp.leg.br\/escoladoparlamento\/wp-json\/wp\/v2\/comments?post=7341"}],"version-history":[{"count":0,"href":"https:\/\/www.saopaulo.sp.leg.br\/escoladoparlamento\/wp-json\/wp\/v2\/pages\/7341\/revisions"}],"up":[{"embeddable":true,"href":"https:\/\/www.saopaulo.sp.leg.br\/escoladoparlamento\/wp-json\/wp\/v2\/pages\/6500"}],"wp:attachment":[{"href":"https:\/\/www.saopaulo.sp.leg.br\/escoladoparlamento\/wp-json\/wp\/v2\/media?parent=7341"}],"curies":[{"name":"wp","href":"https:\/\/api.w.org\/{rel}","templated":true}]}}