{"id":7256,"date":"2017-07-11T15:20:04","date_gmt":"2017-07-11T18:20:04","guid":{"rendered":"http:\/\/www.saopaulo.sp.leg.br\/escoladoparlamento\/?page_id=7256"},"modified":"2017-07-11T15:20:04","modified_gmt":"2017-07-11T18:20:04","slug":"mrosc-marco-regulatorio-das-organizacoes-da-sociedade-civil","status":"publish","type":"page","link":"https:\/\/www.saopaulo.sp.leg.br\/escoladoparlamento\/cursos\/cursos-anteriores\/cursos-realizados-em-2017\/mrosc-marco-regulatorio-das-organizacoes-da-sociedade-civil\/","title":{"rendered":"MROSC &#8211; Marco Regulat\u00f3rio das Organiza\u00e7\u00f5es da Sociedade Civil"},"content":{"rendered":"<p><iframe loading=\"lazy\" title=\"CMSP discute nova lei das organiza\u00e7\u00f5es da sociedade civil\" width=\"640\" height=\"480\" src=\"https:\/\/www.youtube.com\/embed\/mQbyJWrn7Ac?feature=oembed\" frameborder=\"0\" allow=\"accelerometer; autoplay; clipboard-write; encrypted-media; gyroscope; picture-in-picture; web-share\" referrerpolicy=\"strict-origin-when-cross-origin\" allowfullscreen><\/iframe><br \/>\nhttp:\/\/www.saopaulo.sp.leg.br\/blog\/cmsp-recebe-seminario-sobre-o-marco-regulatorio-das-organizacoes-da-sociedade-civil\/<\/p>\n","protected":false},"excerpt":{"rendered":"<p>http:\/\/www.saopaulo.sp.leg.br\/blog\/cmsp-recebe-seminario-sobre-o-marco-regulatorio-das-organizacoes-da-sociedade-civil\/<\/p>\n","protected":false},"author":127,"featured_media":0,"parent":6500,"menu_order":477,"comment_status":"closed","ping_status":"closed","template":"","meta":{"_acf_changed":false,"footnotes":""},"class_list":["post-7256","page","type-page","status-publish","hentry"],"acf":[],"_links":{"self":[{"href":"https:\/\/www.saopaulo.sp.leg.br\/escoladoparlamento\/wp-json\/wp\/v2\/pages\/7256","targetHints":{"allow":["GET"]}}],"collection":[{"href":"https:\/\/www.saopaulo.sp.leg.br\/escoladoparlamento\/wp-json\/wp\/v2\/pages"}],"about":[{"href":"https:\/\/www.saopaulo.sp.leg.br\/escoladoparlamento\/wp-json\/wp\/v2\/types\/page"}],"author":[{"embeddable":true,"href":"https:\/\/www.saopaulo.sp.leg.br\/escoladoparlamento\/wp-json\/wp\/v2\/users\/127"}],"replies":[{"embeddable":true,"href":"https:\/\/www.saopaulo.sp.leg.br\/escoladoparlamento\/wp-json\/wp\/v2\/comments?post=7256"}],"version-history":[{"count":0,"href":"https:\/\/www.saopaulo.sp.leg.br\/escoladoparlamento\/wp-json\/wp\/v2\/pages\/7256\/revisions"}],"up":[{"embeddable":true,"href":"https:\/\/www.saopaulo.sp.leg.br\/escoladoparlamento\/wp-json\/wp\/v2\/pages\/6500"}],"wp:attachment":[{"href":"https:\/\/www.saopaulo.sp.leg.br\/escoladoparlamento\/wp-json\/wp\/v2\/media?parent=7256"}],"curies":[{"name":"wp","href":"https:\/\/api.w.org\/{rel}","templated":true}]}}