{"id":7002,"date":"2017-06-19T15:44:33","date_gmt":"2017-06-19T18:44:33","guid":{"rendered":"http:\/\/www.saopaulo.sp.leg.br\/escoladoparlamento\/?page_id=7002"},"modified":"2017-10-24T15:33:23","modified_gmt":"2017-10-24T17:33:23","slug":"seminario-nova-lei-de-migracao-e-acolhida-e-integracao-de-refugiados-na-cidade-de-sao-paulo","status":"publish","type":"page","link":"https:\/\/www.saopaulo.sp.leg.br\/escoladoparlamento\/cursos\/cursos-anteriores\/cursos-realizados-em-2017\/seminario-nova-lei-de-migracao-e-acolhida-e-integracao-de-refugiados-na-cidade-de-sao-paulo\/","title":{"rendered":"Nova Lei de Migra\u00e7\u00e3o e Acolhida e Integra\u00e7\u00e3o de Refugiados na Cidade de S\u00e3o Paulo"},"content":{"rendered":"<p><iframe loading=\"lazy\" title=\"Escola do Parlamento debate legisla\u00e7\u00e3o sobre migrantes\" width=\"640\" height=\"480\" src=\"https:\/\/www.youtube.com\/embed\/m1e9pCAGqQ8?feature=oembed\" frameborder=\"0\" allow=\"accelerometer; autoplay; clipboard-write; encrypted-media; gyroscope; picture-in-picture; web-share\" referrerpolicy=\"strict-origin-when-cross-origin\" allowfullscreen><\/iframe><\/p>\n<p>http:\/\/www.saopaulo.sp.leg.br\/blog\/escola-do-parlamento-debate-a-nova-lei-de-migracao\/<\/p>\n<hr \/>\n<p>&nbsp;<\/p>\n<p><strong>Objetivos:\u00a0<\/strong>O Estado brasileiro tem recebido cada vez mais v\u00edtimas de conflitos de guerra, segrega\u00e7\u00e3o e outros tipos de viol\u00eancia, acolhendo refugiados de v\u00e1rias partes do mundo.\u00a0 S\u00e3o Paulo \u00e9 o destino da maior parte da popula\u00e7\u00e3o migrante e refugiada. Dados da Secretaria Municipal de Direitos Humanos somam 385 mil pessoas nesta condi\u00e7\u00e3o na cidade. Diante deste cen\u00e1rio, \u00e9 fundamental apresentar e discutir as pol\u00edticas municipais de acolhida e integra\u00e7\u00e3o que tem a cidade. Al\u00e9m disto, esta nova realidade exigiu uma nova lei da Migra\u00e7\u00e3o, aprovada em maio deste ano visando a regula\u00e7\u00e3o da entrada e a perman\u00eancia de estrangeiros no pa\u00eds e que veio substituir o Estatuto do Estrangeiro de 1980.<\/p>\n<p><strong>Diretor Respons\u00e1vel:<\/strong> Humberto Dantas<\/p>\n<p><strong>Coordena\u00e7\u00e3o:<\/strong> Ilza Jorge<\/p>\n<p><strong>P\u00fablico Alvo:<\/strong>\u00a0Servidores p\u00fablicos, gestores, organiza\u00e7\u00f5es da Sociedade Civil, estudantes e mun\u00edcipes interessados.<\/p>\n<p><strong>Vagas:<\/strong> 180<\/p>\n<p><strong>Carga Hor\u00e1ria: <\/strong>3h<\/p>\n<h2><strong>Inscri\u00e7\u00f5es:<\/strong>\u00a0Encerradas.<\/h2>\n<p><strong>Local:<\/strong>\u00a0<a title=\"Audit\u00f3rio Prestes Maia\" href=\"http:\/\/www.saopaulo.sp.leg.br\/transparencia\/auditorios-online\/auditorio-prestes-maia\/\">Audit\u00f3rio Prestes Maia (Plenarinho)<\/a><\/p>\n<h3>[<a href=\"http:\/\/camarasp.flashserverbr.com\/25874\">V\u00eddeo 1<\/a>] [<a href=\"http:\/\/camarasp.flashserverbr.com\/25865\">V\u00eddeo 2<\/a>]<\/h3>\n<p><strong>Programa\u00e7\u00e3o:<\/strong><\/p>\n<table>\n<tbody>\n<tr>\n<td><strong>Data<\/strong><\/td>\n<td><strong>Palestrante<\/strong><\/td>\n<td><strong>Tema<\/strong><\/td>\n<\/tr>\n<tr>\n<td rowspan=\"4\"><strong>27\/6\/17\u00a0<\/strong><\/p>\n<p>19-22h<\/td>\n<td>\u00a0Manuel Furriela (OAB)<\/td>\n<td>Abertura<\/td>\n<\/tr>\n<tr>\n<td>Ver.Eduardo Suplicy e Ver. Eduardo Tuma (PSDB)<\/td>\n<td>Nova Lei de Migra\u00e7\u00e3o<\/td>\n<\/tr>\n<tr>\n<td>Pe. Paolo Parise (Miss\u00e3o Paz) e Viviana Pe\u00f1a (CRAI)<\/td>\n<td>Resultado da CPI da Migra\u00e7\u00e3o<\/td>\n<\/tr>\n<tr>\n<td>Ilza Jorge<\/td>\n<td>Acolhida e Integra\u00e7\u00e3o dos refugiados na cidade de S\u00e3o Paulo<\/td>\n<\/tr>\n<\/tbody>\n<\/table>\n","protected":false},"excerpt":{"rendered":"<p>http:\/\/www.saopaulo.sp.leg.br\/blog\/escola-do-parlamento-debate-a-nova-lei-de-migracao\/ &nbsp; Objetivos:\u00a0O Estado brasileiro tem recebido cada vez mais v\u00edtimas de conflitos de guerra, segrega\u00e7\u00e3o e outros tipos de viol\u00eancia, acolhendo refugiados de v\u00e1rias partes do mundo.\u00a0 S\u00e3o Paulo \u00e9 o destino da maior parte da popula\u00e7\u00e3o migrante e refugiada. Dados da Secretaria Municipal de Direitos Humanos somam 385 mil pessoas nesta condi\u00e7\u00e3o na [&hellip;]<\/p>\n","protected":false},"author":127,"featured_media":0,"parent":6500,"menu_order":504,"comment_status":"closed","ping_status":"closed","template":"","meta":{"_acf_changed":false,"footnotes":""},"class_list":["post-7002","page","type-page","status-publish","hentry"],"acf":[],"_links":{"self":[{"href":"https:\/\/www.saopaulo.sp.leg.br\/escoladoparlamento\/wp-json\/wp\/v2\/pages\/7002","targetHints":{"allow":["GET"]}}],"collection":[{"href":"https:\/\/www.saopaulo.sp.leg.br\/escoladoparlamento\/wp-json\/wp\/v2\/pages"}],"about":[{"href":"https:\/\/www.saopaulo.sp.leg.br\/escoladoparlamento\/wp-json\/wp\/v2\/types\/page"}],"author":[{"embeddable":true,"href":"https:\/\/www.saopaulo.sp.leg.br\/escoladoparlamento\/wp-json\/wp\/v2\/users\/127"}],"replies":[{"embeddable":true,"href":"https:\/\/www.saopaulo.sp.leg.br\/escoladoparlamento\/wp-json\/wp\/v2\/comments?post=7002"}],"version-history":[{"count":0,"href":"https:\/\/www.saopaulo.sp.leg.br\/escoladoparlamento\/wp-json\/wp\/v2\/pages\/7002\/revisions"}],"up":[{"embeddable":true,"href":"https:\/\/www.saopaulo.sp.leg.br\/escoladoparlamento\/wp-json\/wp\/v2\/pages\/6500"}],"wp:attachment":[{"href":"https:\/\/www.saopaulo.sp.leg.br\/escoladoparlamento\/wp-json\/wp\/v2\/media?parent=7002"}],"curies":[{"name":"wp","href":"https:\/\/api.w.org\/{rel}","templated":true}]}}