{"id":6907,"date":"2017-05-29T18:02:21","date_gmt":"2017-05-29T21:02:21","guid":{"rendered":"http:\/\/www.saopaulo.sp.leg.br\/escoladoparlamento\/?page_id=6907"},"modified":"2018-10-30T17:20:28","modified_gmt":"2018-10-30T20:20:28","slug":"curso-de-iniciacao-politica","status":"publish","type":"page","link":"https:\/\/www.saopaulo.sp.leg.br\/escoladoparlamento\/cursos\/cursos-anteriores\/cursos-realizados-em-2017\/curso-de-iniciacao-politica\/","title":{"rendered":"Curso de Inicia\u00e7\u00e3o Pol\u00edtica"},"content":{"rendered":"<p><iframe loading=\"lazy\" title=\"Escola do Parlamento promove curso de inicia\u00e7\u00e3o pol\u00edtica\" width=\"640\" height=\"480\" src=\"https:\/\/www.youtube.com\/embed\/kGhcuiNZpI4?feature=oembed\" frameborder=\"0\" allow=\"accelerometer; autoplay; clipboard-write; encrypted-media; gyroscope; picture-in-picture; web-share\" referrerpolicy=\"strict-origin-when-cross-origin\" allowfullscreen><\/iframe><\/p>\n<hr \/>\n<h5>Este evento \u00e9 fruto de uma parceria com a Funda\u00e7\u00e3o Konrad Adenauer<\/h5>\n<p><strong>Objetivos:<\/strong> Com base em experi\u00eancia realizada junto a jovens nas periferias de S\u00e3o Paulo desde 2009, trazer para Escola do Parlamento da C\u00e2mara Municipal de S\u00e3o Paulo, em parceria com a Funda\u00e7\u00e3o Konrad Adenauer, o curso que formou mais de 90 turmas e cerca de 10 mil pessoas em nove anos de atividades. O curso tem como objetivo discutir os conceitos de democracia, cidadania e a organiza\u00e7\u00e3o do Estado no Brasil com \u00eanfase em exemplos e discuss\u00f5es que sejam aplicados \u00e0 nossa realidade municipal.<\/p>\n<p><strong>Diretor Respons\u00e1vel:<\/strong> Ilza Jorge<\/p>\n<p><strong>Coordena\u00e7\u00e3o:<\/strong> Humberto Dantas<\/p>\n<p><strong>P\u00fablico Alvo:<\/strong> jovens estudantes do Ensino M\u00e9dio, universit\u00e1rios, cidad\u00e3os em geral, Servidores P\u00fablicos, Conselheiros e membros da sociedade civil organizada.<\/p>\n<p><strong>Vagas:<\/strong> 60<\/p>\n<p><strong>Carga Hor\u00e1ria:<\/strong> 09 horas<\/p>\n<h2><strong>Inscri\u00e7\u00f5es: Encerradas<\/strong>.<\/h2>\n<p><strong>Programa\u00e7\u00e3o:<\/strong><\/p>\n<table>\n<tbody>\n<tr>\n<td><strong>Data\/Hora<\/strong><\/td>\n<td><strong>Sala<\/strong><\/td>\n<td><strong>Palestrante<\/strong><\/td>\n<td><strong>Tema<\/strong><\/td>\n<\/tr>\n<tr>\n<td><strong>19\/6<\/strong><\/p>\n<p>19-22h<\/td>\n<td>Sala Oscar Pedroso Horta<\/td>\n<td>Rodrigo Estramanho<\/td>\n<td><em>Democracia e realidade pol\u00edtica<\/em><\/p>\n<p><a href=\"https:\/\/www.youtube.com\/watch?v=y5B263Vl6d8&amp;t=5566s\"><strong><em> [V\u00eddeo 1 &#8211; YouTube]<\/em><\/strong><\/a><\/p>\n<p><a href=\"https:\/\/www.youtube.com\/watch?v=d4DoXXQeltU\"><strong><em> [V\u00eddeo 2- YouTube]<\/em><\/strong><\/a><\/td>\n<\/tr>\n<tr>\n<td><strong>20\/6<\/strong><\/p>\n<p>19-22h<\/td>\n<td>Sala Oscar Pedroso Horta<\/td>\n<td>Bruno Souza da Silva<\/td>\n<td><em>Cidadania e conquista de direitos <\/em><\/p>\n<p><a href=\"https:\/\/www.youtube.com\/watch?v=Dh8VlRVZc_M\"><strong><em>[V\u00eddeo 1 &#8211; YouTube] <\/em><\/strong><\/a><\/p>\n<p><a href=\"https:\/\/www.youtube.com\/watch?v=XMxxXbmZUZQ&amp;t=5s\"><strong><em>[V\u00eddeo 2 &#8211; YouTube]<\/em><\/strong><\/a><\/td>\n<\/tr>\n<tr>\n<td><strong>21\/6<\/strong><\/p>\n<p>19-22h<\/td>\n<td>Sala Oscar Pedroso Horta<\/td>\n<td>M\u00f4nica Sodr\u00e9<\/td>\n<td><em>Estrutura do Estado no Brasil\u00a0<\/em><\/p>\n<p><a href=\"https:\/\/www.youtube.com\/watch?v=Wqw9bdGEF5o\"><strong><em>[V\u00eddeo &#8211; YouTube]<\/em><\/strong><\/a><\/td>\n<\/tr>\n<\/tbody>\n<\/table>\n<p><strong>Bibliografia:<\/strong><\/p>\n<p>DANTAS, H. O jovem e a educa\u00e7\u00e3o pol\u00edtica \u2013 ampliando an\u00e1lises e a\u00e7\u00f5es. Rio de Janeiro: Funda\u00e7\u00e3o Konrad Adenauer, Brasil em Foco, janeiro de 2016a.<\/p>\n<p>DANTAS, H. O jovem e a educa\u00e7\u00e3o pol\u00edtica \u2013 aperfei\u00e7oando an\u00e1lises. Rio de Janeiro: Funda\u00e7\u00e3o Konrad Adenauer, Brasil em Foco, dezembro de 2016b.<\/p>\n<p>DANTAS, H. O jovem e a educa\u00e7\u00e3o pol\u00edtica \u2013 nova rodada de an\u00e1lises. Rio de Janeiro: Funda\u00e7\u00e3o Konrad Adenauer, Brasil em Foco, dezembro de 2014.<\/p>\n<p>DANTAS, H. O jovem e a educa\u00e7\u00e3o pol\u00edtica \u2013 percep\u00e7\u00f5es com base em experi\u00eancia. Rio de Janeiro: Funda\u00e7\u00e3o Konrad Adenauer, Brasil em Foco, dezembro de 2013.<\/p>\n<p>DANTAS, H. SCHIAVI, I. \u201cILP e a educa\u00e7\u00e3o pol\u00edtica \u2013 percep\u00e7\u00f5es com base em atividades de forma\u00e7\u00e3o\u201d. S\u00e3o Paulo: Assembleia Legislativa do Estadod e S\u00e3o Paulo. Revista do ILP, a. I, v. 1, 2015.<\/p>\n<p>DANTAS, H.; CARUSO, V. \u201cPolitiza\u00e7\u00e3o nas escolas: o quanto os jovens compreendem essa demanda\u201d. Bras\u00edlia: E-legis, n. 7, p. 22-33, 2011.<\/p>\n<p>DANTAS, H.; ESTRAMANHO, R. \u201cEducaci\u00f3n pol\u00edtica como pilar de La democracia y La realidad brasile\u00f1a\u201d. In 7\u00ba Congresso Latinoamericano de Ciencia Pol\u00edtica. Bogot\u00e1, Col\u00f4mbia, 2013.<\/p>\n<p>DANTAS, H.; ESTRAMANHO, R. Como a juventude se relaciona com a democracia: compreens\u00f5es com base em pesquisas. Rio de Janeiro: Funda\u00e7\u00e3o Konrad Adenauer. Cadernos Adenauer, a. XVI, v. 1, 2015.<\/p>\n<p>DANTAS, H.; NASCIMENTO, A.; SILVA, B. Mapeando o que os jovens pensam sobre a pol\u00edtica: as experi\u00eancias formativas de Araraquara-SP e Suzano-SP. Belo Horizonte: Assembleia Legislativa do Estado de Minas Gerais, Cadernos Legislativos, n. 29, 2016.<\/p>\n<p>DANTAS, H.; SOARES, A.; SOARES, M. I. L. C.; LAMARI, R E.. \u201cEduca\u00e7\u00e3o pol\u00edtica em parceria: quando princ\u00edpios se tornam a\u00e7\u00f5es\u201d. Rio de Janeiro: Funda\u00e7\u00e3o Konrad Adenauer. Cadernos Adenauer, a. XI, v. 3, 2010.<\/p>\n<p>DANTAS, Humberto. Educa\u00e7\u00e3o pol\u00edtica nas periferias da Grande S\u00e3o Paulo: percep\u00e7\u00f5es com base na posi\u00e7\u00e3o de jovens de 15 a 18 anos em 2015 em a\u00e7\u00f5es da Funda\u00e7\u00e3o Konrad Adenauer. Cadernos Adenauer, Rio de Janeiro, ano XVII, n.1, mar\u00e7o de 2016.<\/p>\n","protected":false},"excerpt":{"rendered":"<p>Este evento \u00e9 fruto de uma parceria com a Funda\u00e7\u00e3o Konrad Adenauer Objetivos: Com base em experi\u00eancia realizada junto a jovens nas periferias de S\u00e3o Paulo desde 2009, trazer para Escola do Parlamento da C\u00e2mara Municipal de S\u00e3o Paulo, em parceria com a Funda\u00e7\u00e3o Konrad Adenauer, o curso que formou mais de 90 turmas e [&hellip;]<\/p>\n","protected":false},"author":127,"featured_media":0,"parent":6500,"menu_order":507,"comment_status":"closed","ping_status":"closed","template":"","meta":{"_acf_changed":false,"footnotes":""},"class_list":["post-6907","page","type-page","status-publish","hentry"],"acf":[],"_links":{"self":[{"href":"https:\/\/www.saopaulo.sp.leg.br\/escoladoparlamento\/wp-json\/wp\/v2\/pages\/6907","targetHints":{"allow":["GET"]}}],"collection":[{"href":"https:\/\/www.saopaulo.sp.leg.br\/escoladoparlamento\/wp-json\/wp\/v2\/pages"}],"about":[{"href":"https:\/\/www.saopaulo.sp.leg.br\/escoladoparlamento\/wp-json\/wp\/v2\/types\/page"}],"author":[{"embeddable":true,"href":"https:\/\/www.saopaulo.sp.leg.br\/escoladoparlamento\/wp-json\/wp\/v2\/users\/127"}],"replies":[{"embeddable":true,"href":"https:\/\/www.saopaulo.sp.leg.br\/escoladoparlamento\/wp-json\/wp\/v2\/comments?post=6907"}],"version-history":[{"count":0,"href":"https:\/\/www.saopaulo.sp.leg.br\/escoladoparlamento\/wp-json\/wp\/v2\/pages\/6907\/revisions"}],"up":[{"embeddable":true,"href":"https:\/\/www.saopaulo.sp.leg.br\/escoladoparlamento\/wp-json\/wp\/v2\/pages\/6500"}],"wp:attachment":[{"href":"https:\/\/www.saopaulo.sp.leg.br\/escoladoparlamento\/wp-json\/wp\/v2\/media?parent=6907"}],"curies":[{"name":"wp","href":"https:\/\/api.w.org\/{rel}","templated":true}]}}