{"id":6794,"date":"2017-04-27T14:05:09","date_gmt":"2017-04-27T17:05:09","guid":{"rendered":"http:\/\/www.saopaulo.sp.leg.br\/escoladoparlamento\/?page_id=6794"},"modified":"2018-10-30T12:35:48","modified_gmt":"2018-10-30T15:35:48","slug":"debate-desafios-da-desestatizacao-formas-de-controle","status":"publish","type":"page","link":"https:\/\/www.saopaulo.sp.leg.br\/escoladoparlamento\/cursos\/cursos-anteriores\/cursos-realizados-em-2017\/debate-desafios-da-desestatizacao-formas-de-controle\/","title":{"rendered":"Debate: Desafios da Desestatiza\u00e7\u00e3o: formas de controle"},"content":{"rendered":"<p><iframe loading=\"lazy\" title=\"Os Desafios da Desestatiza\u00e7\u00e3o: Formas de Controle - 3\/05\/2017\" width=\"640\" height=\"480\" src=\"https:\/\/www.youtube.com\/embed\/pMNwQ_UHNwA?feature=oembed\" frameborder=\"0\" allow=\"accelerometer; autoplay; clipboard-write; encrypted-media; gyroscope; picture-in-picture; web-share\" referrerpolicy=\"strict-origin-when-cross-origin\" allowfullscreen><\/iframe><\/p>\n<p><a href=\"http:\/\/camarasp.flashserverbr.com\/24757\"><strong>25\u00aa Sess\u00e3o Ordin\u00e1ria e 16\u00aa Sess\u00e3o Extraordin\u00e1ria da 17\u00aa Legislatura<\/strong><\/a><\/p>\n<p>O\u00a0 Projeto de Lei (PL) 179\/2017, que cria a nova SP Neg\u00f3cios foi aprovado pela C\u00e2mara Municipal de S\u00e3o Paulo nesta quarta-feira (26\/4\/17). Este PL permite a forma\u00e7\u00e3o de tr\u00eas empresas: o servi\u00e7o social aut\u00f4nomo S\u00e3o Paulo Neg\u00f3cios (a nova SP Neg\u00f3cios), a S\u00e3o Paulo Parcerias (SP Parcerias), remodela\u00e7\u00e3o da atual SP Neg\u00f3cios, e a SPDA (Companhia S\u00e3o Paulo de Desenvolvimento e Mobiliza\u00e7\u00e3o de Ativos). Essas empresas ser\u00e3o respons\u00e1veis por articular novas oportunidades de neg\u00f3cio e viabilizar o projeto de desestatiza\u00e7\u00e3o na cidade.<\/p>\n<p><strong>Objetivos:<\/strong> Debater aspectos e desafios relacionados ao controle interno e externo do processo de desestatiza\u00e7\u00e3o.<\/p>\n<p><strong>Quando:<\/strong> 03\/05\/2017 (4a feira), das 19h \u00e0s 21h.<\/p>\n<p><strong>Onde:\u00a0<\/strong>Audit\u00f3rio Prestes Maia\u00a0(1\u00ba andar da C\u00e2mara Municipal de S\u00e3o Paulo)<\/p>\n<p><a href=\"https:\/\/www.youtube.com\/watch?v=pMNwQ_UHNwA&amp;t=1s\"><strong>[V\u00eddeo &#8211; YouTube]<\/strong><\/a><\/p>\n<p><strong>Mesa:<\/strong><\/p>\n<p><a href=\"http:\/\/www.saopaulo.sp.leg.br\/vereador\/jose-police-neto\/\">Vereador Jos\u00e9 Police Neto<\/a><\/p>\n<p>Jo\u00e3o Ant\u00f4nio (Conselheiro do Tribunal de Contas do Munic\u00edpio de S\u00e3o Paulo)<\/p>\n<p>Fabiano Ang\u00e9lico (Transpar\u00eancia Internacional)<\/p>\n<p><a href=\"http:\/\/gvpesquisa.fgv.br\/professor\/gustavo-andrey-de-almeida-lopes-fernandes\">Gustavo Fernandes<\/a> (FGV-SP)<\/p>\n<p>&nbsp;<\/p>\n<p>&nbsp;<\/p>\n<p>&nbsp;<\/p>\n<p>&nbsp;<\/p>\n","protected":false},"excerpt":{"rendered":"<p>25\u00aa Sess\u00e3o Ordin\u00e1ria e 16\u00aa Sess\u00e3o Extraordin\u00e1ria da 17\u00aa Legislatura O\u00a0 Projeto de Lei (PL) 179\/2017, que cria a nova SP Neg\u00f3cios foi aprovado pela C\u00e2mara Municipal de S\u00e3o Paulo nesta quarta-feira (26\/4\/17). Este PL permite a forma\u00e7\u00e3o de tr\u00eas empresas: o servi\u00e7o social aut\u00f4nomo S\u00e3o Paulo Neg\u00f3cios (a nova SP Neg\u00f3cios), a S\u00e3o Paulo [&hellip;]<\/p>\n","protected":false},"author":127,"featured_media":0,"parent":6500,"menu_order":509,"comment_status":"closed","ping_status":"closed","template":"","meta":{"_acf_changed":false,"footnotes":""},"class_list":["post-6794","page","type-page","status-publish","hentry"],"acf":[],"_links":{"self":[{"href":"https:\/\/www.saopaulo.sp.leg.br\/escoladoparlamento\/wp-json\/wp\/v2\/pages\/6794","targetHints":{"allow":["GET"]}}],"collection":[{"href":"https:\/\/www.saopaulo.sp.leg.br\/escoladoparlamento\/wp-json\/wp\/v2\/pages"}],"about":[{"href":"https:\/\/www.saopaulo.sp.leg.br\/escoladoparlamento\/wp-json\/wp\/v2\/types\/page"}],"author":[{"embeddable":true,"href":"https:\/\/www.saopaulo.sp.leg.br\/escoladoparlamento\/wp-json\/wp\/v2\/users\/127"}],"replies":[{"embeddable":true,"href":"https:\/\/www.saopaulo.sp.leg.br\/escoladoparlamento\/wp-json\/wp\/v2\/comments?post=6794"}],"version-history":[{"count":0,"href":"https:\/\/www.saopaulo.sp.leg.br\/escoladoparlamento\/wp-json\/wp\/v2\/pages\/6794\/revisions"}],"up":[{"embeddable":true,"href":"https:\/\/www.saopaulo.sp.leg.br\/escoladoparlamento\/wp-json\/wp\/v2\/pages\/6500"}],"wp:attachment":[{"href":"https:\/\/www.saopaulo.sp.leg.br\/escoladoparlamento\/wp-json\/wp\/v2\/media?parent=6794"}],"curies":[{"name":"wp","href":"https:\/\/api.w.org\/{rel}","templated":true}]}}