{"id":6721,"date":"2017-04-13T18:07:31","date_gmt":"2017-04-13T21:07:31","guid":{"rendered":"http:\/\/www.saopaulo.sp.leg.br\/escoladoparlamento\/?page_id=6721"},"modified":"2018-10-30T12:36:59","modified_gmt":"2018-10-30T15:36:59","slug":"debate-os-desafios-da-desestatizacao-e-a-r","status":"publish","type":"page","link":"https:\/\/www.saopaulo.sp.leg.br\/escoladoparlamento\/cursos\/cursos-anteriores\/cursos-realizados-em-2017\/debate-os-desafios-da-desestatizacao-e-a-r\/","title":{"rendered":"Debate: Os Desafios da Desestatiza\u00e7\u00e3o e a Realidade Atual"},"content":{"rendered":"<p><iframe loading=\"lazy\" title=\"Escola do Parlamento promove debate sobre desestatiza\u00e7\u00e3o\" width=\"640\" height=\"480\" src=\"https:\/\/www.youtube.com\/embed\/5zVkULW9d2k?feature=oembed\" frameborder=\"0\" allow=\"accelerometer; autoplay; clipboard-write; encrypted-media; gyroscope; picture-in-picture; web-share\" referrerpolicy=\"strict-origin-when-cross-origin\" allowfullscreen><\/iframe><\/p>\n<hr \/>\n<h3><a href=\"http:\/\/camarasp.flashserverbr.com\/24600\">Assista o v\u00eddeo do evento.<\/a><\/h3>\n<p><strong>Objetivos:\u00a0<\/strong>O Projeto de Lei (PL) 179\/2017, que cria a nova SP Neg\u00f3cios foi aprovado pelos vereadores, em primeira vota\u00e7\u00e3o, na \u00faltima ter\u00e7a-feira. A empresa ir\u00e1 administrar os recursos do Plano municipal de Desestatiza\u00e7\u00e3o. Com o objetivo de contribuir com essa discuss\u00e3o t\u00e3o importante para a cidade de S\u00e3o Paulo e levantar alguns aspectos fundamentais que devem ser levados em considera\u00e7\u00e3o quando se pensa em desestatiza\u00e7\u00e3o, a Escola do Parlamento da C\u00e2mara Municipal de S\u00e3o Paulo promove o debate \u201cOs desafios da Desestatiza\u00e7\u00e3o e a realidade atual\u201d. Esse debate buscar\u00e1 jogar luz sobre aspectos e desafios relacionados \u00e0 Gest\u00e3o e as quest\u00f5es jur\u00eddicas e pol\u00edticas envolvidas nesse processo.<\/p>\n<p><strong>Quando:<\/strong> 18\/04\/2017 (3a feira), das 19h \u00e0s 22h.<\/p>\n<p><strong>Onde:<\/strong> Sala S\u00e9rgio Vieira de Mello \u2013 (\u201cSala A\u201d)\u00a0(1\u00ba Subsolo da C\u00e2mara Municipal de S\u00e3o Paulo)<\/p>\n<p>N\u00e3o \u00e9 necess\u00e1ria inscri\u00e7\u00e3o pr\u00e9via.<\/p>\n<p><strong>T\u00f3picos expositivos:<\/strong><\/p>\n<p>Desafios Jur\u00eddicos: <a href=\"http:\/\/lattes.cnpq.br\/4515216795566484\">Tatiana Cymbalista<\/a>\u00a0(bacharel em direito pela USP, mestre e doutora em Direito pela Sorbonne. S\u00f3cia da Manesco, Ramires, Perez, Azevedo Marques Sociedade de Advogados.)<\/p>\n<p>Desafios da Gest\u00e3o P\u00fablica: <a href=\"http:\/\/lattes.cnpq.br\/8817483244840348\">Carlos Alexandre Nascimento<\/a>\u00a0(Bacharel em Administra\u00e7\u00e3o P\u00fablica pela FGV-SP, mestre em gest\u00e3o e pol\u00edticas p\u00fablicas pela London School (LSE) e\u00a0Diretor de Programas da London School of Economics Enterprise (LSE Enterprise).<\/p>\n<p>Desafios Pol\u00edticos: <a href=\"http:\/\/lattes.cnpq.br\/8140882954837573\">Humberto Dantas de Mizuca<\/a>\u00a0(Bacharel em ci\u00eancia sociais, mestre e doutor em ci\u00eancia pol\u00edtica pela USP. Pesquisador da FGV-SP e presidente da Escola do Parlamento da C\u00e2mara Municipal de S\u00e3o Paulo.)<\/p>\n<p><strong>Diretor Respons\u00e1vel:<\/strong> Humberto Dantas de Mizuca.<\/p>\n","protected":false},"excerpt":{"rendered":"<p>Assista o v\u00eddeo do evento. Objetivos:\u00a0O Projeto de Lei (PL) 179\/2017, que cria a nova SP Neg\u00f3cios foi aprovado pelos vereadores, em primeira vota\u00e7\u00e3o, na \u00faltima ter\u00e7a-feira. A empresa ir\u00e1 administrar os recursos do Plano municipal de Desestatiza\u00e7\u00e3o. Com o objetivo de contribuir com essa discuss\u00e3o t\u00e3o importante para a cidade de S\u00e3o Paulo e [&hellip;]<\/p>\n","protected":false},"author":127,"featured_media":0,"parent":6500,"menu_order":510,"comment_status":"closed","ping_status":"closed","template":"","meta":{"_acf_changed":false,"footnotes":""},"class_list":["post-6721","page","type-page","status-publish","hentry"],"acf":[],"_links":{"self":[{"href":"https:\/\/www.saopaulo.sp.leg.br\/escoladoparlamento\/wp-json\/wp\/v2\/pages\/6721","targetHints":{"allow":["GET"]}}],"collection":[{"href":"https:\/\/www.saopaulo.sp.leg.br\/escoladoparlamento\/wp-json\/wp\/v2\/pages"}],"about":[{"href":"https:\/\/www.saopaulo.sp.leg.br\/escoladoparlamento\/wp-json\/wp\/v2\/types\/page"}],"author":[{"embeddable":true,"href":"https:\/\/www.saopaulo.sp.leg.br\/escoladoparlamento\/wp-json\/wp\/v2\/users\/127"}],"replies":[{"embeddable":true,"href":"https:\/\/www.saopaulo.sp.leg.br\/escoladoparlamento\/wp-json\/wp\/v2\/comments?post=6721"}],"version-history":[{"count":0,"href":"https:\/\/www.saopaulo.sp.leg.br\/escoladoparlamento\/wp-json\/wp\/v2\/pages\/6721\/revisions"}],"up":[{"embeddable":true,"href":"https:\/\/www.saopaulo.sp.leg.br\/escoladoparlamento\/wp-json\/wp\/v2\/pages\/6500"}],"wp:attachment":[{"href":"https:\/\/www.saopaulo.sp.leg.br\/escoladoparlamento\/wp-json\/wp\/v2\/media?parent=6721"}],"curies":[{"name":"wp","href":"https:\/\/api.w.org\/{rel}","templated":true}]}}