{"id":6678,"date":"2017-04-06T15:43:06","date_gmt":"2017-04-06T18:43:06","guid":{"rendered":"http:\/\/www.saopaulo.sp.leg.br\/escoladoparlamento\/?page_id=6678"},"modified":"2018-10-30T12:54:02","modified_gmt":"2018-10-30T15:54:02","slug":"dialogos-consultivos-outorga-onerosa-e-cepacs-como-instrumentos-de-politica-urbana","status":"publish","type":"page","link":"https:\/\/www.saopaulo.sp.leg.br\/escoladoparlamento\/cursos\/cursos-anteriores\/cursos-realizados-em-2017\/dialogos-consultivos-outorga-onerosa-e-cepacs-como-instrumentos-de-politica-urbana\/","title":{"rendered":"Di\u00e1logos Consultivos &#8211; Outorga Onerosa e CEPACs como instrumentos de pol\u00edtica urbana"},"content":{"rendered":"<p><iframe loading=\"lazy\" title=\"Escola do Parlamento realiza debate sobre outorga onerosa\" width=\"640\" height=\"480\" src=\"https:\/\/www.youtube.com\/embed\/rCxaiD-0VW0?feature=oembed\" frameborder=\"0\" allow=\"accelerometer; autoplay; clipboard-write; encrypted-media; gyroscope; picture-in-picture; web-share\" referrerpolicy=\"strict-origin-when-cross-origin\" allowfullscreen><\/iframe><\/p>\n<hr \/>\n<p><strong>Objetivos:\u00a0<\/strong>Apresenta\u00e7\u00e3o do conceito de Outorga Onerosa do Direito de Construir, suas origens e sua inser\u00e7\u00e3o no Plano Diretor Estrat\u00e9gico do Munic\u00edpio de S\u00e3o Paulo, como um dos instrumentos da pol\u00edtica urbana; Paralelo entre a Outorga Onerosa do Direito de Construir e o Certificado de Potencial Adicional de Constru\u00e7\u00e3o \u2013 CEPAC, utilizado nas Opera\u00e7\u00f5es Urbanas Consorciadas.<\/p>\n<p><strong>Diretor Respons\u00e1vel:<\/strong> Lara Mesquita<\/p>\n<p><strong>Coordena\u00e7\u00e3o (SGP.51):<\/strong> Carlos Minoru Morinaga e Pedro Campones Rocha Santos<\/p>\n<p><strong>P\u00fablico Alvo:<\/strong> Parlamentares, consultores e assessores t\u00e9cnicos legislativos, profissionais atuantes na \u00e1rea de pol\u00edtica urbana e a popula\u00e7\u00e3o em geral.<\/p>\n<p><strong>Programa\u00e7\u00e3o:<\/strong> Dia 4\/5\/2017, das\u00a014h \u00e0s 17h, no\u00a0Audit\u00f3rio Prestes Maia.<\/p>\n<p><a href=\"https:\/\/www.youtube.com\/watch?v=KYv_u_olyI8\"><strong>[V\u00eddeo &#8211; YouTube]<\/strong><\/a><\/p>\n<p><strong>Corpo Docente:<\/strong><\/p>\n<p><strong>Camila Maleronka: <\/strong>Graduada em Arquitetura e Urbanismo (2000) e Administra\u00e7\u00e3o P\u00fablica (2010), com Mestrado em Habita\u00e7\u00e3o (2005), Especializa\u00e7\u00e3o em Pol\u00edticas P\u00fablicas (2009) e Doutorado em Urbanismo (2010), Consultora para o BID, desde 2013 trabalha na P3urb, empresa de estrutura\u00e7\u00e3o imobili\u00e1ria. \u00c9 professora e pesquisadora do Lincoln Institute of Land Policy desde 2010.<\/p>\n<p><strong>Paulo Sandroni: <\/strong>Graduado em Economia em 1964. Foi professor da Faculdade de Economia da PUC de S\u00e3o Paulo at\u00e9 2006 e da Escola Administra\u00e7\u00e3o de Empresas na Funda\u00e7\u00e3o Get\u00falio Vargas de S\u00e3o Paulo (EAESP) at\u00e9 2011. Foi coordenador das primeiras opera\u00e7\u00f5es interligadas na cidade de S\u00e3o Paulo entre 1989 e 1992, e coordenador Opera\u00e7\u00f5es Urbanas Agua Branca e Anhangaba\u00fa-Centro. Fellow do Lincoln Institute of Land Policy de Cambridge (Estados Unidos) e Professor Visitante do IHS-Institute for Housing and Urban Development Studies, da Erasmus University de Rotterdam, em conjunto com a Lund University (Sweden) e a Rotterdam Development Corporation (Munic\u00edpio de Rotterdam). Ele \u00e9 diretor da Sandroni\u00a0Consultores.<\/p>\n<p>&nbsp;<\/p>\n","protected":false},"excerpt":{"rendered":"<p>Objetivos:\u00a0Apresenta\u00e7\u00e3o do conceito de Outorga Onerosa do Direito de Construir, suas origens e sua inser\u00e7\u00e3o no Plano Diretor Estrat\u00e9gico do Munic\u00edpio de S\u00e3o Paulo, como um dos instrumentos da pol\u00edtica urbana; Paralelo entre a Outorga Onerosa do Direito de Construir e o Certificado de Potencial Adicional de Constru\u00e7\u00e3o \u2013 CEPAC, utilizado nas Opera\u00e7\u00f5es Urbanas Consorciadas. [&hellip;]<\/p>\n","protected":false},"author":127,"featured_media":0,"parent":6500,"menu_order":511,"comment_status":"closed","ping_status":"closed","template":"","meta":{"_acf_changed":false,"footnotes":""},"class_list":["post-6678","page","type-page","status-publish","hentry"],"acf":[],"_links":{"self":[{"href":"https:\/\/www.saopaulo.sp.leg.br\/escoladoparlamento\/wp-json\/wp\/v2\/pages\/6678","targetHints":{"allow":["GET"]}}],"collection":[{"href":"https:\/\/www.saopaulo.sp.leg.br\/escoladoparlamento\/wp-json\/wp\/v2\/pages"}],"about":[{"href":"https:\/\/www.saopaulo.sp.leg.br\/escoladoparlamento\/wp-json\/wp\/v2\/types\/page"}],"author":[{"embeddable":true,"href":"https:\/\/www.saopaulo.sp.leg.br\/escoladoparlamento\/wp-json\/wp\/v2\/users\/127"}],"replies":[{"embeddable":true,"href":"https:\/\/www.saopaulo.sp.leg.br\/escoladoparlamento\/wp-json\/wp\/v2\/comments?post=6678"}],"version-history":[{"count":0,"href":"https:\/\/www.saopaulo.sp.leg.br\/escoladoparlamento\/wp-json\/wp\/v2\/pages\/6678\/revisions"}],"up":[{"embeddable":true,"href":"https:\/\/www.saopaulo.sp.leg.br\/escoladoparlamento\/wp-json\/wp\/v2\/pages\/6500"}],"wp:attachment":[{"href":"https:\/\/www.saopaulo.sp.leg.br\/escoladoparlamento\/wp-json\/wp\/v2\/media?parent=6678"}],"curies":[{"name":"wp","href":"https:\/\/api.w.org\/{rel}","templated":true}]}}