{"id":6541,"date":"2017-03-09T10:38:10","date_gmt":"2017-03-09T13:38:10","guid":{"rendered":"http:\/\/www.saopaulo.sp.leg.br\/escoladoparlamento\/?page_id=6541"},"modified":"2018-10-29T16:48:05","modified_gmt":"2018-10-29T19:48:05","slug":"arte-de-rua-em-sao-paulo","status":"publish","type":"page","link":"https:\/\/www.saopaulo.sp.leg.br\/escoladoparlamento\/cursos\/cursos-anteriores\/cursos-realizados-em-2017\/arte-de-rua-em-sao-paulo\/","title":{"rendered":"Arte de Rua em S\u00e3o Paulo"},"content":{"rendered":"<p><iframe loading=\"lazy\" title=\"Arte na Rua\" width=\"640\" height=\"360\" src=\"https:\/\/www.youtube.com\/embed\/videoseries?list=PL7WmlcfNQHf6fZ7ut4Jz6I-UKLW7i0Y7J\" frameborder=\"0\" allow=\"accelerometer; autoplay; clipboard-write; encrypted-media; gyroscope; picture-in-picture; web-share\" referrerpolicy=\"strict-origin-when-cross-origin\" allowfullscreen><\/iframe><\/p>\n<hr \/>\n<p><strong>Objetivos:<\/strong> No \u00e2mbito da parceria entre o CPF Sesc e a Escola do Parlamento da C\u00e2mara Municipal de SP, prop\u00f5e-se em abril uma discuss\u00e3o sobre arte de rua em S\u00e3o Paulo. As manifesta\u00e7\u00f5es art\u00edsticas desenvolvidas em espa\u00e7os p\u00fablicos v\u00e3o muito al\u00e9m do <em>graffitti<\/em>, englobando tamb\u00e9m m\u00fasica, circo, teatro, dan\u00e7a, saraus, literatura de cordel, artesanato, est\u00e1tua viva, performance, malabarismo, proje\u00e7\u00f5es, <em>parkour<\/em>, entre outros. Em S\u00e3o Paulo, os artistas se organizaram em torno da Associa\u00e7\u00e3o Artistas na Rua, e conseguiram aprovar uma Lei (15776\/2013) e um Decreto Municipal (55140\/2014) que garantem o direito dos artistas de rua, e tamb\u00e9m suas responsabilidades no uso do espa\u00e7o p\u00fablico.<\/p>\n<p><strong>Diretor Respons\u00e1vel:<\/strong> Lara Mesquita<\/p>\n<p><strong>Coordena\u00e7\u00e3o:<\/strong> Daniela Ribas (CPF\/SESC)<\/p>\n<p><strong>Carga Hor\u00e1ria:<\/strong> 6h.<\/p>\n<h3><strong>Inscri\u00e7\u00f5es:<\/strong> Encerradas.<\/h3>\n<p><strong>Programa\u00e7\u00e3o:<\/strong><\/p>\n<table>\n<tbody>\n<tr>\n<td><strong>Data<\/strong><\/td>\n<td><strong>Local<\/strong><\/td>\n<td><strong>Palestrante<\/strong><\/td>\n<td><strong>Tema<\/strong><\/td>\n<\/tr>\n<tr>\n<td>25\/abr<\/p>\n<p>19h-22h<\/td>\n<td>\u00a0Audit\u00f3rio Prestes Maia (Plenarinho)<\/td>\n<td>Associa\u00e7\u00e3o Artista na Rua<\/p>\n<p>Aur\u00e9lio Nascimento<\/td>\n<td>Os artistas nas ruas de SP<\/p>\n<p><strong><a href=\"https:\/\/www.youtube.com\/watch?v=X0odVw3HPl4\">[V\u00eddeo &#8211; YouTube]<\/a><\/strong><\/td>\n<\/tr>\n<tr>\n<td>26\/abr<\/p>\n<p>19h-22h<\/td>\n<td>Audit\u00f3rio Prestes Maia (Plenarinho)<\/td>\n<td>Eleilson Leite (ONG A\u00e7\u00e3o Educativa)<\/td>\n<td>Manifesta\u00e7\u00f5es art\u00edsticas e espa\u00e7o p\u00fablico: o grafite e outras artes<\/p>\n<p><a href=\"https:\/\/www.youtube.com\/watch?v=NNryWKYULRc\"><strong>[V\u00eddeo &#8211; YouTube]\u00a0<\/strong><\/a><\/td>\n<\/tr>\n<\/tbody>\n<\/table>\n<p><strong>Bibliografia:<\/strong><\/p>\n<p><a href=\"http:\/\/www3.prefeitura.sp.gov.br\/cadlem\/secretarias\/negocios_juridicos\/cadlem\/integra.asp?alt=30052013L+157760000\">Lei Municipal 15.776, de 29 de maio de 2013<\/a>.<\/p>\n<p><a href=\"http:\/\/www3.prefeitura.sp.gov.br\/cadlem\/secretarias\/negocios_juridicos\/cadlem\/integra.asp?alt=24052014D%20551400000.\">Decreto Municipal 55.140, de 23 de maio de 2014<\/a>.<\/p>\n<p>&nbsp;<\/p>\n","protected":false},"excerpt":{"rendered":"<p>Objetivos: No \u00e2mbito da parceria entre o CPF Sesc e a Escola do Parlamento da C\u00e2mara Municipal de SP, prop\u00f5e-se em abril uma discuss\u00e3o sobre arte de rua em S\u00e3o Paulo. As manifesta\u00e7\u00f5es art\u00edsticas desenvolvidas em espa\u00e7os p\u00fablicos v\u00e3o muito al\u00e9m do graffitti, englobando tamb\u00e9m m\u00fasica, circo, teatro, dan\u00e7a, saraus, literatura de cordel, artesanato, est\u00e1tua [&hellip;]<\/p>\n","protected":false},"author":127,"featured_media":0,"parent":6500,"menu_order":518,"comment_status":"closed","ping_status":"closed","template":"","meta":{"_acf_changed":false,"footnotes":""},"class_list":["post-6541","page","type-page","status-publish","hentry"],"acf":[],"_links":{"self":[{"href":"https:\/\/www.saopaulo.sp.leg.br\/escoladoparlamento\/wp-json\/wp\/v2\/pages\/6541","targetHints":{"allow":["GET"]}}],"collection":[{"href":"https:\/\/www.saopaulo.sp.leg.br\/escoladoparlamento\/wp-json\/wp\/v2\/pages"}],"about":[{"href":"https:\/\/www.saopaulo.sp.leg.br\/escoladoparlamento\/wp-json\/wp\/v2\/types\/page"}],"author":[{"embeddable":true,"href":"https:\/\/www.saopaulo.sp.leg.br\/escoladoparlamento\/wp-json\/wp\/v2\/users\/127"}],"replies":[{"embeddable":true,"href":"https:\/\/www.saopaulo.sp.leg.br\/escoladoparlamento\/wp-json\/wp\/v2\/comments?post=6541"}],"version-history":[{"count":0,"href":"https:\/\/www.saopaulo.sp.leg.br\/escoladoparlamento\/wp-json\/wp\/v2\/pages\/6541\/revisions"}],"up":[{"embeddable":true,"href":"https:\/\/www.saopaulo.sp.leg.br\/escoladoparlamento\/wp-json\/wp\/v2\/pages\/6500"}],"wp:attachment":[{"href":"https:\/\/www.saopaulo.sp.leg.br\/escoladoparlamento\/wp-json\/wp\/v2\/media?parent=6541"}],"curies":[{"name":"wp","href":"https:\/\/api.w.org\/{rel}","templated":true}]}}