{"id":6454,"date":"2017-02-21T17:39:28","date_gmt":"2017-02-21T20:39:28","guid":{"rendered":"http:\/\/www.saopaulo.sp.leg.br\/escoladoparlamento\/?page_id=6454"},"modified":"2017-07-31T15:08:10","modified_gmt":"2017-07-31T18:08:10","slug":"partidos-politicos-no-brasil","status":"publish","type":"page","link":"https:\/\/www.saopaulo.sp.leg.br\/escoladoparlamento\/cursos\/cursos-anteriores\/cursos-realizados-em-2017\/partidos-politicos-no-brasil\/","title":{"rendered":"Partidos Pol\u00edticos no Brasil"},"content":{"rendered":"<p><iframe loading=\"lazy\" title=\"Partidos Pol\u00edticos - Aula 2, parte 1 - 16\/03\/2017\" width=\"640\" height=\"480\" src=\"https:\/\/www.youtube.com\/embed\/OPJrF_PnNJg?list=PL7WmlcfNQHf5MdtGZTRMl5Jc4N7WG2nMb\" frameborder=\"0\" allow=\"accelerometer; autoplay; clipboard-write; encrypted-media; gyroscope; picture-in-picture; web-share\" referrerpolicy=\"strict-origin-when-cross-origin\" allowfullscreen><\/iframe><\/p>\n<p><strong>Objetivos:<\/strong> Apresentar e discutir um panorama geral sobre a capacidade atual do sistema partid\u00e1rio, tanto do ponto de vista te\u00f3rico, como na realidade brasileira, de mediar os diferentes interesses na arena pol\u00edtica;\u00a0Contextualizar os partidos em regimes democr\u00e1ticos;\u00a0Relacionar os sistemas eleitoral e partid\u00e1rio;\u00a0Discutir as diferentes formas organizacionais assumidas pelos partidos.<\/p>\n<p><strong>Diretor Respons\u00e1vel:<\/strong> Lara Mesquita<\/p>\n<p><strong>Coordena\u00e7\u00e3o:<\/strong> Glauco Peres da Silva<\/p>\n<p><strong>P\u00fablico Alvo:<\/strong> Cidad\u00e3os em geral, membros de partidos pol\u00edticos; servidores de C\u00e2maras Municipais e do poder p\u00fablico municipal.<\/p>\n<p><strong>Carga Hor\u00e1ria:<\/strong> 21h<\/p>\n<p><strong>Inscri\u00e7\u00f5es:<\/strong> Encerradas.<\/p>\n<p><strong>Programa\u00e7\u00e3o:<\/strong><\/p>\n<table>\n<tbody>\n<tr>\n<td><strong>Data\/Hora<\/strong><\/td>\n<td><strong>Local<\/strong><\/td>\n<td><strong>Palestrante<\/strong><\/td>\n<td><strong>Tema<\/strong><\/td>\n<\/tr>\n<tr>\n<td><strong>14\/mar<\/strong><\/p>\n<p>(19-22h)<\/td>\n<td>\u00a0<a title=\"Sala S\u00e9rgio Vieira de Mello \u2013 (\u201cSala A\u201d)\" href=\"http:\/\/www.saopaulo.sp.leg.br\/transparencia\/auditorios-online\/sala-sergio-vieira-de-mello-sala\/\">Sala S\u00e9rgio Vieira de Mello<\/a><\/td>\n<td>Glauco Peres da Silva<\/td>\n<td>Democracia representativa: os partidos como meios de representa\u00e7\u00e3o [<a href=\"http:\/\/www.saopaulo.sp.leg.br\/escoladoparlamento\/wp-content\/uploads\/sites\/5\/2017\/02\/Aula-1-Democracia-Representativa.pdf\">Slides<\/a>]<\/td>\n<\/tr>\n<tr>\n<td><strong>16\/mar<\/strong><\/p>\n<p>(19-22h)<\/td>\n<td><a title=\"Audit\u00f3rio Prestes Maia\" href=\"http:\/\/www.saopaulo.sp.leg.br\/transparencia\/auditorios-online\/auditorio-prestes-maia\/\">Audit\u00f3rio Prestes Maia (Plenarinho)<\/a><\/td>\n<td>Lara Mesquita<\/td>\n<td>A import\u00e2ncia do Sistema Eleitoral [<a href=\"http:\/\/www.saopaulo.sp.leg.br\/escoladoparlamento\/wp-content\/uploads\/sites\/5\/2017\/02\/Aula-2-a-Import\u00e2ncia-do-sistema-Eleitoral.pdf\">Slides<\/a>]<\/td>\n<\/tr>\n<tr>\n<td><strong>21\/mar<\/strong><\/p>\n<p>(19-22h)<\/td>\n<td>\u00a0\u00a0<a title=\"Sala S\u00e9rgio Vieira de Mello \u2013 (\u201cSala A\u201d)\" href=\"http:\/\/www.saopaulo.sp.leg.br\/transparencia\/auditorios-online\/sala-sergio-vieira-de-mello-sala\/\">Sala S\u00e9rgio Vieira de Mello<\/a><\/td>\n<td>Fernando Guarnieri<\/td>\n<td>V\u00ednculo entre pol\u00edticos e representantes: a conex\u00e3o eleitoral [<a href=\"http:\/\/www.saopaulo.sp.leg.br\/escoladoparlamento\/wp-content\/uploads\/sites\/5\/2017\/02\/Aula-3-Conex\u00e3o-Eleitoral.pdf\">Slides<\/a>]<\/td>\n<\/tr>\n<tr>\n<td><strong>23\/mar<\/strong><\/p>\n<p>(19-22h)<\/td>\n<td>\u00a0\u00a0<a title=\"Sala S\u00e9rgio Vieira de Mello \u2013 (\u201cSala A\u201d)\" href=\"http:\/\/www.saopaulo.sp.leg.br\/transparencia\/auditorios-online\/sala-sergio-vieira-de-mello-sala\/\">Sala S\u00e9rgio Vieira de Mello<\/a><\/td>\n<td>Fernando Guarnieri<\/td>\n<td>Organiza\u00e7\u00e3o e sistema partid\u00e1rio [<a href=\"http:\/\/www.saopaulo.sp.leg.br\/escoladoparlamento\/wp-content\/uploads\/sites\/5\/2017\/02\/Aula-4-Organiza\u00e7\u00e3o-Partid\u00e1ria-e-Sistemas-Partid\u00e1rios2.pdf\">Slides<\/a>]<\/td>\n<\/tr>\n<tr>\n<td><strong>28\/mar<\/strong><\/p>\n<p>(19-22h)<\/td>\n<td>\u00a0\u00a0<a title=\"Sala S\u00e9rgio Vieira de Mello \u2013 (\u201cSala A\u201d)\" href=\"http:\/\/www.saopaulo.sp.leg.br\/transparencia\/auditorios-online\/sala-sergio-vieira-de-mello-sala\/\">Sala S\u00e9rgio Vieira de Mello<\/a><\/td>\n<td>Andreza Davidian<\/td>\n<td>Tipologia dos Partidos Pol\u00edticos [<a href=\"http:\/\/www.saopaulo.sp.leg.br\/escoladoparlamento\/wp-content\/uploads\/sites\/5\/2017\/02\/Aula-5-Tipologia-dos-Partidos-Pol\u00edticos-Davidian.pdf\">Slides<\/a>]<\/td>\n<\/tr>\n<tr>\n<td><strong>30\/mar<\/strong><\/p>\n<p>(19-22h)<\/td>\n<td>\u00a0\u00a0<a title=\"Sala S\u00e9rgio Vieira de Mello \u2013 (\u201cSala A\u201d)\" href=\"http:\/\/www.saopaulo.sp.leg.br\/transparencia\/auditorios-online\/sala-sergio-vieira-de-mello-sala\/\">Sala S\u00e9rgio Vieira de Mello<\/a><\/td>\n<td>Graziele Silotto<\/td>\n<td>Sistema Partid\u00e1rio Brasileiro: Interpreta\u00e7\u00f5es comuns<\/td>\n<\/tr>\n<tr>\n<td><strong>04\/abr<\/strong><\/p>\n<p>(19-22h)<\/td>\n<td>\u00a0\u00a0<a title=\"Sala S\u00e9rgio Vieira de Mello \u2013 (\u201cSala A\u201d)\" href=\"http:\/\/www.saopaulo.sp.leg.br\/transparencia\/auditorios-online\/sala-sergio-vieira-de-mello-sala\/\">Sala S\u00e9rgio Vieira de Mello<\/a><\/td>\n<td>Glauco Peres da Silva<\/td>\n<td>Sistema Partid\u00e1rio Brasileiro: Reforma Pol\u00edtica<\/td>\n<\/tr>\n<\/tbody>\n<\/table>\n<p><small> <strong>Glauco Peres da Silva:<\/strong> Possui gradua\u00e7\u00e3o em Economia pela Universidade de S\u00e3o Paulo (1999), mestrado em Economia pela Pontif\u00edcia Universidade Cat\u00f3lica de S\u00e3o Paulo (2002) e doutorado em Administra\u00e7\u00e3o P\u00fablica e Governo pela Funda\u00e7\u00e3o Getulio Vargas &#8211; SP (2009), com per\u00edodo sandu\u00edche no Massachusetts Institute of Tehconolgy (MIT). Atualmente \u00e9 professor do Departamento de Ci\u00eancia Pol\u00edtica da Universidade de S\u00e3o Paulo, colaborador do Centro Brasileiro de An\u00e1lise e Planejamento (CEBRAP) e pesquisador associado do Centro de Estudos da Metr\u00f3pole (CEM). Tem experi\u00eancia na \u00e1rea de Ci\u00eancia Pol\u00edtica, com \u00eanfase em Pol\u00edtica Comparada, atuando principalmente nos seguintes temas: Geografia Eleitoral, Institucionalismo e Metodologia da Ci\u00eancia Pol\u00edtica. (<a href=\"http:\/\/lattes.cnpq.br\/3107723686932788\">CV Lattes<\/a>)<\/small><\/p>\n<p><small> <strong>Lara Mesquita:<\/strong> Doutora em Ci\u00eancia Pol\u00edtica Pelo IESP\/UERJ (2016), \u00e9 pesquisadora do Centro de Estudos da Metr\u00f3pole (CEM) e do Cebrap desde 2004, e do N\u00facleo de Estudos Comparados e Internacionais (NECI\/USP) desde 2013. Possui gradua\u00e7\u00e3o em Ci\u00eancias Sociais pela Universidade de S\u00e3o Paulo (2005) e mestrado em Ci\u00eancia Pol\u00edtica pela Universidade de S\u00e3o Paulo (2009). Desde 2015 \u00e9 Diretora Acad\u00eamica da Escola do Parlamento da C\u00e2mara Municipal de S\u00e3o Paulo. Atua principalmente nos seguintes temas: Elei\u00e7\u00f5es, Coordena\u00e7\u00e3o Eleitoral, Partidos Pol\u00edticos, Coliga\u00e7\u00f5es Eleitorais e Emendas Or\u00e7ament\u00e1rias. (<a href=\"http:\/\/lattes.cnpq.br\/7180517519005425\">CV Lattes<\/a>)<\/small><\/p>\n<p><small> <strong>Fernando Guarnieri:<\/strong> Professor Adjunto de Ci\u00eancia Pol\u00edtica do Instituto de Estudos Sociais e Pol\u00edticos da Universidade do Estado do Rio de Janeiro (IESP\/UERJ).Fiz minha gradua\u00e7\u00e3o em Ci\u00eancias Sociais pela Universidade de S\u00e3o Paulo (1994), mestrado em Ci\u00eancia Pol\u00edtica pela Universidade de S\u00e3o Paulo (2004 e, doutorado em Ci\u00eancia Pol\u00edtica pela Universidade de S\u00e3o Paulo (2009). (<a href=\"http:\/\/lattes.cnpq.br\/2912975115445421\">CV Lattes<\/a>)<\/small><\/p>\n<p><small> <strong>Andreza Davidian:<\/strong> Mestre em Ci\u00eancia Pol\u00edtica pelo Programa de P\u00f3s-Gradua\u00e7\u00e3o da Universidade de S\u00e3o Paulo (USP). Em 2010 concluiu o bacharelado em Ci\u00eancias Sociais pela mesma universidade. Atua como pesquisadora no Centro de Estudos da Metr\u00f3pole (CEM\/CEBRAP) e no N\u00facleo de Estudos Comparados e Internacionais (NECI\/USP).\u00a0(<a href=\"http:\/\/lattes.cnpq.br\/5187453130317303\">CV Lattes<\/a>)<\/small><\/p>\n<p><small> <strong>Graziele Silotto:<\/strong> Mestre em Ci\u00eancia Pol\u00edtica pela Universidade de S\u00e3o Paulo, tendo conclu\u00eddo seu bacharelado em Ci\u00eancias Sociais pela mesma universidade, em 2013. \u00c9 pesquisadora no N\u00facleo de Estudos Comparados Internacionais (NECI &#8211; USP) e no Centro Brasileiro de An\u00e1lise e Planejamento (Cebrap) e ainda pesquisadora j\u00fanior no Centro de Estudos da Metr\u00f3pole (CEM\/Cebrap). (<a href=\"http:\/\/lattes.cnpq.br\/9671136971901765\">CV Lattes<\/a>)<\/small><\/p>\n<p><strong>Bibliografia:<\/strong><\/p>\n<p><strong>Aula 1:<\/strong><\/p>\n<p><small>LIPSET e ROKKAN. <strong>Party Systems and Voter Alignments<\/strong>: Cross-National Perspectives. 1967.<\/small><\/p>\n<p><small>SEILER, D.\u00a0<strong>Os partidos pol\u00edticos<\/strong>. Ed. UnB., 2000.<\/small><\/p>\n<p><small>SCHUMPETER, J. 1961. <strong>Capitalismo, Socialismo e Democracia<\/strong>.<\/small><\/p>\n<p><strong>Aula 2:<\/strong><\/p>\n<p><small> NICOLAU, Jairo. <strong>O Sistema Eleitoral de Lista Aberta no Brasil<\/strong>. Dados,\u00a0 Rio de Janeiro ,\u00a0 v. 49, n. 4, p. 689-720,\u00a0\u00a0\u00a0 2006 .\u00a0\u00a0 Dispon\u00edvel em &amp;lt<a href=\"http:\/\/www.scielo.br\/scielo.php?script=sci_arttext&amp;pid=S0011-52582006000400002&amp;lng=en&amp;nrm=iso\">http:\/\/www.scielo.br\/scielo.php?script=sci_arttext&amp;pid=S0011-52582006000400002&amp;lng=en&amp;nrm=iso<\/a> <\/small><\/p>\n<p><small>NICOLAU, Jairo. <strong>Sistemas eleitorais<\/strong>. Editora da FGV. Rio de Janeiro, 2012. <\/small><\/p>\n<p><small><strong>Crit\u00e9rio de mapa impacta elei\u00e7\u00e3o distrital<\/strong>. Estad\u00e3o, 04\/05\/2015 p\u00e1gina A6. <a href=\"http:\/\/politica.estadao.com.br\/noticias\/geral,criterio-de-mapa-impacta-eleicao-distrital-imp-,1680489\">http:\/\/politica.estadao.com.br\/noticias\/geral,criterio-de-mapa-impacta-eleicao-distrital-imp-,1680489<\/a><\/small><\/p>\n<p><small><strong>Salamandragem \u00e0 vista<\/strong>. Estad\u00e3o, 25\/04\/2015. Dispon\u00edvel em &lt;<a href=\"http:\/\/politica.estadao.com.br\/noticias\/geral,salamandragem-a-vista-imp-,1675771\">http:\/\/politica.estadao.com.br\/noticias\/geral,salamandragem-a-vista-imp-,1675771<\/a>&gt;.<\/small><\/p>\n<p><small><strong>Puxadinhos e juntinhos.<\/strong> Estad\u00e3o, 04\/05\/2015. Dispon\u00edvel em &lt;<a href=\"http:\/\/politica.estadao.com.br\/noticias\/geral,puxadinhos-e-juntinhos-imp-,1680550\">http:\/\/politica.estadao.com.br\/noticias\/geral,puxadinhos-e-juntinhos-imp-,168055<\/a>&gt;.<\/small><\/p>\n<p><strong>Aula 3:<\/strong><\/p>\n<p><span style=\"font-size: small\">LEAL, Victor Nunes. <\/span><strong><span style=\"font-size: small\">Coronelismo, Enxada e Voto<\/span><\/strong><span style=\"font-size: small\">. S\u00e3o Paulo, Editora Alfa-\u00d4mega, 1975 [1949].<\/span><\/p>\n<p><span style=\"font-size: small\">LIMONGI, Fernando. <\/span><strong><span style=\"font-size: small\">Elei\u00e7\u00f5es e Democracia no Brasil:<\/span><\/strong><span style=\"font-size: small\"> Victor Nunes Leal e a transi\u00e7\u00e3o de 1945. Dados,\u00a0 Rio de Janeiro ,\u00a0 v. 55,\u00a0n. 1,\u00a0p. 37-69,\u00a0 \u00a0 2012.\u00a0Dispon\u00edvel em &lt;<\/span><a href=\"http:\/\/www.scielo.br\/scielo.php?script=sci_arttext&amp;pid=S0011-52582012000100002&amp;lng=en&amp;nrm=iso\"><span style=\"font-size: small\">http:\/\/www.scielo.br\/scielo.php?script=sci_arttext&amp;pid=S0011-52582012000100002&amp;lng=en&amp;nrm=iso<\/span><\/a><span style=\"font-size: small\">&gt;.<\/span><\/p>\n<p><small>O Sistema Eleitoral de Lista Aberta no Brasil. Dados,\u00a0 Rio de Janeiro ,\u00a0 v. 49, n. 4, p. 689-720,\u00a02006 .\u00a0\u00a0 Dispon\u00edvel em &lt;<a href=\"http:\/\/www.scielo.br\/scielo.php?script=sci_arttext&amp;pid=S0011-52582006000400002&amp;lng=en&amp;nrm=iso\"><span style=\"font-size: small\">http:\/\/www.scielo.br\/scielo.php?script=sci_arttext&amp;pid=S0011-52582006000400002&amp;lng=en&amp;nrm=iso<\/span><\/a><span style=\"font-size: small\">&gt;.<\/span><\/small><\/p>\n<p><strong>Aula 4:<\/strong><\/p>\n<p><span style=\"font-size: small\">DUVERGER, Maurice. <\/span><strong><span style=\"font-size: small\">Os Partidos Pol\u00edticos<\/span><\/strong><span style=\"font-size: small\">. S\u00e3o Paulo, Zahar Editora, 1970 (Parte 2, cap. 1)<\/span><\/p>\n<p><span style=\"font-size: small\">GUARNIERI, Fernando. <\/span><strong><span style=\"font-size: small\">Voto estrat\u00e9gico e coordena\u00e7\u00e3o eleitoral testando a Lei de Duverger no Brasil.<\/span><\/strong><span style=\"font-size: small\"> Rev. bras. Ci. Soc.,\u00a0 S\u00e3o Paulo,\u00a0 v. 30, n. 89, p. 77-92, out.\u00a02015. Dispon\u00edvel em &lt;<\/span><a href=\"http:\/\/www.scielo.br\/scielo.php?script=sci_arttext&amp;pid=S0102-69092015000300077&amp;lng=en&amp;nrm=iso\"><span style=\"font-size: small\">http:\/\/www.scielo.br\/scielo.php?script=sci_arttext&amp;pid=S0102-69092015000300077&amp;lng=en&amp;nrm=iso<\/span><\/a><span style=\"font-size: small\">&gt;.<\/span><\/p>\n<p><small>NICOLAU, Jairo, SCHMITT, Rog\u00e9rio. <strong>Sistema Eleitoral e Sistema Partid\u00e1rio.<\/strong> Lua Nova, S\u00e3o Paulo, n. 36, p. 129-201, 1995. Dispon\u00edvel em &lt;<a href=\"http:\/\/www.scielo.br\/pdf\/ln\/n36\/a08n36\">http:\/\/www.scielo.br\/pdf\/ln\/n36\/a08n36<\/a>&gt;.<\/small><\/p>\n<p><strong>Aula 5:<\/strong><\/p>\n<ul>\n<li><em>Partido de Massas:<\/em><\/li>\n<\/ul>\n<p><small>DUVERGER, Maurice. (1980). Os Partidos Pol\u00edticos. S\u00e3o Paulo: Zahar.<\/small><\/p>\n<p><small>SARTORI, Giovanni. (1982). Partidos e Sistemas Partid\u00e1rios. Bras\u00edlia: UnB.<\/small><\/p>\n<p><small>PANEBIANCO, Angelo. (2005). Modelos de Partido: Organiza\u00e7\u00e3o e Poder nos partidos pol\u00edticos. S\u00e3o Paulo, Martins Fontes. <\/small><\/p>\n<ul>\n<li><em>Partido Catch-all:<\/em><\/li>\n<\/ul>\n<p><small>KIRCHHEIMER, Otto. (2002). A transforma\u00e7\u00e3o dos sistemas partid\u00e1rios da Europa Ocidental. Revista Brasileira de Ci\u00eancia Pol\u00edtica, n.7, pp. 349-385. Dispon\u00edvel em &lt;<a href=\"http:\/\/www.scielo.br\/scielo.php?script=sci_arttext&amp;pid=S0103-33522012000100014&amp;lng=en&amp;nrm=iso\">http:\/\/www.scielo.br\/scielo.php?script=sci_arttext&amp;pid=S0103-33522012000100014&amp;lng=en&amp;nrm=iso<\/a>&gt;.<\/small><\/p>\n<ul>\n<li><em>Partido Cartel:<\/em><\/li>\n<\/ul>\n<p><small>MAIR, Peter. (2003). \u201cOs partidos pol\u00edticos e a democracia\u201d. An\u00e1lise Social, vol. XXXVIII (167), 2003, 277-293. Dispon\u00edvel em &lt;<a href=\"http:\/\/analisesocial.ics.ul.pt\/documentos\/1218738808O9jEJ7wj1Ds10DV6.pdf\">http:\/\/analisesocial.ics.ul.pt\/documentos\/1218738808O9jEJ7wj1Ds10DV6.pdf<\/a>&gt;. <\/small><\/p>\n<ul>\n<li><em>Tipologias Atuais:<\/em><\/li>\n<\/ul>\n<p><small>GUNTHER, Richard; DIAMOND, Larry. (2002). Esp\u00e9cies de partidos pol\u00edticos: Uma Nova Tipologia. Revista Paran\u00e1 Eleitoral, v. 4 n. 1 p. 7-51. Dispon\u00edvel em &lt;<a href=\"http:\/\/www.justicaeleitoral.jus.br\/arquivos\/tre-pr-parana-eleitoral-2015-volume-4-revista-1-artigo-1-richard-gunther\">http:\/\/www.justicaeleitoral.jus.br\/arquivos\/tre-pr-parana-eleitoral-2015-volume-4-revista-1-artigo-1-richard-gunther<\/a>&gt;. <\/small><\/p>\n<ul>\n<li><em>Trabalhos sobre o Brasil:<\/em><\/li>\n<\/ul>\n<p><small>RIBEIRO, Pedro Floriano. (2013). <strong>Organiza\u00e7\u00e3o e poder nos partidos brasileiros<\/strong>: uma an\u00e1lise dos estatutos. Revista Brasileira de Ci\u00eancia Pol\u00edtica, n\u00ba10. Bras\u00edlia, janeiro &#8211; abril de 2013. Dispon\u00edvel em &lt; <a href=\"http:\/\/www.scielo.br\/scielo.php?script=sci_abstract&amp;pid=S0103-33522013000100007&amp;lng=pt&amp;nrm=iso\">http:\/\/www.scielo.br\/scielo.php?script=sci_abstract&amp;pid=S0103-33522013000100007&amp;lng=pt&amp;nrm=iso<\/a> &gt;. <\/small><\/p>\n<p><small>FIGUEIREDO, A. e LIMONGI, F.\u00a0<strong>Incentivos Eleitorais, Partidos e Pol\u00edtica Or\u00e7ament\u00e1ria<\/strong>.\u00a0Dados,\u00a0vol.45,\u00a0no.2.\u00a0Rio de Janeiro,\u00a02002. Dispon\u00edvel em:\u00a0&lt;<a href=\"http:\/\/www.scielo.br\/scielo.php?script=sci_arttext&amp;pid=S0011-52582002000200005\">http:\/\/www.scielo.br\/scielo.php?script=sci_arttext&amp;pid=S0011-52582002000200005<\/a>&gt;.<\/small><\/p>\n<p><strong>Aula 6:<\/strong><\/p>\n<p><small>MAINWARING, S. (1991). <a href=\"http:\/\/novosestudos.uol.com.br\/v1\/files\/uploads\/contents\/63\/20080624_politicos_partidos_sistemas.pdf\">Pol\u00edticos, partidos e sistemas eleitorais: o Brasil numa perspectiva comparada<\/a>. Novos Estudos &#8211; CEBRAP, 29, 34\u201358. <\/small><\/p>\n<p><small>PEREIRA, C., &amp; MUELLER, B. (2003). <a href=\"http:\/\/www.scielo.br\/scielo.php?pid=S0011-52582003000400004&amp;script=sci_arttext\">Partidos fracos na arena eleitoral e partidos fortes na arena legislativa: a conex\u00e3o eleitoral no Brasil<\/a>. Dados, 46(4), 735\u2013771. <\/small><\/p>\n<p><small>Figueiredo, A. C., &amp; Limongi, F. (2002). <a href=\"http:\/\/www.scielo.br\/scielo.php?pid=S0011-52582002000200005&amp;script=sci_arttext\">Incentivos Eleitorais, Partidos e Pol\u00edtica Or\u00e7ament\u00e1ria<\/a>. Dados &#8211; Revista de Ci\u00eancias Sociais, 45(2), 303\u2013344.<\/small><\/p>\n<p><small>Mesquita, L., Silotto, G., Luz, J. e Hubert, P. (2014) <a href=\"http:\/\/www.teoriaepesquisa.ufscar.br\/index.php\/tp\/article\/viewFile\/397\/268\">Emendas individuais e concentra\u00e7\u00e3o de votos: uma an\u00e1lise explorat\u00f3ria<\/a>. Revista Teoria e Pesquisa, <em>23<\/em>(2), 82\u2013106.<\/small><\/p>\n<p><strong>Aula 7:<\/strong><\/p>\n<p><small>AVRITZER, L. e ANASTASIA, F., <strong>Reforma Pol\u00edtica no Brasil, Introdu\u00e7\u00e3o<\/strong>\u00a0in Avritzer, L. e Anastasia, F. Reforma Pol\u00edtica no Brasil.<\/small><\/p>\n<p><small>SPECK, B., <strong>O Financiamento de Campanhas Eleitorais<\/strong> in\u00a0 Avritzer, L. e Anastasia, F. Reforma Pol\u00edtica no Brasil. <\/small><\/p>\n<p>&nbsp;<\/p>\n","protected":false},"excerpt":{"rendered":"<p>Objetivos: Apresentar e discutir um panorama geral sobre a capacidade atual do sistema partid\u00e1rio, tanto do ponto de vista te\u00f3rico, como na realidade brasileira, de mediar os diferentes interesses na arena pol\u00edtica;\u00a0Contextualizar os partidos em regimes democr\u00e1ticos;\u00a0Relacionar os sistemas eleitoral e partid\u00e1rio;\u00a0Discutir as diferentes formas organizacionais assumidas pelos partidos. Diretor Respons\u00e1vel: Lara Mesquita Coordena\u00e7\u00e3o: Glauco [&hellip;]<\/p>\n","protected":false},"author":127,"featured_media":0,"parent":6500,"menu_order":521,"comment_status":"closed","ping_status":"closed","template":"","meta":{"_acf_changed":false,"footnotes":""},"class_list":["post-6454","page","type-page","status-publish","hentry"],"acf":[],"_links":{"self":[{"href":"https:\/\/www.saopaulo.sp.leg.br\/escoladoparlamento\/wp-json\/wp\/v2\/pages\/6454","targetHints":{"allow":["GET"]}}],"collection":[{"href":"https:\/\/www.saopaulo.sp.leg.br\/escoladoparlamento\/wp-json\/wp\/v2\/pages"}],"about":[{"href":"https:\/\/www.saopaulo.sp.leg.br\/escoladoparlamento\/wp-json\/wp\/v2\/types\/page"}],"author":[{"embeddable":true,"href":"https:\/\/www.saopaulo.sp.leg.br\/escoladoparlamento\/wp-json\/wp\/v2\/users\/127"}],"replies":[{"embeddable":true,"href":"https:\/\/www.saopaulo.sp.leg.br\/escoladoparlamento\/wp-json\/wp\/v2\/comments?post=6454"}],"version-history":[{"count":0,"href":"https:\/\/www.saopaulo.sp.leg.br\/escoladoparlamento\/wp-json\/wp\/v2\/pages\/6454\/revisions"}],"up":[{"embeddable":true,"href":"https:\/\/www.saopaulo.sp.leg.br\/escoladoparlamento\/wp-json\/wp\/v2\/pages\/6500"}],"wp:attachment":[{"href":"https:\/\/www.saopaulo.sp.leg.br\/escoladoparlamento\/wp-json\/wp\/v2\/media?parent=6454"}],"curies":[{"name":"wp","href":"https:\/\/api.w.org\/{rel}","templated":true}]}}