{"id":6335,"date":"2017-01-30T13:10:29","date_gmt":"2017-01-30T15:10:29","guid":{"rendered":"http:\/\/www.saopaulo.sp.leg.br\/escoladoparlamento\/?page_id=6335"},"modified":"2017-07-11T13:57:46","modified_gmt":"2017-07-11T16:57:46","slug":"participacao-e-controle-democratico-do-poder-publico","status":"publish","type":"page","link":"https:\/\/www.saopaulo.sp.leg.br\/escoladoparlamento\/cursos\/cursos-anteriores\/cursos-realizados-em-2017\/participacao-e-controle-democratico-do-poder-publico\/","title":{"rendered":"Participa\u00e7\u00e3o e controle democr\u00e1tico do poder p\u00fablico"},"content":{"rendered":"<p><iframe loading=\"lazy\" title=\"Escola do Parlamento promove curso sobre democracia e cidadania\" width=\"640\" height=\"480\" src=\"https:\/\/www.youtube.com\/embed\/uQ8jv4wnQp0?feature=oembed\" frameborder=\"0\" allow=\"accelerometer; autoplay; clipboard-write; encrypted-media; gyroscope; picture-in-picture; web-share\" referrerpolicy=\"strict-origin-when-cross-origin\" allowfullscreen><\/iframe><\/p>\n<hr \/>\n<p><strong>Objetivos:<\/strong>\u00a0O curso pretende fornecer elementos conceituais b\u00e1sicos sobre democracia, apresentar as diversas modalidades de participa\u00e7\u00e3o dos cidad\u00e3os e cidad\u00e3s na vida pol\u00edtica e os mecanismos de controle democr\u00e1tico sobre o poder p\u00fablico. Pretende ainda promover o debate sobre a efetividade das formas atuais de participa\u00e7\u00e3o em vig\u00eancia no Brasil e, al\u00e9m disso, provocar reflex\u00f5es sobre a produ\u00e7\u00e3o de inova\u00e7\u00f5es institucionais neste campo de conflu\u00eancia entre sociedade e Estado.<\/p>\n<p><strong>Diretora Respons\u00e1vel:<\/strong>\u00a0Profa. Dra. Lara Mesquita Ramos<\/p>\n<p><strong>Coordena\u00e7\u00e3o:<\/strong>\u00a0Prof. Dr. Wagner de Melo Rom\u00e3o<\/p>\n<p><strong>P\u00fablico Alvo:<\/strong>\u00a0Gestores p\u00fablicos, membros de organiza\u00e7\u00f5es da sociedade civil, professores da rede municipal, estudantes, p\u00fablico em geral.<\/p>\n<p><strong>Carga Hor\u00e1ria:<\/strong>\u00a06 aulas de 3h cada, totalizando 18h<\/p>\n<p><strong>Inscri\u00e7\u00f5es:<\/strong>\u00a0Encerradas.<\/p>\n<p><strong>Programa\u00e7\u00e3o:<\/strong><\/p>\n<table>\n<tbody>\n<tr>\n<td width=\"63\"><strong>Data<\/strong><\/td>\n<td width=\"121\"><strong>Local<\/strong><\/td>\n<td width=\"225\"><strong>Tema<\/strong><\/td>\n<td width=\"148\"><strong>Palestrante<\/strong><\/td>\n<\/tr>\n<tr>\n<td width=\"63\">07\/fev<\/p>\n<p>19h-22h<\/td>\n<td width=\"121\"><a href=\"http:\/\/www.saopaulo.sp.leg.br\/transparencia\/auditorios-online\/sala-sergio-vieira-de-mello-sala\/\">Sala S\u00e9rgio Vieira de Mello<\/a><\/td>\n<td width=\"225\">\u00a0Democracia e Participa\u00e7\u00e3o [<a href=\"http:\/\/camarasp.flashserverbr.com\/23986\">V\u00eddeo<\/a>] [<a href=\"http:\/\/www.saopaulo.sp.leg.br\/escoladoparlamento\/wp-content\/uploads\/sites\/5\/2017\/01\/Aula-1-Wagner.pdf\">Slides<\/a>]<\/td>\n<td width=\"148\"><em>Professor Dr. Wagner de Melo Rom\u00e3o<\/em><\/td>\n<\/tr>\n<tr>\n<td width=\"63\">09\/fev<\/p>\n<p>19h-22h<\/td>\n<td width=\"121\"><a href=\"http:\/\/www.saopaulo.sp.leg.br\/transparencia\/auditorios-online\/sala-sergio-vieira-de-mello-sala\/\">Sala S\u00e9rgio Vieira de Mello<\/a><\/td>\n<td width=\"225\">\u00a0Participa\u00e7\u00e3o pol\u00edtica no Brasil recente\u00a0[<a href=\"http:\/\/camarasp.flashserverbr.com\/23996\">V\u00eddeo<\/a>] [<a href=\"http:\/\/www.saopaulo.sp.leg.br\/escoladoparlamento\/wp-content\/uploads\/sites\/5\/2017\/01\/Aula-2-Wagner.pdf\">Slides<\/a>]<\/td>\n<td width=\"148\"><em>Professor Dr. Wagner de Melo Rom\u00e3o<\/em><\/td>\n<\/tr>\n<tr>\n<td width=\"63\">14\/fev<\/p>\n<p>19h-22h<\/td>\n<td width=\"121\"><a href=\"http:\/\/www.saopaulo.sp.leg.br\/transparencia\/auditorios-online\/sala-sergio-vieira-de-mello-sala\/\">Sala S\u00e9rgio Vieira de Mello<\/a><\/td>\n<td width=\"225\">Mecanismos de participa\u00e7\u00e3o institucional\u00a0[<a href=\"http:\/\/camarasp.flashserverbr.com\/24033\">V\u00eddeo<\/a>] [<a href=\"http:\/\/www.saopaulo.sp.leg.br\/escoladoparlamento\/wp-content\/uploads\/sites\/5\/2017\/01\/Aula-3-Maira.pdf\">Slides<\/a>]<\/td>\n<td width=\"148\"><em>Profa. Dra. Maira Rodrigues\u00a0<\/em><\/td>\n<\/tr>\n<tr>\n<td width=\"63\">16\/fev<\/p>\n<p>19h-22h<\/td>\n<td width=\"121\"><a href=\"http:\/\/www.saopaulo.sp.leg.br\/transparencia\/auditorios-online\/sala-sergio-vieira-de-mello-sala\/\">Sala S\u00e9rgio Vieira de Mello<\/a><\/td>\n<td width=\"225\">\u00a0Experi\u00eancias internacionais e possibilidades de aplica\u00e7\u00e3o no Brasil [<a href=\"http:\/\/camarasp.flashserverbr.com\/24077\">V\u00eddeo<\/a>] [<a href=\"http:\/\/www.saopaulo.sp.leg.br\/escoladoparlamento\/wp-content\/uploads\/sites\/5\/2017\/01\/Aula-4-Wagner.pdf\">Slides<\/a>]<\/td>\n<td width=\"148\"><em>Professor Dr. Wagner de Melo Rom\u00e3o\u00a0<\/em><\/td>\n<\/tr>\n<tr>\n<td width=\"63\">21\/fev<\/p>\n<p>19h-22h<\/td>\n<td width=\"121\"><a href=\"http:\/\/www.saopaulo.sp.leg.br\/transparencia\/auditorios-online\/sala-sergio-vieira-de-mello-sala\/\">Sala S\u00e9rgio Vieira de Mello<\/a><\/td>\n<td width=\"225\">Efetividade dos mecanismos de participa\u00e7\u00e3o institucional [<a href=\"http:\/\/camarasp.flashserverbr.com\/24106\">V\u00eddeo<\/a>]<\/td>\n<td width=\"148\"><em>Professora Dra. Ursula Dias Peres\u00a0<\/em><\/td>\n<\/tr>\n<tr>\n<td width=\"63\">23\/fev<\/p>\n<p>19h-22h<\/td>\n<td width=\"121\"><a href=\"http:\/\/www.saopaulo.sp.leg.br\/transparencia\/auditorios-online\/sala-sergio-vieira-de-mello-sala\/\">Sala S\u00e9rgio Vieira de Mello<\/a><\/td>\n<td width=\"225\">O futuro da participa\u00e7\u00e3o e da democracia no Brasil [<a href=\"http:\/\/camarasp.flashserverbr.com\/24131\">V\u00eddeo<\/a>]\u00a0[<a href=\"http:\/\/www.saopaulo.sp.leg.br\/escoladoparlamento\/wp-content\/uploads\/sites\/5\/2017\/01\/Aula-6-Maira-Wagner.pdf\">Slides<\/a>]<\/td>\n<td width=\"148\"><em>Professora Dra. Maira Rodrigues\u00a0<\/em><\/td>\n<\/tr>\n<\/tbody>\n<\/table>\n<p><strong>Wagner de Melo Rom\u00e3o: <\/strong>Possui gradua\u00e7\u00e3o em Ci\u00eancias Sociais pela Universidade de S\u00e3o Paulo (1999), mestrado em Sociologia pela Universidade de S\u00e3o Paulo (2003) e doutorado em Sociologia pela Universidade de S\u00e3o Paulo (2010). Atualmente \u00e9 professor do Departamento de Ci\u00eancia Pol\u00edtica do Instituto de Filosofia e Ci\u00eancias Humanas da Universidade Estadual de Campinas (IFCH-Unicamp). Tamb\u00e9m leciona no Programa de P\u00f3s-Gradua\u00e7\u00e3o em Ci\u00eancias Sociais da Universidade Estadual Paulista &#8211; Unesp Araraquara. \u00c9 pesquisador do N\u00facleo de Pesquisas sobre Participa\u00e7\u00e3o, Movimentos Sociais e Pol\u00edticas P\u00fablicas (Nepac).\u00a0(<a href=\"http:\/\/lattes.cnpq.br\/2467232458894916\">Lattes<\/a>)<\/p>\n<p><strong>Maira Rodrigues:<\/strong> Doutora em Ci\u00eancia Pol\u00edtica pela Universidade de S\u00e3o Paulo &#8211; USP (2016). Possui gradua\u00e7\u00e3o em Ci\u00eancias Sociais pela Universidade Estadual de Campinas (2004) e mestrado em Ci\u00eancia Pol\u00edtica pela Universidade de S\u00e3o Paulo (2008). Atualmente \u00e9 pesquisadora do N\u00facleo Democracia e A\u00e7\u00e3o Coletiva do Centro Brasileiro de An\u00e1lise e Planejamento &#8211; CEBRAP. (<a href=\"http:\/\/lattes.cnpq.br\/5396263196853808\">Lattes<\/a>)<\/p>\n<p><strong>Ursula Dias Peres:<\/strong> Possui gradua\u00e7\u00e3o em Administra\u00e7\u00e3o P\u00fablica pela Funda\u00e7\u00e3o Getulio Vargas &#8211; SP (1993), mestrado e doutorado em Economia pela Funda\u00e7\u00e3o Get\u00falio Vargas &#8211; SP (2007). Atualmente \u00e9 Professora Doutora da EACH\/USP no Curso de Gest\u00e3o de Pol\u00edticas P\u00fablicas, Coordenadora do Programa de Mestrado em Gest\u00e3o de Pol\u00edticas P\u00fablicas e Professora do Programa de Mestrado em Mudan\u00e7a Social e Participa\u00e7\u00e3o Pol\u00edtica, pesquisadora associada ao Centro de Estudos da Metr\u00f3pole &#8211; CEM\/USP e membro do Instituto de Estudos Avan\u00e7ados da Universidade de S\u00e3o Paulo &#8211; IEA\/USP. Foi Assessora Geral do Or\u00e7amento na Secretaria de Finan\u00e7as do Munic\u00edpio de S\u00e3o Paulo (2002-2003), Assessora da Presid\u00eancia da Companhia Sider\u00fargica Nacional (2005-2007), e Secret\u00e1ria Adjunta de Planejamento, Or\u00e7amento e Gest\u00e3o no Munic\u00edpio de S\u00e3o Paulo (2013).<strong>\u00a0<\/strong><strong>(<a href=\"http:\/\/lattes.cnpq.br\/5635693179849300\">Lattes<\/a>)<\/strong><\/p>\n<p><strong>Bibliografia:<\/strong><br \/>\nABERS, R.; KECK, M. Practical Authority: agency and institutional change in Brazilian water politics. Oxford University Press, 2013.<\/p>\n<p>ALMEIDA, C.; TATAGIBA, L. Os conselhos gestores sob o crivo da pol\u00edtica: balan\u00e7os e perspectivas. Servi\u00e7o Social e Sociedade. S\u00e3o Paulo, n. 109, p. 68-92, jan.\/mar., 2012.<\/p>\n<p>AVRITZER, L. \u201cInstitui\u00e7\u00f5es participativas e desenho institucional: algumas considera\u00e7\u00f5es sobre a varia\u00e7\u00e3o da participa\u00e7\u00e3o no Brasil democr\u00e1tico\u201d. Opini\u00e3o P\u00fablica,\u00a0Campinas,\u00a0 v. 14,\u00a0 n. 1,\u00a0Junho,\u00a02008.<\/p>\n<p>CAMERON, M. A.; HERSHBERG, E.; SHARPE, K. E. Nuevas instituciones de democracia participativa en Am\u00e9rica Latina: la voz y sus consecuencias. M\u00e9xico: Flacso M\u00e9xico, 2012.<\/p>\n<p>CARDOSO, R. \u201cOs Movimentos Sociais na Am\u00e9rica Latina\u201d. Revista Brasileira de Ci\u00eancias Sociais 2(5): 27-37. 1987.<\/p>\n<p>CUNNINGHAM, F. Teorias da democracia: uma introdu\u00e7\u00e3o cr\u00edtica. Porto Alegre: Artmed, 2009.<\/p>\n<p>DAGNINO, E. (org). Sociedade civil e espa\u00e7os p\u00fablicos no Brasil. S\u00e3o Paulo: Editora Paz e Terra, 2002.<\/p>\n<p>DAHL, R. A. Sobre a democracia. Bras\u00edlia: UnB, 2001.<\/p>\n<p>DOWBOR, M. A arte da institucionaliza\u00e7\u00e3o: estrat\u00e9gias de mobiliza\u00e7\u00e3o dos sanitaristas (1974-2006). Tese de Doutorado. Programa de P\u00f3s-Gradua\u00e7\u00e3o em Ci\u00eancia Pol\u00edtica, FFLCH-USP, 2012.<\/p>\n<p>GURZA LAVALLE, A.; BARONE, L. &#8220;Conselhos, Associa\u00e7\u00f5es e Desigualdade&#8221;.\u00a0 In:\u00a0 ARRETCHE, M. (org.) Trajet\u00f3rias da desigualdade &#8211;O quanto Brasil mudou nos \u00faltimos 50 anos. Ed UNESP, 2015, pp. 51-77.<\/p>\n<p>GURZA LAVALLE, A.; ISUNZA VERA, E. \u201cA trama da cr\u00edtica democr\u00e1tica: da participa\u00e7\u00e3o \u00e0 representa\u00e7\u00e3o e \u00e0 accountability\u201d. In: Lua Nova, S\u00e3o Paulo, 84: 95-139, 2011.<\/p>\n<p>ISCARO, A. C. A luta pela moradia na cidade de S\u00e3o Paulo: as intera\u00e7\u00f5es entre moradores de favelas e o poder p\u00fablico de 1975 a 1982. Disserta\u00e7\u00e3o de Mestrado. Programa de P\u00f3s-Gradua\u00e7\u00e3o em Ci\u00eancia Pol\u00edtica, IFCH-Unicamp, 2012.<\/p>\n<p>LISSIDINI, A. Democracia directa en Latinoam\u00e9rica entre la delegaci\u00f3n y la participaci\u00f3n. Buenos Aires: CLACSO, 2011.<\/p>\n<p>MENICUCCI, T. \u201cA implementa\u00e7\u00e3o da reforma sanit\u00e1ria: a forma\u00e7\u00e3o de uma pol\u00edtica\u201d. In: HOCHMAN, G.; ARRETCHE, M.; MARQUES, E. (orgs.). Pol\u00edticas P\u00fablicas no Brasil. Rio de Janeiro: Editora Fiocruz, p. 303-326, 2007.<\/p>\n<p>PERES, U. D. A participa\u00e7\u00e3o social como dimens\u00e3o para o planejamento e or\u00e7amenta\u00e7\u00e3o p\u00fablicos. Impresso. 2016.<\/p>\n<p>PIRES, R. (org). Efetividade das institui\u00e7\u00f5es participativas no Brasil: estrat\u00e9gias de avalia\u00e7\u00e3o.\u00a0 Bras\u00edlia: Ipea, 2011.<\/p>\n<p>RODRIGUES, M. Implementando a participa\u00e7\u00e3o: intera\u00e7\u00f5es estatais e socioestatais no Programa C\u00f3rrego Limpo da Sabesp. Tese de Doutorado. Programa de P\u00f3s-Gradua\u00e7\u00e3o em Ci\u00eancia Pol\u00edtica, FFLCH-USP, 2016.<\/p>\n<p>RODRIGUES, M. \u201cA efetividade da participa\u00e7\u00e3o em f\u00f3runs de governan\u00e7a colaborativa da Sabesp: uma proposta te\u00f3rico-metodol\u00f3gica comparativa\u201d. Interse\u00e7\u00f5es [Rio de Janeiro] v. 17 n. 1, p. 79-108, jun. 2015.<\/p>\n<p>ROM\u00c3O, W. M. Partidos pol\u00edticos y democracia participativa: estatus pol\u00edtico y perfil asociativo en los presupuestos participativos de Brasil. Revista Espa\u00f1ola de Ciencia Pol\u00edtica, n. 42, p. 69-96, 2016.<\/p>\n<p>ROM\u00c3O, W. M. Reflex\u00f5es sobre as dificuldades de implementa\u00e7\u00e3o da participa\u00e7\u00e3o institucional no Brasil. Ideias &#8211; Revista do Instituto de Filosofia e Ci\u00eancias Humanas da Unicamp, v. 6, p. 38-58, 2015.<\/p>\n<p>ROM\u00c3O, W. M. Pol\u00edticas p\u00fablicas y democracia participativa: avances y l\u00edmites de las conferencias nacionales en Brasil. In: MINNAERT, A.; ENDARA, G. (orgs.). Democracia participativa e izquierdas: logros, contradicciones y desafios. Quito: FES, 2015, p. 239-294.<\/p>\n<p>SADER, E. Quando novos personagens entraram em cena: experi\u00eancias e lutas dos trabalhadores da Grande S\u00e3o Paulo 1970-1980. S\u00e3o Paulo: Paz e Terra, 1995.<\/p>\n<p>SIM\u00d5ES, J. A. O dilema da participa\u00e7\u00e3o popular: a etnografia de um caso. S\u00e3o Paulo: Anpocs\/Marco Zero, 1992.<\/p>\n<p>TRANJAN, J. R. Participatory democracy in Brazil: socioeconomic and political origins. Notre Dame, Indiana, EUA: University of Notre Dame Press, 2016.<\/p>\n","protected":false},"excerpt":{"rendered":"<p>Objetivos:\u00a0O curso pretende fornecer elementos conceituais b\u00e1sicos sobre democracia, apresentar as diversas modalidades de participa\u00e7\u00e3o dos cidad\u00e3os e cidad\u00e3s na vida pol\u00edtica e os mecanismos de controle democr\u00e1tico sobre o poder p\u00fablico. Pretende ainda promover o debate sobre a efetividade das formas atuais de participa\u00e7\u00e3o em vig\u00eancia no Brasil e, al\u00e9m disso, provocar reflex\u00f5es sobre [&hellip;]<\/p>\n","protected":false},"author":297,"featured_media":0,"parent":6500,"menu_order":523,"comment_status":"closed","ping_status":"closed","template":"","meta":{"_acf_changed":false,"footnotes":""},"class_list":["post-6335","page","type-page","status-publish","hentry"],"acf":[],"_links":{"self":[{"href":"https:\/\/www.saopaulo.sp.leg.br\/escoladoparlamento\/wp-json\/wp\/v2\/pages\/6335","targetHints":{"allow":["GET"]}}],"collection":[{"href":"https:\/\/www.saopaulo.sp.leg.br\/escoladoparlamento\/wp-json\/wp\/v2\/pages"}],"about":[{"href":"https:\/\/www.saopaulo.sp.leg.br\/escoladoparlamento\/wp-json\/wp\/v2\/types\/page"}],"author":[{"embeddable":true,"href":"https:\/\/www.saopaulo.sp.leg.br\/escoladoparlamento\/wp-json\/wp\/v2\/users\/297"}],"replies":[{"embeddable":true,"href":"https:\/\/www.saopaulo.sp.leg.br\/escoladoparlamento\/wp-json\/wp\/v2\/comments?post=6335"}],"version-history":[{"count":0,"href":"https:\/\/www.saopaulo.sp.leg.br\/escoladoparlamento\/wp-json\/wp\/v2\/pages\/6335\/revisions"}],"up":[{"embeddable":true,"href":"https:\/\/www.saopaulo.sp.leg.br\/escoladoparlamento\/wp-json\/wp\/v2\/pages\/6500"}],"wp:attachment":[{"href":"https:\/\/www.saopaulo.sp.leg.br\/escoladoparlamento\/wp-json\/wp\/v2\/media?parent=6335"}],"curies":[{"name":"wp","href":"https:\/\/api.w.org\/{rel}","templated":true}]}}