{"id":6170,"date":"2016-12-07T11:48:47","date_gmt":"2016-12-07T13:48:47","guid":{"rendered":"http:\/\/www.saopaulo.sp.leg.br\/escoladoparlamento\/?page_id=6170"},"modified":"2018-05-11T16:42:22","modified_gmt":"2018-05-11T19:42:22","slug":"seminario-mulher-politicas-e-direitos","status":"publish","type":"page","link":"https:\/\/www.saopaulo.sp.leg.br\/escoladoparlamento\/cursos\/cursos-anteriores\/cursos-realizados-em-2016\/seminario-mulher-politicas-e-direitos\/","title":{"rendered":"Semin\u00e1rio Mulher, Pol\u00edticas e Direitos"},"content":{"rendered":"<p><strong>Objetivos:<\/strong> Debater o desenvolvimento da participa\u00e7\u00e3o das mulheres na pol\u00edtica, no mundo do trabalho e nos movimentos sociais, relacionando essa participa\u00e7\u00e3o ao est\u00e1gio de desenvolvimento econ\u00f4mico, pol\u00edtico e social. O semin\u00e1rio vai se debru\u00e7ar sobre os entraves e desafios para a maior inser\u00e7\u00e3o feminina na sociedade, sejam no \u00e2mbito da fam\u00edlia, do trabalho ou da pol\u00edtica.<\/p>\n<p><strong>Diretor Respons\u00e1vel:<\/strong> Christy Ganzert Pato<\/p>\n<p><strong>Coordena\u00e7\u00e3o:<\/strong> Mirlene Wexel Severo<\/p>\n<p><strong>P\u00fablico Alvo:<\/strong> Servidores p\u00fablicos, lideran\u00e7as de movimentos sociais, estudantes e mun\u00edcipes interessados.<\/p>\n<p><strong>Carga Hor\u00e1ria:<\/strong> 8h<\/p>\n<h3><strong>Inscri\u00e7\u00f5es: Encerradas<\/strong>.<\/h3>\n<p><strong>Programa\u00e7\u00e3o:<\/strong><\/p>\n<table>\n<tbody>\n<tr>\n<td><strong>Data e Hora<\/strong><\/td>\n<td><strong>Local<\/strong><\/td>\n<td><strong>Tema<\/strong><\/td>\n<td><strong>Palestrantes<\/strong><\/td>\n<\/tr>\n<tr>\n<td><strong>17\/dez<\/strong><\/p>\n<p>9h &#8211; 13h<\/td>\n<td rowspan=\"2\"><a title=\"Audit\u00f3rio Prestes Maia\" href=\"http:\/\/www.saopaulo.sp.leg.br\/transparencia\/auditorios-online\/auditorio-prestes-maia\/\">Audit\u00f3rio Prestes Maia (Plenarinho)<\/a><\/td>\n<td>A mulher e um mundo de paz. O Acordo de Paz na Col\u00f4mbia<\/p>\n<p>Situa\u00e7\u00e3o econ\u00f4mica e pol\u00edtica e o impacto na vida das mulheres<\/p>\n<p>Creche: Direito da crian\u00e7a, da mulher, da fam\u00edlia e obriga\u00e7\u00e3o do Estado<\/p>\n<p>A situa\u00e7\u00e3o do emprego\/desemprego da mulher, a valoriza\u00e7\u00e3o da maternidade. A licen\u00e7a maternidade<\/p>\n<p>Convidada Especial<\/td>\n<td><em>Prof. Dr. Pietro Alarcon<\/em><\/p>\n<p><em>Prof. Dr. Nilson Ara\u00fajo<\/em><\/p>\n<p>Gl\u00e1ucia Morelli<\/p>\n<p><em>M\u00e1rcia de Campos Pereira<\/em><\/p>\n<p><em>Claudete Alves<br \/>\n<\/em><\/td>\n<\/tr>\n<tr>\n<td><strong>17\/dez<\/strong><\/p>\n<p>14h &#8211; 18h<\/td>\n<td>Mulheres, Direitos e Conquistas<\/p>\n<p>A discrimina\u00e7\u00e3o da mulher no trabalho. A luta por sal\u00e1rio igual para trabalho igual e a participa\u00e7\u00e3o das mulheres nos sindicatos<\/p>\n<p>Mulher jovem: educa\u00e7\u00e3o p\u00fablica, capacita\u00e7\u00e3o, creches nas universidades; conquistas e direitos<\/p>\n<p>Participa\u00e7\u00e3o social e pol\u00edtica da mulher. Mulher na pol\u00edtica para qu\u00ea?<\/p>\n<p>Convidada especial<\/td>\n<td><em>Prof. Dra. Mirlene Wexell Severo<\/em><\/p>\n<p><em>Prof. Arlene Bitencourt Saboia<\/em><\/p>\n<p><em>Mariara Cruz<\/em><\/p>\n<p><em>L\u00eddia Correa<\/em><\/p>\n<p><em>Dra. Albertina Duarte<\/em><\/p>\n<p><em>\u00a0<\/em><\/td>\n<\/tr>\n<\/tbody>\n<\/table>\n<p>&nbsp;<\/p>\n","protected":false},"excerpt":{"rendered":"<p>Objetivos: Debater o desenvolvimento da participa\u00e7\u00e3o das mulheres na pol\u00edtica, no mundo do trabalho e nos movimentos sociais, relacionando essa participa\u00e7\u00e3o ao est\u00e1gio de desenvolvimento econ\u00f4mico, pol\u00edtico e social. O semin\u00e1rio vai se debru\u00e7ar sobre os entraves e desafios para a maior inser\u00e7\u00e3o feminina na sociedade, sejam no \u00e2mbito da fam\u00edlia, do trabalho ou da [&hellip;]<\/p>\n","protected":false},"author":127,"featured_media":0,"parent":3097,"menu_order":525,"comment_status":"closed","ping_status":"closed","template":"","meta":{"_acf_changed":false,"footnotes":""},"class_list":["post-6170","page","type-page","status-publish","hentry"],"acf":[],"_links":{"self":[{"href":"https:\/\/www.saopaulo.sp.leg.br\/escoladoparlamento\/wp-json\/wp\/v2\/pages\/6170","targetHints":{"allow":["GET"]}}],"collection":[{"href":"https:\/\/www.saopaulo.sp.leg.br\/escoladoparlamento\/wp-json\/wp\/v2\/pages"}],"about":[{"href":"https:\/\/www.saopaulo.sp.leg.br\/escoladoparlamento\/wp-json\/wp\/v2\/types\/page"}],"author":[{"embeddable":true,"href":"https:\/\/www.saopaulo.sp.leg.br\/escoladoparlamento\/wp-json\/wp\/v2\/users\/127"}],"replies":[{"embeddable":true,"href":"https:\/\/www.saopaulo.sp.leg.br\/escoladoparlamento\/wp-json\/wp\/v2\/comments?post=6170"}],"version-history":[{"count":0,"href":"https:\/\/www.saopaulo.sp.leg.br\/escoladoparlamento\/wp-json\/wp\/v2\/pages\/6170\/revisions"}],"up":[{"embeddable":true,"href":"https:\/\/www.saopaulo.sp.leg.br\/escoladoparlamento\/wp-json\/wp\/v2\/pages\/3097"}],"wp:attachment":[{"href":"https:\/\/www.saopaulo.sp.leg.br\/escoladoparlamento\/wp-json\/wp\/v2\/media?parent=6170"}],"curies":[{"name":"wp","href":"https:\/\/api.w.org\/{rel}","templated":true}]}}