{"id":6078,"date":"2016-11-28T17:04:45","date_gmt":"2016-11-28T19:04:45","guid":{"rendered":"http:\/\/www.saopaulo.sp.leg.br\/escoladoparlamento\/?page_id=6078"},"modified":"2016-12-09T14:58:01","modified_gmt":"2016-12-09T16:58:01","slug":"estado-direito-do-trabalho-e-desenvolvimento-economico","status":"publish","type":"page","link":"https:\/\/www.saopaulo.sp.leg.br\/escoladoparlamento\/cursos\/cursos-anteriores\/cursos-realizados-em-2016\/estado-direito-do-trabalho-e-desenvolvimento-economico\/","title":{"rendered":"ESTADO, DIREITO DO TRABALHO E DESENVOLVIMENTO ECON\u00d4MICO"},"content":{"rendered":"<figure id=\"attachment_3903\" aria-describedby=\"caption-attachment-3903\" style=\"width: 150px\" class=\"wp-caption alignright\"><a href=\"http:\/\/www.sindilex.org.br\"><img loading=\"lazy\" decoding=\"async\" class=\"wp-image-3903\" src=\"http:\/\/www.saopaulo.sp.leg.br\/escoladoparlamento\/wp-content\/uploads\/sites\/5\/2016\/04\/Logo_Sindilex-3-300x212.jpg\" alt=\"Sindicato dos Servidores da C\u00e2mara Municipal e do Tribunal de Contas do Munic\u00edpio de S\u00e3o Paulo\" width=\"150\" height=\"106\" srcset=\"https:\/\/www.saopaulo.sp.leg.br\/escoladoparlamento\/wp-content\/uploads\/sites\/5\/2016\/04\/Logo_Sindilex-3-300x212.jpg 300w, https:\/\/www.saopaulo.sp.leg.br\/escoladoparlamento\/wp-content\/uploads\/sites\/5\/2016\/04\/Logo_Sindilex-3-768x544.jpg 768w, https:\/\/www.saopaulo.sp.leg.br\/escoladoparlamento\/wp-content\/uploads\/sites\/5\/2016\/04\/Logo_Sindilex-3.jpg 842w\" sizes=\"auto, (max-width: 150px) 100vw, 150px\" \/><\/a><figcaption id=\"caption-attachment-3903\" class=\"wp-caption-text\">Sindicato dos Servidores da C\u00e2mara Municipal e do Tribunal de Contas do Munic\u00edpio de S\u00e3o Paulo<\/figcaption><\/figure>\n<p><strong>Objetivos:<\/strong> Descrever o papel do Estado e do Direito na regulamenta\u00e7\u00e3o do Trabalho e no Desenvolvimento Econ\u00f4mico no Brasil e debater sobre as causas e efeitos das propostas de altera\u00e7\u00e3o na legisla\u00e7\u00e3o trabalhista existentes na atualidade. Apresentar um panorama da hist\u00f3ria das rela\u00e7\u00f5es de trabalho contempor\u00e2neas e da atua\u00e7\u00e3o do Estado e do Direito neste campo. Descrever a legisla\u00e7\u00e3o trabalhista existente \u2013 especialmente no \u00e2mbito constitucional \u2013 explicando seus fundamentos, princ\u00edpios e o processo legislativo necess\u00e1rio para sua modifica\u00e7\u00e3o. Debater as perspectivas de altera\u00e7\u00f5es na legisla\u00e7\u00e3o trabalhista e seus impactos na esfera social e econ\u00f4mica, explicando o papel do Estado, dos sindicatos e da sociedade civil organizada neste contexto.<\/p>\n<p><strong>Diretor Respons\u00e1vel:<\/strong> Christy Ganzert Pato<\/p>\n<p><strong>Coordena\u00e7\u00e3o:<\/strong> Camilo Onoda Caldas<\/p>\n<p><strong>P\u00fablico Alvo:<\/strong> Trabalhadores e Empres\u00e1rios. Servidores p\u00fablicos e Gestores P\u00fablicos. Advogados e Profissionais do Direito em Geral. Estudantes de Direito, Ci\u00eancias Sociais, Economia e demais cursos superiores. Membros de Sindicatos, organiza\u00e7\u00f5es da sociedade civil e cidad\u00e3os interessados no tema.<\/p>\n<p><strong>Carga Hor\u00e1ria:<\/strong> 4 aulas de 3h cada, totalizando 12h<\/p>\n<p><strong>Inscri\u00e7\u00f5es:<\/strong> Encerrados.<\/p>\n<p><strong>Programa\u00e7\u00e3o:<\/strong><\/p>\n<table>\n<tbody>\n<tr>\n<td><strong>Data<\/strong><\/td>\n<td><strong>Local<\/strong><\/td>\n<td><strong>Tema<\/strong><\/td>\n<td><strong>Palestrante<\/strong><\/td>\n<\/tr>\n<tr>\n<td><strong>05\/dez<\/strong><\/p>\n<p>19h-22h<\/td>\n<td>\u00a0<a href=\"http:\/\/sindilex.org.br\/\">Sindilex<\/a><\/td>\n<td>\u00a0O papel do Estado e do Direito na media\u00e7\u00e3o das rela\u00e7\u00f5es trabalhistas<\/td>\n<td><em>Professor Dr. Alysson Leandro Barbate Mascaro<\/em><\/td>\n<\/tr>\n<tr>\n<td><strong>06\/dez<\/strong><\/p>\n<p>19h-22h<\/td>\n<td>\u00a0<a href=\"http:\/\/sindilex.org.br\/\">Sindilex<\/a><\/td>\n<td>\u00a0Debate: Direito Constitucional do Trabalho<\/td>\n<td><em>Professor Dra. Solange Gon\u00e7alvez Dias<\/em><\/p>\n<p><em> Professora Dra. Lucyla Tellez Merino<\/em><\/p>\n<p><em>Mediador: Camilo Onoda Caldas<\/em><\/td>\n<\/tr>\n<tr>\n<td><strong>07\/dez<\/strong><\/p>\n<p>19h-22h<\/td>\n<td>\u00a0<a href=\"http:\/\/sindilex.org.br\/\">Sindilex<\/a><\/td>\n<td>Estado, Direito do Trabalho e Desenvolvimento Econ\u00f4mico<\/td>\n<td><em>Prof. Dr. Jos\u00e9 Francisco Siqueira Neto<\/em><\/td>\n<\/tr>\n<tr>\n<td><strong>08\/dez<\/strong><\/p>\n<p>19h-22h<\/td>\n<td>\u00a0<a href=\"http:\/\/sindilex.org.br\/\">Sindilex<\/a><\/td>\n<td>\u00a0Debate: Regulamenta\u00e7\u00e3o do trabalho no setor p\u00fablico e privado: o papel do Estado, sindicatos e sociedade civil organizada<\/td>\n<td><em>Profa. Dra. Maria Beatriz Oliveira da Silva<\/em><\/p>\n<p><em>Prof. Ms. Volnei Rosalen<\/em><\/p>\n<p><em>Mediadores: Camilo Onoda Caldas e Marcos Alcyr<\/em><\/td>\n<\/tr>\n<\/tbody>\n<\/table>\n<p><strong>Bibliografia:<\/strong><br \/>\nANTUNES, Ricardo. Adeus ao trabalho? Ensaios sobre a metamorfose e a centralidade do mundo do trabalho. S\u00e3o Paulo: Cortez, 2002.<br \/>\n__________ (Org.). Riqueza e mis\u00e9ria do trabalho no Brasil. S\u00e3o Paulo: Boitempo, 2006.<br \/>\nALMEIDA, Amador Paes de. 6. ed. CLT Comentada: legisla\u00e7\u00e3o: doutrina: jurisprud\u00eancia. S\u00e3o Paulo: Saraiva, 2009.<br \/>\nBARROS, Alice Monteiro. 7. ed. Curso de Direito do Trabalho. S\u00e3o Paulo: LTR, 2011.<br \/>\nCARVALHO, Luciana Paula Vaz de; PIOVESAN, Flavia. Direitos Humanos e Direito do Trabalho. 1 ed. S\u00e3o Paulo: Atlas, 2010.<br \/>\nMARANH\u00c3O, D\u00e9lio; CARVALHO, Luiz In\u00e1cio Barbosa. 17 ed. Direito do trabalho. Rio de janeiro: FGV, 1993.<br \/>\nNASCIMENTO, Amauri Mascaro. Curso de Direito do Trabalho. 25 ed. S\u00e3o Paulo: Editora Saraiva, 2010<br \/>\n__________ Inicia\u00e7\u00e3o ao Direito do Trabalho. 36 ed. S\u00e3o Paulo: Ltr 2011.<br \/>\n__________ Curso de Direito Processual do Trabalho. 25 ed. S\u00e3o Paulo: Saraiva, 2010.<br \/>\nPAULON, Carlos Artur. Direito Alternativo do Trabalho. S\u00e3o Paulo: Alfa-\u00d4mega, 1984.<br \/>\nRODRIGUES, AM\u00c9RICO PL\u00c1. Princ\u00edpios do Direito do Trabalho. 3 ed. S\u00e3o Paulo: Editora Ltr, 2004.<br \/>\nSILVA, Homero Batista Mateus da. Curso do Direito do trabalho. 1 ed. S\u00e3o Paulo: Editora Campus, 2010.<br \/>\nSARAIVA, Renato. Direito do Trabalho: Vers\u00e3o Universit\u00e1ria. 3 ed. M\u00e9todo. S\u00e3o Paulo. 2010.<br \/>\n__________\u00a0 CLT: Consolida\u00e7\u00e3o das Leis do Trabalho. 3 ed. S\u00e3o Paulo: Editora M\u00e9todo, 2011.<br \/>\nSIQUEIRA NETO, J. F.. Liberdade Sindical e Representa\u00e7\u00e3o dos Trabalhadores nos Locais de Trabalho. 1. ed. S\u00e3o Paulo: LTr Editora, 2000. v. 2000.<br \/>\n__________ Los Derechos Fundamentales de la Persona y el Derecho del Trabajo. In: XVII Congresso Mundial de Derecho del Trabajo y de la Seguridad Social, 2003, Montevideo. Libro de Informes Generales. Montevideo: Fundacion de Cultura Universit\u00e1ria, 2003.<br \/>\nSOUSA JUNIOR, Jos\u00e9 Geraldo de. (Org.) ; AGUIAR, R. A. R. (Org.) . O Direito Achado na Rua II &#8211; Introdu\u00e7\u00e3o Cr\u00edtica ao Direito do Trabalho. Bras\u00edlia: UNB, 1993.<\/p>\n","protected":false},"excerpt":{"rendered":"<p>Objetivos: Descrever o papel do Estado e do Direito na regulamenta\u00e7\u00e3o do Trabalho e no Desenvolvimento Econ\u00f4mico no Brasil e debater sobre as causas e efeitos das propostas de altera\u00e7\u00e3o na legisla\u00e7\u00e3o trabalhista existentes na atualidade. Apresentar um panorama da hist\u00f3ria das rela\u00e7\u00f5es de trabalho contempor\u00e2neas e da atua\u00e7\u00e3o do Estado e do Direito neste [&hellip;]<\/p>\n","protected":false},"author":127,"featured_media":0,"parent":3097,"menu_order":525,"comment_status":"closed","ping_status":"closed","template":"","meta":{"_acf_changed":false,"footnotes":""},"class_list":["post-6078","page","type-page","status-publish","hentry"],"acf":[],"_links":{"self":[{"href":"https:\/\/www.saopaulo.sp.leg.br\/escoladoparlamento\/wp-json\/wp\/v2\/pages\/6078","targetHints":{"allow":["GET"]}}],"collection":[{"href":"https:\/\/www.saopaulo.sp.leg.br\/escoladoparlamento\/wp-json\/wp\/v2\/pages"}],"about":[{"href":"https:\/\/www.saopaulo.sp.leg.br\/escoladoparlamento\/wp-json\/wp\/v2\/types\/page"}],"author":[{"embeddable":true,"href":"https:\/\/www.saopaulo.sp.leg.br\/escoladoparlamento\/wp-json\/wp\/v2\/users\/127"}],"replies":[{"embeddable":true,"href":"https:\/\/www.saopaulo.sp.leg.br\/escoladoparlamento\/wp-json\/wp\/v2\/comments?post=6078"}],"version-history":[{"count":0,"href":"https:\/\/www.saopaulo.sp.leg.br\/escoladoparlamento\/wp-json\/wp\/v2\/pages\/6078\/revisions"}],"up":[{"embeddable":true,"href":"https:\/\/www.saopaulo.sp.leg.br\/escoladoparlamento\/wp-json\/wp\/v2\/pages\/3097"}],"wp:attachment":[{"href":"https:\/\/www.saopaulo.sp.leg.br\/escoladoparlamento\/wp-json\/wp\/v2\/media?parent=6078"}],"curies":[{"name":"wp","href":"https:\/\/api.w.org\/{rel}","templated":true}]}}