{"id":6043,"date":"2016-11-22T16:35:01","date_gmt":"2016-11-22T18:35:01","guid":{"rendered":"http:\/\/www.saopaulo.sp.leg.br\/escoladoparlamento\/?page_id=6043"},"modified":"2016-12-09T14:59:40","modified_gmt":"2016-12-09T16:59:40","slug":"dialogos-cfp-escola-do-parlamento-plano-municipal-de-cultura-2","status":"publish","type":"page","link":"https:\/\/www.saopaulo.sp.leg.br\/escoladoparlamento\/cursos\/cursos-anteriores\/cursos-realizados-em-2016\/dialogos-cfp-escola-do-parlamento-plano-municipal-de-cultura-2\/","title":{"rendered":"Di\u00e1logos CPF &amp; Escola do Parlamento \u2013 Plano Municipal de Cultura"},"content":{"rendered":"<p><strong>Objetivos:<\/strong> Oferecer elementos para uma an\u00e1lise cr\u00edtica dos processos de planejamento no campo da cultura, tendo por base a experi\u00eancia do Plano Municipal de Cultura de S\u00e3o Paulo (PMC-SP). Para tanto, ser\u00e1 apresentada a concep\u00e7\u00e3o orientadora da formula\u00e7\u00e3o do Plano, tendo como ponto de partida o diagn\u00f3stico acerca das pol\u00edticas culturais no munic\u00edpio, a realiza\u00e7\u00e3o do processo participativo de consulta p\u00fablica e a sistematiza\u00e7\u00e3o final de suas diretrizes, a\u00e7\u00f5es e metas. Al\u00e9m da exposi\u00e7\u00e3o dos desafios institucionais e metodol\u00f3gicos na cria\u00e7\u00e3o desse instrumento de planejamento, ser\u00e3o apresentados os resultados desse processo, de modo a permitir a difus\u00e3o e apropria\u00e7\u00e3o dos conte\u00fados do PMC-SP por parte dos participantes e o acompanhamento de sua implementa\u00e7\u00e3o.<\/p>\n<p><strong>Coordena\u00e7\u00e3o:<\/strong> Luciana Piazzon Barbosa Lima e Daniela Ribas<\/p>\n<p><strong>Diretora Respons\u00e1vel:<\/strong> Lara Mesquita<\/p>\n<p><strong>P\u00fablico Alvo:<\/strong> Gestores Culturais, Conselheiros Municipais, mun\u00edcipes interessados no tema<\/p>\n<p><strong>Inscri\u00e7\u00f5es:<\/strong> Encerradas.<\/p>\n<p><strong>Programa\u00e7\u00e3o:<\/strong><\/p>\n<table>\n<tbody>\n<tr>\n<td><strong>Data<\/strong><\/td>\n<td><strong>Hora<\/strong><\/td>\n<td><strong>Local<\/strong><\/td>\n<td><strong>Palestrante<\/strong><\/td>\n<td><strong>Tema<\/strong><\/td>\n<\/tr>\n<tr>\n<td><strong>05\/dez<\/strong><\/td>\n<td>19h \u2013 22h<\/td>\n<td><a href=\"https:\/\/centrodepesquisaeformacao.sescsp.org.br\/\">SESC\/CPF<\/a><\/p>\n<p>R. Dr. Pl\u00ednio Barreto, 285, 4\u00ba andar &#8211; Bela Vista, S\u00e3o Paulo<\/td>\n<td>Am\u00e9rico C\u00f3rdula e Luana Vilutis<\/td>\n<td>O PMC: Desafios Conceituais e Metodol\u00f3gicos; Diagn\u00f3stico; Consulta p\u00fablica; Articula\u00e7\u00e3o institucional; Processo de formula\u00e7\u00e3o; Participa\u00e7\u00e3o; e Metas<\/td>\n<\/tr>\n<tr>\n<td><strong>06\/dez<\/strong><\/td>\n<td>19h \u2013 22h<\/td>\n<td><a title=\"Sala Oscar Pedroso Horta \u2013 (\u201cSala B\u201d)\" href=\"http:\/\/www.saopaulo.sp.leg.br\/transparencia\/auditorios-online\/sala-oscar-pedroso-horta-sala-b\/\">Sala Oscar Pedroso Horta \u2013 (\u201cSala B\u201d)<\/a><\/td>\n<td>Luciana Piazzon Barbosa Lima e Maria Am\u00e9lia Jundurian Cor\u00e1<\/td>\n<td>O PMC: proposi\u00e7\u00e3o e metas (I); Estado e \u00e0 Participa\u00e7\u00e3o Social (Eixo 1); Espa\u00e7o Urbano e Infraestrutura de Equipamentos Culturais (Eixo 2); Patrim\u00f4nio e Mem\u00f3ria (Eixo 3)<\/td>\n<\/tr>\n<tr>\n<td><strong>07\/dez<\/strong><\/td>\n<td>19h \u2013 22h<\/td>\n<td><a title=\"Sala Oscar Pedroso Horta \u2013 (\u201cSala B\u201d)\" href=\"http:\/\/www.saopaulo.sp.leg.br\/transparencia\/auditorios-online\/sala-oscar-pedroso-horta-sala-b\/\">Sala Oscar Pedroso Horta \u2013 (\u201cSala B\u201d)<\/a><\/td>\n<td>Bianca dos Santos e Thor Saad Ribeiro<\/td>\n<td>O PMC: proposi\u00e7\u00e3o e metas (II); Forma\u00e7\u00e3o e Difus\u00e3o Cultural (Eixo 4); Fomento e Economia da Cultura (Eixo 5); Desafios para implementa\u00e7\u00e3o do PMC<\/td>\n<\/tr>\n<\/tbody>\n<\/table>\n<p><strong>Palestrantes:<\/strong><\/p>\n<p style=\"padding-left: 30px\"><strong>Am\u00e9rico C\u00f3rdula: <\/strong>Ator, produtor cultural, tecnologista da Informa\u00e7\u00e3o, consultor em Gest\u00e3o Cultural com experi\u00eancia de 10 anos no Minist\u00e9rio da Cultura. Em 2013 foi Secret\u00e1rio de Pol\u00edticas Culturais do MinC.<\/p>\n<p style=\"padding-left: 30px\"><strong>Bianca dos Santos: <\/strong>Mestre em Filosofia do Direito (UPO\/Sevilha, 2007) e bacharel em Direito (PUC\/SP, 2003). Assessorou o Minist\u00e9rio da Cultura na proposi\u00e7\u00e3o de um modelo de governan\u00e7a colaborativa para o Plano Nacional de Cultura (2011-2013)\u00a0e foi uma das consultoras respons\u00e1veis pela elabora\u00e7\u00e3o do diagn\u00f3stico para o Plano Municipal de Cultura (2015). (<a href=\"http:\/\/lattes.cnpq.br\/1287857704294686\">Lattes<\/a>)<\/p>\n<p style=\"padding-left: 30px\"><strong>Maria Amelia Jundurian Cor\u00e1:\u00a0<\/strong>P\u00f3s<strong>&#8211;<\/strong>doutora em administra\u00e7\u00e3o pela UFBA, doutora em Ci\u00eancias Sociais (2011), mestre em Administra\u00e7\u00e3o (2006) e graduada em Administra\u00e7\u00e3o pela Pontif\u00edcia Universidade Cat\u00f3lica de S\u00e3o Paulo (2003). \u00c9 professora do Departamento de Administra\u00e7\u00e3o da Pontif\u00edcia Universidade Cat\u00f3lica de S\u00e3o Paulo e foi consultora da Funda\u00e7\u00e3o S\u00e3o Paulo para a sistematiza\u00e7\u00e3o do Plano Municipal de Cultura de S\u00e3o Paulo. (<a href=\"http:\/\/lattes.cnpq.br\/7736920265405020\">Lattes<\/a>)<\/p>\n<p style=\"padding-left: 30px\"><strong>Luana Vilutis: <\/strong>Doutora em Cultura e Sociedade (UFBA\/2015), Mestre em Educa\u00e7\u00e3o (USP\/2009) e Graduada em Ci\u00eancias Sociais (PUC\/SP, 2000). \u00c9 pesquisadora do Centro de Estudos Multidisciplinares em Cultura da Universidade Federal da Bahia &#8211; CULT\/UFBA e integrou a equipe do Projeto de Assist\u00eancia T\u00e9cnica \u00e0 Elabora\u00e7\u00e3o de Planos Municipais de Cultura, realizado pela Escola de Administra\u00e7\u00e3o da UFBA em parceria com o Minist\u00e9rio da Cultura (2012-2014). Em 2016 foi consultora da Funda\u00e7\u00e3o S\u00e3o Paulo para a sistematiza\u00e7\u00e3o do Plano Municipal de Cultura de S\u00e3o Paulo. (<a href=\"http:\/\/lattes.cnpq.br\/7439968093857406\">Lattes<\/a>)<\/p>\n<p style=\"padding-left: 30px\"><strong>Luciana Piazzon Barbosa Lima:\u00a0<\/strong>Mestre em Estudos Culturais pela Escola de Artes, Ci\u00eancias e Humanidades da USP (2013) e Bacharel em Rela\u00e7\u00f5es Internacionais pela mesma universidade (2009). Desde 2013, atua como assessora do gabinete da Secretaria Municipal de Cultura de S\u00e3o Paulo, respons\u00e1vel pela produ\u00e7\u00e3o de informa\u00e7\u00f5es e indicadores e coordena\u00e7\u00e3o do Plano Municipal de Cultura. (<a href=\"http:\/\/lattes.cnpq.br\/0028549552391069\">Lattes<\/a>)<\/p>\n<p style=\"padding-left: 30px\"><strong>Thor Saad Ribeiro: <\/strong>Bacharel em Filosofia pela Universidade de S\u00e3o Paulo (2010). Atuou como Analista de Pol\u00edticas Sociais no Minist\u00e9rio do Desenvolvimento Social e Combate \u00e0 Fome (2013-2016) e atualmente \u00e9 Analista de Pol\u00edticas P\u00fablicas na Secretaria Municipal de Cultura de S\u00e3o Paulo, colaborando na produ\u00e7\u00e3o de informa\u00e7\u00f5es e indicadores do Plano Municipal de Cultura. (<a href=\"http:\/\/lattes.cnpq.br\/2453949901929756\">Lattes<\/a>)<\/p>\n<p><strong>Bibliografia:<\/strong><\/p>\n<p style=\"padding-left: 30px\">MINIST\u00c9RIO DA CULTURA. <em>Como fazer um Plano de Cultura.<\/em> S\u00e3o Paulo: Instituto Via P\u00fablica; Bras\u00edlia: MinC, 2013. Dispon\u00edvel em: <a href=\"http:\/\/www.cultura.pr.gov.br\/arquivos\/File\/Como_fazer_um_plano_de_cultura.pdf\">http:\/\/www.cultura.pr.gov.br\/arquivos\/File\/Como_fazer_um_plano_de_cultura.pdf<\/a><\/p>\n<p style=\"padding-left: 30px\">MINIST\u00c9RIO DA CULTURA. <em>As metas do Plano Nacional de Cultura.<\/em> S\u00e3o Paulo: Instituto Via P\u00fablica; Bras\u00edlia: MinC, 2012. Dispon\u00edvel em: <a href=\"http:\/\/pnc.culturadigital.br\/wp-content\/uploads\/2013\/12\/As-metas-do-Plano-Nacional-de-Cultura_3%C2%AA-ed_espelhado_3.pdf\">http:\/\/pnc.culturadigital.br\/wp-content\/uploads\/2013\/12\/As-metas-do-Plano-Nacional-de-Cultura_3%C2%AA-ed_espelhado_3.pdf<\/a><\/p>\n<p style=\"padding-left: 30px\">ROLNIK, Raquel. <em>Planejamento in\u00fatil.<\/em> Folha de S\u00e3o Paulo, 13 de julho de 2015. Dispon\u00edvel em: <a href=\"http:\/\/www1.folha.uol.com.br\/colunas\/raquelrolnik\/2015\/07\/1654824-planejamento-inutil.shtml\">http:\/\/www1.folha.uol.com.br\/colunas\/raquelrolnik\/2015\/07\/1654824-planejamento-inutil.shtml<\/a><\/p>\n<p style=\"padding-left: 30px\">SECRETARIA MUNICIPAL DE CULTURA DE S\u00c3O PAULO. <em>Participa\u00e7\u00e3o e cidadania cultural: a experi\u00eancia da III Confer\u00eancia Municipal de Cultura.<\/em> S\u00e3o Paulo: SMC, 2014. Dispon\u00edvel em: <a href=\"http:\/\/www.prefeitura.sp.gov.br\/cidade\/upload\/3ConfPublicacaoPDF_1402497067.pdf\">http:\/\/www.prefeitura.sp.gov.br\/cidade\/upload\/3ConfPublicacaoPDF_1402497067.pdf<\/a><\/p>\n<p style=\"padding-left: 30px\">SECRETARIA MUNICIPAL DE CULTURA DE S\u00c3O PAULO. <em>Plano Municipal de Cultura de S\u00e3o Paulo: caderno de consulta p\u00fablica. <\/em>S\u00e3o Paulo: SMC, 2016. Dispon\u00edvel em: <a href=\"http:\/\/www.planomunicipaldecultura.prefeitura.sp.gov.br\/caderno-de-consulta-publica\/\">http:\/\/www.planomunicipaldecultura.prefeitura.sp.gov.br\/caderno-de-consulta-publica\/<\/a><\/p>\n","protected":false},"excerpt":{"rendered":"<p>Objetivos: Oferecer elementos para uma an\u00e1lise cr\u00edtica dos processos de planejamento no campo da cultura, tendo por base a experi\u00eancia do Plano Municipal de Cultura de S\u00e3o Paulo (PMC-SP). Para tanto, ser\u00e1 apresentada a concep\u00e7\u00e3o orientadora da formula\u00e7\u00e3o do Plano, tendo como ponto de partida o diagn\u00f3stico acerca das pol\u00edticas culturais no munic\u00edpio, a realiza\u00e7\u00e3o [&hellip;]<\/p>\n","protected":false},"author":127,"featured_media":0,"parent":3097,"menu_order":528,"comment_status":"closed","ping_status":"closed","template":"","meta":{"_acf_changed":false,"footnotes":""},"class_list":["post-6043","page","type-page","status-publish","hentry"],"acf":[],"_links":{"self":[{"href":"https:\/\/www.saopaulo.sp.leg.br\/escoladoparlamento\/wp-json\/wp\/v2\/pages\/6043","targetHints":{"allow":["GET"]}}],"collection":[{"href":"https:\/\/www.saopaulo.sp.leg.br\/escoladoparlamento\/wp-json\/wp\/v2\/pages"}],"about":[{"href":"https:\/\/www.saopaulo.sp.leg.br\/escoladoparlamento\/wp-json\/wp\/v2\/types\/page"}],"author":[{"embeddable":true,"href":"https:\/\/www.saopaulo.sp.leg.br\/escoladoparlamento\/wp-json\/wp\/v2\/users\/127"}],"replies":[{"embeddable":true,"href":"https:\/\/www.saopaulo.sp.leg.br\/escoladoparlamento\/wp-json\/wp\/v2\/comments?post=6043"}],"version-history":[{"count":0,"href":"https:\/\/www.saopaulo.sp.leg.br\/escoladoparlamento\/wp-json\/wp\/v2\/pages\/6043\/revisions"}],"up":[{"embeddable":true,"href":"https:\/\/www.saopaulo.sp.leg.br\/escoladoparlamento\/wp-json\/wp\/v2\/pages\/3097"}],"wp:attachment":[{"href":"https:\/\/www.saopaulo.sp.leg.br\/escoladoparlamento\/wp-json\/wp\/v2\/media?parent=6043"}],"curies":[{"name":"wp","href":"https:\/\/api.w.org\/{rel}","templated":true}]}}