{"id":5853,"date":"2016-11-04T14:24:33","date_gmt":"2016-11-04T16:24:33","guid":{"rendered":"http:\/\/www.saopaulo.sp.leg.br\/escoladoparlamento\/?page_id=5853"},"modified":"2017-07-11T14:36:55","modified_gmt":"2017-07-11T17:36:55","slug":"quintas-consultivas","status":"publish","type":"page","link":"https:\/\/www.saopaulo.sp.leg.br\/escoladoparlamento\/cursos\/cursos-anteriores\/cursos-realizados-em-2016\/quintas-consultivas\/","title":{"rendered":"Quintas Consultivas: A Import\u00e2ncia das Consultorias e Apresenta\u00e7\u00e3o do GEOSAMPA"},"content":{"rendered":"<h3>Altera\u00e7\u00e3o de Data: O primeiro encontro\u00a0acontecer\u00e1 dia 01\/12<\/h3>\n<p>O Projeto <i>Quintas Consultivas<\/i>, uma parceria entre a Escola do Parlamento e a Consultoria T\u00e9cnica Legislativa da CMSP, \u00e9 uma s\u00e9rie de debates abordando temas que fazem parte do dia a dia dos(as) Consultores(as) na realiza\u00e7\u00e3o de seu trabalho de estudos t\u00e9cnicos e na troca de experi\u00eancias com Vereadores(as) e Assessores(as).<\/p>\n<p>Com periodicidade quinzenal ou mensal, a depender da demanda criada pelos assuntos em pauta na C\u00e2mara, as <i>Quintas Consultivas <\/i>pretendem promover encontros entre a Consultoria e especialistas convidados(as) pela Escola do Parlamento com o intuito de contribuir para o aprofundamento dos debates e estudos sobre assuntos de relev\u00e2ncia para a nossa cidade.<\/p>\n<p>Nosso objetivo com este novo Projeto \u00e9 o de construir, consolidar e sistematizar informa\u00e7\u00f5es que possam subsidiar tecnicamente as Assessorias T\u00e9cnicas e os Vereadores(as), bem como a pr\u00f3pria Consultoria, no desempenho de suas atribui\u00e7\u00f5es.<\/p>\n<h2><\/h2>\n<h2>Semin\u00e1rio &#8211; A Import\u00e2ncia do Subs\u00eddio T\u00e9cnico \u00e0 Atividade Parlamentar: o papel da Consultoria T\u00e9cnico-Legislativa<\/h2>\n<p><strong>\u00a0<\/strong><strong>Objetivo:<\/strong> discutir as rela\u00e7\u00f5es concretas entre o saber t\u00e9cnico e o processo legislativo no \u00e2mbito da C\u00e2mara Municipal de S\u00e3o Paulo. Ser\u00e3o abordados os aspectos te\u00f3ricos, regimentais e pr\u00e1ticos que envolvem o trabalho da Consultoria T\u00e9cnico-Legislativa, compreendendo as possibilidades e os limites dessa contribui\u00e7\u00e3o para o exerc\u00edcio do mandato parlamentar. Inicialmente, ser\u00e1 exposto de forma geral o papel da Consultoria T\u00e9cnico-Legislativa e na sequ\u00eancia ser\u00e3o apresentadas as \u00e1reas espec\u00edficas em que est\u00e3o subdivididos os profissionais que comp\u00f5em o quadro consultivo, retratando o Processo Legislativo no \u00e2mbito das \u00e1reas de Urbanismo e Meio Ambiente, Social e de Administra\u00e7\u00e3o P\u00fablica: atua\u00e7\u00e3o; compet\u00eancias; possibilidades; procedimentos; instrumentos.<\/p>\n<p><strong>P\u00fablico-Alvo:<\/strong> prioritariamente vereadores(as) e assessores(as) de gabinete da atual e da futura legislatura; funcion\u00e1rios da C\u00e2mara Municipal<\/p>\n<h3><strong>Inscri\u00e7\u00f5es:<\/strong> Encerradas.<\/h3>\n<p><strong>Programa\u00e7\u00e3o:<\/strong> O Semin\u00e1rio contar\u00e1 com duas apresenta\u00e7\u00f5es:<\/p>\n<table>\n<tbody>\n<tr>\n<td><strong>Data<\/strong><\/td>\n<td><strong>Hora<\/strong><\/td>\n<td><strong>Local<\/strong><\/td>\n<td><strong>Tema<\/strong><\/td>\n<td><strong>Palestrantes<\/strong><\/td>\n<\/tr>\n<tr>\n<td><strong>1\/dez<\/strong><\/td>\n<td rowspan=\"2\">15h \u2013 17h<\/td>\n<td rowspan=\"2\"><a title=\"Plen\u00e1rio 1\u00ba de Maio\" href=\"http:\/\/www.saopaulo.sp.leg.br\/transparencia\/auditorios-online\/plenario-1o-de-maio\/\">Plen\u00e1rio 1\u00ba de Maio<\/a><\/td>\n<td>Introdu\u00e7\u00e3o ao trabalho da Consultoria T\u00e9cnico Legislativa<\/p>\n<p>Conhecimento t\u00e9cnico no contexto parlamentar<\/td>\n<td>Consultor Ricardo Ciccacio<\/p>\n<p>Consultor Roberto Tadeu Noritomi<\/td>\n<\/tr>\n<tr>\n<td><strong>8\/dez<\/strong><\/td>\n<td>Consultoria de Pol\u00edtica Urbana \u2013 SGP.51<\/p>\n<p>Consultoria da \u00c1rea Social \u2013 SGP.52<\/p>\n<p>Consultoria de Administra\u00e7\u00e3o P\u00fablica, Transporte e Atividade Econ\u00f4mica \u2013 SGP.53<\/td>\n<td>Consultor Carlos Minoru Morinaga<\/p>\n<p>Consultora M\u00f4nica Lilia Vigna Silva Grippo<\/p>\n<p>Consultor Jos\u00e9 Guimar Cocco Junior<\/td>\n<\/tr>\n<\/tbody>\n<\/table>\n<h2><\/h2>\n<h2>Eventos j\u00e1 realizados:<\/h2>\n<h2>I. Apresenta\u00e7\u00e3o do GEOSAMPA<\/h2>\n<p><iframe loading=\"lazy\" title=\"Escola do Parlamento debate plataforma Geosampa\" width=\"640\" height=\"480\" src=\"https:\/\/www.youtube.com\/embed\/inDCQnBoP-Q?feature=oembed\" frameborder=\"0\" allow=\"accelerometer; autoplay; clipboard-write; encrypted-media; gyroscope; picture-in-picture; web-share\" referrerpolicy=\"strict-origin-when-cross-origin\" allowfullscreen><\/iframe><\/p>\n<hr \/>\n<p><strong>Objetivos: <\/strong>Apresenta\u00e7\u00e3o geral do GEOSAMPA como ferramenta de pesquisa de informa\u00e7\u00f5es geogr\u00e1ficas e geoespaciais. O GEOSAMPA \u00e9 uma ferramenta desenvolvida pela Prefeitura do Munic\u00edpio de S\u00e3o Paulo, que permite a realiza\u00e7\u00e3o da pesquisa de dados, mapas, imagens, bem como o seu download, constituindo instrumento de grande utilidade aos funcion\u00e1rios da Casa e ao p\u00fablico em geral.<\/p>\n<p><strong>Diretor Respons\u00e1vel:<\/strong> Christy Ganzert Pato<\/p>\n<p><strong>P\u00fablico Alvo:<\/strong> Servidores p\u00fablicos, estudantes e mun\u00edcipes interessados.<\/p>\n<p><strong>Carga Hor\u00e1ria:<\/strong>\u00a02h<\/p>\n<p><strong>Programa\u00e7\u00e3o:<\/strong><\/p>\n<table>\n<tbody>\n<tr>\n<td><strong>Data<\/strong><\/td>\n<td><strong>Hora<\/strong><\/td>\n<td><strong>Local<\/strong><\/td>\n<td><strong>Tema<\/strong><\/td>\n<td><strong>Palestrantes<\/strong><\/td>\n<\/tr>\n<tr>\n<td><strong>17\/nov<\/strong><\/td>\n<td>15h \u2013 17h<\/td>\n<td><a title=\"Plen\u00e1rio 1\u00ba de Maio\" href=\"http:\/\/www.saopaulo.sp.leg.br\/transparencia\/auditorios-online\/plenario-1o-de-maio\/\">Plen\u00e1rio 1\u00ba de Maio<\/a><\/td>\n<td><em>Apresenta\u00e7\u00e3o Geosampa<\/em><\/td>\n<td>Engenheiro <a href=\"http:\/\/lattes.cnpq.br\/2769172827909399\">S\u00edlvio Cesar Lima Ribeiro<\/a> \u2013 DEINFO\/SMDU<\/p>\n<p>Ge\u00f3loga <a href=\"http:\/\/lattes.cnpq.br\/8427911845019944\">Luciana Pascarelli Santos<\/a> &#8211; DEINFO\/SMDU<\/td>\n<\/tr>\n<\/tbody>\n<\/table>\n<p><strong>Palestrantes:<\/strong><\/p>\n<p><strong>S\u00edlvio Cesar Lima Ribeiro:<\/strong> Possui gradua\u00e7\u00e3o em Engenharia de Agrimensura pela Universidade Federal de Vi\u00e7osa (1990) e mestrado em Engenharia de Transportes pela Universidade de S\u00e3o Paulo (1995). Atualmente \u00e9 engenheiro agrimensor da Prefeitura do Munic\u00edpio de S\u00e3o Paulo. Tem experi\u00eancia na \u00e1rea de Geoprocessamento, com \u00eanfase em Sistemas de Informa\u00e7\u00e3o Geogr\u00e1fica, atuando principalmente nos seguintes temas: planejamento urbano, geoprocessamento, cartografia digital, sensoriamento remoto e modelos digitais do terreno. (<a href=\"http:\/\/lattes.cnpq.br\/2769172827909399\">CV Lattes<\/a>)<\/p>\n<p><strong>Luciana Pascarelli Santos:<\/strong> Possui gradua\u00e7\u00e3o em Geologia &#8211; Bacharelado pela Universidade de S\u00e3o Paulo (2001) e mestrado em Geoci\u00eancias (Geoqu\u00edmica e Geotect\u00f4nica) pela Universidade de S\u00e3o Paulo (2004).\u00a0 Na \u00e1rea acad\u00eamica, dedicou-se \u00e0 Geotect\u00f4nica com \u00eanfase em geotermobarometria, pelos estudos da evolu\u00e7\u00e3o da nappe aiuruoca-andrel\u00e2ndia (MG). Em 2005, passou a atuar na Prefeitura de S\u00e3o Paulo, desenvolvendo trabalhos de monitoramento de \u00e1reas de risco geol\u00f3gico de \u00e1reas de ocupa\u00e7\u00e3o subnormal. Foi gerente do grupo de risco geol\u00f3gico na Secretaria de Coordena\u00e7\u00e3o das Subprefeituras, no per\u00edodo de 2008 a 2013. (<a href=\"http:\/\/lattes.cnpq.br\/8427911845019944\">CV Lattes<\/a>)<\/p>\n","protected":false},"excerpt":{"rendered":"<p>Altera\u00e7\u00e3o de Data: O primeiro encontro\u00a0acontecer\u00e1 dia 01\/12 O Projeto Quintas Consultivas, uma parceria entre a Escola do Parlamento e a Consultoria T\u00e9cnica Legislativa da CMSP, \u00e9 uma s\u00e9rie de debates abordando temas que fazem parte do dia a dia dos(as) Consultores(as) na realiza\u00e7\u00e3o de seu trabalho de estudos t\u00e9cnicos e na troca de experi\u00eancias [&hellip;]<\/p>\n","protected":false},"author":127,"featured_media":0,"parent":3097,"menu_order":531,"comment_status":"closed","ping_status":"closed","template":"","meta":{"_acf_changed":false,"footnotes":""},"class_list":["post-5853","page","type-page","status-publish","hentry"],"acf":[],"_links":{"self":[{"href":"https:\/\/www.saopaulo.sp.leg.br\/escoladoparlamento\/wp-json\/wp\/v2\/pages\/5853","targetHints":{"allow":["GET"]}}],"collection":[{"href":"https:\/\/www.saopaulo.sp.leg.br\/escoladoparlamento\/wp-json\/wp\/v2\/pages"}],"about":[{"href":"https:\/\/www.saopaulo.sp.leg.br\/escoladoparlamento\/wp-json\/wp\/v2\/types\/page"}],"author":[{"embeddable":true,"href":"https:\/\/www.saopaulo.sp.leg.br\/escoladoparlamento\/wp-json\/wp\/v2\/users\/127"}],"replies":[{"embeddable":true,"href":"https:\/\/www.saopaulo.sp.leg.br\/escoladoparlamento\/wp-json\/wp\/v2\/comments?post=5853"}],"version-history":[{"count":0,"href":"https:\/\/www.saopaulo.sp.leg.br\/escoladoparlamento\/wp-json\/wp\/v2\/pages\/5853\/revisions"}],"up":[{"embeddable":true,"href":"https:\/\/www.saopaulo.sp.leg.br\/escoladoparlamento\/wp-json\/wp\/v2\/pages\/3097"}],"wp:attachment":[{"href":"https:\/\/www.saopaulo.sp.leg.br\/escoladoparlamento\/wp-json\/wp\/v2\/media?parent=5853"}],"curies":[{"name":"wp","href":"https:\/\/api.w.org\/{rel}","templated":true}]}}