{"id":5835,"date":"2016-11-03T13:48:22","date_gmt":"2016-11-03T15:48:22","guid":{"rendered":"http:\/\/www.saopaulo.sp.leg.br\/escoladoparlamento\/?page_id=5835"},"modified":"2016-11-28T16:38:18","modified_gmt":"2016-11-28T18:38:18","slug":"dialogos-cfp-escola-do-parlamento-plano-municipal-de-cultura","status":"publish","type":"page","link":"https:\/\/www.saopaulo.sp.leg.br\/escoladoparlamento\/cursos\/cursos-anteriores\/cursos-realizados-em-2016\/dialogos-cfp-escola-do-parlamento-plano-municipal-de-cultura\/","title":{"rendered":"Dialogos CPF &amp; Escola do Parlamento: Leis de Fomento \u00e0 Cultura em SP"},"content":{"rendered":"<p><strong>Objetivos:\u00a0<\/strong>O Centro de Pesquisa e Forma\u00e7\u00e3o do Sesc SP e a Escola do Parlamento da C\u00e2mara Municipal de S\u00e3o Paulo firmaram uma parceria para a realiza\u00e7\u00e3o de cursos na \u00e1rea de gest\u00e3o cultural. O primeiro tema a ser debatido no \u00e2mbito dessa parceria \u00e9 o das Leis de Fomento \u00e0 Cultura em S\u00e3o Paulo.<\/p>\n<p>Atualmente existem as Leis de Fomento ao Teatro (Lei 13.279 de 2002), Fomento \u00e0 Dan\u00e7a (Lei 14071 de 2005), os Programas VAI I e II (Leis 3.540 de 2003 e 15.897 de 2013), e o Programa de Fomento \u00e0 Cultura da Periferia de S\u00e3o Paulo (Lei Municipal 16.496 de 2016), todas j\u00e1 regulamentadas por decretos espec\u00edficos.<\/p>\n<p>Al\u00e9m dessas iniciativas previstas em lei h\u00e1 tamb\u00e9m editais de iniciativa da gest\u00e3o municipal que ainda carecem de legisla\u00e7\u00e3o espec\u00edfica e regulamenta\u00e7\u00e3o, como, por exemplo, o Fomento ao Cinema, o Pr\u00eamio Z\u00e9 Renato (teatro), o Fomento ao Circo e o Redes e Ruas.<\/p>\n<p>Muitas dessas iniciativas resultaram das demandas e press\u00f5es da sociedade civil organizada, como o do movimento \u201cArte Contra a Barb\u00e1rie\u201d organizado por grupos teatrais da cidade de S\u00e3o Paulo (que logrou a Lei de Fomento ao Teatro em 2002), e o do \u201cMovimento Cultural das Periferias\u201d organizados por coletivos e saraus das bordas da cidade, e que em 2016 logrou a aprova\u00e7\u00e3o do Programa de Fomento \u00e0 Cultura da Periferia de S\u00e3o Paulo.<\/p>\n<p>O\u00a0texto do Projeto de Lei SP Cidade da M\u00fasica est\u00e1 pronto e em tramita\u00e7\u00e3o na C\u00e2mara Municipal de S\u00e3o Paulo.<\/p>\n<p>O direito ao acesso \u00e0 cultura \u00e9 um ponto central a tais pol\u00edticas. Esta modalidade de direito civil, ainda difusa e fracamente percebida pela sociedade brasileira, prev\u00ea o direito ao acesso n\u00e3o apenas \u00e0 produ\u00e7\u00e3o e frui\u00e7\u00e3o de bens culturais, mas tamb\u00e9m o direito \u00e0 participa\u00e7\u00e3o nas decis\u00f5es da pol\u00edtica cultural, tendo como premissa o cidad\u00e3o como sujeito ativo do processo sociocultural. Da\u00ed a relev\u00e2ncia dessa discuss\u00e3o para processos de forma\u00e7\u00e3o em gest\u00e3o cultural.<\/p>\n<p>As atividades acontecer\u00e3o nas duas institui\u00e7\u00f5es.<\/p>\n<p><strong>Diretoras Respons\u00e1veis:<\/strong>\u00a0 Lara Mesquita e Carolina Ferreira<\/p>\n<p><strong>Coordenadora:<\/strong> Daniela Ribas (CPF\/SESC)<\/p>\n<p><strong>P\u00fablico Alvo:<\/strong> Gestores Culturais, Servidores P\u00fablicos, Membros do Terceiro Setor, p\u00fablico interessado em geral<\/p>\n<p><strong>Carga Hor\u00e1ria:<\/strong> 6h<\/p>\n<p><strong>Inscri\u00e7\u00f5es: <\/strong>Pelo site do SESC S\u00e3o Paulo, <a href=\"https:\/\/centrodepesquisaeformacao.sescsp.org.br\/atividade\/dialogos-cpf-escola-do-parlamento-leis-de-fomento-a-cultura-em-sp\">neste link<\/a>.<\/p>\n<p><strong>Programa\u00e7\u00e3o:\u00a0<\/strong><\/p>\n<table>\n<tbody>\n<tr>\n<td><strong>Data<\/strong><\/td>\n<td><strong>Hora<\/strong><\/td>\n<td><strong>Palestrante<\/strong><\/td>\n<td><strong>Tema da palestra\/aula<\/strong><\/td>\n<\/tr>\n<tr>\n<td><strong>23\/11<\/strong><\/td>\n<td>19h \u2013 22h<\/p>\n<p>SESC\/CPF<\/td>\n<td>Com Pena Schmidt , diretor do Centro Cultural S\u00e3o Paulo.<\/p>\n<p>Com Guilherme Varella, ex-Secret\u00e1rio de Pol\u00edticas Culturais do MinC.<\/p>\n<p>Com Inti Queiroz, Diretora do Festival PIB \u2013 Produto Instrumental Bruto.<\/p>\n<p>&nbsp;<\/td>\n<td><strong>Projeto de Lei SP Cidade da M\u00fasica<\/strong><\/td>\n<\/tr>\n<tr>\n<td><strong>24\/11<\/strong><\/td>\n<td>19h \u2013 22h<\/p>\n<p><a title=\"Sala S\u00e9rgio Vieira de Mello \u2013 (\u201cSala A\u201d)\" href=\"http:\/\/www.saopaulo.sp.leg.br\/transparencia\/auditorios-online\/sala-sergio-vieira-de-mello-sala\/\">Sala S\u00e9rgio Vieira de Mello \u2013 (\u201cSala A\u201d)<\/a><\/td>\n<td>Com Fernando Ferrari, integrante do Movimento Cultural das Periferias.<\/p>\n<p>Com Marisabel Lessi de Mello, diretora do N\u00facleo de Fomentos Culturais da Secretaria Municipal de Cultura de SP.<\/td>\n<td><strong>Lei de Fomento \u00e0s Periferias e Lei de Fomento ao Teatro<\/strong><\/td>\n<\/tr>\n<\/tbody>\n<\/table>\n","protected":false},"excerpt":{"rendered":"<p>Objetivos:\u00a0O Centro de Pesquisa e Forma\u00e7\u00e3o do Sesc SP e a Escola do Parlamento da C\u00e2mara Municipal de S\u00e3o Paulo firmaram uma parceria para a realiza\u00e7\u00e3o de cursos na \u00e1rea de gest\u00e3o cultural. O primeiro tema a ser debatido no \u00e2mbito dessa parceria \u00e9 o das Leis de Fomento \u00e0 Cultura em S\u00e3o Paulo. Atualmente [&hellip;]<\/p>\n","protected":false},"author":183,"featured_media":0,"parent":3097,"menu_order":533,"comment_status":"closed","ping_status":"closed","template":"","meta":{"_acf_changed":false,"footnotes":""},"class_list":["post-5835","page","type-page","status-publish","hentry"],"acf":[],"_links":{"self":[{"href":"https:\/\/www.saopaulo.sp.leg.br\/escoladoparlamento\/wp-json\/wp\/v2\/pages\/5835","targetHints":{"allow":["GET"]}}],"collection":[{"href":"https:\/\/www.saopaulo.sp.leg.br\/escoladoparlamento\/wp-json\/wp\/v2\/pages"}],"about":[{"href":"https:\/\/www.saopaulo.sp.leg.br\/escoladoparlamento\/wp-json\/wp\/v2\/types\/page"}],"author":[{"embeddable":true,"href":"https:\/\/www.saopaulo.sp.leg.br\/escoladoparlamento\/wp-json\/wp\/v2\/users\/183"}],"replies":[{"embeddable":true,"href":"https:\/\/www.saopaulo.sp.leg.br\/escoladoparlamento\/wp-json\/wp\/v2\/comments?post=5835"}],"version-history":[{"count":0,"href":"https:\/\/www.saopaulo.sp.leg.br\/escoladoparlamento\/wp-json\/wp\/v2\/pages\/5835\/revisions"}],"up":[{"embeddable":true,"href":"https:\/\/www.saopaulo.sp.leg.br\/escoladoparlamento\/wp-json\/wp\/v2\/pages\/3097"}],"wp:attachment":[{"href":"https:\/\/www.saopaulo.sp.leg.br\/escoladoparlamento\/wp-json\/wp\/v2\/media?parent=5835"}],"curies":[{"name":"wp","href":"https:\/\/api.w.org\/{rel}","templated":true}]}}