{"id":5553,"date":"2016-09-30T17:59:47","date_gmt":"2016-09-30T20:59:47","guid":{"rendered":"http:\/\/www.saopaulo.sp.leg.br\/escoladoparlamento\/?page_id=5553"},"modified":"2018-05-11T16:42:04","modified_gmt":"2018-05-11T19:42:04","slug":"oficina-editais-de-cultura","status":"publish","type":"page","link":"https:\/\/www.saopaulo.sp.leg.br\/escoladoparlamento\/cursos\/cursos-anteriores\/cursos-realizados-em-2016\/oficina-editais-de-cultura\/","title":{"rendered":"Oficina Editais de Cultura"},"content":{"rendered":"<p><strong>Objetivos:<\/strong> Como continua\u00e7\u00e3o do curso <a href=\"http:\/\/www.saopaulo.sp.leg.br\/escoladoparlamento\/cursos\/cursos-anteriores\/cursos-realizados-em-2015\/politicas-publicas-de-cultura\/\">Pol\u00edticas P\u00fablicas de Cultura<\/a>, apresentar o mecanismo dos editais de apoio a projetos culturais, bem como mapear os principais mecanismos de apoio a projetos culturais dispon\u00edveis na cidade de S\u00e3o Paulo, no Estado e no n\u00edvel federal. E, sobretudo, discutiremos diretrizes mais gerais para a formula\u00e7\u00e3o de projetos, por meio de um exerc\u00edcio pr\u00e1tico de formula\u00e7\u00e3o de alguns itens essenciais de um projeto cultural.<\/p>\n<p><strong>Diretor Respons\u00e1vel:<\/strong> Lara Mesquita<\/p>\n<p><strong>Coordena\u00e7\u00e3o:<\/strong> Maria Carolina Vasconcelos Oliveira<\/p>\n<p><strong>P\u00fablico Alvo:<\/strong> Gestores Culturais, Servidos p\u00fablicos e membros do terceiro setor que trabalham com a \u00e1rea de cultura.<\/p>\n<p><strong>Carga Hor\u00e1ria:<\/strong> 6h<\/p>\n<p><strong>Inscri\u00e7\u00f5es encerradas!<br \/>\n<\/strong><\/p>\n<p><a href=\"http:\/\/www.saopaulo.sp.leg.br\/escoladoparlamento\/wp-content\/uploads\/sites\/5\/2016\/09\/LISTA-DE-NOMES-CONVOCADOS-OFICINAS-DE-CULTURA.pdf\"><strong>Lista de alunos inscritos<\/strong><\/a><\/p>\n<p><strong>Programa\u00e7\u00e3o:<\/strong><\/p>\n<table>\n<tbody>\n<tr>\n<td><strong>Data<\/strong><\/td>\n<td><strong>Hora<\/strong><\/td>\n<td><strong>Local<\/strong><\/td>\n<td><strong>Palestrante<\/strong><\/td>\n<td><strong>Tema<\/strong><\/td>\n<\/tr>\n<tr>\n<td><strong>26\/out<\/strong><\/td>\n<td rowspan=\"2\">19h \u2013 22h<\/td>\n<td rowspan=\"2\">\u00a0<a title=\"Sala Oscar Pedroso Horta \u2013 (\u201cSala B\u201d)\" href=\"http:\/\/www.saopaulo.sp.leg.br\/transparencia\/auditorios-online\/sala-oscar-pedroso-horta-sala-b\/\">Sala Oscar Pedroso Horta \u2013 (\u201cSala B\u201d)<\/a><\/td>\n<td>Maria Carolina Vasconcelos Oliveira, Ana Paula do Val e Sonia Sobral<\/td>\n<td>Editais de apoio a projetos art\u00edsticos e de cidadania cultural: o que s\u00e3o, como funcionam, o que se espera dos projetos?<\/td>\n<\/tr>\n<tr>\n<td><strong>03\/nov<\/strong><\/td>\n<td>Maria Carolina Vasconcelos Oliveira, Ana Paula do Val<\/td>\n<td>Ateli\u00ea de reda\u00e7\u00e3o: alinhando objetivos, justificativas e a\u00e7\u00f5es<\/td>\n<\/tr>\n<\/tbody>\n<\/table>\n<p><strong>Corpo Docente:<\/strong><\/p>\n<p style=\"padding-left: 30px\"><strong>Maria Carolina Vasconcelos Oliveira:<\/strong> Pesquisa, atua e leciona na \u00e1rea de cultura\/arte e pol\u00edticas culturais. Doutora e Mestre em sociologia pela Universidade de S\u00e3o Paulo (<a href=\"http:\/\/lattes.cnpq.br\/5102653478669600\">Lattes<\/a>).<\/p>\n<p style=\"padding-left: 30px\"><strong>Ana Paula do Val:<\/strong> Graduada em arquitetura e urbanismo (FAAP) e gradua\u00e7\u00e3o em artes pl\u00e1sticas (Stadelshule &#8211; Schule Belletristik, Alemanha). \u00c9 especialista em cultura e comunica\u00e7\u00e3o pela Universidade Paris VIII, Fran\u00e7a, com \u00eanfase em pol\u00edticas culturais, m\u00eddias, arte e tecnologias. Atualmente \u00e9 mestranda do curso de p\u00f3s gradua\u00e7\u00e3o em Estudos Culturais na EACH-USP. Trabalha e pesquisa os campos da cultura, movimentos culturais, cidade e comunica\u00e7\u00e3o e ministra cursos de media\u00e7\u00e3o cultural e pol\u00edticas culturais. Tem experi\u00eancia na \u00e1rea de planejamento urbano e regional, planos diretores, mapeamentos socioculturais, projetos socioculturais e pol\u00edticas p\u00fablicas, atuando principalmente nos seguintes temas: pol\u00edticas culturais; gest\u00e3o e media\u00e7\u00e3o cultural; cultura; cidade; movimentos culturais; pr\u00e1ticas culturais coletivas; mapeamentos, redes sociais; sistemas de informa\u00e7\u00e3o e artes (<a href=\"http:\/\/lattes.cnpq.br\/6494884930253814\">Lattes<\/a>).<\/p>\n<p style=\"padding-left: 30px\"><strong>Sonia Sobral:<\/strong>\u00a0Coordenou, entre 1991 e 1992, da \u00e1rea de dan\u00e7a da Oficina Cultural Oswald de Andrade, da Secretaria de Estado da Cultura de S\u00e3o Paulo. Foi gerente do N\u00facleo de Artes C\u00eanicas do Ita\u00fa Cultural de 1999 a 2015.\u00a0Organizou\u00a0a <em>Enciclop\u00e9dia Virtual Ita\u00fa Cultural de Teatro<\/em>, a <em>Enciclop\u00e9dia Virtual Ita\u00fa Cultural de Dan\u00e7a<\/em>, dentre outros projetos. Coordenou o grupo de trabalho Cultura e Forma\u00e7\u00e3o, como parte do projeto de inova\u00e7\u00e3o do Ita\u00fa Cultural. Como resultado, coordena\u00e7\u00e3o do Semin\u00e1rio Internacional Forma\u00e7\u00e3o e Cultura e coedi\u00e7\u00e3o da revista <em>Observat\u00f3rio Ita\u00fa Cultural<\/em> n\u00famero 15, sobre cultura e forma\u00e7\u00e3o.<\/p>\n","protected":false},"excerpt":{"rendered":"<p>Objetivos: Como continua\u00e7\u00e3o do curso Pol\u00edticas P\u00fablicas de Cultura, apresentar o mecanismo dos editais de apoio a projetos culturais, bem como mapear os principais mecanismos de apoio a projetos culturais dispon\u00edveis na cidade de S\u00e3o Paulo, no Estado e no n\u00edvel federal. E, sobretudo, discutiremos diretrizes mais gerais para a formula\u00e7\u00e3o de projetos, por meio [&hellip;]<\/p>\n","protected":false},"author":127,"featured_media":0,"parent":3097,"menu_order":535,"comment_status":"closed","ping_status":"closed","template":"","meta":{"_acf_changed":false,"footnotes":""},"class_list":["post-5553","page","type-page","status-publish","hentry"],"acf":[],"_links":{"self":[{"href":"https:\/\/www.saopaulo.sp.leg.br\/escoladoparlamento\/wp-json\/wp\/v2\/pages\/5553","targetHints":{"allow":["GET"]}}],"collection":[{"href":"https:\/\/www.saopaulo.sp.leg.br\/escoladoparlamento\/wp-json\/wp\/v2\/pages"}],"about":[{"href":"https:\/\/www.saopaulo.sp.leg.br\/escoladoparlamento\/wp-json\/wp\/v2\/types\/page"}],"author":[{"embeddable":true,"href":"https:\/\/www.saopaulo.sp.leg.br\/escoladoparlamento\/wp-json\/wp\/v2\/users\/127"}],"replies":[{"embeddable":true,"href":"https:\/\/www.saopaulo.sp.leg.br\/escoladoparlamento\/wp-json\/wp\/v2\/comments?post=5553"}],"version-history":[{"count":0,"href":"https:\/\/www.saopaulo.sp.leg.br\/escoladoparlamento\/wp-json\/wp\/v2\/pages\/5553\/revisions"}],"up":[{"embeddable":true,"href":"https:\/\/www.saopaulo.sp.leg.br\/escoladoparlamento\/wp-json\/wp\/v2\/pages\/3097"}],"wp:attachment":[{"href":"https:\/\/www.saopaulo.sp.leg.br\/escoladoparlamento\/wp-json\/wp\/v2\/media?parent=5553"}],"curies":[{"name":"wp","href":"https:\/\/api.w.org\/{rel}","templated":true}]}}