{"id":5538,"date":"2016-09-29T18:57:33","date_gmt":"2016-09-29T21:57:33","guid":{"rendered":"http:\/\/www.saopaulo.sp.leg.br\/escoladoparlamento\/?page_id=5538"},"modified":"2017-07-11T18:17:00","modified_gmt":"2017-07-11T21:17:00","slug":"previdencia-social-reformas-e-perspectivas","status":"publish","type":"page","link":"https:\/\/www.saopaulo.sp.leg.br\/escoladoparlamento\/cursos\/cursos-anteriores\/cursos-realizados-em-2016\/previdencia-social-reformas-e-perspectivas\/","title":{"rendered":"Previd\u00eancia Social: Reformas e Perspectivas"},"content":{"rendered":"<p><iframe loading=\"lazy\" title=\"Semin\u00e1rio na C\u00e2mara Municipal debate reforma previdenci\u00e1ria\" width=\"640\" height=\"480\" src=\"https:\/\/www.youtube.com\/embed\/AsISfK8mdNw?feature=oembed\" frameborder=\"0\" allow=\"accelerometer; autoplay; clipboard-write; encrypted-media; gyroscope; picture-in-picture; web-share\" referrerpolicy=\"strict-origin-when-cross-origin\" allowfullscreen><\/iframe><\/p>\n<figure id=\"attachment_3903\" aria-describedby=\"caption-attachment-3903\" style=\"width: 300px\" class=\"wp-caption alignright\"><a href=\"http:\/\/sindilex.org.br\/\"><img loading=\"lazy\" decoding=\"async\" class=\"wp-image-3903 size-medium\" src=\"http:\/\/www.saopaulo.sp.leg.br\/escoladoparlamento\/wp-content\/uploads\/sites\/5\/2016\/04\/Logo_Sindilex-3-300x212.jpg\" alt=\"Sindicato dos Servidores da C\u00e2mara Municipal e do Tribunal de Contas do Munic\u00edpio de S\u00e3o Paulo\" width=\"300\" height=\"212\" srcset=\"https:\/\/www.saopaulo.sp.leg.br\/escoladoparlamento\/wp-content\/uploads\/sites\/5\/2016\/04\/Logo_Sindilex-3-300x212.jpg 300w, https:\/\/www.saopaulo.sp.leg.br\/escoladoparlamento\/wp-content\/uploads\/sites\/5\/2016\/04\/Logo_Sindilex-3-768x544.jpg 768w, https:\/\/www.saopaulo.sp.leg.br\/escoladoparlamento\/wp-content\/uploads\/sites\/5\/2016\/04\/Logo_Sindilex-3.jpg 842w\" sizes=\"auto, (max-width: 300px) 100vw, 300px\" \/><\/a><figcaption id=\"caption-attachment-3903\" class=\"wp-caption-text\">Este curso \u00e9 uma parceria com o SINDILEX.<\/figcaption><\/figure>\n<hr \/>\n<p><strong>Objetivos:<\/strong> Apresentar as disposi\u00e7\u00f5es normativas e projetos de reforma relativos ao Regime Geral da Previd\u00eancia Social e aos Regimes Pr\u00f3prios da Previd\u00eancia Social, com \u00eanfase, neste caso, nas peculiaridades relativas aos servidores p\u00fablicos.<\/p>\n<p><strong>Diretor Respons\u00e1vel:<\/strong> Christy Ganzert Pato<\/p>\n<p><strong>Coordena\u00e7\u00e3o:<\/strong> Camilo Onoda Caldas<\/p>\n<p><strong>P\u00fablico Alvo:<\/strong> Servidores P\u00fablicos, representantes de entidades de classe, advogados, gestores p\u00fablicos, estudantes , membros da sociedade civil e cidad\u00e3os interessados no tema.<\/p>\n<p><strong>Carga Hor\u00e1ria:<\/strong> 6h<\/p>\n<p><strong>Inscri\u00e7\u00f5es\u00a0Encerradas<\/strong><\/p>\n<p><a href=\"http:\/\/www.saopaulo.sp.leg.br\/escoladoparlamento\/wp-content\/uploads\/sites\/5\/2016\/09\/LISTA-DE-NOMES-CONVOCADOS-previd\u00eancia-social.pdf\">Rela\u00e7\u00e3o final de convocados<\/a><\/p>\n<p><strong>Programa\u00e7\u00e3o:<\/strong><\/p>\n<table>\n<tbody>\n<tr>\n<td><strong>Data<\/strong><\/td>\n<td><strong>Hora<\/strong><\/td>\n<td><strong>Local<\/strong><\/td>\n<td><strong>Palestrante<\/strong><\/td>\n<td><strong>Tema<\/strong><\/td>\n<\/tr>\n<tr>\n<td>18\/out<\/td>\n<td>10h \u2013 13h<\/td>\n<td><a title=\"Audit\u00f3rio Prestes Maia\" href=\"http:\/\/www.saopaulo.sp.leg.br\/transparencia\/auditorios-online\/auditorio-prestes-maia\/\">Audit\u00f3rio Prestes Maia (Plenarinho)<\/a><\/td>\n<td>Prof. Dr. Wagner Balera<\/td>\n<td><em>Regime Pr\u00f3prio da Previd\u00eancia Social: servidores p\u00fablicos [<a href=\"http:\/\/www.saopaulo.sp.leg.br\/escoladoparlamento\/wp-content\/uploads\/sites\/5\/2016\/09\/RPPS-apresenta\u00e7\u00e3o-Parlamento-2016.pdf\">Slide<\/a>]<\/em><\/td>\n<\/tr>\n<tr>\n<td>20\/out<\/td>\n<td>10h \u2013 13h<\/td>\n<td><a title=\"Sala S\u00e9rgio Vieira de Mello \u2013 (\u201cSala A\u201d)\" href=\"http:\/\/www.saopaulo.sp.leg.br\/transparencia\/auditorios-online\/sala-sergio-vieira-de-mello-sala\/\">Sala S\u00e9rgio Vieira de Mello \u2013 (\u201cSala A\u201d)<\/a><\/td>\n<td>Prof. Dr. Victor Hugo Stuchi<\/td>\n<td><em>Reforma da Previd\u00eancia Social: projetos e perspectivas [<a href=\"http:\/\/www.saopaulo.sp.leg.br\/escoladoparlamento\/wp-content\/uploads\/sites\/5\/2016\/09\/Reforma-da-Previd%C3%AAncia-victor-hugo.pdf\">Slide<\/a>]<\/em><\/td>\n<\/tr>\n<\/tbody>\n<\/table>\n<p><strong>Corpo Docente:<\/strong><\/p>\n<p style=\"padding-left: 30px\"><strong>Wagner Balera:<\/strong> Doutor em Direito das Rela\u00e7\u00f5es Sociais (1992) e Livre-Docente em Direito Previdenci\u00e1rio (1998), \u00e9 Professor Titular de Direitos Humanos, Coordenador da Sub-\u00c1rea de Direito Previdenci\u00e1rio e L\u00edder do N\u00facleo de Capitalismo Humanista na Pontif\u00edcia Universidade Cat\u00f3lica de S\u00e3o Paulo. Tem experi\u00eancia na \u00e1rea de Direito P\u00fablico, com \u00eanfase em Direito Tribut\u00e1rio e Previdenci\u00e1rio (<a href=\"http:\/\/lattes.cnpq.br\/6096152327715163\">Lattes<\/a>).<\/p>\n<p style=\"padding-left: 30px\"><strong>Victor Hugo Stuchi:<\/strong> Doutor, Mestre e Bacharel em Direito pela PUC\/SP. Coordenador e professor dos Cursos de Gradua\u00e7\u00e3o e P\u00f3s-gradua\u00e7\u00e3o em Direito da UMC &#8211; campus Villa-Lobos. Professor dos Cursos de Design e Administra\u00e7\u00e3o da ESPM. Professor Assistente de Direito do Trabalho, Previdenci\u00e1rio e Processo do Trabalho da PUC\/SP. Professor Convidado dos Cursos de P\u00f3s-gradua\u00e7\u00e3o em Direito do Trabalho, Previdenci\u00e1rio e Processo do Trabalho da EPD e ESA. Professor do Curso Forum\u00a0(<a href=\"http:\/\/lattes.cnpq.br\/1215406335652476\">Lattes<\/a>).<\/p>\n<p><strong>Bibliografia:<\/strong><\/p>\n<p>CORREIA, Marcus Orione Gon\u00e7alves &amp; CORREIA, Erica Paula Barcha. <strong>Curso de Direito da Seguridade Social<\/strong>. S\u00e3o Paulo: Saraiva, 2002.<\/p>\n<p>D\u2019\u00c1VILA, Thiago Fernandes ; BALERA, W.; . <strong>Fundamentos da Seguridade Social<\/strong>. 1. ed. S\u00e3o Paulo: LTr Editora, 2015. v. 1.<\/p>\n<p>BALERA, W.. <strong>Legisla\u00e7\u00e3o Previdenci\u00e1ria Anotada: Lei Org\u00e2nica da Seguridade Social &#8211; Lei 8.212\/1991<\/strong>. 1. ed. Curitiba: Juru\u00e1, 2016. v. I. 450p.<\/p>\n<p>BALERA, W.. <strong>Processo Administrativo Previdenci\u00e1rio &#8211; Benef\u00edcios<\/strong>. S\u00e3o Paulo: LTR Editora, 1999. 303p.<\/p>\n<p>IBRAHIM, F\u00e1bio Zambitte. <strong>Curso de Direito Previdenci\u00e1rio<\/strong>, 15 edi\u00e7\u00e3o. Niter\u00f3i: Impetus, 2010.<\/p>\n<p>STUCHI, Victor Hugo Naz\u00e1rio Stuchi. <strong>Pr\u00e1tica Trabalhista<\/strong>. 4. ed. SAO PAULO: GEN M\u00c9TODO, 2016. v. 1. 569p.<\/p>\n<p>P\u00d3VOAS, Manuel Sebasti\u00e3o Soares. <strong>Previd\u00eancia Privada. Filosofia, Fundamentos T\u00e9cnicos, Conceitua\u00e7\u00e3o Jur\u00eddica.<\/strong> 2\u00aa ed. S\u00e3o Paulo: Quartier Latin, 2007.<\/p>\n","protected":false},"excerpt":{"rendered":"<p>Objetivos: Apresentar as disposi\u00e7\u00f5es normativas e projetos de reforma relativos ao Regime Geral da Previd\u00eancia Social e aos Regimes Pr\u00f3prios da Previd\u00eancia Social, com \u00eanfase, neste caso, nas peculiaridades relativas aos servidores p\u00fablicos. Diretor Respons\u00e1vel: Christy Ganzert Pato Coordena\u00e7\u00e3o: Camilo Onoda Caldas P\u00fablico Alvo: Servidores P\u00fablicos, representantes de entidades de classe, advogados, gestores p\u00fablicos, estudantes [&hellip;]<\/p>\n","protected":false},"author":127,"featured_media":0,"parent":3097,"menu_order":536,"comment_status":"closed","ping_status":"closed","template":"","meta":{"_acf_changed":false,"footnotes":""},"class_list":["post-5538","page","type-page","status-publish","hentry"],"acf":[],"_links":{"self":[{"href":"https:\/\/www.saopaulo.sp.leg.br\/escoladoparlamento\/wp-json\/wp\/v2\/pages\/5538","targetHints":{"allow":["GET"]}}],"collection":[{"href":"https:\/\/www.saopaulo.sp.leg.br\/escoladoparlamento\/wp-json\/wp\/v2\/pages"}],"about":[{"href":"https:\/\/www.saopaulo.sp.leg.br\/escoladoparlamento\/wp-json\/wp\/v2\/types\/page"}],"author":[{"embeddable":true,"href":"https:\/\/www.saopaulo.sp.leg.br\/escoladoparlamento\/wp-json\/wp\/v2\/users\/127"}],"replies":[{"embeddable":true,"href":"https:\/\/www.saopaulo.sp.leg.br\/escoladoparlamento\/wp-json\/wp\/v2\/comments?post=5538"}],"version-history":[{"count":0,"href":"https:\/\/www.saopaulo.sp.leg.br\/escoladoparlamento\/wp-json\/wp\/v2\/pages\/5538\/revisions"}],"up":[{"embeddable":true,"href":"https:\/\/www.saopaulo.sp.leg.br\/escoladoparlamento\/wp-json\/wp\/v2\/pages\/3097"}],"wp:attachment":[{"href":"https:\/\/www.saopaulo.sp.leg.br\/escoladoparlamento\/wp-json\/wp\/v2\/media?parent=5538"}],"curies":[{"name":"wp","href":"https:\/\/api.w.org\/{rel}","templated":true}]}}