{"id":5455,"date":"2016-09-23T15:55:07","date_gmt":"2016-09-23T18:55:07","guid":{"rendered":"http:\/\/www.saopaulo.sp.leg.br\/escoladoparlamento\/?page_id=5455"},"modified":"2018-05-11T16:51:59","modified_gmt":"2018-05-11T19:51:59","slug":"igualdade-de-genero","status":"publish","type":"page","link":"https:\/\/www.saopaulo.sp.leg.br\/escoladoparlamento\/cursos\/cursos-anteriores\/cursos-realizados-em-2016\/igualdade-de-genero\/","title":{"rendered":"Igualdade de G\u00eanero"},"content":{"rendered":"<p><iframe loading=\"lazy\" title=\"Escola do Parlamento promove debate sobre igualdade de g\u00eanero\" width=\"640\" height=\"480\" src=\"https:\/\/www.youtube.com\/embed\/kKvYMoujmoU?feature=oembed\" frameborder=\"0\" allow=\"accelerometer; autoplay; clipboard-write; encrypted-media; gyroscope; picture-in-picture; web-share\" referrerpolicy=\"strict-origin-when-cross-origin\" allowfullscreen><\/iframe><\/p>\n<p><iframe loading=\"lazy\" title=\"Escola do Parlamento encerra curso sobre igualdade de g\u00eanero\" width=\"640\" height=\"480\" src=\"https:\/\/www.youtube.com\/embed\/3plXcSw0Nis?feature=oembed\" frameborder=\"0\" allow=\"accelerometer; autoplay; clipboard-write; encrypted-media; gyroscope; picture-in-picture; web-share\" referrerpolicy=\"strict-origin-when-cross-origin\" allowfullscreen><\/iframe><\/p>\n<hr \/>\n<p><strong>Objetivos:<\/strong> Discutir os conceitos centrais de diferentes vertentes da teoria pol\u00edtica feminista subjacentes ao debate p\u00fablico sobre quest\u00f5es de g\u00eanero.<\/p>\n<p><strong>Diretor Respons\u00e1vel:<\/strong> Lara Mesquita<\/p>\n<p><strong>Coordena\u00e7\u00e3o:<\/strong> Ingrid Cyfer<\/p>\n<p><strong>P\u00fablico Alvo:<\/strong> Acad\u00eamicos, militantes e todas as pessoas interessadas em atualizar e aprofundar sua reflex\u00e3o sobre g\u00eanero e pol\u00edtica.<\/p>\n<p><strong>Carga Hor\u00e1ria:<\/strong> 21h<\/p>\n<p><strong>Inscri\u00e7\u00f5es encerradas!\u00a0<\/strong><\/p>\n<p><a href=\"http:\/\/www.saopaulo.sp.leg.br\/escoladoparlamento\/wp-content\/uploads\/sites\/5\/2016\/09\/LISTA-DE-NOMES-CONVOCADOS-IGUALDADE-DE-GENERO.pdf\"><strong>Lista de alunos inscritos<\/strong><\/a><\/p>\n<p><strong>Programa\u00e7\u00e3o:<\/strong><\/p>\n<table>\n<tbody>\n<tr>\n<td><strong>Data<\/strong><\/td>\n<td><strong>Hora<\/strong><\/td>\n<td><strong>Local<\/strong><\/td>\n<td><strong>Palestrante<\/strong><\/td>\n<td><strong>Tema<\/strong><\/td>\n<\/tr>\n<tr>\n<td><strong>24\/out<\/strong><\/td>\n<td>19h-22h<\/td>\n<td><a title=\"Sal\u00e3o Nobre Presidente Jo\u00e3o Brasil Vita\" href=\"http:\/\/www.saopaulo.sp.leg.br\/transparencia\/auditorios-online\/salao-nobre-presidente-joao-brasil-vita\/\">Sal\u00e3o Nobre Presidente Jo\u00e3o Brasil Vita<\/a><\/td>\n<td>Ingrid Cyfer (UNIFESP)<\/td>\n<td><em>As Ondas do Feminismo e seus Temas<\/em><\/td>\n<\/tr>\n<tr>\n<td><strong>25\/out<\/strong><\/td>\n<td>19h-22h<\/td>\n<td><a title=\"Sal\u00e3o Nobre Presidente Jo\u00e3o Brasil Vita\" href=\"http:\/\/www.saopaulo.sp.leg.br\/transparencia\/auditorios-online\/salao-nobre-presidente-joao-brasil-vita\/\">Sal\u00e3o Nobre Presidente Jo\u00e3o Brasil Vita<\/a><\/td>\n<td>Marcia Leite (Unicamp)<\/td>\n<td><em>Redistribui\u00e7\u00e3o e G\u00eanero: renda, trabalho e fam\u00edlia\u00a0<\/em><\/td>\n<\/tr>\n<tr>\n<td><strong>31\/out<\/strong><\/td>\n<td>19h-22h<\/td>\n<td><a title=\"Audit\u00f3rio Prestes Maia\" href=\"http:\/\/www.saopaulo.sp.leg.br\/transparencia\/auditorios-online\/auditorio-prestes-maia\/\">Audit\u00f3rio Prestes Maia<\/a><\/td>\n<td>Ingrid Cyfer (UNIFESP)<\/td>\n<td><em>G\u00eanero, Justi\u00e7a e Democracia<\/em><\/td>\n<\/tr>\n<tr>\n<td><strong>01\/nov<\/strong><\/td>\n<td>19h-22h<\/td>\n<td><a title=\"Audit\u00f3rio Prestes Maia\" href=\"http:\/\/www.saopaulo.sp.leg.br\/transparencia\/auditorios-online\/auditorio-prestes-maia\/\">Audit\u00f3rio Prestes Maia<\/a><\/td>\n<td>Richard Miskolci (UFSCar)<\/td>\n<td><em>Teoria Queer<\/em><\/td>\n<\/tr>\n<tr>\n<td><strong>07\/nov<\/strong><\/td>\n<td>19h-22h<\/td>\n<td><a title=\"Sal\u00e3o Nobre Presidente Jo\u00e3o Brasil Vita\" href=\"http:\/\/www.saopaulo.sp.leg.br\/transparencia\/auditorios-online\/salao-nobre-presidente-joao-brasil-vita\/\">Sal\u00e3o Nobre Presidente Jo\u00e3o Brasil Vita<\/a><\/td>\n<td>Fl\u00e1via Biroli (UNB)<\/td>\n<td><em>Representa\u00e7\u00e3o e Participa\u00e7\u00e3o Pol\u00edtica\u00a0<\/em><\/td>\n<\/tr>\n<tr>\n<td><strong>08\/nov<\/strong><\/td>\n<td>19h-22h<\/td>\n<td><a title=\"Sal\u00e3o Nobre Presidente Jo\u00e3o Brasil Vita\" href=\"http:\/\/www.saopaulo.sp.leg.br\/transparencia\/auditorios-online\/salao-nobre-presidente-joao-brasil-vita\/\">Sal\u00e3o Nobre Presidente Jo\u00e3o Brasil Vita<\/a><\/td>\n<td>Laura Moutinho (USP)<\/td>\n<td><em>Identidade de G\u00eanero e Interseccionalidade\u00a0<\/em><\/td>\n<\/tr>\n<tr>\n<td><strong>16\/nov<\/strong><\/td>\n<td>19h-22h<\/td>\n<td>\u00a0<a title=\"Sala S\u00e9rgio Vieira de Mello \u2013 (\u201cSala A\u201d)\" href=\"http:\/\/www.saopaulo.sp.leg.br\/transparencia\/auditorios-online\/sala-sergio-vieira-de-mello-sala\/\">Sala S\u00e9rgio Vieira de Mello<\/a><\/td>\n<td>Marta Machado (FGV)<\/td>\n<td><em>Viol\u00eancia de G\u00eanero\u00a0<\/em><\/td>\n<\/tr>\n<\/tbody>\n<\/table>\n<p style=\"padding-left: 30px\"><strong>Ingrid Cyfer:<\/strong>\u00a0Fez pesquisa de p\u00f3s-doutorado em Dartmouth College (2014-15) e Doutorado em Ci\u00eancia Pol\u00edtica na Universidade de S\u00e3o Paulo-USP (2009), com est\u00e1gio doutoral na New School for Social Research (2008). Professora de Teoria Pol\u00edtica do Curso de Ci\u00eancias Sociais da Universidade Federal de S\u00e3o Paulo- UNIFESP (<a href=\"http:\/\/lattes.cnpq.br\/7880008426446782\">Lattes<\/a>).<\/p>\n<p style=\"padding-left: 30px\"><strong>M\u00e1rcia Leite:<\/strong> Doutora em Sociologia pela Universidade de S\u00e3o Paulo (1990). Fez p\u00f3s-doc no Institute of Development Studies (IDS\/ University of Sussex) em 1995 e no Institute of Latin American and Iberian Institute (ILAIS\/Columbia University) em 1998. Atualmente \u00e9 professora plena dos Programas de p\u00f3s Gradua\u00e7\u00e3o em Educa\u00e7\u00e3o e em Ci\u00eancias Sociais da Universidade Estadual de Campinas. Faz parte do conselho editorial das seguintes publica\u00e7\u00f5es: Revista latinoamericana de estudios del trabajo, Enterprise and Work Innovation Studies, Sociolog\u00eda del Trabajo, Revista Trabajo e Organiza\u00e7\u00f5es e Trabalho\u00a0(<a href=\"http:\/\/lattes.cnpq.br\/4670067763870548\">Lattes<\/a>).<\/p>\n<p style=\"padding-left: 30px\"><strong>Richard Miskolci:<\/strong>\u00a0Doutor em Sociologia pela USP (2001) e Professor Associado 3 do Departamento e do Programa de P\u00f3s-Gradua\u00e7\u00e3o em Sociologia da UFSCar. \u00c9 coordenador adjunto da \u00e1rea de Sociologia na CAPES, coordena o Quereres &#8211; N\u00facleo de Pesquisas em Diferen\u00e7as, G\u00eanero e Sexualidade (www.ufscar.br\/quereres)\u00a0(<a href=\"http:\/\/lattes.cnpq.br\/1623888309974862\">Lattes<\/a>).<\/p>\n<p style=\"padding-left: 30px\"><strong>Flavia Biroli:<\/strong> Professora Associada do Instituto de Ci\u00eancia Pol\u00edtica da Universidade de Bras\u00edlia, onde coordena o Grupo de Pesquisa sobre Democracia e Desigualdades (Demod\u00ea). Pesquisadora do CNPq (<a href=\"http:\/\/lattes.cnpq.br\/8594255215633547\">Lattes<\/a>).<\/p>\n<p style=\"padding-left: 30px\"><strong>Laura Moutinho:<\/strong> Possui doutorado em Antropologia Social pela Universidade Federal do Rio de Janeiro (2001) e p\u00f3s-doutorado pela Princeton University (2014). Atualmente \u00e9 Professor Doutor da USP (<a href=\"http:\/\/lattes.cnpq.br\/9156992025883151\">Lattes<\/a>).<\/p>\n<p style=\"padding-left: 30px\"><strong>Marta R. de Assis Machado:<\/strong> Possui doutorado (2007) em Direito pela USP. \u00c9 professora em regime de per\u00edodo integral da Escola de Direito de S\u00e3o Paulo da FGV, pesquisadora permanente do Centro Brasileiro de An\u00e1lise e Planejamento e coordenadora do N\u00facleo de Estudos sobre o Crime e a Pena da Direito GV (<a href=\"http:\/\/lattes.cnpq.br\/8601296185222408\">Lattes<\/a>).<\/p>\n<p><strong>Bibliografia:<\/strong><\/p>\n<p><strong>Alcoff<\/strong>, L. <em>Visible Identities: race, gender and the self. <\/em>New York: Oxford University Press, 2006<\/p>\n<p><strong>Allen<\/strong>, A. <em>The Politics of Ourselves: Power, autonomy and gender in comtemporary critical theory<\/em>. New York: Columbia University, 2007.<\/p>\n<p><strong>Beauvoir<\/strong>, Simone de. 1944. <em>Pyrrhus et Cin\u00e9as<\/em>. Paris: Gallimard.<\/p>\n<p>\u2014\u2014\u2014 2004. Simons (ed) <em>Philosophical Writings.<\/em>University of Illinois Press.<\/p>\n<p>\u2014\u2014\u2014. 1980 [1949]. <em>O Segundo Sexo<\/em>, V1 e V2.\u00a0 Rio de Janeiro: Nova Fronteira.<\/p>\n<p>\u2014\u2014\u2014. 2009 [1963]. <em>A For\u00e7a das Coisas<\/em>. Rio de Janeiro: Nova Fronteira.<\/p>\n<p><strong>Benhabib,<\/strong> Seyla. <em>Situating the self: gender, community and postmodernism in contemporary ethics. <\/em> New York: Routledge, 1992.<\/p>\n<p>_______ \u201cSexual Difference and Collective Identities: the new global constellations\u201d in <em>Signs <\/em> 24 (2): 335-61<\/p>\n<p><strong>_______<\/strong>\u00a0 and Cornell, D (eds) <em>Feminism as Critique: on the Politics of Gender<\/em>. Minneapolis University of Minnesota Press, 198<\/p>\n<p><strong>Biroli,<\/strong> F.; Mota, Fernanda Ferreira ; O g\u00eanero na pol\u00edtica: a constru\u00e7\u00e3o do &#8216;feminino&#8217; nas elei\u00e7\u00f5es presidenciais de 2010. Cadernos Pagu (UNICAMP. Impresso), p. 197-231, 2014.<\/p>\n<p><strong>_______<\/strong>. \u201cAutonomia, opress\u00e3o e identidades: a ressignifica\u00e7\u00e3o da experi\u00eancia na teoria pol\u00edticafeminista.\u201d in <em>Revista de Estudos Feministas, 21 (1), 2013.<\/em><\/p>\n<p>28.<\/p>\n<p>_______. Mulheres e pol\u00edtica na m\u00eddia brasileira: estere\u00f3tipos de g\u00eanero e marginalidade do &#8220;feminino&#8221; na pol\u00edtica. In: Denise Paiva. (Org.). Mulheres, poder e pol\u00edtica. 1ed.Goi\u00e2nia: C\u00e2none Editorial, 2011, v. 1, p. 124-154.<\/p>\n<p><strong>Biroli,<\/strong> F. , Miguel, L. F. ;. M\u00eddia e representa\u00e7\u00e3o pol\u00edtica feminina. Opini\u00e3o P\u00fablica (UNICAMP), v. 15, p. 55-81, 2009<\/p>\n<p><strong>Blay,<\/strong> E. A.. Democracia, direitos das mulheres e feminismos. In: Tania Suely Antonelli Marcelino Brabo. (Org.). G\u00eanero, Educa\u00e7\u00e3o e M\u00eddia. S\u00e3o Paulo: \u00eccone editora, 2010, v. , p. 11-17.<\/p>\n<p>______ A.. Igualdade de Oportunidades para as Mulheres. Construindo o caminho. In: Eva Alterman Blay. (Org.). Igualdade de oportunidades para as mulheres. S\u00e3o Paulo: Humanitas, 2002, v. , p. 9-20.<\/p>\n<p><strong>Brysson<\/strong>, V. <em>Feminist Political Theory: an introduction.<\/em> New York: Palgrave Macmillan, 2003.<\/p>\n<p><strong>Butler<\/strong>, Judith. 1993. <em>Bodies that Matter: on the Discursive Limits of \u201cSex.\u201d<\/em> New York: Routledge.<\/p>\n<p>\u2014\u2014\u2014. 1997b. <em>The Psychic Life of Power: Theories in Subjection<\/em>. Stanford: Stanford University Press.<\/p>\n<p>\u2014\u2014\u2014. 2002. \u201cWhat is Critique? An Essay on Foucault\u2019s Virtue.\u201d In <em>The Political<\/em>, ed. David Ingram. London: Blackwell, 212\u201326.<\/p>\n<p>\u2014\u2014\u2014. 2003 [1990]. <em>Problema de G\u00eanero: feminismo e subvers\u00e3o da identidade<\/em>. Rio de Janeiro: Civiliza\u00e7\u00e3o Brasileira.<\/p>\n<p>\u2014\u2014\u2014. 2004. <em>Undoing Gender<\/em>. New York; London: Routledge.<\/p>\n<p>\u2014\u2014\u2014. 2006. <em>Precarious Life: The Powers of Mourning and Violence<\/em>. London; New York: Verso.<\/p>\n<p>\u2014\u2014\u2014. 2007 [1990]. <em>Gender Trouble: Feminism and the Subversion of Identity<\/em>. New York: Routledge<\/p>\n<p><strong>Cyfer<\/strong>, I. Liberalismo e Feminismo: igualdade de g\u00eanero em Carole Pateman e Martha Nussbaum.<em> Revista de Sociologia Pol\u00edtica<\/em>, 2010, V. 18, n. 36.<\/p>\n<p>____ e Neves, R. \u201cEntrevista com Nancy Fraser\u201d in Abreu (org) <em>Redistribui\u00e7\u00e3o, Reconhecimento, Representa\u00e7\u00e3o: di\u00e1logos sobre igualdade de G\u00eanero. <\/em>Bras\u00edlia: IPEA, 2011.<\/p>\n<p>_____. \u201cProblema de Reconhecimento: poder, vulnerabilidade e viol\u00eancia\u201d in Melo, Rurion (Ed) <em>A teoria cr\u00edtica de Axel Honneth: reconhecimento, liberdade e justi\u00e7a.<\/em> S\u00e3o Paulo: Saraiva, 2013.<\/p>\n<p>____ Afinal, o que \u00e9 uma mulher? Simone de Beauvoir e a &#8216;quest\u00e3o do sujeito&#8217; na teoria cr\u00edtica feminista. Lua Nova (Impresso), v. 02, p. 41-77, 2015.<\/p>\n<p><strong>Cypriano,<\/strong> B. \u201cConstru\u00e7\u00f5es do pensamento feminista latino-americano\u201d in <em>Revista de Estudos Feministas, v. 21, n. 31(2)<\/em>, 2009.<\/p>\n<p>______ e <strong>Matos. \u201c<\/strong>Cr\u00edticas feministas, epistemologia e as teorias da justi\u00e7a social: em busca de uma teoria cr\u00edtico-emancipat\u00f3ria do g\u00eanero\u201d. Texto apresentado no 32<sup>o<\/sup> Encontro Anual da Anpocs, GT 27: para onde vai a teoria social contempor\u00e2nea?<\/p>\n<p><strong>Gon\u00e7alves<\/strong>, F. \u201cA solidariedade entre o p\u00fablico e privado\u201din Terra, R e Nobre, M. (orgs) <em>Direito e Democracia: um guia de leitura de Habermas. <\/em>S\u00e3o Paulo: Malheiros, 2008.<\/p>\n<p><strong>Fraser<\/strong>, N. \u201cMapeando a imagina\u00e7\u00e3o feminista: da redistribui\u00e7\u00e3o e reconhecimento \u00e0 representa\u00e7\u00e3o\u201d in <em>Revista de Estudos Feministas, v. 15<\/em>, n. 2, 2007.<\/p>\n<p><strong>Fraser,<\/strong> N. \u201cO feminismo, o capitalismo e as ast\u00facias da hist\u00f3ria&#8221; in <em>Media\u00e7\u00f5es<\/em>, Londrina, V. 14, n. 2, 2009.<\/p>\n<p><strong>Engels<\/strong>. <em>A origem da fam\u00edlia, da propriedade privada e do Estado.<\/em>Rio de Janeiro: Civiliza\u00e7\u00e3o Brasileira, 1984<\/p>\n<p><strong>Haraway.<\/strong>\u00a0 \u201cG\u00eanero\u201d para um dicion\u00e1rio marxista: a pol\u00edtica sexual de uma palavr\u201d. <em>Cadernos Pagu (22)<\/em>, 2004.<\/p>\n<p><strong>Harding<em>,<\/em>S. <\/strong>\u00a0\u201cA instabilidade das categorias anal\u00edticas na teoria feminista\u201d in <em>Revista de Estudos Feministas, <\/em>7, n. 1\/93.<\/p>\n<p><strong>Kymlicka<\/strong>, W. <em>Filosofia Pol\u00edtica Contempor\u00e2nea. <\/em>S\u00e3o Paulo: Martins Fontes, 2006. (cap\u00edtulo 7)<\/p>\n<p><strong>Lima,<\/strong> M\u00c1RCIA. A\u00e7oes Afirmativas e Juventude Negra no Brasil. Cadernos ADENAUER (S\u00e3o Paulo), v. XVi, p. 27-43, 2015.<\/p>\n<p><strong>Lima,<\/strong> M\u00e1rcia; REZENDE, C. B. . Linking gender, class and race in Brazil. Social Identities (Abingdon), New York, v. 10, n.6, p. 757-775, 2004.<\/p>\n<p><strong>Mackinnon<\/strong>. \u201cFeminism, method and the state: an agenda for theory\u201d. <em>Signs<\/em>, v. 7, n. 3, 199.<\/p>\n<p><strong>Machado<\/strong> MARTA R. DE A.; Rodriguez, J. R. ; Prol, F. M. ; Justino, G. ; Ganzarolli, M. Z. ; Elias, R. . Disputando a Aplica\u00e7\u00e3o das Leis: A Constitucionalidade da Lei Maria da Penha nos Tribunais Brasileiros.. Sur. Revista Internacional de Direitos Humanos (Impresso), v. 9, p. 65-88, 2013.<\/p>\n<p><strong>Machado,<\/strong> Marta Rodriguez de Assis, Nobre, M. S. ; Rodriguez, J. R. ; Gregori, M. F. ;; Miniuci, G. M. F. ; Silva, F. ; Bressiani, N. A. ; Cardoso, E. L. C. ; Fatni, F. ; Vieira, A. C. A. ; Ferreira, C.C. ; Reis, L. S. ; Ganzarolli, M. Z. ; Valente, M. G. . Igualdade de Direitos entre Mulheres e Homens. S\u00e9rie Pensando o Direito, v. 11, p. 9-64, 2009.<\/p>\n<p><strong>Miskolci,<\/strong> Richard. Teoria Queer: um aprendizado pelas diferen\u00e7as. 1. ed. Belo Horizonte: Aut\u00eantica, 2012. v. 1. 80p .<\/p>\n<p>_______________A Teoria Queer e a Sociologia: o desafio de uma anal\u00edtica da normaliza\u00e7\u00e3o. Sociologias (UFRGS), v. 21, p. 150-182, 2009.<\/p>\n<p><strong>Okin<\/strong>, \u201cPor que el Multicultalismo es malo para las mujeres?\u201d in <em>International Herald Tribune, <\/em>2 feb, 1996<\/p>\n<p><strong>Pateman.<\/strong> <em>O contrato sexual<\/em>. Rio de Janeiro: Paz e Terra, 1993.<\/p>\n<p><strong>Perrot<\/strong>, M. <em>Os exclu\u00eddos da hist\u00f3ria: oper\u00e1rios, mulheres e prisioneiros<\/em>. Paz e Terra, 1988.<\/p>\n<p><strong>Rago,<\/strong> M. Os feminismos no Brasil: dos anos de chumbo \u00e0 era global in Labrys: estudos feministas, n. 3\/ jan-jun, 2003<strong>.<\/strong><\/p>\n<p><strong>Rawls<\/strong>. <em>Uma teoria da Justi\u00e7a<\/em>. S\u00e3o Paulo: Martins Fontes, 2008.<\/p>\n<p><strong>Rawls<\/strong>.<em> Liberalismo P<\/em><em>ol\u00edtico. <\/em>S\u00e3o Paulo: Martins Fontes, 2000<\/p>\n<p><strong>Scott,<\/strong> Joan. \u201cG\u00eanero: uma categoria \u00fatil de an\u00e1lise hist\u00f3rica in <em>Educa\u00e7\u00e3o e Realidade<\/em>, V. 15, n. 2, jul-dez, 1990<\/p>\n<p><strong>____<\/strong>\u00a0\u00a0 \u201cLa querelle des femmes\u201d no final do s\u00e9culo XX. <em>Revista Est. Fem<\/em>, v. 9, n. 2, 2001<\/p>\n","protected":false},"excerpt":{"rendered":"<p>Objetivos: Discutir os conceitos centrais de diferentes vertentes da teoria pol\u00edtica feminista subjacentes ao debate p\u00fablico sobre quest\u00f5es de g\u00eanero. Diretor Respons\u00e1vel: Lara Mesquita Coordena\u00e7\u00e3o: Ingrid Cyfer P\u00fablico Alvo: Acad\u00eamicos, militantes e todas as pessoas interessadas em atualizar e aprofundar sua reflex\u00e3o sobre g\u00eanero e pol\u00edtica. Carga Hor\u00e1ria: 21h Inscri\u00e7\u00f5es encerradas!\u00a0 Lista de alunos inscritos [&hellip;]<\/p>\n","protected":false},"author":127,"featured_media":0,"parent":3097,"menu_order":539,"comment_status":"closed","ping_status":"closed","template":"","meta":{"_acf_changed":false,"footnotes":""},"class_list":["post-5455","page","type-page","status-publish","hentry"],"acf":[],"_links":{"self":[{"href":"https:\/\/www.saopaulo.sp.leg.br\/escoladoparlamento\/wp-json\/wp\/v2\/pages\/5455","targetHints":{"allow":["GET"]}}],"collection":[{"href":"https:\/\/www.saopaulo.sp.leg.br\/escoladoparlamento\/wp-json\/wp\/v2\/pages"}],"about":[{"href":"https:\/\/www.saopaulo.sp.leg.br\/escoladoparlamento\/wp-json\/wp\/v2\/types\/page"}],"author":[{"embeddable":true,"href":"https:\/\/www.saopaulo.sp.leg.br\/escoladoparlamento\/wp-json\/wp\/v2\/users\/127"}],"replies":[{"embeddable":true,"href":"https:\/\/www.saopaulo.sp.leg.br\/escoladoparlamento\/wp-json\/wp\/v2\/comments?post=5455"}],"version-history":[{"count":0,"href":"https:\/\/www.saopaulo.sp.leg.br\/escoladoparlamento\/wp-json\/wp\/v2\/pages\/5455\/revisions"}],"up":[{"embeddable":true,"href":"https:\/\/www.saopaulo.sp.leg.br\/escoladoparlamento\/wp-json\/wp\/v2\/pages\/3097"}],"wp:attachment":[{"href":"https:\/\/www.saopaulo.sp.leg.br\/escoladoparlamento\/wp-json\/wp\/v2\/media?parent=5455"}],"curies":[{"name":"wp","href":"https:\/\/api.w.org\/{rel}","templated":true}]}}