{"id":5361,"date":"2016-09-13T16:33:09","date_gmt":"2016-09-13T19:33:09","guid":{"rendered":"http:\/\/www.saopaulo.sp.leg.br\/escoladoparlamento\/?page_id=5361"},"modified":"2017-07-10T18:00:49","modified_gmt":"2017-07-10T21:00:49","slug":"apresentacao-do-curso-de-pos-graduacao-e-oficina-de-elaboracao-de-projeto-de-pesquisa","status":"publish","type":"page","link":"https:\/\/www.saopaulo.sp.leg.br\/escoladoparlamento\/cursos\/cursos-anteriores\/cursos-realizados-em-2016\/apresentacao-do-curso-de-pos-graduacao-e-oficina-de-elaboracao-de-projeto-de-pesquisa\/","title":{"rendered":"Oficina de elabora\u00e7\u00e3o de projeto de pesquisa e apresenta\u00e7\u00e3o do curso de p\u00f3s-gradua\u00e7\u00e3o"},"content":{"rendered":"<p><iframe loading=\"lazy\" title=\"Escola do Parlamento lan\u00e7a novo curso de p\u00f3s-gradua\u00e7\u00e3o\" width=\"640\" height=\"480\" src=\"https:\/\/www.youtube.com\/embed\/bnsXZcdFckg?feature=oembed\" frameborder=\"0\" allow=\"accelerometer; autoplay; clipboard-write; encrypted-media; gyroscope; picture-in-picture; web-share\" referrerpolicy=\"strict-origin-when-cross-origin\" allowfullscreen><\/iframe><\/p>\n<hr \/>\n<p><strong>Objetivos:<\/strong> <span style=\"font-size: medium\">Capacitar o aluno a formular temas sobre o projeto de pesquisa dentro do eixo tem\u00e1tico &#8220;Legislativo e Democracia no Brasil&#8221;, bem como o problema de pesquisa que se quer investigar e as ferramentas metodol\u00f3gicas adequadas para auxiliar no estudo proposto. <\/span><\/p>\n<p><strong>Diretor Respons\u00e1vel e Coordena\u00e7\u00e3o:<\/strong> <span style=\"font-size: medium\">Gustavo Costa Dias.<\/span><\/p>\n<p><strong>P\u00fablico Alvo:<\/strong> Servidores P\u00fablicos, Conselheiros, membros da sociedade civil organizada, estudantes e mun\u00edcipes em geral interessados no tema.<\/p>\n<p><strong>Vagas:<\/strong>\u00a040<\/p>\n<p><strong>Carga Hor\u00e1ria:<\/strong> 3h.<\/p>\n<p><strong>Inscri\u00e7\u00f5es:<\/strong> Encerradas. <a href=\"http:\/\/www.saopaulo.sp.leg.br\/escoladoparlamento\/wp-content\/uploads\/sites\/5\/2016\/09\/Rela\u00e7\u00e3o-final-de-selecionados-para-a-oficina-de-projeto-de-pesquisa.pdf\">Rela\u00e7\u00e3o de Selecionados<\/a><\/p>\n<p><strong>Material da aula: <\/strong><a href=\"http:\/\/www.saopaulo.sp.leg.br\/escoladoparlamento\/wp-content\/uploads\/sites\/5\/2016\/09\/Elaboracao-de-projetos.pdf\">Slide<\/a><\/p>\n<p><strong>Programa\u00e7\u00e3o:<\/strong><\/p>\n<table>\n<tbody>\n<tr>\n<td><strong>Data<\/strong><\/td>\n<td><strong>Hora<\/strong><\/td>\n<td><strong>Local<\/strong><\/td>\n<td><strong>Palestrante<\/strong><\/td>\n<\/tr>\n<tr>\n<td><strong>27\/set<\/strong><\/td>\n<td>10h-13h<\/td>\n<td>\u00a0<a title=\"Sala Tiradentes\" href=\"http:\/\/www.saopaulo.sp.leg.br\/transparencia\/auditorios-online\/sala-tiradentes\/\">Sala Tiradentes<\/a><\/td>\n<td>Glauco Peres da Silva<\/td>\n<\/tr>\n<\/tbody>\n<\/table>\n<p style=\"padding-left: 30px\"><strong>Glauco Peres da Silva:<\/strong> Doutor\u00a0em Administra\u00e7\u00e3o P\u00fablica e Governo pela Funda\u00e7\u00e3o Getulio Vargas &#8211; SP (2009), com per\u00edodo sandu\u00edche no Massachusetts Institute of Tehconolgy (MIT). Atualmente \u00e9 professor do Departamento de Ci\u00eancia Pol\u00edtica da Universidade de S\u00e3o Paulo, colaborador do Centro Brasileiro de An\u00e1lise e Planejamento (CEBRAP) e pesquisador associado do Centro de Estudos da Metr\u00f3pole (CEM) (<a href=\"http:\/\/lattes.cnpq.br\/3107723686932788\">Lattes<\/a>).<\/p>\n","protected":false},"excerpt":{"rendered":"<p>Objetivos: Capacitar o aluno a formular temas sobre o projeto de pesquisa dentro do eixo tem\u00e1tico &#8220;Legislativo e Democracia no Brasil&#8221;, bem como o problema de pesquisa que se quer investigar e as ferramentas metodol\u00f3gicas adequadas para auxiliar no estudo proposto. Diretor Respons\u00e1vel e Coordena\u00e7\u00e3o: Gustavo Costa Dias. P\u00fablico Alvo: Servidores P\u00fablicos, Conselheiros, membros da [&hellip;]<\/p>\n","protected":false},"author":127,"featured_media":0,"parent":3097,"menu_order":540,"comment_status":"closed","ping_status":"closed","template":"","meta":{"_acf_changed":false,"footnotes":""},"class_list":["post-5361","page","type-page","status-publish","hentry"],"acf":[],"_links":{"self":[{"href":"https:\/\/www.saopaulo.sp.leg.br\/escoladoparlamento\/wp-json\/wp\/v2\/pages\/5361","targetHints":{"allow":["GET"]}}],"collection":[{"href":"https:\/\/www.saopaulo.sp.leg.br\/escoladoparlamento\/wp-json\/wp\/v2\/pages"}],"about":[{"href":"https:\/\/www.saopaulo.sp.leg.br\/escoladoparlamento\/wp-json\/wp\/v2\/types\/page"}],"author":[{"embeddable":true,"href":"https:\/\/www.saopaulo.sp.leg.br\/escoladoparlamento\/wp-json\/wp\/v2\/users\/127"}],"replies":[{"embeddable":true,"href":"https:\/\/www.saopaulo.sp.leg.br\/escoladoparlamento\/wp-json\/wp\/v2\/comments?post=5361"}],"version-history":[{"count":0,"href":"https:\/\/www.saopaulo.sp.leg.br\/escoladoparlamento\/wp-json\/wp\/v2\/pages\/5361\/revisions"}],"up":[{"embeddable":true,"href":"https:\/\/www.saopaulo.sp.leg.br\/escoladoparlamento\/wp-json\/wp\/v2\/pages\/3097"}],"wp:attachment":[{"href":"https:\/\/www.saopaulo.sp.leg.br\/escoladoparlamento\/wp-json\/wp\/v2\/media?parent=5361"}],"curies":[{"name":"wp","href":"https:\/\/api.w.org\/{rel}","templated":true}]}}